{"id":10219,"date":"2024-02-29T20:25:43","date_gmt":"2024-02-29T20:25:43","guid":{"rendered":"https:\/\/www.impactoneducation.org\/?page_id=10219"},"modified":"2024-02-29T20:35:56","modified_gmt":"2024-02-29T20:35:56","slug":"press-release-impact-on-education-introduces-two-new-scholarships-opens-applications-for-class-of-2024","status":"publish","type":"page","link":"https:\/\/www.impactoneducation.org\/es\/press\/press-release-impact-on-education-introduces-two-new-scholarships-opens-applications-for-class-of-2024\/","title":{"rendered":"Comunicado de prensa: La OIE presenta dos nuevas becas y abre solicitudes para la promoci\u00f3n de 2024"},"content":{"rendered":"<div id=\"block_fbf3d34106fd6758618cca1748dc6ac3\" class=\"page-header  full-width\">\r\n\r\n  <div class=\"page-header-title\">\r\n    <h1>La OIE presenta dos nuevas becas y abre solicitudes para la promoci\u00f3n de 2024<\/h1>\r\n  <\/div>\r\n\r\n  <div class=\"page-header-image\"><\/div>\r\n\r\n<\/div>\r\n\n\n\n<div class=\"wp-block-columns is-layout-flex wp-container-core-columns-is-layout-9d6595d7 wp-block-columns-is-layout-flex\">\n<div class=\"wp-block-column is-layout-flow wp-block-column-is-layout-flow\" style=\"flex-basis:10%\"><\/div>\n\n\n\n<div class=\"wp-block-column is-layout-flow wp-block-column-is-layout-flow\" style=\"flex-basis:80%\">\n<div style=\"height:25px\" aria-hidden=\"true\" class=\"wp-block-spacer\"><\/div>\n\n\n\n<p>PARA PUBLICACI\u00d3N INMEDIATA<br>Contacto<br>Catherine Wessling<br>(f) 303.524.3865<br>(mi) <a href=\"mailto:catherine@impactoneducation.org\">catherine@impactoneducation.org<\/a><br><\/p>\n\n\n\n<div style=\"height:25px\" aria-hidden=\"true\" class=\"wp-block-spacer\"><\/div>\n\n\n\n<h2 class=\"wp-block-heading has-text-align-center\"><strong>Impact on Education presenta dos nuevas becas para apoyar a los estudiantes del Valle de Boulder y anuncia solicitudes abiertas para la promoci\u00f3n de 2024<\/strong><\/h2>\n\n\n\n<div style=\"height:25px\" aria-hidden=\"true\" class=\"wp-block-spacer\"><\/div>\n\n\n\n<p>Louisville, Colorado (29 de febrero de 2024) \u2013 En su compromiso continuo de brindar oportunidades educativas a los estudiantes del Distrito Escolar del Valle de Boulder (BVSD), Impact on Education (IOE) anuncia dos nuevas becas para la generaci\u00f3n de 2024: la Beca Houston y la Beca Jeff Howenstein Panther. Estas incorporaciones ponen de relieve la dedicaci\u00f3n de la OIE para eliminar las barreras a la educaci\u00f3n superior, garantizando que los estudiantes de todos los or\u00edgenes tengan el apoyo que necesitan para acceder a la educaci\u00f3n postsecundaria.<\/p>\n\n\n\n<p>&nbsp;&quot;Estamos comprometidos a marcar una diferencia en las vidas de los estudiantes de BVSD, ayud\u00e1ndolos a superar obst\u00e1culos financieros y perseguir sus sue\u00f1os&quot;, dice Allison Billings, directora ejecutiva de Impacto en la Educaci\u00f3n. &quot;Estas becas no s\u00f3lo honran el legado de sus hom\u00f3nimos sino tambi\u00e9n el potencial de cada estudiante dentro de nuestro Distrito&quot;.<\/p>\n\n\n\n<p>La beca $10,000 Houston honra a un miembro de la comunidad cuya dedicaci\u00f3n al cuidado financiero de su familia signific\u00f3 que no pudiera perseguir su sue\u00f1o de una educaci\u00f3n formal. La familia cree que la educaci\u00f3n superior puede ser la clave para desbloquear oportunidades y espera que la beca permita a los estudiantes seleccionados superar las barreras financieras para alcanzar sus objetivos educativos. La beca est\u00e1 dise\u00f1ada para graduados de BVSD que demuestren necesidad financiera y potencial acad\u00e9mico. Y dado que la beca Houston $10,000 es renovable, los ganadores pueden recibir un total de $40,000 durante sus cuatro a\u00f1os de universidad.<\/p>\n\n\n\n<p>La beca Jeff Howenstein Panther honra el legado de un querido maestro de Boulder High School, apoyando a los graduados del programa AVID de Boulder High con una beca $1,000 renovable por hasta cuatro a\u00f1os. Ambas nuevas becas encarnan el esp\u00edritu de comunidad y la creencia en el poder transformador de la educaci\u00f3n.<\/p>\n\n\n\n<p>&quot;Estamos orgullosos de presentar las becas Houston y Jeff Howenstein Panther este a\u00f1o, ampliando a\u00fan m\u00e1s nuestra capacidad de apoyar a los estudiantes de BVSD&quot;, dijo Katie DiMercurio, directora del programa Impact on Education. &quot;Cada beca representa una historia \u00fanica y un compromiso con la educaci\u00f3n, e invitamos a los estudiantes a explorar estas oportunidades y postularse&quot;.<\/p>\n\n\n\n<p>Adem\u00e1s de estas nuevas oportunidades, Impact on Education contin\u00faa administrando un conjunto de becas establecidas destinadas a apoyar a los estudiantes en una variedad de disciplinas y trayectorias educativas. Para obtener m\u00e1s informaci\u00f3n o presentar una solicitud, visite: <a href=\"https:\/\/www.impactoneducation.org\/es\/scholarships\/\">https:\/\/www.impactoneducation.org\/scholarships<\/a>. Las solicitudes para becas 2024 vencen el 5 de abril de 2024.<\/p>\n\n\n\n<div style=\"height:24px\" aria-hidden=\"true\" class=\"wp-block-spacer\"><\/div>\n\n\n\n<p><strong>SOBRE EL IMPACTO EN LA EDUCACI\u00d3N<\/strong><br>Impact on Education es la fundaci\u00f3n que apoya a 28,000 estudiantes y 4,000 educadores en todo el Distrito Escolar del Valle de Boulder. Desde 1983, hemos proporcionado fondos y recursos comunitarios para capacitar a los educadores y las escuelas para que satisfagan las necesidades cambiantes de los estudiantes. Brindar a los estudiantes acceso a los recursos y oportunidades que necesitan para tener \u00e9xito ayuda a promover la equidad en nuestras escuelas p\u00fablicas.<\/p>\n\n\n\n<p class=\"has-text-align-center\">###<\/p>\n<\/div>\n\n\n\n<div class=\"wp-block-column is-layout-flow wp-block-column-is-layout-flow\" style=\"flex-basis:10%\"><\/div>\n<\/div>","protected":false},"excerpt":{"rendered":"<p>PARA PUBLICACI\u00d3N INMEDIATAContacte con Catherine Wessling (p) 303.524.3865 (e) catherine@impactoneducation.org Impact on Education presenta dos nuevas becas para apoyar a los estudiantes del Valle de Boulder, anuncia apertura\u2026<\/p>","protected":false},"author":3,"featured_media":0,"parent":5261,"menu_order":0,"comment_status":"closed","ping_status":"closed","template":"","meta":{"_acf_changed":false,"_monsterinsights_skip_tracking":false,"_monsterinsights_sitenote_active":false,"_monsterinsights_sitenote_note":"","_monsterinsights_sitenote_category":0,"footnotes":""},"class_list":["post-10219","page","type-page","status-publish","hentry"],"acf":[],"yoast_head":"<!-- This site is optimized with the Yoast SEO plugin v27.1.1 - https:\/\/yoast.com\/product\/yoast-seo-wordpress\/ -->\n<title>2023 BVSD Lifetime Achievement Award Nominations Open &#8211; Impact on Education<\/title>\n<meta name=\"description\" content=\"Impact on Education is accepting nominations for its annual Blake Peterson Lifetime Achievement Award, given to a BVSD educator.\" \/>\n<meta name=\"robots\" content=\"index, follow, max-snippet:-1, max-image-preview:large, max-video-preview:-1\" \/>\n<link rel=\"canonical\" href=\"https:\/\/www.impactoneducation.org\/es\/press\/press-release-impact-on-education-introduces-two-new-scholarships-opens-applications-for-class-of-2024\/\" \/>\n<meta property=\"og:locale\" content=\"es_MX\" \/>\n<meta property=\"og:type\" content=\"article\" \/>\n<meta property=\"og:title\" content=\"2023 BVSD Lifetime Achievement Award Nominations Open &#8211; Impact on Education\" \/>\n<meta property=\"og:description\" content=\"Impact on Education is accepting nominations for its annual Blake Peterson Lifetime Achievement Award, given to a BVSD educator.\" \/>\n<meta property=\"og:url\" content=\"https:\/\/www.impactoneducation.org\/es\/press\/press-release-impact-on-education-introduces-two-new-scholarships-opens-applications-for-class-of-2024\/\" \/>\n<meta property=\"og:site_name\" content=\"Impact on Education\" \/>\n<meta property=\"article:publisher\" content=\"https:\/\/www.facebook.com\/ImpactonEducation\" \/>\n<meta property=\"article:modified_time\" content=\"2024-02-29T20:35:56+00:00\" \/>\n<meta name=\"twitter:card\" content=\"summary_large_image\" \/>\n<meta name=\"twitter:site\" content=\"@ImpactOnEd\" \/>\n<meta name=\"twitter:label1\" content=\"Tiempo de lectura\" \/>\n\t<meta name=\"twitter:data1\" content=\"2 minutos\" \/>\n<script type=\"application\/ld+json\" class=\"yoast-schema-graph\">{\"@context\":\"https:\/\/schema.org\",\"@graph\":[{\"@type\":\"WebPage\",\"@id\":\"https:\/\/www.impactoneducation.org\/press\/press-release-impact-on-education-introduces-two-new-scholarships-opens-applications-for-class-of-2024\/\",\"url\":\"https:\/\/www.impactoneducation.org\/press\/press-release-impact-on-education-introduces-two-new-scholarships-opens-applications-for-class-of-2024\/\",\"name\":\"2023 BVSD Lifetime Achievement Award Nominations Open &#8211; Impact on Education\",\"isPartOf\":{\"@id\":\"https:\/\/www.impactoneducation.org\/#website\"},\"datePublished\":\"2024-02-29T20:25:43+00:00\",\"dateModified\":\"2024-02-29T20:35:56+00:00\",\"description\":\"Impact on Education is accepting nominations for its annual Blake Peterson Lifetime Achievement Award, given to a BVSD educator.\",\"breadcrumb\":{\"@id\":\"https:\/\/www.impactoneducation.org\/press\/press-release-impact-on-education-introduces-two-new-scholarships-opens-applications-for-class-of-2024\/#breadcrumb\"},\"inLanguage\":\"es\",\"potentialAction\":[{\"@type\":\"ReadAction\",\"target\":[\"https:\/\/www.impactoneducation.org\/press\/press-release-impact-on-education-introduces-two-new-scholarships-opens-applications-for-class-of-2024\/\"]}]},{\"@type\":\"BreadcrumbList\",\"@id\":\"https:\/\/www.impactoneducation.org\/press\/press-release-impact-on-education-introduces-two-new-scholarships-opens-applications-for-class-of-2024\/#breadcrumb\",\"itemListElement\":[{\"@type\":\"ListItem\",\"position\":1,\"name\":\"Home\",\"item\":\"https:\/\/www.impactoneducation.org\/\"},{\"@type\":\"ListItem\",\"position\":2,\"name\":\"Press Materials\",\"item\":\"https:\/\/www.impactoneducation.org\/press\/\"},{\"@type\":\"ListItem\",\"position\":3,\"name\":\"Press Release: IOE Introduces Two New Scholarships, Opens Applications for Class of 2024\"}]},{\"@type\":\"WebSite\",\"@id\":\"https:\/\/www.impactoneducation.org\/#website\",\"url\":\"https:\/\/www.impactoneducation.org\/\",\"name\":\"Impact on Education\",\"description\":\"Foundation for Boulder Valley Schools\",\"publisher\":{\"@id\":\"https:\/\/www.impactoneducation.org\/#organization\"},\"potentialAction\":[{\"@type\":\"SearchAction\",\"target\":{\"@type\":\"EntryPoint\",\"urlTemplate\":\"https:\/\/www.impactoneducation.org\/?s={search_term_string}\"},\"query-input\":{\"@type\":\"PropertyValueSpecification\",\"valueRequired\":true,\"valueName\":\"search_term_string\"}}],\"inLanguage\":\"es\"},{\"@type\":\"Organization\",\"@id\":\"https:\/\/www.impactoneducation.org\/#organization\",\"name\":\"Impact on Education\",\"url\":\"https:\/\/www.impactoneducation.org\/\",\"logo\":{\"@type\":\"ImageObject\",\"inLanguage\":\"es\",\"@id\":\"https:\/\/www.impactoneducation.org\/#\/schema\/logo\/image\/\",\"url\":\"https:\/\/www.impactoneducation.org\/wp-content\/uploads\/2020\/09\/Impact-logo-poly.png\",\"contentUrl\":\"https:\/\/www.impactoneducation.org\/wp-content\/uploads\/2020\/09\/Impact-logo-poly.png\",\"width\":3455,\"height\":890,\"caption\":\"Impact on Education\"},\"image\":{\"@id\":\"https:\/\/www.impactoneducation.org\/#\/schema\/logo\/image\/\"},\"sameAs\":[\"https:\/\/www.facebook.com\/ImpactonEducation\",\"https:\/\/x.com\/ImpactOnEd\",\"https:\/\/www.instagram.com\/impactoneducation\/\",\"https:\/\/www.youtube.com\/channel\/UCtCaQkVhXiowqiNrIXQ1Lkw\"]}]}<\/script>\n<!-- \/ Yoast SEO plugin. -->","yoast_head_json":{"title":"Se abren las nominaciones para el Premio a la Trayectoria del BVSD 2023 \u2013 Impacto en la educaci\u00f3n","description":"Impact on Education est\u00e1 aceptando nominaciones para su premio anual Blake Peterson Lifetime Achievement Award, otorgado a un educador de BVSD.","robots":{"index":"index","follow":"follow","max-snippet":"max-snippet:-1","max-image-preview":"max-image-preview:large","max-video-preview":"max-video-preview:-1"},"canonical":"https:\/\/www.impactoneducation.org\/es\/press\/press-release-impact-on-education-introduces-two-new-scholarships-opens-applications-for-class-of-2024\/","og_locale":"es_MX","og_type":"article","og_title":"2023 BVSD Lifetime Achievement Award Nominations Open &#8211; Impact on Education","og_description":"Impact on Education is accepting nominations for its annual Blake Peterson Lifetime Achievement Award, given to a BVSD educator.","og_url":"https:\/\/www.impactoneducation.org\/es\/press\/press-release-impact-on-education-introduces-two-new-scholarships-opens-applications-for-class-of-2024\/","og_site_name":"Impact on Education","article_publisher":"https:\/\/www.facebook.com\/ImpactonEducation","article_modified_time":"2024-02-29T20:35:56+00:00","twitter_card":"summary_large_image","twitter_site":"@ImpactOnEd","twitter_misc":{"Tiempo de lectura":"2 minutos"},"schema":{"@context":"https:\/\/schema.org","@graph":[{"@type":"WebPage","@id":"https:\/\/www.impactoneducation.org\/press\/press-release-impact-on-education-introduces-two-new-scholarships-opens-applications-for-class-of-2024\/","url":"https:\/\/www.impactoneducation.org\/press\/press-release-impact-on-education-introduces-two-new-scholarships-opens-applications-for-class-of-2024\/","name":"Se abren las nominaciones para el Premio a la Trayectoria del BVSD 2023 \u2013 Impacto en la educaci\u00f3n","isPartOf":{"@id":"https:\/\/www.impactoneducation.org\/#website"},"datePublished":"2024-02-29T20:25:43+00:00","dateModified":"2024-02-29T20:35:56+00:00","description":"Impact on Education est\u00e1 aceptando nominaciones para su premio anual Blake Peterson Lifetime Achievement Award, otorgado a un educador de BVSD.","breadcrumb":{"@id":"https:\/\/www.impactoneducation.org\/press\/press-release-impact-on-education-introduces-two-new-scholarships-opens-applications-for-class-of-2024\/#breadcrumb"},"inLanguage":"es","potentialAction":[{"@type":"ReadAction","target":["https:\/\/www.impactoneducation.org\/press\/press-release-impact-on-education-introduces-two-new-scholarships-opens-applications-for-class-of-2024\/"]}]},{"@type":"BreadcrumbList","@id":"https:\/\/www.impactoneducation.org\/press\/press-release-impact-on-education-introduces-two-new-scholarships-opens-applications-for-class-of-2024\/#breadcrumb","itemListElement":[{"@type":"ListItem","position":1,"name":"Home","item":"https:\/\/www.impactoneducation.org\/"},{"@type":"ListItem","position":2,"name":"Press Materials","item":"https:\/\/www.impactoneducation.org\/press\/"},{"@type":"ListItem","position":3,"name":"Press Release: IOE Introduces Two New Scholarships, Opens Applications for Class of 2024"}]},{"@type":"WebSite","@id":"https:\/\/www.impactoneducation.org\/#website","url":"https:\/\/www.impactoneducation.org\/","name":"Impacto en la educaci\u00f3n","description":"Fundaci\u00f3n para las Escuelas del Valle de Boulder","publisher":{"@id":"https:\/\/www.impactoneducation.org\/#organization"},"potentialAction":[{"@type":"SearchAction","target":{"@type":"EntryPoint","urlTemplate":"https:\/\/www.impactoneducation.org\/?s={search_term_string}"},"query-input":{"@type":"PropertyValueSpecification","valueRequired":true,"valueName":"search_term_string"}}],"inLanguage":"es"},{"@type":"Organization","@id":"https:\/\/www.impactoneducation.org\/#organization","name":"Impacto en la educaci\u00f3n","url":"https:\/\/www.impactoneducation.org\/","logo":{"@type":"ImageObject","inLanguage":"es","@id":"https:\/\/www.impactoneducation.org\/#\/schema\/logo\/image\/","url":"https:\/\/www.impactoneducation.org\/wp-content\/uploads\/2020\/09\/Impact-logo-poly.png","contentUrl":"https:\/\/www.impactoneducation.org\/wp-content\/uploads\/2020\/09\/Impact-logo-poly.png","width":3455,"height":890,"caption":"Impact on Education"},"image":{"@id":"https:\/\/www.impactoneducation.org\/#\/schema\/logo\/image\/"},"sameAs":["https:\/\/www.facebook.com\/ImpactonEducation","https:\/\/x.com\/ImpactOnEd","https:\/\/www.instagram.com\/impactoneducation\/","https:\/\/www.youtube.com\/channel\/UCtCaQkVhXiowqiNrIXQ1Lkw"]}]}},"_links":{"self":[{"href":"https:\/\/www.impactoneducation.org\/es\/wp-json\/wp\/v2\/pages\/10219","targetHints":{"allow":["GET"]}}],"collection":[{"href":"https:\/\/www.impactoneducation.org\/es\/wp-json\/wp\/v2\/pages"}],"about":[{"href":"https:\/\/www.impactoneducation.org\/es\/wp-json\/wp\/v2\/types\/page"}],"author":[{"embeddable":true,"href":"https:\/\/www.impactoneducation.org\/es\/wp-json\/wp\/v2\/users\/3"}],"replies":[{"embeddable":true,"href":"https:\/\/www.impactoneducation.org\/es\/wp-json\/wp\/v2\/comments?post=10219"}],"version-history":[{"count":8,"href":"https:\/\/www.impactoneducation.org\/es\/wp-json\/wp\/v2\/pages\/10219\/revisions"}],"predecessor-version":[{"id":10230,"href":"https:\/\/www.impactoneducation.org\/es\/wp-json\/wp\/v2\/pages\/10219\/revisions\/10230"}],"up":[{"embeddable":true,"href":"https:\/\/www.impactoneducation.org\/es\/wp-json\/wp\/v2\/pages\/5261"}],"wp:attachment":[{"href":"https:\/\/www.impactoneducation.org\/es\/wp-json\/wp\/v2\/media?parent=10219"}],"curies":[{"name":"gracias","href":"https:\/\/api.w.org\/{rel}","templated":true}]}}