{"id":11119,"date":"2024-06-12T20:37:58","date_gmt":"2024-06-12T20:37:58","guid":{"rendered":"https:\/\/www.impactoneducation.org\/?page_id=11119"},"modified":"2024-06-13T19:54:31","modified_gmt":"2024-06-13T19:54:31","slug":"kinder-bridge-2024","status":"publish","type":"page","link":"https:\/\/www.impactoneducation.org\/es\/kinder-bridge-2024\/","title":{"rendered":"Educaci\u00f3n de la primera infancia"},"content":{"rendered":"<div id=\"block_29286100acb71d8b4b59a60ce238bf73\" class=\"page-header  full-width\">\r\n\r\n  <div class=\"page-header-title\">\r\n    <h1>Acceso a la educaci\u00f3n infantil<\/h1>\r\n  <\/div>\r\n\r\n  <div class=\"page-header-image\"><\/div>\r\n\r\n<\/div>\r\n\n\n\n<div style=\"height:40px\" aria-hidden=\"true\" class=\"wp-block-spacer\"><\/div>\n\n\n\n<h2 class=\"wp-block-heading has-text-align-center fancy\">APOYAR A LOS JARDINES DE KINDER<\/h2>\n\n\n\n<div style=\"height:29px\" aria-hidden=\"true\" class=\"wp-block-spacer\"><\/div>\n\n\n\n<div class=\"wp-block-buttons is-content-justification-center is-layout-flex wp-container-core-buttons-is-layout-16018d1d wp-block-buttons-is-layout-flex\">\n<div class=\"wp-block-button\"><a class=\"wp-block-button__link has-blue-green-background-color has-background wp-element-button\" href=\"https:\/\/impactoneducation.donorsupport.co\/-\/XNGPFHJY\" style=\"border-radius:0px\">HAZ UN REGALO<\/a><\/div>\n<\/div>\n\n\n\n<div style=\"height:30px\" aria-hidden=\"true\" class=\"wp-block-spacer\"><\/div>\n\n\n\n<div class=\"wp-block-columns is-layout-flex wp-container-core-columns-is-layout-9d6595d7 wp-block-columns-is-layout-flex\">\n<div class=\"wp-block-column is-layout-flow wp-block-column-is-layout-flow\" style=\"flex-basis:5%\"><\/div>\n\n\n\n<div class=\"wp-block-column is-layout-flow wp-block-column-is-layout-flow\" style=\"flex-basis:50%\">\n<p>Aunque no habr\u00e1 clases durante el verano, nuestro trabajo en Impact on Education contin\u00faa y necesitamos su ayuda hoy para asegurarnos de que podamos preparar a los estudiantes para el \u00e9xito este oto\u00f1o. <\/p>\n\n\n\n<p>Trabajamos incansablemente para crear acceso a la educaci\u00f3n infantil temprana para estudiantes econ\u00f3micamente desfavorecidos en el Distrito Escolar del Valle de Boulder, pero no podemos hacerlo sin usted.<\/p>\n\n\n\n<p><strong>Se necesita urgentemente su apoyo para apoyar a los estudiantes que ingresan al jard\u00edn de infantes.<\/strong>.<\/p>\n\n\n\n<p>Este programa cuesta aproximadamente $1,000 por estudiante y estamos pidiendo su ayuda para <a href=\"https:\/\/impactoneducation.donorsupport.co\/-\/XNGPFHJY\">recaudar $10,000 para apoyar la educaci\u00f3n infantil<\/a> antes del domingo 30 de junio.<\/p>\n\n\n\n<p>Su donaci\u00f3n tambi\u00e9n nos permite brindar becas a ni\u00f1os de 3 a\u00f1os en riesgo que se beneficiar\u00e1n del acceso al preescolar en la Primaria Alicia S\u00e1nchez.<\/p>\n<\/div>\n\n\n\n<div class=\"wp-block-column is-layout-flow wp-block-column-is-layout-flow\" style=\"flex-basis:50%\">\n<div style=\"height:20px\" aria-hidden=\"true\" class=\"wp-block-spacer\"><\/div>\n\n\n\n<figure class=\"wp-block-image size-full\"><img loading=\"lazy\" decoding=\"async\" width=\"650\" height=\"400\" src=\"https:\/\/www.impactoneducation.org\/wp-content\/uploads\/2024\/06\/Kinder-Bridge-2024-Crestview_4.png\" alt=\"\" class=\"wp-image-11122\" srcset=\"https:\/\/www.impactoneducation.org\/wp-content\/uploads\/2024\/06\/Kinder-Bridge-2024-Crestview_4.png 650w, https:\/\/www.impactoneducation.org\/wp-content\/uploads\/2024\/06\/Kinder-Bridge-2024-Crestview_4-300x185.png 300w, https:\/\/www.impactoneducation.org\/wp-content\/uploads\/2024\/06\/Kinder-Bridge-2024-Crestview_4-18x12.png 18w\" sizes=\"auto, (max-width: 650px) 100vw, 650px\" \/><\/figure>\n<\/div>\n\n\n\n<div class=\"wp-block-column is-layout-flow wp-block-column-is-layout-flow\" style=\"flex-basis:5%\"><\/div>\n<\/div>\n\n\n\n<div class=\"wp-block-columns is-layout-flex wp-container-core-columns-is-layout-9d6595d7 wp-block-columns-is-layout-flex\">\n<div class=\"wp-block-column is-layout-flow wp-block-column-is-layout-flow\" style=\"flex-basis:5%\"><\/div>\n\n\n\n<div class=\"wp-block-column is-layout-flow wp-block-column-is-layout-flow\" style=\"flex-basis:90%\">\n<p class=\"has-text-align-center has-light-green-background-color has-background has-medium-font-size\" id=\"block-998517a4-9ded-48c8-8179-780775dd114e\"><strong>Nuestra <a href=\"https:\/\/www.impactoneducation.org\/es\/early-childhood-education\/\" target=\"_blank\" rel=\"noreferrer noopener\">Programa Puente Kinder<\/a> es un programa de aprendizaje de verano de d\u00eda completo que atiende a m\u00e1s de 270 estudiantes este a\u00f1o: \u00a1un aumento de 71% en la inscripci\u00f3n desde 2023!<\/strong><\/p>\n<\/div>\n\n\n\n<div class=\"wp-block-column is-layout-flow wp-block-column-is-layout-flow\" style=\"flex-basis:5%\"><\/div>\n<\/div>\n\n\n\n<div class=\"wp-block-columns is-layout-flex wp-container-core-columns-is-layout-9d6595d7 wp-block-columns-is-layout-flex\">\n<div class=\"wp-block-column is-layout-flow wp-block-column-is-layout-flow\" style=\"flex-basis:5%\"><\/div>\n\n\n\n<div class=\"wp-block-column is-layout-flow wp-block-column-is-layout-flow\" style=\"flex-basis:50%\">\n<figure class=\"wp-block-image size-full\"><img loading=\"lazy\" decoding=\"async\" width=\"650\" height=\"400\" src=\"https:\/\/www.impactoneducation.org\/wp-content\/uploads\/2024\/06\/Kinder-Bridge-2024-Crestview_2.png\" alt=\"\" class=\"wp-image-11120\" srcset=\"https:\/\/www.impactoneducation.org\/wp-content\/uploads\/2024\/06\/Kinder-Bridge-2024-Crestview_2.png 650w, https:\/\/www.impactoneducation.org\/wp-content\/uploads\/2024\/06\/Kinder-Bridge-2024-Crestview_2-300x185.png 300w, https:\/\/www.impactoneducation.org\/wp-content\/uploads\/2024\/06\/Kinder-Bridge-2024-Crestview_2-18x12.png 18w\" sizes=\"auto, (max-width: 650px) 100vw, 650px\" \/><\/figure>\n<\/div>\n\n\n\n<div class=\"wp-block-column is-layout-flow wp-block-column-is-layout-flow\" style=\"flex-basis:50%\">\n<h2 class=\"wp-block-heading fancy\"><strong>HAZ UN REGALO<\/strong><\/h2>\n\n\n\n<p><strong>Tu regalo de hoy te ayudar\u00e1. <a href=\"https:\/\/impactoneducation.donorsupport.co\/-\/XNGPFHJY\">desbloquear una partida $10,000<\/a><\/strong>, cortes\u00eda de Jessica y Matt Benjamin, padres de dos estudiantes de BVSD y generosos partidarios de la IOE.<\/p>\n\n\n\n<div class=\"wp-block-buttons is-layout-flex wp-block-buttons-is-layout-flex\">\n<div class=\"wp-block-button\"><a class=\"wp-block-button__link has-blue-green-background-color has-background wp-element-button\" href=\"https:\/\/impactoneducation.donorsupport.co\/-\/XNGPFHJY\" style=\"border-radius:0px\">DAR AHORA<\/a><\/div>\n<\/div>\n<\/div>\n\n\n\n<div class=\"wp-block-column is-layout-flow wp-block-column-is-layout-flow\" style=\"flex-basis:5%\"><\/div>\n<\/div>\n\n\n\n<div style=\"height:30px\" aria-hidden=\"true\" class=\"wp-block-spacer\"><\/div>","protected":false},"excerpt":{"rendered":"<p>APOYE A LOS ALUMNOS DE KINDERGARTEN Aunque las clases han terminado durante el verano, nuestro trabajo en Impact on Education contin\u00faa y necesitamos su ayuda.<\/p>","protected":false},"author":3,"featured_media":0,"parent":0,"menu_order":0,"comment_status":"closed","ping_status":"closed","template":"","meta":{"_acf_changed":false,"_monsterinsights_skip_tracking":false,"_monsterinsights_sitenote_active":false,"_monsterinsights_sitenote_note":"","_monsterinsights_sitenote_category":0,"footnotes":""},"class_list":["post-11119","page","type-page","status-publish","hentry"],"acf":[],"yoast_head":"<!-- This site is optimized with the Yoast SEO plugin v27.1.1 - https:\/\/yoast.com\/product\/yoast-seo-wordpress\/ -->\n<title>Early Childhood Education &#8211; Impact on Education<\/title>\n<meta name=\"description\" content=\"Our funding enables 160 incoming BVSD students to receive 4 weeks of full-day early learning, transportation, and meals, to prepare them for Kindergarten.\" \/>\n<meta name=\"robots\" content=\"index, follow, max-snippet:-1, max-image-preview:large, max-video-preview:-1\" \/>\n<link rel=\"canonical\" href=\"https:\/\/www.impactoneducation.org\/es\/kinder-bridge-2024\/\" \/>\n<meta property=\"og:locale\" content=\"es_MX\" \/>\n<meta property=\"og:type\" content=\"article\" \/>\n<meta property=\"og:title\" content=\"Champions of Early Learning Experiences\" \/>\n<meta property=\"og:description\" content=\"We want to prepare as many children as we can for that all-important first year of formal schooling.\" \/>\n<meta property=\"og:url\" content=\"https:\/\/www.impactoneducation.org\/es\/kinder-bridge-2024\/\" \/>\n<meta property=\"og:site_name\" content=\"Impact on Education\" \/>\n<meta property=\"article:publisher\" content=\"https:\/\/www.facebook.com\/ImpactonEducation\" \/>\n<meta property=\"article:modified_time\" content=\"2024-06-13T19:54:31+00:00\" \/>\n<meta property=\"og:image\" content=\"https:\/\/www.impactoneducation.org\/wp-content\/uploads\/2023\/08\/IMG-8908-1-scaled.jpg\" \/>\n\t<meta property=\"og:image:width\" content=\"2560\" \/>\n\t<meta property=\"og:image:height\" content=\"1920\" \/>\n\t<meta property=\"og:image:type\" content=\"image\/jpeg\" \/>\n<meta name=\"twitter:card\" content=\"summary_large_image\" \/>\n<meta name=\"twitter:title\" content=\"Champions of Early Learning Experiences\" \/>\n<meta name=\"twitter:description\" content=\"We want to prepare as many children as we can for that all-important first year of formal schooling.\" \/>\n<meta name=\"twitter:image\" content=\"https:\/\/www.impactoneducation.org\/wp-content\/uploads\/2023\/08\/IMG-8908-1-scaled.jpg\" \/>\n<meta name=\"twitter:site\" content=\"@ImpactOnEd\" \/>\n<meta name=\"twitter:label1\" content=\"Tiempo de lectura\" \/>\n\t<meta name=\"twitter:data1\" content=\"2 minutos\" \/>\n<script type=\"application\/ld+json\" class=\"yoast-schema-graph\">{\"@context\":\"https:\/\/schema.org\",\"@graph\":[{\"@type\":\"WebPage\",\"@id\":\"https:\/\/www.impactoneducation.org\/kinder-bridge-2024\/\",\"url\":\"https:\/\/www.impactoneducation.org\/kinder-bridge-2024\/\",\"name\":\"Early Childhood Education &#8211; Impact on Education\",\"isPartOf\":{\"@id\":\"https:\/\/www.impactoneducation.org\/#website\"},\"primaryImageOfPage\":{\"@id\":\"https:\/\/www.impactoneducation.org\/kinder-bridge-2024\/#primaryimage\"},\"image\":{\"@id\":\"https:\/\/www.impactoneducation.org\/kinder-bridge-2024\/#primaryimage\"},\"thumbnailUrl\":\"https:\/\/www.impactoneducation.org\/wp-content\/uploads\/2024\/06\/Kinder-Bridge-2024-Crestview_4.png\",\"datePublished\":\"2024-06-12T20:37:58+00:00\",\"dateModified\":\"2024-06-13T19:54:31+00:00\",\"description\":\"Our funding enables 160 incoming BVSD students to receive 4 weeks of full-day early learning, transportation, and meals, to prepare them for Kindergarten.\",\"breadcrumb\":{\"@id\":\"https:\/\/www.impactoneducation.org\/kinder-bridge-2024\/#breadcrumb\"},\"inLanguage\":\"es\",\"potentialAction\":[{\"@type\":\"ReadAction\",\"target\":[\"https:\/\/www.impactoneducation.org\/kinder-bridge-2024\/\"]}]},{\"@type\":\"ImageObject\",\"inLanguage\":\"es\",\"@id\":\"https:\/\/www.impactoneducation.org\/kinder-bridge-2024\/#primaryimage\",\"url\":\"https:\/\/www.impactoneducation.org\/wp-content\/uploads\/2024\/06\/Kinder-Bridge-2024-Crestview_4.png\",\"contentUrl\":\"https:\/\/www.impactoneducation.org\/wp-content\/uploads\/2024\/06\/Kinder-Bridge-2024-Crestview_4.png\"},{\"@type\":\"BreadcrumbList\",\"@id\":\"https:\/\/www.impactoneducation.org\/kinder-bridge-2024\/#breadcrumb\",\"itemListElement\":[{\"@type\":\"ListItem\",\"position\":1,\"name\":\"Home\",\"item\":\"https:\/\/www.impactoneducation.org\/\"},{\"@type\":\"ListItem\",\"position\":2,\"name\":\"Early Childhood Education\"}]},{\"@type\":\"WebSite\",\"@id\":\"https:\/\/www.impactoneducation.org\/#website\",\"url\":\"https:\/\/www.impactoneducation.org\/\",\"name\":\"Impact on Education\",\"description\":\"Foundation for Boulder Valley Schools\",\"publisher\":{\"@id\":\"https:\/\/www.impactoneducation.org\/#organization\"},\"potentialAction\":[{\"@type\":\"SearchAction\",\"target\":{\"@type\":\"EntryPoint\",\"urlTemplate\":\"https:\/\/www.impactoneducation.org\/?s={search_term_string}\"},\"query-input\":{\"@type\":\"PropertyValueSpecification\",\"valueRequired\":true,\"valueName\":\"search_term_string\"}}],\"inLanguage\":\"es\"},{\"@type\":\"Organization\",\"@id\":\"https:\/\/www.impactoneducation.org\/#organization\",\"name\":\"Impact on Education\",\"url\":\"https:\/\/www.impactoneducation.org\/\",\"logo\":{\"@type\":\"ImageObject\",\"inLanguage\":\"es\",\"@id\":\"https:\/\/www.impactoneducation.org\/#\/schema\/logo\/image\/\",\"url\":\"https:\/\/www.impactoneducation.org\/wp-content\/uploads\/2020\/09\/Impact-logo-poly.png\",\"contentUrl\":\"https:\/\/www.impactoneducation.org\/wp-content\/uploads\/2020\/09\/Impact-logo-poly.png\",\"width\":3455,\"height\":890,\"caption\":\"Impact on Education\"},\"image\":{\"@id\":\"https:\/\/www.impactoneducation.org\/#\/schema\/logo\/image\/\"},\"sameAs\":[\"https:\/\/www.facebook.com\/ImpactonEducation\",\"https:\/\/x.com\/ImpactOnEd\",\"https:\/\/www.instagram.com\/impactoneducation\/\",\"https:\/\/www.youtube.com\/channel\/UCtCaQkVhXiowqiNrIXQ1Lkw\"]}]}<\/script>\n<!-- \/ Yoast SEO plugin. -->","yoast_head_json":{"title":"Educaci\u00f3n Infantil \u2013 Impacto en la Educaci\u00f3n","description":"Nuestra financiaci\u00f3n permite que 160 estudiantes entrantes de BVSD reciban 4 semanas de aprendizaje temprano de d\u00eda completo, transporte y comidas, para prepararlos para el jard\u00edn de infantes.","robots":{"index":"index","follow":"follow","max-snippet":"max-snippet:-1","max-image-preview":"max-image-preview:large","max-video-preview":"max-video-preview:-1"},"canonical":"https:\/\/www.impactoneducation.org\/es\/kinder-bridge-2024\/","og_locale":"es_MX","og_type":"article","og_title":"Champions of Early Learning Experiences","og_description":"We want to prepare as many children as we can for that all-important first year of formal schooling.","og_url":"https:\/\/www.impactoneducation.org\/es\/kinder-bridge-2024\/","og_site_name":"Impact on Education","article_publisher":"https:\/\/www.facebook.com\/ImpactonEducation","article_modified_time":"2024-06-13T19:54:31+00:00","og_image":[{"width":2560,"height":1920,"url":"https:\/\/www.impactoneducation.org\/wp-content\/uploads\/2023\/08\/IMG-8908-1-scaled.jpg","type":"image\/jpeg"}],"twitter_card":"summary_large_image","twitter_title":"Champions of Early Learning Experiences","twitter_description":"We want to prepare as many children as we can for that all-important first year of formal schooling.","twitter_image":"https:\/\/www.impactoneducation.org\/wp-content\/uploads\/2023\/08\/IMG-8908-1-scaled.jpg","twitter_site":"@ImpactOnEd","twitter_misc":{"Tiempo de lectura":"2 minutos"},"schema":{"@context":"https:\/\/schema.org","@graph":[{"@type":"WebPage","@id":"https:\/\/www.impactoneducation.org\/kinder-bridge-2024\/","url":"https:\/\/www.impactoneducation.org\/kinder-bridge-2024\/","name":"Educaci\u00f3n Infantil \u2013 Impacto en la Educaci\u00f3n","isPartOf":{"@id":"https:\/\/www.impactoneducation.org\/#website"},"primaryImageOfPage":{"@id":"https:\/\/www.impactoneducation.org\/kinder-bridge-2024\/#primaryimage"},"image":{"@id":"https:\/\/www.impactoneducation.org\/kinder-bridge-2024\/#primaryimage"},"thumbnailUrl":"https:\/\/www.impactoneducation.org\/wp-content\/uploads\/2024\/06\/Kinder-Bridge-2024-Crestview_4.png","datePublished":"2024-06-12T20:37:58+00:00","dateModified":"2024-06-13T19:54:31+00:00","description":"Nuestra financiaci\u00f3n permite que 160 estudiantes entrantes de BVSD reciban 4 semanas de aprendizaje temprano de d\u00eda completo, transporte y comidas, para prepararlos para el jard\u00edn de infantes.","breadcrumb":{"@id":"https:\/\/www.impactoneducation.org\/kinder-bridge-2024\/#breadcrumb"},"inLanguage":"es","potentialAction":[{"@type":"ReadAction","target":["https:\/\/www.impactoneducation.org\/kinder-bridge-2024\/"]}]},{"@type":"ImageObject","inLanguage":"es","@id":"https:\/\/www.impactoneducation.org\/kinder-bridge-2024\/#primaryimage","url":"https:\/\/www.impactoneducation.org\/wp-content\/uploads\/2024\/06\/Kinder-Bridge-2024-Crestview_4.png","contentUrl":"https:\/\/www.impactoneducation.org\/wp-content\/uploads\/2024\/06\/Kinder-Bridge-2024-Crestview_4.png"},{"@type":"BreadcrumbList","@id":"https:\/\/www.impactoneducation.org\/kinder-bridge-2024\/#breadcrumb","itemListElement":[{"@type":"ListItem","position":1,"name":"Home","item":"https:\/\/www.impactoneducation.org\/"},{"@type":"ListItem","position":2,"name":"Early Childhood Education"}]},{"@type":"WebSite","@id":"https:\/\/www.impactoneducation.org\/#website","url":"https:\/\/www.impactoneducation.org\/","name":"Impacto en la educaci\u00f3n","description":"Fundaci\u00f3n para las Escuelas del Valle de Boulder","publisher":{"@id":"https:\/\/www.impactoneducation.org\/#organization"},"potentialAction":[{"@type":"SearchAction","target":{"@type":"EntryPoint","urlTemplate":"https:\/\/www.impactoneducation.org\/?s={search_term_string}"},"query-input":{"@type":"PropertyValueSpecification","valueRequired":true,"valueName":"search_term_string"}}],"inLanguage":"es"},{"@type":"Organization","@id":"https:\/\/www.impactoneducation.org\/#organization","name":"Impacto en la educaci\u00f3n","url":"https:\/\/www.impactoneducation.org\/","logo":{"@type":"ImageObject","inLanguage":"es","@id":"https:\/\/www.impactoneducation.org\/#\/schema\/logo\/image\/","url":"https:\/\/www.impactoneducation.org\/wp-content\/uploads\/2020\/09\/Impact-logo-poly.png","contentUrl":"https:\/\/www.impactoneducation.org\/wp-content\/uploads\/2020\/09\/Impact-logo-poly.png","width":3455,"height":890,"caption":"Impact on Education"},"image":{"@id":"https:\/\/www.impactoneducation.org\/#\/schema\/logo\/image\/"},"sameAs":["https:\/\/www.facebook.com\/ImpactonEducation","https:\/\/x.com\/ImpactOnEd","https:\/\/www.instagram.com\/impactoneducation\/","https:\/\/www.youtube.com\/channel\/UCtCaQkVhXiowqiNrIXQ1Lkw"]}]}},"_links":{"self":[{"href":"https:\/\/www.impactoneducation.org\/es\/wp-json\/wp\/v2\/pages\/11119","targetHints":{"allow":["GET"]}}],"collection":[{"href":"https:\/\/www.impactoneducation.org\/es\/wp-json\/wp\/v2\/pages"}],"about":[{"href":"https:\/\/www.impactoneducation.org\/es\/wp-json\/wp\/v2\/types\/page"}],"author":[{"embeddable":true,"href":"https:\/\/www.impactoneducation.org\/es\/wp-json\/wp\/v2\/users\/3"}],"replies":[{"embeddable":true,"href":"https:\/\/www.impactoneducation.org\/es\/wp-json\/wp\/v2\/comments?post=11119"}],"version-history":[{"count":51,"href":"https:\/\/www.impactoneducation.org\/es\/wp-json\/wp\/v2\/pages\/11119\/revisions"}],"predecessor-version":[{"id":11183,"href":"https:\/\/www.impactoneducation.org\/es\/wp-json\/wp\/v2\/pages\/11119\/revisions\/11183"}],"wp:attachment":[{"href":"https:\/\/www.impactoneducation.org\/es\/wp-json\/wp\/v2\/media?parent=11119"}],"curies":[{"name":"gracias","href":"https:\/\/api.w.org\/{rel}","templated":true}]}}