{"id":11323,"date":"2024-08-05T15:41:07","date_gmt":"2024-08-05T15:41:07","guid":{"rendered":"https:\/\/www.impactoneducation.org\/?page_id=11323"},"modified":"2024-08-05T15:42:47","modified_gmt":"2024-08-05T15:42:47","slug":"release-2024-community-challenge","status":"publish","type":"page","link":"https:\/\/www.impactoneducation.org\/es\/press\/release-2024-community-challenge\/","title":{"rendered":"Nota de prensa: Impact on Education desaf\u00eda a la comunidad a recaudar $15,000 para \u00fatiles escolares"},"content":{"rendered":"<div id=\"block_20d346f3b39fc0b12b5d61f618b261d1\" class=\"page-header  full-width\">\r\n\r\n  <div class=\"page-header-title\">\r\n    <h1>Impacto en Educaci\u00f3n desaf\u00eda a la comunidad a recaudar $15,000 para \u00fatiles escolares<\/h1>\r\n  <\/div>\r\n\r\n  <div class=\"page-header-image\"><\/div>\r\n\r\n<\/div>\r\n\n\n\n<div class=\"wp-block-columns is-layout-flex wp-container-core-columns-is-layout-9d6595d7 wp-block-columns-is-layout-flex\">\n<div class=\"wp-block-column is-layout-flow wp-block-column-is-layout-flow\" style=\"flex-basis:10%\"><\/div>\n\n\n\n<div class=\"wp-block-column is-layout-flow wp-block-column-is-layout-flow\" style=\"flex-basis:80%\">\n<div style=\"height:25px\" aria-hidden=\"true\" class=\"wp-block-spacer\"><\/div>\n\n\n\n<p>PARA PUBLICACI\u00d3N INMEDIATA<br>Contacto<br>Catherine Wessling<br>(f) 303.524.3865<br>(mi) <a href=\"mailto:catherine@impactoneducation.org\">catherine@impactoneducation.org<\/a><br><\/p>\n\n\n\n<div style=\"height:25px\" aria-hidden=\"true\" class=\"wp-block-spacer\"><\/div>\n\n\n\n<h2 class=\"wp-block-heading has-text-align-center\">Impacto en Educaci\u00f3n desaf\u00eda a la comunidad a recaudar $15,000 para \u00fatiles escolares<\/h2>\n\n\n\n<div style=\"height:25px\" aria-hidden=\"true\" class=\"wp-block-spacer\"><\/div>\n\n\n\n<p>Louisville (5 de agosto de 2024) \u2013 Impact on Education trabaja todo el a\u00f1o para brindar oportunidades a los estudiantes locales, pero un primer paso importante es garantizar que comiencen el a\u00f1o escolar con los \u00fatiles que necesitan para un a\u00f1o acad\u00e9mico exitoso.&nbsp;<\/p>\n\n\n\n<p>Cada a\u00f1o, en colaboraci\u00f3n con socios generosos como Western Disposal Services, brindan \u00fatiles escolares esenciales a 5,000 estudiantes del Distrito Escolar del Valle de Boulder de familias de bajos ingresos a trav\u00e9s del programa Crayons to Calculators.&nbsp;<\/p>\n\n\n\n<p>Del 5 al 16 de agosto de 2024, Impact on Education desaf\u00eda a nuestra comunidad a recaudar $15,000 para apoyar el programa y ayudar a estos estudiantes a comenzar con fuerza el nuevo a\u00f1o escolar.&nbsp;<\/p>\n\n\n\n<p>Se anima a las personas y organizaciones locales a unirse o iniciar un equipo de recaudaci\u00f3n de fondos y participar en el <a href=\"https:\/\/www.impactoneducation.org\/es\/learning-tools\/2024-community-challenge-crayons-to-calculators\/\" target=\"_blank\" rel=\"noreferrer noopener\">Desaf\u00edo comunitario de crayones a calculadoras<\/a>.<\/p>\n\n\n\n<div style=\"height:24px\" aria-hidden=\"true\" class=\"wp-block-spacer\"><\/div>\n\n\n\n<p><strong>SOBRE EL IMPACTO EN LA EDUCACI\u00d3N<\/strong><\/p>\n\n\n\n<p>Impact on Education es una organizaci\u00f3n sin fines de lucro que apoya a 28,000 estudiantes y 4,000 educadores en el Distrito Escolar del Valle de Boulder. Desde 1983, hemos proporcionado financiaci\u00f3n y recursos suplementarios a estudiantes y educadores para ampliar lo que es posible en educaci\u00f3n.<br><a href=\"http:\/\/www.impactoneducation.org\/es\/\">www.impactoneeducation.org<\/a><\/p>\n\n\n\n<p class=\"has-text-align-center\">###<\/p>\n<\/div>\n\n\n\n<div class=\"wp-block-column is-layout-flow wp-block-column-is-layout-flow\" style=\"flex-basis:10%\"><\/div>\n<\/div>","protected":false},"excerpt":{"rendered":"<p>PARA PUBLICACI\u00d3N INMEDIATAP\u00f3ngase en contacto con Catherine Wessling(p) 303.524.3865(e) catherine@impactoneducation.org Impact on Education desaf\u00eda a la comunidad a recaudar $15,000 para \u00fatiles escolares Louisville (agosto\u2026<\/p>","protected":false},"author":3,"featured_media":0,"parent":5261,"menu_order":0,"comment_status":"closed","ping_status":"closed","template":"","meta":{"_acf_changed":false,"_monsterinsights_skip_tracking":false,"_monsterinsights_sitenote_active":false,"_monsterinsights_sitenote_note":"","_monsterinsights_sitenote_category":0,"footnotes":""},"class_list":["post-11323","page","type-page","status-publish","hentry"],"acf":[],"yoast_head":"<!-- This site is optimized with the Yoast SEO plugin v27.4 - https:\/\/yoast.com\/product\/yoast-seo-wordpress\/ -->\n<title>2024 Crayons to Calculators Community Challenge<\/title>\n<meta name=\"description\" content=\"Impact on Education challenges the community to raise $15,000 from Aug 5-16, 2024 to provide school supplies for local students.\" \/>\n<meta name=\"robots\" content=\"index, follow, max-snippet:-1, max-image-preview:large, max-video-preview:-1\" \/>\n<link rel=\"canonical\" href=\"https:\/\/www.impactoneducation.org\/es\/press\/release-2024-community-challenge\/\" \/>\n<meta property=\"og:locale\" content=\"es_MX\" \/>\n<meta property=\"og:type\" content=\"article\" \/>\n<meta property=\"og:title\" content=\"2024 Crayons to Calculators Community Challenge\" \/>\n<meta property=\"og:description\" content=\"Impact on Education challenges the community to raise $15,000 from Aug 5-16, 2024 to provide school supplies for local students.\" \/>\n<meta property=\"og:url\" content=\"https:\/\/www.impactoneducation.org\/es\/press\/release-2024-community-challenge\/\" \/>\n<meta property=\"og:site_name\" content=\"Impact on Education\" \/>\n<meta property=\"article:publisher\" content=\"https:\/\/www.facebook.com\/ImpactonEducation\" \/>\n<meta property=\"article:modified_time\" content=\"2024-08-05T15:42:47+00:00\" \/>\n<meta name=\"twitter:card\" content=\"summary_large_image\" \/>\n<meta name=\"twitter:site\" content=\"@ImpactOnEd\" \/>\n<meta name=\"twitter:label1\" content=\"Tiempo de lectura\" \/>\n\t<meta name=\"twitter:data1\" content=\"1 minuto\" \/>\n<script type=\"application\/ld+json\" class=\"yoast-schema-graph\">{\"@context\":\"https:\\\/\\\/schema.org\",\"@graph\":[{\"@type\":\"WebPage\",\"@id\":\"https:\\\/\\\/www.impactoneducation.org\\\/press\\\/release-2024-community-challenge\\\/\",\"url\":\"https:\\\/\\\/www.impactoneducation.org\\\/press\\\/release-2024-community-challenge\\\/\",\"name\":\"2024 Crayons to Calculators Community Challenge\",\"isPartOf\":{\"@id\":\"https:\\\/\\\/www.impactoneducation.org\\\/#website\"},\"datePublished\":\"2024-08-05T15:41:07+00:00\",\"dateModified\":\"2024-08-05T15:42:47+00:00\",\"description\":\"Impact on Education challenges the community to raise $15,000 from Aug 5-16, 2024 to provide school supplies for local students.\",\"breadcrumb\":{\"@id\":\"https:\\\/\\\/www.impactoneducation.org\\\/press\\\/release-2024-community-challenge\\\/#breadcrumb\"},\"inLanguage\":\"es\",\"potentialAction\":[{\"@type\":\"ReadAction\",\"target\":[\"https:\\\/\\\/www.impactoneducation.org\\\/press\\\/release-2024-community-challenge\\\/\"]}]},{\"@type\":\"BreadcrumbList\",\"@id\":\"https:\\\/\\\/www.impactoneducation.org\\\/press\\\/release-2024-community-challenge\\\/#breadcrumb\",\"itemListElement\":[{\"@type\":\"ListItem\",\"position\":1,\"name\":\"Home\",\"item\":\"https:\\\/\\\/www.impactoneducation.org\\\/\"},{\"@type\":\"ListItem\",\"position\":2,\"name\":\"Press Materials\",\"item\":\"https:\\\/\\\/www.impactoneducation.org\\\/press\\\/\"},{\"@type\":\"ListItem\",\"position\":3,\"name\":\"Press Release: Impact on Education challenges the community to raise $15,000 for school supplies\"}]},{\"@type\":\"WebSite\",\"@id\":\"https:\\\/\\\/www.impactoneducation.org\\\/#website\",\"url\":\"https:\\\/\\\/www.impactoneducation.org\\\/\",\"name\":\"Impact on Education\",\"description\":\"Foundation for Boulder Valley Schools\",\"publisher\":{\"@id\":\"https:\\\/\\\/www.impactoneducation.org\\\/#organization\"},\"potentialAction\":[{\"@type\":\"SearchAction\",\"target\":{\"@type\":\"EntryPoint\",\"urlTemplate\":\"https:\\\/\\\/www.impactoneducation.org\\\/?s={search_term_string}\"},\"query-input\":{\"@type\":\"PropertyValueSpecification\",\"valueRequired\":true,\"valueName\":\"search_term_string\"}}],\"inLanguage\":\"es\"},{\"@type\":\"Organization\",\"@id\":\"https:\\\/\\\/www.impactoneducation.org\\\/#organization\",\"name\":\"Impact on Education\",\"url\":\"https:\\\/\\\/www.impactoneducation.org\\\/\",\"logo\":{\"@type\":\"ImageObject\",\"inLanguage\":\"es\",\"@id\":\"https:\\\/\\\/www.impactoneducation.org\\\/#\\\/schema\\\/logo\\\/image\\\/\",\"url\":\"https:\\\/\\\/www.impactoneducation.org\\\/wp-content\\\/uploads\\\/2020\\\/09\\\/Impact-logo-poly.png\",\"contentUrl\":\"https:\\\/\\\/www.impactoneducation.org\\\/wp-content\\\/uploads\\\/2020\\\/09\\\/Impact-logo-poly.png\",\"width\":3455,\"height\":890,\"caption\":\"Impact on Education\"},\"image\":{\"@id\":\"https:\\\/\\\/www.impactoneducation.org\\\/#\\\/schema\\\/logo\\\/image\\\/\"},\"sameAs\":[\"https:\\\/\\\/www.facebook.com\\\/ImpactonEducation\",\"https:\\\/\\\/x.com\\\/ImpactOnEd\",\"https:\\\/\\\/www.instagram.com\\\/impactoneducation\\\/\",\"https:\\\/\\\/www.youtube.com\\\/channel\\\/UCtCaQkVhXiowqiNrIXQ1Lkw\"]}]}<\/script>\n<!-- \/ Yoast SEO plugin. -->","yoast_head_json":{"title":"2024 Crayons to Calculators Community Challenge","description":"Impact on Education challenges the community to raise $15,000 from Aug 5-16, 2024 to provide school supplies for local students.","robots":{"index":"index","follow":"follow","max-snippet":"max-snippet:-1","max-image-preview":"max-image-preview:large","max-video-preview":"max-video-preview:-1"},"canonical":"https:\/\/www.impactoneducation.org\/es\/press\/release-2024-community-challenge\/","og_locale":"es_MX","og_type":"article","og_title":"2024 Crayons to Calculators Community Challenge","og_description":"Impact on Education challenges the community to raise $15,000 from Aug 5-16, 2024 to provide school supplies for local students.","og_url":"https:\/\/www.impactoneducation.org\/es\/press\/release-2024-community-challenge\/","og_site_name":"Impact on Education","article_publisher":"https:\/\/www.facebook.com\/ImpactonEducation","article_modified_time":"2024-08-05T15:42:47+00:00","twitter_card":"summary_large_image","twitter_site":"@ImpactOnEd","twitter_misc":{"Tiempo de lectura":"1 minuto"},"schema":{"@context":"https:\/\/schema.org","@graph":[{"@type":"WebPage","@id":"https:\/\/www.impactoneducation.org\/press\/release-2024-community-challenge\/","url":"https:\/\/www.impactoneducation.org\/press\/release-2024-community-challenge\/","name":"2024 Crayons to Calculators Community Challenge","isPartOf":{"@id":"https:\/\/www.impactoneducation.org\/#website"},"datePublished":"2024-08-05T15:41:07+00:00","dateModified":"2024-08-05T15:42:47+00:00","description":"Impact on Education challenges the community to raise $15,000 from Aug 5-16, 2024 to provide school supplies for local students.","breadcrumb":{"@id":"https:\/\/www.impactoneducation.org\/press\/release-2024-community-challenge\/#breadcrumb"},"inLanguage":"es","potentialAction":[{"@type":"ReadAction","target":["https:\/\/www.impactoneducation.org\/press\/release-2024-community-challenge\/"]}]},{"@type":"BreadcrumbList","@id":"https:\/\/www.impactoneducation.org\/press\/release-2024-community-challenge\/#breadcrumb","itemListElement":[{"@type":"ListItem","position":1,"name":"Home","item":"https:\/\/www.impactoneducation.org\/"},{"@type":"ListItem","position":2,"name":"Press Materials","item":"https:\/\/www.impactoneducation.org\/press\/"},{"@type":"ListItem","position":3,"name":"Press Release: Impact on Education challenges the community to raise $15,000 for school supplies"}]},{"@type":"WebSite","@id":"https:\/\/www.impactoneducation.org\/#website","url":"https:\/\/www.impactoneducation.org\/","name":"Impacto en la educaci\u00f3n","description":"Fundaci\u00f3n para las Escuelas del Valle de Boulder","publisher":{"@id":"https:\/\/www.impactoneducation.org\/#organization"},"potentialAction":[{"@type":"SearchAction","target":{"@type":"EntryPoint","urlTemplate":"https:\/\/www.impactoneducation.org\/?s={search_term_string}"},"query-input":{"@type":"PropertyValueSpecification","valueRequired":true,"valueName":"search_term_string"}}],"inLanguage":"es"},{"@type":"Organization","@id":"https:\/\/www.impactoneducation.org\/#organization","name":"Impacto en la educaci\u00f3n","url":"https:\/\/www.impactoneducation.org\/","logo":{"@type":"ImageObject","inLanguage":"es","@id":"https:\/\/www.impactoneducation.org\/#\/schema\/logo\/image\/","url":"https:\/\/www.impactoneducation.org\/wp-content\/uploads\/2020\/09\/Impact-logo-poly.png","contentUrl":"https:\/\/www.impactoneducation.org\/wp-content\/uploads\/2020\/09\/Impact-logo-poly.png","width":3455,"height":890,"caption":"Impact on Education"},"image":{"@id":"https:\/\/www.impactoneducation.org\/#\/schema\/logo\/image\/"},"sameAs":["https:\/\/www.facebook.com\/ImpactonEducation","https:\/\/x.com\/ImpactOnEd","https:\/\/www.instagram.com\/impactoneducation\/","https:\/\/www.youtube.com\/channel\/UCtCaQkVhXiowqiNrIXQ1Lkw"]}]}},"_links":{"self":[{"href":"https:\/\/www.impactoneducation.org\/es\/wp-json\/wp\/v2\/pages\/11323","targetHints":{"allow":["GET"]}}],"collection":[{"href":"https:\/\/www.impactoneducation.org\/es\/wp-json\/wp\/v2\/pages"}],"about":[{"href":"https:\/\/www.impactoneducation.org\/es\/wp-json\/wp\/v2\/types\/page"}],"author":[{"embeddable":true,"href":"https:\/\/www.impactoneducation.org\/es\/wp-json\/wp\/v2\/users\/3"}],"replies":[{"embeddable":true,"href":"https:\/\/www.impactoneducation.org\/es\/wp-json\/wp\/v2\/comments?post=11323"}],"version-history":[{"count":3,"href":"https:\/\/www.impactoneducation.org\/es\/wp-json\/wp\/v2\/pages\/11323\/revisions"}],"predecessor-version":[{"id":11655,"href":"https:\/\/www.impactoneducation.org\/es\/wp-json\/wp\/v2\/pages\/11323\/revisions\/11655"}],"up":[{"embeddable":true,"href":"https:\/\/www.impactoneducation.org\/es\/wp-json\/wp\/v2\/pages\/5261"}],"wp:attachment":[{"href":"https:\/\/www.impactoneducation.org\/es\/wp-json\/wp\/v2\/media?parent=11323"}],"curies":[{"name":"gracias","href":"https:\/\/api.w.org\/{rel}","templated":true}]}}