{"id":11656,"date":"2025-02-10T23:26:32","date_gmt":"2025-02-10T23:26:32","guid":{"rendered":"https:\/\/www.impactoneducation.org\/?page_id=11656"},"modified":"2025-02-11T15:58:58","modified_gmt":"2025-02-11T15:58:58","slug":"press-release-impact-on-education-awarded-8000-to-support-broomfield-students-this-year","status":"publish","type":"page","link":"https:\/\/www.impactoneducation.org\/es\/press\/press-release-impact-on-education-awarded-8000-to-support-broomfield-students-this-year\/","title":{"rendered":"Nota de prensa: Impact on Education recibi\u00f3 $8,000 para apoyar a los estudiantes de Broomfield este a\u00f1o"},"content":{"rendered":"<div id=\"block_3d461bec4dc5576be1c03267a71b2684\" class=\"page-header  full-width\">\r\n\r\n  <div class=\"page-header-title\">\r\n    <h1>Impact on Education recibi\u00f3 $8,000 para apoyar a los estudiantes de Broomfield este a\u00f1o<\/h1>\r\n  <\/div>\r\n\r\n  <div class=\"page-header-image\"><\/div>\r\n\r\n<\/div>\r\n\n\n\n<div class=\"wp-block-columns is-layout-flex wp-container-core-columns-is-layout-9d6595d7 wp-block-columns-is-layout-flex\">\n<div class=\"wp-block-column is-layout-flow wp-block-column-is-layout-flow\" style=\"flex-basis:10%\"><\/div>\n\n\n\n<div class=\"wp-block-column is-layout-flow wp-block-column-is-layout-flow\" style=\"flex-basis:80%\">\n<div style=\"height:25px\" aria-hidden=\"true\" class=\"wp-block-spacer\"><\/div>\n\n\n\n<p>PARA PUBLICACI\u00d3N INMEDIATA<br>Contacto<br>Avery Artman<br>(f) 303.524.3865<br>(mi) <a href=\"mailto:avery@impactoneducation.org\">avery@impactoneducation.org<\/a><\/p>\n\n\n\n<div style=\"height:25px\" aria-hidden=\"true\" class=\"wp-block-spacer\"><\/div>\n\n\n\n<h2 class=\"wp-block-heading has-text-align-center\"><strong>Impact on Education recibi\u00f3 $8,000 para apoyar a los estudiantes de Broomfield este a\u00f1o<\/strong><\/h2>\n\n\n\n<div style=\"height:25px\" aria-hidden=\"true\" class=\"wp-block-spacer\"><\/div>\n\n\n\n<p>LOUISVILLE, Colorado (10 de febrero de 2025) \u2014 La Fundaci\u00f3n Comunitaria Broomfield otorg\u00f3 a Impact on Education $8,000 para apoyar a los estudiantes locales. Estos fondos se utilizar\u00e1n para comprar \u00fatiles escolares y ampliar el acceso a recursos de salud mental, capacitaci\u00f3n para la preparaci\u00f3n universitaria y profesional y educaci\u00f3n temprana, llegando a un m\u00e1ximo de 3,795 ni\u00f1os de escuelas p\u00fablicas en seis escuelas.<\/p>\n\n\n\n<p>La fundaci\u00f3n ha invertido m\u00e1s de $35,000 en Impacto en la Educaci\u00f3n en los \u00faltimos 14 a\u00f1os.&nbsp;<\/p>\n\n\n\n<p>\u201cEsta subvenci\u00f3n nos permite abordar las desigualdades en Broomfield e invertir en el \u00e9xito de todos los estudiantes, garantizando que cada ni\u00f1o tenga acceso a las oportunidades que merecen\u201d, dice Allison Billings, directora ejecutiva de Impact on Education.<\/p>\n\n\n\n<p>Con estas subvenciones, Impact on Education distribuy\u00f3 los \u00fatiles escolares necesarios a 541 estudiantes de Broomfield el a\u00f1o pasado a trav\u00e9s de la iniciativa Crayons to Calculators. Este programa ayuda a los estudiantes que atraviesan dificultades econ\u00f3micas a venir preparados a la escuela. Los ni\u00f1os reciben \u00fatiles acad\u00e9micos adecuados a su edad, auriculares y una mochila nueva.<\/p>\n\n\n\n<p>Impact on Education tambi\u00e9n aument\u00f3 su inversi\u00f3n en los estudiantes m\u00e1s all\u00e1 de sus necesidades acad\u00e9micas inmediatas. Financiaron a 10 profesionales de la salud mental en todo el Distrito Escolar del Valle de Boulder, lo que les dio a miles de ni\u00f1os de Broomfield acceso a recursos cr\u00edticos de salud mental durante la jornada escolar. Adem\u00e1s, ampliaron su Career Readiness Academy, ayudando a los ni\u00f1os, especialmente a aquellos que son de primera generaci\u00f3n o provienen de familias de bajos ingresos, a prepararse para su futuro. Los estudiantes adquieren habilidades para redactar curr\u00edculums, realizar entrevistas y planificar su carrera profesional. La academia es parte del marco Grad Plus, una iniciativa m\u00e1s amplia del Distrito Escolar del Valle de Boulder para equipar a los estudiantes con las habilidades que necesitan para tener \u00e9xito en la educaci\u00f3n superior y la fuerza laboral.<\/p>\n\n\n\n<p>\u201cMe encant\u00f3 que Career Readiness Academy haya generado amistades para algunos estudiantes que sent\u00eda que necesitaban conexiones sociales\u201d, dice Jane Schissel, una educadora jubilada del Distrito Escolar del Valle de Boulder. \u201cProporcion\u00f3 una oportunidad social y educativa que fue muy bien recibida por los estudiantes. Me impresion\u00f3 mucho el programa\u201d.<\/p>\n\n\n\n<p>Incluso los estudiantes m\u00e1s j\u00f3venes de Broomfield est\u00e1n comenzando su educaci\u00f3n con el pie derecho, gracias, en parte, a este premio. El verano pasado, 60 alumnos de jard\u00edn de infantes de Broomfield participaron en la iniciativa Kinder Bridge de Impact on Education, casi tres veces m\u00e1s que el a\u00f1o anterior. Este programa de cuatro semanas ense\u00f1a a los ni\u00f1os que no han asistido al preescolar o que necesitan ayuda adicional las habilidades sociales, emocionales y de funcionamiento ejecutivo que necesitan para estar listos para su primer a\u00f1o de escuela.&nbsp;<\/p>\n\n\n\n<p>Con el premio de este a\u00f1o, Impact on Education espera hacer crecer sus programas para atender a m\u00e1s estudiantes del Distrito Escolar del Valle de Boulder, enfoc\u00e1ndose en la equidad y cerrando las brechas de oportunidades en la educaci\u00f3n.<\/p>\n\n\n\n<p class=\"has-text-align-center\">###<\/p>\n\n\n\n<p><strong>SOBRE EL IMPACTO EN LA EDUCACI\u00d3N<\/strong><\/p>\n\n\n\n<p>Impact on Education es una organizaci\u00f3n sin fines de lucro que apoya a 28 000 estudiantes y 4000 educadores en el Distrito Escolar del Valle de Boulder. Desde 1983, brindamos fondos y recursos complementarios a estudiantes y educadores para expandir las posibilidades de la educaci\u00f3n.<\/p>\n\n\n\n<p><a href=\"http:\/\/www.impactoneducation.org\/es\/\">www.impactoneeducation.org<\/a><\/p>\n\n\n\n<p><strong>ACERCA DEL DISTRITO ESCOLAR DEL VALLE DE BOULDER<\/strong><\/p>\n\n\n\n<p class=\"has-text-align-left\">El Distrito Escolar del Valle de Boulder, que atiende a 28,000 estudiantes en m\u00e1s de 500 millas cuadradas a lo largo de las estribaciones de las Monta\u00f1as Rocosas, se destaca como l\u00edder en excelencia acad\u00e9mica con maestros sobresalientes, escuelas ejemplares y programas que apoyan el rendimiento estudiantil.<\/p>\n<\/div>\n\n\n\n<div class=\"wp-block-column is-layout-flow wp-block-column-is-layout-flow\" style=\"flex-basis:10%\"><\/div>\n<\/div>","protected":false},"excerpt":{"rendered":"<p>PARA PUBLICACI\u00d3N INMEDIATAContactoAvery Artman(p) 303.524.3865(e) avery@impactoneducation.org Impact on Education otorg\u00f3 $8,000 para apoyar a los estudiantes de Broomfield este a\u00f1o LOUISVILLE, Colorado (febrero de 2018)<\/p>","protected":false},"author":8,"featured_media":0,"parent":5261,"menu_order":0,"comment_status":"closed","ping_status":"closed","template":"","meta":{"_acf_changed":false,"_monsterinsights_skip_tracking":false,"_monsterinsights_sitenote_active":false,"_monsterinsights_sitenote_note":"","_monsterinsights_sitenote_category":0,"footnotes":""},"class_list":["post-11656","page","type-page","status-publish","hentry"],"acf":[],"yoast_head":"<!-- This site is optimized with the Yoast SEO plugin v27.1.1 - https:\/\/yoast.com\/product\/yoast-seo-wordpress\/ -->\n<title>Impact on Education awarded $8,000 to support Broomfield students<\/title>\n<meta name=\"description\" content=\"The Broomfield Community Foundation awarded Impact on Education $8,000 to support local students. These funds will be used to purchase school supplies and expand access to mental health resources, college and career readiness training, and early education, reaching up to 3,795 public school kids across six schools.\" \/>\n<meta name=\"robots\" content=\"index, follow, max-snippet:-1, max-image-preview:large, max-video-preview:-1\" \/>\n<link rel=\"canonical\" href=\"https:\/\/www.impactoneducation.org\/es\/press\/press-release-impact-on-education-awarded-8000-to-support-broomfield-students-this-year\/\" \/>\n<meta property=\"og:locale\" content=\"es_MX\" \/>\n<meta property=\"og:type\" content=\"article\" \/>\n<meta property=\"og:title\" content=\"Impact on Education awarded $8,000 to support Broomfield students\" \/>\n<meta property=\"og:description\" content=\"The Broomfield Community Foundation awarded Impact on Education $8,000 to support local students. These funds will be used to purchase school supplies and expand access to mental health resources, college and career readiness training, and early education, reaching up to 3,795 public school kids across six schools.\" \/>\n<meta property=\"og:url\" content=\"https:\/\/www.impactoneducation.org\/es\/press\/press-release-impact-on-education-awarded-8000-to-support-broomfield-students-this-year\/\" \/>\n<meta property=\"og:site_name\" content=\"Impact on Education\" \/>\n<meta property=\"article:publisher\" content=\"https:\/\/www.facebook.com\/ImpactonEducation\" \/>\n<meta property=\"article:modified_time\" content=\"2025-02-11T15:58:58+00:00\" \/>\n<meta name=\"twitter:card\" content=\"summary_large_image\" \/>\n<meta name=\"twitter:site\" content=\"@ImpactOnEd\" \/>\n<meta name=\"twitter:label1\" content=\"Tiempo de lectura\" \/>\n\t<meta name=\"twitter:data1\" content=\"3 minutos\" \/>\n<script type=\"application\/ld+json\" class=\"yoast-schema-graph\">{\"@context\":\"https:\/\/schema.org\",\"@graph\":[{\"@type\":\"WebPage\",\"@id\":\"https:\/\/www.impactoneducation.org\/press\/press-release-impact-on-education-awarded-8000-to-support-broomfield-students-this-year\/\",\"url\":\"https:\/\/www.impactoneducation.org\/press\/press-release-impact-on-education-awarded-8000-to-support-broomfield-students-this-year\/\",\"name\":\"Impact on Education awarded $8,000 to support Broomfield students\",\"isPartOf\":{\"@id\":\"https:\/\/www.impactoneducation.org\/#website\"},\"datePublished\":\"2025-02-10T23:26:32+00:00\",\"dateModified\":\"2025-02-11T15:58:58+00:00\",\"description\":\"The Broomfield Community Foundation awarded Impact on Education $8,000 to support local students. These funds will be used to purchase school supplies and expand access to mental health resources, college and career readiness training, and early education, reaching up to 3,795 public school kids across six schools.\",\"breadcrumb\":{\"@id\":\"https:\/\/www.impactoneducation.org\/press\/press-release-impact-on-education-awarded-8000-to-support-broomfield-students-this-year\/#breadcrumb\"},\"inLanguage\":\"es\",\"potentialAction\":[{\"@type\":\"ReadAction\",\"target\":[\"https:\/\/www.impactoneducation.org\/press\/press-release-impact-on-education-awarded-8000-to-support-broomfield-students-this-year\/\"]}]},{\"@type\":\"BreadcrumbList\",\"@id\":\"https:\/\/www.impactoneducation.org\/press\/press-release-impact-on-education-awarded-8000-to-support-broomfield-students-this-year\/#breadcrumb\",\"itemListElement\":[{\"@type\":\"ListItem\",\"position\":1,\"name\":\"Home\",\"item\":\"https:\/\/www.impactoneducation.org\/\"},{\"@type\":\"ListItem\",\"position\":2,\"name\":\"Press Materials\",\"item\":\"https:\/\/www.impactoneducation.org\/press\/\"},{\"@type\":\"ListItem\",\"position\":3,\"name\":\"Press Release: Impact on Education awarded $8,000 to support Broomfield students this year\"}]},{\"@type\":\"WebSite\",\"@id\":\"https:\/\/www.impactoneducation.org\/#website\",\"url\":\"https:\/\/www.impactoneducation.org\/\",\"name\":\"Impact on Education\",\"description\":\"Foundation for Boulder Valley Schools\",\"publisher\":{\"@id\":\"https:\/\/www.impactoneducation.org\/#organization\"},\"potentialAction\":[{\"@type\":\"SearchAction\",\"target\":{\"@type\":\"EntryPoint\",\"urlTemplate\":\"https:\/\/www.impactoneducation.org\/?s={search_term_string}\"},\"query-input\":{\"@type\":\"PropertyValueSpecification\",\"valueRequired\":true,\"valueName\":\"search_term_string\"}}],\"inLanguage\":\"es\"},{\"@type\":\"Organization\",\"@id\":\"https:\/\/www.impactoneducation.org\/#organization\",\"name\":\"Impact on Education\",\"url\":\"https:\/\/www.impactoneducation.org\/\",\"logo\":{\"@type\":\"ImageObject\",\"inLanguage\":\"es\",\"@id\":\"https:\/\/www.impactoneducation.org\/#\/schema\/logo\/image\/\",\"url\":\"https:\/\/www.impactoneducation.org\/wp-content\/uploads\/2020\/09\/Impact-logo-poly.png\",\"contentUrl\":\"https:\/\/www.impactoneducation.org\/wp-content\/uploads\/2020\/09\/Impact-logo-poly.png\",\"width\":3455,\"height\":890,\"caption\":\"Impact on Education\"},\"image\":{\"@id\":\"https:\/\/www.impactoneducation.org\/#\/schema\/logo\/image\/\"},\"sameAs\":[\"https:\/\/www.facebook.com\/ImpactonEducation\",\"https:\/\/x.com\/ImpactOnEd\",\"https:\/\/www.instagram.com\/impactoneducation\/\",\"https:\/\/www.youtube.com\/channel\/UCtCaQkVhXiowqiNrIXQ1Lkw\"]}]}<\/script>\n<!-- \/ Yoast SEO plugin. -->","yoast_head_json":{"title":"Impact on Education awarded $8,000 to support Broomfield students","description":"The Broomfield Community Foundation awarded Impact on Education $8,000 to support local students. These funds will be used to purchase school supplies and expand access to mental health resources, college and career readiness training, and early education, reaching up to 3,795 public school kids across six schools.","robots":{"index":"index","follow":"follow","max-snippet":"max-snippet:-1","max-image-preview":"max-image-preview:large","max-video-preview":"max-video-preview:-1"},"canonical":"https:\/\/www.impactoneducation.org\/es\/press\/press-release-impact-on-education-awarded-8000-to-support-broomfield-students-this-year\/","og_locale":"es_MX","og_type":"article","og_title":"Impact on Education awarded $8,000 to support Broomfield students","og_description":"The Broomfield Community Foundation awarded Impact on Education $8,000 to support local students. These funds will be used to purchase school supplies and expand access to mental health resources, college and career readiness training, and early education, reaching up to 3,795 public school kids across six schools.","og_url":"https:\/\/www.impactoneducation.org\/es\/press\/press-release-impact-on-education-awarded-8000-to-support-broomfield-students-this-year\/","og_site_name":"Impact on Education","article_publisher":"https:\/\/www.facebook.com\/ImpactonEducation","article_modified_time":"2025-02-11T15:58:58+00:00","twitter_card":"summary_large_image","twitter_site":"@ImpactOnEd","twitter_misc":{"Tiempo de lectura":"3 minutos"},"schema":{"@context":"https:\/\/schema.org","@graph":[{"@type":"WebPage","@id":"https:\/\/www.impactoneducation.org\/press\/press-release-impact-on-education-awarded-8000-to-support-broomfield-students-this-year\/","url":"https:\/\/www.impactoneducation.org\/press\/press-release-impact-on-education-awarded-8000-to-support-broomfield-students-this-year\/","name":"Impact on Education awarded $8,000 to support Broomfield students","isPartOf":{"@id":"https:\/\/www.impactoneducation.org\/#website"},"datePublished":"2025-02-10T23:26:32+00:00","dateModified":"2025-02-11T15:58:58+00:00","description":"The Broomfield Community Foundation awarded Impact on Education $8,000 to support local students. These funds will be used to purchase school supplies and expand access to mental health resources, college and career readiness training, and early education, reaching up to 3,795 public school kids across six schools.","breadcrumb":{"@id":"https:\/\/www.impactoneducation.org\/press\/press-release-impact-on-education-awarded-8000-to-support-broomfield-students-this-year\/#breadcrumb"},"inLanguage":"es","potentialAction":[{"@type":"ReadAction","target":["https:\/\/www.impactoneducation.org\/press\/press-release-impact-on-education-awarded-8000-to-support-broomfield-students-this-year\/"]}]},{"@type":"BreadcrumbList","@id":"https:\/\/www.impactoneducation.org\/press\/press-release-impact-on-education-awarded-8000-to-support-broomfield-students-this-year\/#breadcrumb","itemListElement":[{"@type":"ListItem","position":1,"name":"Home","item":"https:\/\/www.impactoneducation.org\/"},{"@type":"ListItem","position":2,"name":"Press Materials","item":"https:\/\/www.impactoneducation.org\/press\/"},{"@type":"ListItem","position":3,"name":"Press Release: Impact on Education awarded $8,000 to support Broomfield students this year"}]},{"@type":"WebSite","@id":"https:\/\/www.impactoneducation.org\/#website","url":"https:\/\/www.impactoneducation.org\/","name":"Impacto en la educaci\u00f3n","description":"Fundaci\u00f3n para las Escuelas del Valle de Boulder","publisher":{"@id":"https:\/\/www.impactoneducation.org\/#organization"},"potentialAction":[{"@type":"SearchAction","target":{"@type":"EntryPoint","urlTemplate":"https:\/\/www.impactoneducation.org\/?s={search_term_string}"},"query-input":{"@type":"PropertyValueSpecification","valueRequired":true,"valueName":"search_term_string"}}],"inLanguage":"es"},{"@type":"Organization","@id":"https:\/\/www.impactoneducation.org\/#organization","name":"Impacto en la educaci\u00f3n","url":"https:\/\/www.impactoneducation.org\/","logo":{"@type":"ImageObject","inLanguage":"es","@id":"https:\/\/www.impactoneducation.org\/#\/schema\/logo\/image\/","url":"https:\/\/www.impactoneducation.org\/wp-content\/uploads\/2020\/09\/Impact-logo-poly.png","contentUrl":"https:\/\/www.impactoneducation.org\/wp-content\/uploads\/2020\/09\/Impact-logo-poly.png","width":3455,"height":890,"caption":"Impact on Education"},"image":{"@id":"https:\/\/www.impactoneducation.org\/#\/schema\/logo\/image\/"},"sameAs":["https:\/\/www.facebook.com\/ImpactonEducation","https:\/\/x.com\/ImpactOnEd","https:\/\/www.instagram.com\/impactoneducation\/","https:\/\/www.youtube.com\/channel\/UCtCaQkVhXiowqiNrIXQ1Lkw"]}]}},"_links":{"self":[{"href":"https:\/\/www.impactoneducation.org\/es\/wp-json\/wp\/v2\/pages\/11656","targetHints":{"allow":["GET"]}}],"collection":[{"href":"https:\/\/www.impactoneducation.org\/es\/wp-json\/wp\/v2\/pages"}],"about":[{"href":"https:\/\/www.impactoneducation.org\/es\/wp-json\/wp\/v2\/types\/page"}],"author":[{"embeddable":true,"href":"https:\/\/www.impactoneducation.org\/es\/wp-json\/wp\/v2\/users\/8"}],"replies":[{"embeddable":true,"href":"https:\/\/www.impactoneducation.org\/es\/wp-json\/wp\/v2\/comments?post=11656"}],"version-history":[{"count":4,"href":"https:\/\/www.impactoneducation.org\/es\/wp-json\/wp\/v2\/pages\/11656\/revisions"}],"predecessor-version":[{"id":11665,"href":"https:\/\/www.impactoneducation.org\/es\/wp-json\/wp\/v2\/pages\/11656\/revisions\/11665"}],"up":[{"embeddable":true,"href":"https:\/\/www.impactoneducation.org\/es\/wp-json\/wp\/v2\/pages\/5261"}],"wp:attachment":[{"href":"https:\/\/www.impactoneducation.org\/es\/wp-json\/wp\/v2\/media?parent=11656"}],"curies":[{"name":"gracias","href":"https:\/\/api.w.org\/{rel}","templated":true}]}}