{"id":2158,"date":"2020-12-11T22:56:52","date_gmt":"2020-12-11T22:56:52","guid":{"rendered":"https:\/\/www.impactoneducation.org\/?page_id=2158"},"modified":"2024-03-06T20:13:58","modified_gmt":"2024-03-06T20:13:58","slug":"diversity-equity-inclusion","status":"publish","type":"page","link":"https:\/\/www.impactoneducation.org\/es\/diversity-equity-inclusion\/","title":{"rendered":"Diversidad, equidad e inclusi\u00f3n"},"content":{"rendered":"<div id=\"block_9ebe4417a5dc45d9ff1c16454a46ec10\" class=\"page-header  full-width\">\r\n\r\n  <div class=\"page-header-title\">\r\n    <h1>Diversidad, equidad e inclusi\u00f3n<\/h1>\r\n  <\/div>\r\n\r\n  <div class=\"page-header-image\"><\/div>\r\n\r\n<\/div>\r\n\n\n\n<div style=\"height:65px\" aria-hidden=\"true\" class=\"wp-block-spacer\"><\/div>\n\n\n\n<div class=\"wp-block-columns is-layout-flex wp-container-core-columns-is-layout-9d6595d7 wp-block-columns-is-layout-flex\">\n<div class=\"wp-block-column is-layout-flow wp-block-column-is-layout-flow\" style=\"flex-basis:3%\"><\/div>\n\n\n\n<div class=\"wp-block-column is-layout-flow wp-block-column-is-layout-flow\" style=\"flex-basis:50%\">\n<h2 class=\"wp-block-heading fancy has-grey-color has-text-color\">NUESTRA DECLARACI\u00d3N<\/h2>\n\n\n\n<p>Impact on Education se compromete a igualar las oportunidades en la educaci\u00f3n a trav\u00e9s de l\u00edneas raciales y socioecon\u00f3micas. Entendemos lo importante que es la educaci\u00f3n para determinar el futuro de un ni\u00f1o y trabajamos todos los d\u00edas para asegurar que todos los estudiantes del Valle de Boulder tengan un camino brillante hacia adelante.<\/p>\n\n\n\n<p>Reconocemos que <a href=\"https:\/\/www.impactoneducation.org\/es\/what-we-do\/\" target=\"_blank\" rel=\"noreferrer noopener\">distribuir fondos y recursos<\/a> igualmente en todas nuestras escuelas no aborda las desigualdades subyacentes, por lo que priorizamos las causas, las escuelas y los estudiantes que enfrentan los mayores obst\u00e1culos para el \u00e9xito. Desafortunadamente, no es una coincidencia que los estudiantes y las escuelas que m\u00e1s necesitan nuestro apoyo sean las comunidades de color.<\/p>\n\n\n\n<p>Nuestro papel en la lucha contra el racismo sist\u00e9mico y las injusticias sociales es apoyar una educaci\u00f3n equitativa. Estamos <a href=\"https:\/\/www.impactoneducation.org\/es\/who-we-are\/\" target=\"_blank\" rel=\"noreferrer noopener\">comprometido con nuestra misi\u00f3n<\/a> y estamos en constante investigaci\u00f3n sobre c\u00f3mo podemos mejorar.<\/p>\n<\/div>\n\n\n\n<div class=\"wp-block-column is-layout-flow wp-block-column-is-layout-flow\" style=\"flex-basis:40%\">\n<div style=\"height:15px\" aria-hidden=\"true\" class=\"wp-block-spacer\"><\/div>\n<\/div>\n<\/div>\n\n\n\n<div class=\"wp-block-columns is-layout-flex wp-container-core-columns-is-layout-9d6595d7 wp-block-columns-is-layout-flex\">\n<div class=\"wp-block-column is-layout-flow wp-block-column-is-layout-flow\">\n<div style=\"height:30px\" aria-hidden=\"true\" class=\"wp-block-spacer\"><\/div>\n\n\n\r\n\r\n  <div id=\"block_173203c2cb30b727805446c0bbe18379\" class=\"big-picture  full-width\">\r\n\r\n    <img decoding=\"async\" class=\"desktop-image\" src=\"https:\/\/www.impactoneducation.org\/wp-content\/uploads\/2021\/09\/Website_Desktop-Images-4.png\" \/>\r\n\r\n          <img decoding=\"async\" class=\"mobile-image\" src=\"https:\/\/www.impactoneducation.org\/wp-content\/uploads\/2021\/09\/Website_Mobile-Images-3.png\" \/>\r\n    \r\n          <div class=\"big-picture-overlay\" style=\"background-color: #000000; opacity: 0;\">\r\n      <\/div>\r\n    \r\n    <div class=\"big-picture-content\" style=\"color: #ffffff;\">\r\n\r\n              <h2 style=\"color: #ffffff;\">\r\n          APOYAR LA EQUIDAD EN LAS ESCUELAS DE BOULDER VALLEY        <\/h2>\r\n      \r\n              <div class=\"copy copy-white\" style=\"color: #ffffff;\">\r\n          Su donaci\u00f3n ayuda a garantizar que los estudiantes del Distrito Escolar del Valle de Boulder tengan acceso a una educaci\u00f3n excelente y equitativa.        <\/div>\r\n      \r\n              <div class=\"cta\">\r\n          <a class=\"button button-white\" style=\"color: #ffffff; border-color: #ffffff;\" href=\"https:\/\/impactoneducation.donorsupport.co\/-\/XUKTHUDK\" target=\"_self\">Haz un regalo<\/a>\r\n        <\/div>\r\n\r\n      \r\n    <\/div>\r\n\r\n  <\/div>\r\n<\/div>\n<\/div>\n\n\n\n<div style=\"height:20px\" aria-hidden=\"true\" class=\"wp-block-spacer\"><\/div>\n\n\n\r\n<div id=\"block_d66bd6e281e7768babb548a33918202a\" class=\"news wrapper with-sidebar\">\r\n  <div class=\"content\">\r\n\r\n          <div class=\"news-sidebar\">\r\n\r\n                  <h2 class=\"fancy\">\r\n            HISTORIAS RECIENTES          <\/h2>\r\n        \r\n        \r\n        \r\n      <\/div>\r\n    \r\n    <div class=\"news-posts\">\r\n\r\n      \r\n        <!-- the loop -->\r\n                  \r\n          <div class=\"post-summary\">\r\n            <div class=\"post-image\">\r\n              <img decoding=\"async\" data-object-fit=\"cover\" data-object-position=\"center\" src=\"https:\/\/www.impactoneducation.org\/wp-content\/uploads\/2026\/03\/Web-Blog-Header-1024x512-12-1024x512.jpg\" alt=\"Board of positive affirmations\" \/>\r\n            <\/div>\r\n            <div class=\"post-content\">\r\n\r\n              <h4 class=\"post-title\">5 maneras en que los defensores de la salud mental apoyan a los estudiantes de BVSD<\/h4>\r\n              <div class=\"post-excerpt\">\r\n                <p>Ante la crisis de salud mental que azota a los adolescentes de todo el pa\u00eds, BVSD e Impact on Education se han asociado para integrar el bienestar mental y emocional en la jornada escolar. A continuaci\u00f3n, presentamos cinco maneras en que los defensores de la salud mental apoyan a los estudiantes, junto con herramientas que los cuidadores pueden usar en casa. <\/p>\n              <\/div>\r\n\r\n              <div class=\"post-read-more\">\r\n                <a class=\"button button-blue-green\" href=\"https:\/\/www.impactoneducation.org\/es\/2026\/03\/10\/5-ways-mhas-support-bvsd-students\/\">Lee mas<\/a>\r\n              <\/div>\r\n\r\n            <\/div>\r\n          <\/div>\r\n\r\n                            \r\n          <div class=\"post-summary\">\r\n            <div class=\"post-image\">\r\n              <img decoding=\"async\" data-object-fit=\"cover\" data-object-position=\"center\" src=\"https:\/\/www.impactoneducation.org\/wp-content\/uploads\/2026\/02\/Web-Blog-Header-1024x512-10-1024x512.jpg\" alt=\"group of smiling middle school students and emergency medical professional with ambulance\" \/>\r\n            <\/div>\r\n            <div class=\"post-content\">\r\n\r\n              <h4 class=\"post-title\">Exploraci\u00f3n de carreras en BVSD: C\u00f3mo los estudiantes sue\u00f1an en grande desde temprano<\/h4>\r\n              <div class=\"post-excerpt\">\r\n                <p>Con financiaci\u00f3n de Impact on Education, el programa de exploraci\u00f3n profesional \u201cDream\u201d se est\u00e1 implementando en todo el Distrito Escolar del Valle de Boulder, inspirando a j\u00f3venes desde preescolar hasta octavo grado a explorar posibilidades profesionales.<\/p>\n              <\/div>\r\n\r\n              <div class=\"post-read-more\">\r\n                <a class=\"button button-blue-green\" href=\"https:\/\/www.impactoneducation.org\/es\/2026\/02\/12\/early-career-exploration-in-bvsd\/\">Lee mas<\/a>\r\n              <\/div>\r\n\r\n            <\/div>\r\n          <\/div>\r\n\r\n                            \r\n          <div class=\"post-summary\">\r\n            <div class=\"post-image\">\r\n              <img decoding=\"async\" data-object-fit=\"cover\" data-object-position=\"center\" src=\"https:\/\/www.impactoneducation.org\/wp-content\/uploads\/2026\/01\/Website-Blog-Body-Wide-1200x600-5-1024x512.jpg\" alt=\"A volunteer mentor, Katelyn, and four BVSD students talking at a table\" \/>\r\n            <\/div>\r\n            <div class=\"post-content\">\r\n\r\n              <h4 class=\"post-title\">Esta graduada de primera generaci\u00f3n encontr\u00f3 su camino. Ahora ayuda a los estudiantes de BVSD a encontrar el suyo.<\/h4>\r\n              <div class=\"post-excerpt\">\r\n                <p>Katelyn fue la primera persona de su familia en graduarse de la preparatoria o la universidad. Ahora, como una profesional exitosa en la industria tecnol\u00f3gica, comparte sus conocimientos con los estudiantes de BVSD para ayudarlos a prepararse para el futuro. <\/p>\n              <\/div>\r\n\r\n              <div class=\"post-read-more\">\r\n                <a class=\"button button-blue-green\" href=\"https:\/\/www.impactoneducation.org\/es\/2026\/01\/20\/first-gen-grad-finds-way\/\">Lee mas<\/a>\r\n              <\/div>\r\n\r\n            <\/div>\r\n          <\/div>\r\n\r\n                            \r\n          <div class=\"post-summary\">\r\n            <div class=\"post-image\">\r\n              <img decoding=\"async\" data-object-fit=\"cover\" data-object-position=\"center\" src=\"https:\/\/www.impactoneducation.org\/wp-content\/uploads\/2025\/08\/Untitled-design-88-1024x512.jpg\" alt=\"two smiling educators sitting next to smiling student\" \/>\r\n            <\/div>\r\n            <div class=\"post-content\">\r\n\r\n              <h4 class=\"post-title\">Mira: C\u00f3mo un programa de Casey Middle genera una incre\u00edble confianza en los estudiantes<\/h4>\r\n              <div class=\"post-excerpt\">\r\n                <p>Vaya detr\u00e1s de escena de un programa extraescolar en Casey Middle School, donde los estudiantes est\u00e1n desarrollando confianza y adquiriendo habilidades matem\u00e1ticas.<\/p>\n              <\/div>\r\n\r\n              <div class=\"post-read-more\">\r\n                <a class=\"button button-blue-green\" href=\"https:\/\/www.impactoneducation.org\/es\/2025\/12\/29\/casey-program-builds-confidence\/\">Lee mas<\/a>\r\n              <\/div>\r\n\r\n            <\/div>\r\n          <\/div>\r\n\r\n                          <!-- end of the loop -->\r\n\r\n        \r\n        \r\n      \r\n    <\/div>\r\n\r\n  <\/div>\r\n<\/div>\r\n\n\n\r\n\r\n  <div id=\"block_1f35585546fa84a8460311ea7ae58759\" class=\"big-picture  full-width\">\r\n\r\n    <img decoding=\"async\" class=\"desktop-image\" src=\"https:\/\/www.impactoneducation.org\/wp-content\/uploads\/2020\/03\/longergirl1-1800x820.jpg\" \/>\r\n\r\n          <img decoding=\"async\" class=\"mobile-image\" src=\"https:\/\/www.impactoneducation.org\/wp-content\/uploads\/2020\/03\/girl_mobile-01-1024x749.jpg\" \/>\r\n    \r\n          <div class=\"big-picture-overlay\" style=\"background-color: #000000; opacity: 0;\">\r\n      <\/div>\r\n    \r\n    <div class=\"big-picture-content\" style=\"color: #ffffff;\">\r\n\r\n              <h2 style=\"color: #ffffff;\">\r\n          NUESTRA MISI\u00d3N        <\/h2>\r\n      \r\n              <div class=\"copy copy-white\" style=\"color: #ffffff;\">\r\n          Brindamos a los estudiantes de Boulder Valley oportunidades y recursos equitativos para prosperar en sus aulas, carreras y comunidades.        <\/div>\r\n      \r\n              <div class=\"cta\">\r\n          <a class=\"button button-white\" style=\"color: #ffffff; border-color: #ffffff;\" href=\"https:\/\/www.impactoneducation.org\/es\/who-we-are\/\" target=\"_blank\">SOBRE NOSOTROS<\/a>\r\n        <\/div>\r\n\r\n      \r\n    <\/div>\r\n\r\n  <\/div>","protected":false},"excerpt":{"rendered":"<p>NUESTRA DECLARACI\u00d3N Impact on Education se compromete a igualar las oportunidades en la educaci\u00f3n a trav\u00e9s de l\u00edneas raciales y socioecon\u00f3micas. Entendemos c\u00f3mo ...<\/p>","protected":false},"author":3,"featured_media":0,"parent":0,"menu_order":0,"comment_status":"closed","ping_status":"closed","template":"","meta":{"_acf_changed":false,"_monsterinsights_skip_tracking":false,"_monsterinsights_sitenote_active":false,"_monsterinsights_sitenote_note":"","_monsterinsights_sitenote_category":0,"footnotes":""},"class_list":["post-2158","page","type-page","status-publish","hentry"],"acf":[],"yoast_head":"<!-- This site is optimized with the Yoast SEO plugin v27.1.1 - https:\/\/yoast.com\/product\/yoast-seo-wordpress\/ -->\n<title>Diversity, Equity &amp; Inclusion &#8211; Impact on Education<\/title>\n<meta name=\"description\" content=\"Impact on Education is committed to equalizing opportunity for BVSD students across racial and socioeconomic lines.\" \/>\n<meta name=\"robots\" content=\"index, follow, max-snippet:-1, max-image-preview:large, max-video-preview:-1\" \/>\n<link rel=\"canonical\" href=\"https:\/\/www.impactoneducation.org\/es\/diversity-equity-inclusion\/\" \/>\n<meta property=\"og:locale\" content=\"es_MX\" \/>\n<meta property=\"og:type\" content=\"article\" \/>\n<meta property=\"og:title\" content=\"Diversity, Equity &amp; Inclusion &#8211; Impact on Education\" \/>\n<meta property=\"og:description\" content=\"Impact on Education is committed to equalizing opportunity for BVSD students across racial and socioeconomic lines.\" \/>\n<meta property=\"og:url\" content=\"https:\/\/www.impactoneducation.org\/es\/diversity-equity-inclusion\/\" \/>\n<meta property=\"og:site_name\" content=\"Impact on Education\" \/>\n<meta property=\"article:publisher\" content=\"https:\/\/www.facebook.com\/ImpactonEducation\" \/>\n<meta property=\"article:modified_time\" content=\"2024-03-06T20:13:58+00:00\" \/>\n<meta property=\"og:image\" content=\"https:\/\/www.impactoneducation.org\/wp-content\/uploads\/2022\/11\/Untitled-design-1.jpg\" \/>\n\t<meta property=\"og:image:width\" content=\"926\" \/>\n\t<meta property=\"og:image:height\" content=\"525\" \/>\n\t<meta property=\"og:image:type\" content=\"image\/jpeg\" \/>\n<meta name=\"twitter:card\" content=\"summary_large_image\" \/>\n<meta name=\"twitter:image\" content=\"https:\/\/www.impactoneducation.org\/wp-content\/uploads\/2022\/11\/Website_Mobile-Images-2.jpg\" \/>\n<meta name=\"twitter:site\" content=\"@ImpactOnEd\" \/>\n<meta name=\"twitter:label1\" content=\"Tiempo de lectura\" \/>\n\t<meta name=\"twitter:data1\" content=\"1 minuto\" \/>\n<script type=\"application\/ld+json\" class=\"yoast-schema-graph\">{\"@context\":\"https:\/\/schema.org\",\"@graph\":[{\"@type\":\"WebPage\",\"@id\":\"https:\/\/www.impactoneducation.org\/diversity-equity-inclusion\/\",\"url\":\"https:\/\/www.impactoneducation.org\/diversity-equity-inclusion\/\",\"name\":\"Diversity, Equity & Inclusion &#8211; Impact on Education\",\"isPartOf\":{\"@id\":\"https:\/\/www.impactoneducation.org\/#website\"},\"datePublished\":\"2020-12-11T22:56:52+00:00\",\"dateModified\":\"2024-03-06T20:13:58+00:00\",\"description\":\"Impact on Education is committed to equalizing opportunity for BVSD students across racial and socioeconomic lines.\",\"breadcrumb\":{\"@id\":\"https:\/\/www.impactoneducation.org\/diversity-equity-inclusion\/#breadcrumb\"},\"inLanguage\":\"es\",\"potentialAction\":[{\"@type\":\"ReadAction\",\"target\":[\"https:\/\/www.impactoneducation.org\/diversity-equity-inclusion\/\"]}]},{\"@type\":\"BreadcrumbList\",\"@id\":\"https:\/\/www.impactoneducation.org\/diversity-equity-inclusion\/#breadcrumb\",\"itemListElement\":[{\"@type\":\"ListItem\",\"position\":1,\"name\":\"Home\",\"item\":\"https:\/\/www.impactoneducation.org\/\"},{\"@type\":\"ListItem\",\"position\":2,\"name\":\"Diversity, Equity &#038; Inclusion\"}]},{\"@type\":\"WebSite\",\"@id\":\"https:\/\/www.impactoneducation.org\/#website\",\"url\":\"https:\/\/www.impactoneducation.org\/\",\"name\":\"Impact on Education\",\"description\":\"Foundation for Boulder Valley Schools\",\"publisher\":{\"@id\":\"https:\/\/www.impactoneducation.org\/#organization\"},\"potentialAction\":[{\"@type\":\"SearchAction\",\"target\":{\"@type\":\"EntryPoint\",\"urlTemplate\":\"https:\/\/www.impactoneducation.org\/?s={search_term_string}\"},\"query-input\":{\"@type\":\"PropertyValueSpecification\",\"valueRequired\":true,\"valueName\":\"search_term_string\"}}],\"inLanguage\":\"es\"},{\"@type\":\"Organization\",\"@id\":\"https:\/\/www.impactoneducation.org\/#organization\",\"name\":\"Impact on Education\",\"url\":\"https:\/\/www.impactoneducation.org\/\",\"logo\":{\"@type\":\"ImageObject\",\"inLanguage\":\"es\",\"@id\":\"https:\/\/www.impactoneducation.org\/#\/schema\/logo\/image\/\",\"url\":\"https:\/\/www.impactoneducation.org\/wp-content\/uploads\/2020\/09\/Impact-logo-poly.png\",\"contentUrl\":\"https:\/\/www.impactoneducation.org\/wp-content\/uploads\/2020\/09\/Impact-logo-poly.png\",\"width\":3455,\"height\":890,\"caption\":\"Impact on Education\"},\"image\":{\"@id\":\"https:\/\/www.impactoneducation.org\/#\/schema\/logo\/image\/\"},\"sameAs\":[\"https:\/\/www.facebook.com\/ImpactonEducation\",\"https:\/\/x.com\/ImpactOnEd\",\"https:\/\/www.instagram.com\/impactoneducation\/\",\"https:\/\/www.youtube.com\/channel\/UCtCaQkVhXiowqiNrIXQ1Lkw\"]}]}<\/script>\n<!-- \/ Yoast SEO plugin. -->","yoast_head_json":{"title":"Diversidad, equidad e inclusi\u00f3n: impacto en la educaci\u00f3n","description":"Impact on Education est\u00e1 comprometido a igualar las oportunidades para los estudiantes de BVSD a trav\u00e9s de l\u00edneas raciales y socioecon\u00f3micas.","robots":{"index":"index","follow":"follow","max-snippet":"max-snippet:-1","max-image-preview":"max-image-preview:large","max-video-preview":"max-video-preview:-1"},"canonical":"https:\/\/www.impactoneducation.org\/es\/diversity-equity-inclusion\/","og_locale":"es_MX","og_type":"article","og_title":"Diversity, Equity & Inclusion &#8211; Impact on Education","og_description":"Impact on Education is committed to equalizing opportunity for BVSD students across racial and socioeconomic lines.","og_url":"https:\/\/www.impactoneducation.org\/es\/diversity-equity-inclusion\/","og_site_name":"Impact on Education","article_publisher":"https:\/\/www.facebook.com\/ImpactonEducation","article_modified_time":"2024-03-06T20:13:58+00:00","og_image":[{"width":926,"height":525,"url":"https:\/\/www.impactoneducation.org\/wp-content\/uploads\/2022\/11\/Untitled-design-1.jpg","type":"image\/jpeg"}],"twitter_card":"summary_large_image","twitter_image":"https:\/\/www.impactoneducation.org\/wp-content\/uploads\/2022\/11\/Website_Mobile-Images-2.jpg","twitter_site":"@ImpactOnEd","twitter_misc":{"Tiempo de lectura":"1 minuto"},"schema":{"@context":"https:\/\/schema.org","@graph":[{"@type":"WebPage","@id":"https:\/\/www.impactoneducation.org\/diversity-equity-inclusion\/","url":"https:\/\/www.impactoneducation.org\/diversity-equity-inclusion\/","name":"Diversidad, equidad e inclusi\u00f3n: impacto en la educaci\u00f3n","isPartOf":{"@id":"https:\/\/www.impactoneducation.org\/#website"},"datePublished":"2020-12-11T22:56:52+00:00","dateModified":"2024-03-06T20:13:58+00:00","description":"Impact on Education est\u00e1 comprometido a igualar las oportunidades para los estudiantes de BVSD a trav\u00e9s de l\u00edneas raciales y socioecon\u00f3micas.","breadcrumb":{"@id":"https:\/\/www.impactoneducation.org\/diversity-equity-inclusion\/#breadcrumb"},"inLanguage":"es","potentialAction":[{"@type":"ReadAction","target":["https:\/\/www.impactoneducation.org\/diversity-equity-inclusion\/"]}]},{"@type":"BreadcrumbList","@id":"https:\/\/www.impactoneducation.org\/diversity-equity-inclusion\/#breadcrumb","itemListElement":[{"@type":"ListItem","position":1,"name":"Home","item":"https:\/\/www.impactoneducation.org\/"},{"@type":"ListItem","position":2,"name":"Diversity, Equity &#038; Inclusion"}]},{"@type":"WebSite","@id":"https:\/\/www.impactoneducation.org\/#website","url":"https:\/\/www.impactoneducation.org\/","name":"Impacto en la educaci\u00f3n","description":"Fundaci\u00f3n para las Escuelas del Valle de Boulder","publisher":{"@id":"https:\/\/www.impactoneducation.org\/#organization"},"potentialAction":[{"@type":"SearchAction","target":{"@type":"EntryPoint","urlTemplate":"https:\/\/www.impactoneducation.org\/?s={search_term_string}"},"query-input":{"@type":"PropertyValueSpecification","valueRequired":true,"valueName":"search_term_string"}}],"inLanguage":"es"},{"@type":"Organization","@id":"https:\/\/www.impactoneducation.org\/#organization","name":"Impacto en la educaci\u00f3n","url":"https:\/\/www.impactoneducation.org\/","logo":{"@type":"ImageObject","inLanguage":"es","@id":"https:\/\/www.impactoneducation.org\/#\/schema\/logo\/image\/","url":"https:\/\/www.impactoneducation.org\/wp-content\/uploads\/2020\/09\/Impact-logo-poly.png","contentUrl":"https:\/\/www.impactoneducation.org\/wp-content\/uploads\/2020\/09\/Impact-logo-poly.png","width":3455,"height":890,"caption":"Impact on Education"},"image":{"@id":"https:\/\/www.impactoneducation.org\/#\/schema\/logo\/image\/"},"sameAs":["https:\/\/www.facebook.com\/ImpactonEducation","https:\/\/x.com\/ImpactOnEd","https:\/\/www.instagram.com\/impactoneducation\/","https:\/\/www.youtube.com\/channel\/UCtCaQkVhXiowqiNrIXQ1Lkw"]}]}},"_links":{"self":[{"href":"https:\/\/www.impactoneducation.org\/es\/wp-json\/wp\/v2\/pages\/2158","targetHints":{"allow":["GET"]}}],"collection":[{"href":"https:\/\/www.impactoneducation.org\/es\/wp-json\/wp\/v2\/pages"}],"about":[{"href":"https:\/\/www.impactoneducation.org\/es\/wp-json\/wp\/v2\/types\/page"}],"author":[{"embeddable":true,"href":"https:\/\/www.impactoneducation.org\/es\/wp-json\/wp\/v2\/users\/3"}],"replies":[{"embeddable":true,"href":"https:\/\/www.impactoneducation.org\/es\/wp-json\/wp\/v2\/comments?post=2158"}],"version-history":[{"count":51,"href":"https:\/\/www.impactoneducation.org\/es\/wp-json\/wp\/v2\/pages\/2158\/revisions"}],"predecessor-version":[{"id":10418,"href":"https:\/\/www.impactoneducation.org\/es\/wp-json\/wp\/v2\/pages\/2158\/revisions\/10418"}],"wp:attachment":[{"href":"https:\/\/www.impactoneducation.org\/es\/wp-json\/wp\/v2\/media?parent=2158"}],"curies":[{"name":"gracias","href":"https:\/\/api.w.org\/{rel}","templated":true}]}}