{"id":2563,"date":"2021-02-12T18:43:01","date_gmt":"2021-02-12T18:43:01","guid":{"rendered":"https:\/\/www.impactoneducation.org\/?page_id=2563"},"modified":"2024-03-06T19:55:31","modified_gmt":"2024-03-06T19:55:31","slug":"compass-club","status":"publish","type":"page","link":"https:\/\/www.impactoneducation.org\/es\/ways-to-give\/compass-club\/","title":{"rendered":"Club de la br\u00fajula"},"content":{"rendered":"<div id=\"block_22620574b3ab671687f689ff9a22f6db\" class=\"page-header  full-width\">\r\n\r\n  <div class=\"page-header-title\">\r\n    <h1>Ayudar a los estudiantes a encontrar su camino hacia la educaci\u00f3n.<\/h1>\r\n  <\/div>\r\n\r\n  <div class=\"page-header-image\"><\/div>\r\n\r\n<\/div>\r\n\n\n\n<div style=\"height:41px\" aria-hidden=\"true\" class=\"wp-block-spacer\"><\/div>\n\n\n\n<div class=\"wp-block-columns is-layout-flex wp-container-core-columns-is-layout-9d6595d7 wp-block-columns-is-layout-flex\">\n<div class=\"wp-block-column is-layout-flow wp-block-column-is-layout-flow\" style=\"flex-basis:5%\"><\/div>\n\n\n\n<div class=\"wp-block-column is-layout-flow wp-block-column-is-layout-flow\" style=\"flex-basis:70%\">\n<h1 class=\"wp-block-heading has-text-align-center fancy\"><strong>Donaciones mensuales<\/strong><\/h1>\n\n\n\n<p>Elegir convertirse en patrocinador mensual de Impacto en la Educaci\u00f3n es una forma simple pero poderosa de marcar la diferencia.<\/p>\n\n\n\n<p>Al unirse al Compass Club \u2013 <a href=\"https:\/\/www.impactoneducation.org\/es\/compass-club\/\">nuestro programa de donaciones mensuales<\/a> \u2013 ser\u00e1s parte de una comunidad de personas con ideas afines y apasionadas por apoyar a los estudiantes locales como t\u00fa. Juntos, sus donaciones recurrentes crean una fuente de financiamiento significativa y confiable que impulsa la educaci\u00f3n p\u00fablica.<\/p>\n<\/div>\n\n\n\n<div class=\"wp-block-column is-layout-flow wp-block-column-is-layout-flow\" style=\"flex-basis:5%\"><\/div>\n<\/div>\n\n\n\n<div class=\"wp-block-columns is-layout-flex wp-container-core-columns-is-layout-9d6595d7 wp-block-columns-is-layout-flex\">\n<div class=\"wp-block-column is-layout-flow wp-block-column-is-layout-flow\" style=\"flex-basis:5%\"><\/div>\n\n\n\n<div class=\"wp-block-column is-layout-flow wp-block-column-is-layout-flow\" style=\"flex-basis:30%\">\n<a href=\"#XRGUKXHG\" style=\"display: none\"><\/a>\n<\/div>\n\n\n\n<div class=\"wp-block-column is-layout-flow wp-block-column-is-layout-flow\" style=\"flex-basis:60%\">\n<h2 class=\"wp-block-heading\">Beneficios de la donaci\u00f3n mensual<\/h2>\n\n\n\n<ul class=\"wp-block-list\">\n<li>Ser parte de una comunidad que valora la equidad y la educaci\u00f3n p\u00fablica<\/li>\n\n\n\n<li>Su soporte anual contin\u00faa mensualmente (\u00a1no es necesario renovarlo!)<\/li>\n\n\n\n<li>Contribuir una cantidad fija cada mes es m\u00e1s f\u00e1cil para su presupuesto<\/li>\n\n\n\n<li>Puede cambiar o cancelar su membres\u00eda en cualquier momento poni\u00e9ndose en contacto con <a href=\"mailto:info@impactoneducation.org\" target=\"_blank\" rel=\"noreferrer noopener\">info@impactoneducation.org<\/a>.<\/li>\n<\/ul>\n\n\n\n<blockquote class=\"wp-block-quote is-layout-flow wp-block-quote-is-layout-flow\">\n<p>Puede ayudar a los estudiantes a encontrar su camino hacia la educaci\u00f3n.<\/p>\n<\/blockquote>\n\n\n\n<div style=\"height:8px\" aria-hidden=\"true\" class=\"wp-block-spacer\"><\/div>\n\n\n\n<div class=\"wp-block-columns is-layout-flex wp-container-core-columns-is-layout-9d6595d7 wp-block-columns-is-layout-flex\">\n<div class=\"wp-block-column is-layout-flow wp-block-column-is-layout-flow\" style=\"flex-basis:15%\">\n<figure class=\"wp-block-image size-full\"><img loading=\"lazy\" decoding=\"async\" width=\"96\" height=\"96\" src=\"https:\/\/www.impactoneducation.org\/wp-content\/uploads\/2022\/11\/iconmonstr-christmas-42-96.png\" alt=\"\" class=\"wp-image-7460\" srcset=\"https:\/\/www.impactoneducation.org\/wp-content\/uploads\/2022\/11\/iconmonstr-christmas-42-96.png 96w, https:\/\/www.impactoneducation.org\/wp-content\/uploads\/2022\/11\/iconmonstr-christmas-42-96-12x12.png 12w\" sizes=\"auto, (max-width: 96px) 100vw, 96px\" \/><\/figure>\n<\/div>\n\n\n\n<div class=\"wp-block-column is-layout-flow wp-block-column-is-layout-flow\" style=\"flex-basis:66.66%\">\n<h2 class=\"wp-block-heading\">regalo de agradecimiento<\/h2>\n\n\n\n<p>Cada nuevo miembro de Compass Club recibir\u00e1 una bolsa de mano Impact on Education por correo.<\/p>\n<\/div>\n<\/div>\n<\/div>\n\n\n\n<div class=\"wp-block-column is-layout-flow wp-block-column-is-layout-flow\" style=\"flex-basis:5%\"><\/div>\n<\/div>\n\n\n\n<div class=\"wp-block-group\"><div class=\"wp-block-group__inner-container is-layout-constrained wp-block-group-is-layout-constrained\">\n<p class=\"has-text-align-center has-light-green-background-color has-background has-medium-font-size\"><strong>Dar con confianza<\/strong> \u2014 Impact on Education recibe altas calificaciones de Candid y Charity Navigator.<\/p>\n\n\n\n<div class=\"wp-block-columns is-layout-flex wp-container-core-columns-is-layout-9d6595d7 wp-block-columns-is-layout-flex\">\n<div class=\"wp-block-column is-layout-flow wp-block-column-is-layout-flow\" style=\"flex-basis:20px\"><\/div>\n\n\n\n<div class=\"wp-block-column is-layout-flow wp-block-column-is-layout-flow\">\n<a href=\"https:\/\/www.guidestar.org\/profile\/84-0943046\" target=\"_blank\" rel=\"noopener\"><\/a><p style=\"text-align:center;\"><a href=\"https:\/\/www.guidestar.org\/profile\/84-0943046\" target=\"_blank\" rel=\"noopener\"><img decoding=\"async\" src=\"https:\/\/widgets.guidestar.org\/gximage2?o=8250091&amp;l=v4\" width=\"150\" align=\"right\"><\/a><\/p>\n<\/div>\n\n\n\n<div class=\"wp-block-column is-layout-flow wp-block-column-is-layout-flow\">\n<div style=\"height:13px\" aria-hidden=\"true\" class=\"wp-block-spacer\"><\/div>\n\n\n\n<figure class=\"wp-block-image size-medium is-resized\"><a href=\"https:\/\/www.charitynavigator.org\/ein\/840943046\" target=\"_blank\" rel=\"noreferrer noopener\"><img loading=\"lazy\" decoding=\"async\" width=\"300\" height=\"300\" src=\"https:\/\/www.impactoneducation.org\/wp-content\/uploads\/2023\/10\/Four-Star-Rating-Badge-Full-Color-300x300.png\" alt=\"\" class=\"wp-image-9863\" style=\"width:150px\" srcset=\"https:\/\/www.impactoneducation.org\/wp-content\/uploads\/2023\/10\/Four-Star-Rating-Badge-Full-Color-300x300.png 300w, https:\/\/www.impactoneducation.org\/wp-content\/uploads\/2023\/10\/Four-Star-Rating-Badge-Full-Color-1024x1024.png 1024w, https:\/\/www.impactoneducation.org\/wp-content\/uploads\/2023\/10\/Four-Star-Rating-Badge-Full-Color-150x150.png 150w, https:\/\/www.impactoneducation.org\/wp-content\/uploads\/2023\/10\/Four-Star-Rating-Badge-Full-Color-768x768.png 768w, https:\/\/www.impactoneducation.org\/wp-content\/uploads\/2023\/10\/Four-Star-Rating-Badge-Full-Color-1536x1536.png 1536w, https:\/\/www.impactoneducation.org\/wp-content\/uploads\/2023\/10\/Four-Star-Rating-Badge-Full-Color-12x12.png 12w, https:\/\/www.impactoneducation.org\/wp-content\/uploads\/2023\/10\/Four-Star-Rating-Badge-Full-Color-1800x1800.png 1800w, https:\/\/www.impactoneducation.org\/wp-content\/uploads\/2023\/10\/Four-Star-Rating-Badge-Full-Color.png 2000w\" sizes=\"auto, (max-width: 300px) 100vw, 300px\" \/><\/a><\/figure>\n<\/div>\n\n\n\n<div class=\"wp-block-column is-layout-flow wp-block-column-is-layout-flow\" style=\"flex-basis:20px\"><\/div>\n<\/div>\n<\/div><\/div>\n\n\n\r\n\r\n  <div id=\"block_1810864405b870114bf027a78fd7b741\" class=\"big-picture  full-width\">\r\n\r\n    <img decoding=\"async\" class=\"desktop-image\" src=\"https:\/\/www.impactoneducation.org\/wp-content\/uploads\/2022\/08\/Website_Desktop-Images-1-1.jpg\" \/>\r\n\r\n          <img decoding=\"async\" class=\"mobile-image\" src=\"https:\/\/www.impactoneducation.org\/wp-content\/uploads\/2022\/08\/Website_Mobile-Images-1-1.jpg\" \/>\r\n    \r\n          <div class=\"big-picture-overlay\" style=\"background-color: #000000; opacity: 0;\">\r\n      <\/div>\r\n    \r\n    <div class=\"big-picture-content\" style=\"color: #ffffff;\">\r\n\r\n              <h2 style=\"color: #ffffff;\">\r\n          NUESTRO TRABAJO        <\/h2>\r\n      \r\n              <div class=\"copy copy-white\" style=\"color: #ffffff;\">\r\n          Desde 1983, hemos proporcionado fondos y recursos suplementarios a estudiantes y educadores para ampliar lo que es posible en educaci\u00f3n. Nuestros programas e inversiones ayudan a garantizar que los estudiantes que enfrentan las mayores barreras para el \u00e9xito tengan acceso a las mismas oportunidades de aprendizaje que sus compa\u00f1eros.        <\/div>\r\n      \r\n              <div class=\"cta\">\r\n          <a class=\"button button-white\" style=\"color: #ffffff; border-color: #ffffff;\" href=\"https:\/\/www.impactoneducation.org\/es\/what-we-do\/\" target=\"_blank\">Lo que hacemos<\/a>\r\n        <\/div>\r\n\r\n      \r\n    <\/div>\r\n\r\n  <\/div>","protected":false},"excerpt":{"rendered":"<p>Donaciones mensuales Elegir convertirse en patrocinador mensual de Impacto en la Educaci\u00f3n es una forma simple pero poderosa de hacer...<\/p>","protected":false},"author":3,"featured_media":0,"parent":917,"menu_order":0,"comment_status":"closed","ping_status":"closed","template":"","meta":{"_acf_changed":false,"_monsterinsights_skip_tracking":false,"_monsterinsights_sitenote_active":false,"_monsterinsights_sitenote_note":"","_monsterinsights_sitenote_category":0,"footnotes":""},"class_list":["post-2563","page","type-page","status-publish","hentry"],"acf":[],"yoast_head":"<!-- This site is optimized with the Yoast SEO plugin v27.1.1 - https:\/\/yoast.com\/product\/yoast-seo-wordpress\/ -->\n<title>Join our Compass Club &#8211; Impact on Education<\/title>\n<meta name=\"description\" content=\"Recurring monthly gifts to Impact on Education support our work with the Boulder Valley School District (and your budget!) year round.\u00a0\" \/>\n<meta name=\"robots\" content=\"index, follow, max-snippet:-1, max-image-preview:large, max-video-preview:-1\" \/>\n<link rel=\"canonical\" href=\"https:\/\/www.impactoneducation.org\/es\/ways-to-give\/compass-club\/\" \/>\n<meta property=\"og:locale\" content=\"es_MX\" \/>\n<meta property=\"og:type\" content=\"article\" \/>\n<meta property=\"og:title\" content=\"Join the Compass Club\" \/>\n<meta property=\"og:description\" content=\"Becoming a monthly donor helps students in the Boulder Valley School District find their path for education.\" \/>\n<meta property=\"og:url\" content=\"https:\/\/www.impactoneducation.org\/es\/ways-to-give\/compass-club\/\" \/>\n<meta property=\"og:site_name\" content=\"Impact on Education\" \/>\n<meta property=\"article:publisher\" content=\"https:\/\/www.facebook.com\/ImpactonEducation\" \/>\n<meta property=\"article:modified_time\" content=\"2024-03-06T19:55:31+00:00\" \/>\n<meta property=\"og:image\" content=\"https:\/\/www.impactoneducation.org\/wp-content\/uploads\/2023\/09\/compass-club_impact-on-education.jpg\" \/>\n\t<meta property=\"og:image:width\" content=\"1400\" \/>\n\t<meta property=\"og:image:height\" content=\"600\" \/>\n\t<meta property=\"og:image:type\" content=\"image\/jpeg\" \/>\n<meta name=\"twitter:card\" content=\"summary_large_image\" \/>\n<meta name=\"twitter:title\" content=\"Join the Compass Club\" \/>\n<meta name=\"twitter:description\" content=\"Becoming a monthly donor helps students in the Boulder Valley School District find their path for education.\" \/>\n<meta name=\"twitter:image\" content=\"https:\/\/www.impactoneducation.org\/wp-content\/uploads\/2023\/09\/compass-club_impact-on-education.jpg\" \/>\n<meta name=\"twitter:site\" content=\"@ImpactOnEd\" \/>\n<meta name=\"twitter:label1\" content=\"Tiempo de lectura\" \/>\n\t<meta name=\"twitter:data1\" content=\"1 minuto\" \/>\n<script type=\"application\/ld+json\" class=\"yoast-schema-graph\">{\"@context\":\"https:\/\/schema.org\",\"@graph\":[{\"@type\":\"WebPage\",\"@id\":\"https:\/\/www.impactoneducation.org\/ways-to-give\/compass-club\/\",\"url\":\"https:\/\/www.impactoneducation.org\/ways-to-give\/compass-club\/\",\"name\":\"Join our Compass Club &#8211; Impact on Education\",\"isPartOf\":{\"@id\":\"https:\/\/www.impactoneducation.org\/#website\"},\"primaryImageOfPage\":{\"@id\":\"https:\/\/www.impactoneducation.org\/ways-to-give\/compass-club\/#primaryimage\"},\"image\":{\"@id\":\"https:\/\/www.impactoneducation.org\/ways-to-give\/compass-club\/#primaryimage\"},\"thumbnailUrl\":\"https:\/\/www.impactoneducation.org\/wp-content\/uploads\/2022\/11\/iconmonstr-christmas-42-96.png\",\"datePublished\":\"2021-02-12T18:43:01+00:00\",\"dateModified\":\"2024-03-06T19:55:31+00:00\",\"description\":\"Recurring monthly gifts to Impact on Education support our work with the Boulder Valley School District (and your budget!) year round.\u00a0\",\"breadcrumb\":{\"@id\":\"https:\/\/www.impactoneducation.org\/ways-to-give\/compass-club\/#breadcrumb\"},\"inLanguage\":\"es\",\"potentialAction\":[{\"@type\":\"ReadAction\",\"target\":[\"https:\/\/www.impactoneducation.org\/ways-to-give\/compass-club\/\"]}]},{\"@type\":\"ImageObject\",\"inLanguage\":\"es\",\"@id\":\"https:\/\/www.impactoneducation.org\/ways-to-give\/compass-club\/#primaryimage\",\"url\":\"https:\/\/www.impactoneducation.org\/wp-content\/uploads\/2022\/11\/iconmonstr-christmas-42-96.png\",\"contentUrl\":\"https:\/\/www.impactoneducation.org\/wp-content\/uploads\/2022\/11\/iconmonstr-christmas-42-96.png\"},{\"@type\":\"BreadcrumbList\",\"@id\":\"https:\/\/www.impactoneducation.org\/ways-to-give\/compass-club\/#breadcrumb\",\"itemListElement\":[{\"@type\":\"ListItem\",\"position\":1,\"name\":\"Home\",\"item\":\"https:\/\/www.impactoneducation.org\/\"},{\"@type\":\"ListItem\",\"position\":2,\"name\":\"Ways to Give\",\"item\":\"https:\/\/www.impactoneducation.org\/ways-to-give\/\"},{\"@type\":\"ListItem\",\"position\":3,\"name\":\"Compass Club\"}]},{\"@type\":\"WebSite\",\"@id\":\"https:\/\/www.impactoneducation.org\/#website\",\"url\":\"https:\/\/www.impactoneducation.org\/\",\"name\":\"Impact on Education\",\"description\":\"Foundation for Boulder Valley Schools\",\"publisher\":{\"@id\":\"https:\/\/www.impactoneducation.org\/#organization\"},\"potentialAction\":[{\"@type\":\"SearchAction\",\"target\":{\"@type\":\"EntryPoint\",\"urlTemplate\":\"https:\/\/www.impactoneducation.org\/?s={search_term_string}\"},\"query-input\":{\"@type\":\"PropertyValueSpecification\",\"valueRequired\":true,\"valueName\":\"search_term_string\"}}],\"inLanguage\":\"es\"},{\"@type\":\"Organization\",\"@id\":\"https:\/\/www.impactoneducation.org\/#organization\",\"name\":\"Impact on Education\",\"url\":\"https:\/\/www.impactoneducation.org\/\",\"logo\":{\"@type\":\"ImageObject\",\"inLanguage\":\"es\",\"@id\":\"https:\/\/www.impactoneducation.org\/#\/schema\/logo\/image\/\",\"url\":\"https:\/\/www.impactoneducation.org\/wp-content\/uploads\/2020\/09\/Impact-logo-poly.png\",\"contentUrl\":\"https:\/\/www.impactoneducation.org\/wp-content\/uploads\/2020\/09\/Impact-logo-poly.png\",\"width\":3455,\"height\":890,\"caption\":\"Impact on Education\"},\"image\":{\"@id\":\"https:\/\/www.impactoneducation.org\/#\/schema\/logo\/image\/\"},\"sameAs\":[\"https:\/\/www.facebook.com\/ImpactonEducation\",\"https:\/\/x.com\/ImpactOnEd\",\"https:\/\/www.instagram.com\/impactoneducation\/\",\"https:\/\/www.youtube.com\/channel\/UCtCaQkVhXiowqiNrIXQ1Lkw\"]}]}<\/script>\n<!-- \/ Yoast SEO plugin. -->","yoast_head_json":{"title":"\u00danete a nuestro Club Compass \u2013 Impacto en la Educaci\u00f3n","description":"Las donaciones mensuales recurrentes a Impact on Education respaldan nuestro trabajo con el Distrito Escolar del Valle de Boulder (\u00a1y su presupuesto!) durante todo el a\u00f1o.\u00a0","robots":{"index":"index","follow":"follow","max-snippet":"max-snippet:-1","max-image-preview":"max-image-preview:large","max-video-preview":"max-video-preview:-1"},"canonical":"https:\/\/www.impactoneducation.org\/es\/ways-to-give\/compass-club\/","og_locale":"es_MX","og_type":"article","og_title":"Join the Compass Club","og_description":"Becoming a monthly donor helps students in the Boulder Valley School District find their path for education.","og_url":"https:\/\/www.impactoneducation.org\/es\/ways-to-give\/compass-club\/","og_site_name":"Impact on Education","article_publisher":"https:\/\/www.facebook.com\/ImpactonEducation","article_modified_time":"2024-03-06T19:55:31+00:00","og_image":[{"width":1400,"height":600,"url":"https:\/\/www.impactoneducation.org\/wp-content\/uploads\/2023\/09\/compass-club_impact-on-education.jpg","type":"image\/jpeg"}],"twitter_card":"summary_large_image","twitter_title":"Join the Compass Club","twitter_description":"Becoming a monthly donor helps students in the Boulder Valley School District find their path for education.","twitter_image":"https:\/\/www.impactoneducation.org\/wp-content\/uploads\/2023\/09\/compass-club_impact-on-education.jpg","twitter_site":"@ImpactOnEd","twitter_misc":{"Tiempo de lectura":"1 minuto"},"schema":{"@context":"https:\/\/schema.org","@graph":[{"@type":"WebPage","@id":"https:\/\/www.impactoneducation.org\/ways-to-give\/compass-club\/","url":"https:\/\/www.impactoneducation.org\/ways-to-give\/compass-club\/","name":"\u00danete a nuestro Club Compass \u2013 Impacto en la Educaci\u00f3n","isPartOf":{"@id":"https:\/\/www.impactoneducation.org\/#website"},"primaryImageOfPage":{"@id":"https:\/\/www.impactoneducation.org\/ways-to-give\/compass-club\/#primaryimage"},"image":{"@id":"https:\/\/www.impactoneducation.org\/ways-to-give\/compass-club\/#primaryimage"},"thumbnailUrl":"https:\/\/www.impactoneducation.org\/wp-content\/uploads\/2022\/11\/iconmonstr-christmas-42-96.png","datePublished":"2021-02-12T18:43:01+00:00","dateModified":"2024-03-06T19:55:31+00:00","description":"Las donaciones mensuales recurrentes a Impact on Education respaldan nuestro trabajo con el Distrito Escolar del Valle de Boulder (\u00a1y su presupuesto!) durante todo el a\u00f1o.\u00a0","breadcrumb":{"@id":"https:\/\/www.impactoneducation.org\/ways-to-give\/compass-club\/#breadcrumb"},"inLanguage":"es","potentialAction":[{"@type":"ReadAction","target":["https:\/\/www.impactoneducation.org\/ways-to-give\/compass-club\/"]}]},{"@type":"ImageObject","inLanguage":"es","@id":"https:\/\/www.impactoneducation.org\/ways-to-give\/compass-club\/#primaryimage","url":"https:\/\/www.impactoneducation.org\/wp-content\/uploads\/2022\/11\/iconmonstr-christmas-42-96.png","contentUrl":"https:\/\/www.impactoneducation.org\/wp-content\/uploads\/2022\/11\/iconmonstr-christmas-42-96.png"},{"@type":"BreadcrumbList","@id":"https:\/\/www.impactoneducation.org\/ways-to-give\/compass-club\/#breadcrumb","itemListElement":[{"@type":"ListItem","position":1,"name":"Home","item":"https:\/\/www.impactoneducation.org\/"},{"@type":"ListItem","position":2,"name":"Ways to Give","item":"https:\/\/www.impactoneducation.org\/ways-to-give\/"},{"@type":"ListItem","position":3,"name":"Compass Club"}]},{"@type":"WebSite","@id":"https:\/\/www.impactoneducation.org\/#website","url":"https:\/\/www.impactoneducation.org\/","name":"Impacto en la educaci\u00f3n","description":"Fundaci\u00f3n para las Escuelas del Valle de Boulder","publisher":{"@id":"https:\/\/www.impactoneducation.org\/#organization"},"potentialAction":[{"@type":"SearchAction","target":{"@type":"EntryPoint","urlTemplate":"https:\/\/www.impactoneducation.org\/?s={search_term_string}"},"query-input":{"@type":"PropertyValueSpecification","valueRequired":true,"valueName":"search_term_string"}}],"inLanguage":"es"},{"@type":"Organization","@id":"https:\/\/www.impactoneducation.org\/#organization","name":"Impacto en la educaci\u00f3n","url":"https:\/\/www.impactoneducation.org\/","logo":{"@type":"ImageObject","inLanguage":"es","@id":"https:\/\/www.impactoneducation.org\/#\/schema\/logo\/image\/","url":"https:\/\/www.impactoneducation.org\/wp-content\/uploads\/2020\/09\/Impact-logo-poly.png","contentUrl":"https:\/\/www.impactoneducation.org\/wp-content\/uploads\/2020\/09\/Impact-logo-poly.png","width":3455,"height":890,"caption":"Impact on Education"},"image":{"@id":"https:\/\/www.impactoneducation.org\/#\/schema\/logo\/image\/"},"sameAs":["https:\/\/www.facebook.com\/ImpactonEducation","https:\/\/x.com\/ImpactOnEd","https:\/\/www.instagram.com\/impactoneducation\/","https:\/\/www.youtube.com\/channel\/UCtCaQkVhXiowqiNrIXQ1Lkw"]}]}},"_links":{"self":[{"href":"https:\/\/www.impactoneducation.org\/es\/wp-json\/wp\/v2\/pages\/2563","targetHints":{"allow":["GET"]}}],"collection":[{"href":"https:\/\/www.impactoneducation.org\/es\/wp-json\/wp\/v2\/pages"}],"about":[{"href":"https:\/\/www.impactoneducation.org\/es\/wp-json\/wp\/v2\/types\/page"}],"author":[{"embeddable":true,"href":"https:\/\/www.impactoneducation.org\/es\/wp-json\/wp\/v2\/users\/3"}],"replies":[{"embeddable":true,"href":"https:\/\/www.impactoneducation.org\/es\/wp-json\/wp\/v2\/comments?post=2563"}],"version-history":[{"count":60,"href":"https:\/\/www.impactoneducation.org\/es\/wp-json\/wp\/v2\/pages\/2563\/revisions"}],"predecessor-version":[{"id":10408,"href":"https:\/\/www.impactoneducation.org\/es\/wp-json\/wp\/v2\/pages\/2563\/revisions\/10408"}],"up":[{"embeddable":true,"href":"https:\/\/www.impactoneducation.org\/es\/wp-json\/wp\/v2\/pages\/917"}],"wp:attachment":[{"href":"https:\/\/www.impactoneducation.org\/es\/wp-json\/wp\/v2\/media?parent=2563"}],"curies":[{"name":"gracias","href":"https:\/\/api.w.org\/{rel}","templated":true}]}}