{"id":266,"date":"2020-02-22T13:54:01","date_gmt":"2020-02-22T13:54:01","guid":{"rendered":"https:\/\/www.impactoneducation.org\/?page_id=266"},"modified":"2020-02-22T13:54:01","modified_gmt":"2020-02-22T13:54:01","slug":"whats-new","status":"publish","type":"page","link":"https:\/\/www.impactoneducation.org\/es\/whats-new\/","title":{"rendered":"Qu\u00e9 hay de nuevo"},"content":{"rendered":"<div id=\"block_5e513269b8ea1\" class=\"news wrapper\">\r\n  <div class=\"content\">\r\n\r\n    \r\n    <div class=\"news-posts\">\r\n\r\n      \r\n        <!-- the loop -->\r\n                  \r\n          <div class=\"post-summary\">\r\n            <div class=\"post-image\">\r\n              <img decoding=\"async\" data-object-fit=\"cover\" data-object-position=\"center\" src=\"https:\/\/www.impactoneducation.org\/wp-content\/uploads\/2026\/03\/Web-Blog-Header-1024x512-12-1024x512.jpg\" alt=\"Board of positive affirmations\" \/>\r\n            <\/div>\r\n            <div class=\"post-content\">\r\n\r\n              <h4 class=\"post-title\">5 maneras en que los defensores de la salud mental apoyan a los estudiantes de BVSD<\/h4>\r\n              <div class=\"post-excerpt\">\r\n                <p>Ante la crisis de salud mental que azota a los adolescentes de todo el pa\u00eds, BVSD e Impact on Education se han asociado para integrar el bienestar mental y emocional en la jornada escolar. A continuaci\u00f3n, presentamos cinco maneras en que los defensores de la salud mental apoyan a los estudiantes, junto con herramientas que los cuidadores pueden usar en casa. <\/p>\n              <\/div>\r\n\r\n              <div class=\"post-read-more\">\r\n                <a class=\"button button-blue-green\" href=\"https:\/\/www.impactoneducation.org\/es\/2026\/03\/10\/5-ways-mhas-support-bvsd-students\/\">Lee mas<\/a>\r\n              <\/div>\r\n\r\n            <\/div>\r\n          <\/div>\r\n\r\n                            \r\n          <div class=\"post-summary\">\r\n            <div class=\"post-image\">\r\n              <img decoding=\"async\" data-object-fit=\"cover\" data-object-position=\"center\" src=\"https:\/\/www.impactoneducation.org\/wp-content\/uploads\/2026\/02\/Web-Blog-Header-1024x512-10-1024x512.jpg\" alt=\"group of smiling middle school students and emergency medical professional with ambulance\" \/>\r\n            <\/div>\r\n            <div class=\"post-content\">\r\n\r\n              <h4 class=\"post-title\">Exploraci\u00f3n de carreras en BVSD: C\u00f3mo los estudiantes sue\u00f1an en grande desde temprano<\/h4>\r\n              <div class=\"post-excerpt\">\r\n                <p>Con financiaci\u00f3n de Impact on Education, el programa de exploraci\u00f3n profesional \u201cDream\u201d se est\u00e1 implementando en todo el Distrito Escolar del Valle de Boulder, inspirando a j\u00f3venes desde preescolar hasta octavo grado a explorar posibilidades profesionales.<\/p>\n              <\/div>\r\n\r\n              <div class=\"post-read-more\">\r\n                <a class=\"button button-blue-green\" href=\"https:\/\/www.impactoneducation.org\/es\/2026\/02\/12\/early-career-exploration-in-bvsd\/\">Lee mas<\/a>\r\n              <\/div>\r\n\r\n            <\/div>\r\n          <\/div>\r\n\r\n                            \r\n          <div class=\"post-summary\">\r\n            <div class=\"post-image\">\r\n              <img decoding=\"async\" data-object-fit=\"cover\" data-object-position=\"center\" src=\"https:\/\/www.impactoneducation.org\/wp-content\/uploads\/2026\/01\/Website-Blog-Body-Wide-1200x600-5-1024x512.jpg\" alt=\"A volunteer mentor, Katelyn, and four BVSD students talking at a table\" \/>\r\n            <\/div>\r\n            <div class=\"post-content\">\r\n\r\n              <h4 class=\"post-title\">Esta graduada de primera generaci\u00f3n encontr\u00f3 su camino. Ahora ayuda a los estudiantes de BVSD a encontrar el suyo.<\/h4>\r\n              <div class=\"post-excerpt\">\r\n                <p>Katelyn fue la primera persona de su familia en graduarse de la preparatoria o la universidad. Ahora, como una profesional exitosa en la industria tecnol\u00f3gica, comparte sus conocimientos con los estudiantes de BVSD para ayudarlos a prepararse para el futuro. <\/p>\n              <\/div>\r\n\r\n              <div class=\"post-read-more\">\r\n                <a class=\"button button-blue-green\" href=\"https:\/\/www.impactoneducation.org\/es\/2026\/01\/20\/first-gen-grad-finds-way\/\">Lee mas<\/a>\r\n              <\/div>\r\n\r\n            <\/div>\r\n          <\/div>\r\n\r\n                            \r\n          <div class=\"post-summary\">\r\n            <div class=\"post-image\">\r\n              <img decoding=\"async\" data-object-fit=\"cover\" data-object-position=\"center\" src=\"https:\/\/www.impactoneducation.org\/wp-content\/uploads\/2025\/08\/Untitled-design-88-1024x512.jpg\" alt=\"two smiling educators sitting next to smiling student\" \/>\r\n            <\/div>\r\n            <div class=\"post-content\">\r\n\r\n              <h4 class=\"post-title\">Mira: C\u00f3mo un programa de Casey Middle genera una incre\u00edble confianza en los estudiantes<\/h4>\r\n              <div class=\"post-excerpt\">\r\n                <p>Vaya detr\u00e1s de escena de un programa extraescolar en Casey Middle School, donde los estudiantes est\u00e1n desarrollando confianza y adquiriendo habilidades matem\u00e1ticas.<\/p>\n              <\/div>\r\n\r\n              <div class=\"post-read-more\">\r\n                <a class=\"button button-blue-green\" href=\"https:\/\/www.impactoneducation.org\/es\/2025\/12\/29\/casey-program-builds-confidence\/\">Lee mas<\/a>\r\n              <\/div>\r\n\r\n            <\/div>\r\n          <\/div>\r\n\r\n                            \r\n          <div class=\"post-summary\">\r\n            <div class=\"post-image\">\r\n              <img decoding=\"async\" data-object-fit=\"cover\" data-object-position=\"center\" src=\"https:\/\/www.impactoneducation.org\/wp-content\/uploads\/2025\/12\/Web-Blog-Header-1024x512-9-1024x512.jpg\" alt=\"BVSD teachers, alumni, and local volunteers thumbnail images from top blogs\" \/>\r\n            <\/div>\r\n            <div class=\"post-content\">\r\n\r\n              <h4 class=\"post-title\">Las 10 historias m\u00e1s importantes de este a\u00f1o: Impacto comunitario en BVSD<\/h4>\r\n              <div class=\"post-excerpt\">\r\n                <p>Al recordar el 2025, nos enorgullece c\u00f3mo esta comunidad apoy\u00f3 a los estudiantes, educadores y escuelas p\u00fablicas del Valle de Boulder. Consulten los blogs m\u00e1s populares de este a\u00f1o para ver el impacto que contribuyeron a hacer posible y conocer mejor a las personas que impulsan el cambio. <\/p>\n              <\/div>\r\n\r\n              <div class=\"post-read-more\">\r\n                <a class=\"button button-blue-green\" href=\"https:\/\/www.impactoneducation.org\/es\/2025\/12\/18\/top-10-stories-this-year-community-impact-in-bvsd\/\">Lee mas<\/a>\r\n              <\/div>\r\n\r\n            <\/div>\r\n          <\/div>\r\n\r\n                            \r\n          <div class=\"post-summary\">\r\n            <div class=\"post-image\">\r\n              <img decoding=\"async\" data-object-fit=\"cover\" data-object-position=\"center\" src=\"https:\/\/www.impactoneducation.org\/wp-content\/uploads\/2025\/11\/Subheading-3.png\" alt=\"\" \/>\r\n            <\/div>\r\n            <div class=\"post-content\">\r\n\r\n              <h4 class=\"post-title\">S\u00e1cale el m\u00e1ximo partido a tus donaciones de fin de a\u00f1o.<\/h4>\r\n              <div class=\"post-excerpt\">\r\n                <p>Con el a\u00f1o 2025 llegando a su fin y nuevas normas fiscales para organizaciones ben\u00e9ficas en el horizonte, este es el momento ideal para planificar sus donaciones de fin de a\u00f1o. Aqu\u00ed le mostramos c\u00f3mo puede maximizar tanto su impacto como sus beneficios fiscales esta temporada.<\/p>\n              <\/div>\r\n\r\n              <div class=\"post-read-more\">\r\n                <a class=\"button button-blue-green\" href=\"https:\/\/www.impactoneducation.org\/es\/2025\/11\/20\/make-the-most-of-your-year-end-giving\/\">Lee mas<\/a>\r\n              <\/div>\r\n\r\n            <\/div>\r\n          <\/div>\r\n\r\n                            \r\n          <div class=\"post-summary\">\r\n            <div class=\"post-image\">\r\n              <img decoding=\"async\" data-object-fit=\"cover\" data-object-position=\"center\" src=\"https:\/\/www.impactoneducation.org\/wp-content\/uploads\/2025\/11\/Web-Blog-Header-1024x512-4-1024x512.jpg\" alt=\"Bill smiling on snowy day on left; Peter welding on right\" \/>\r\n            <\/div>\r\n            <div class=\"post-content\">\r\n\r\n              <h4 class=\"post-title\">C\u00f3mo una clase impuls\u00f3 el \u00e9xito de dos exalumnos talentosos<\/h4>\r\n              <div class=\"post-excerpt\">\r\n                <p>Conoce a Bill y Peter: dos exalumnos de BVSD y Apex cuyo \u00e9xito demuestra que el acceso a la formaci\u00f3n profesional y a mentores talentosos puede transformar vidas. Descubre por qu\u00e9 Impact on Education invierte para ayudar a que los estudiantes de Boulder Valley tengan acceso a oportunidades de exploraci\u00f3n profesional. <\/p>\n              <\/div>\r\n\r\n              <div class=\"post-read-more\">\r\n                <a class=\"button button-blue-green\" href=\"https:\/\/www.impactoneducation.org\/es\/2025\/11\/18\/how-one-class-propelled-two-talented-alums-to-success\/\">Lee mas<\/a>\r\n              <\/div>\r\n\r\n            <\/div>\r\n          <\/div>\r\n\r\n                            \r\n          <div class=\"post-summary\">\r\n            <div class=\"post-image\">\r\n              <img decoding=\"async\" data-object-fit=\"cover\" data-object-position=\"center\" src=\"https:\/\/www.impactoneducation.org\/wp-content\/uploads\/2025\/10\/Untitled-design-3-1024x576.jpg\" alt=\"group of kids smiling on field trips at local science museum\" \/>\r\n            <\/div>\r\n            <div class=\"post-content\">\r\n\r\n              <h4 class=\"post-title\">Impact on Education otorga $115,000 en subvenciones a maestros del Valle de Boulder<\/h4>\r\n              <div class=\"post-excerpt\">\r\n                <p>Impact on Education otorg\u00f3 un total de $115,140 en subvenciones a 83 educadores en todo el Distrito Escolar del Valle de Boulder (BVSD), con financiaci\u00f3n posible gracias a donantes de la comunidad, incluida una donaci\u00f3n reciente de $100,000 de Meritrust Credit Union.<\/p>\n              <\/div>\r\n\r\n              <div class=\"post-read-more\">\r\n                <a class=\"button button-blue-green\" href=\"https:\/\/www.impactoneducation.org\/es\/2025\/10\/24\/fall-2025-sof-grants\/\">Lee mas<\/a>\r\n              <\/div>\r\n\r\n            <\/div>\r\n          <\/div>\r\n\r\n                            \r\n          <div class=\"post-summary\">\r\n            <div class=\"post-image\">\r\n              <img decoding=\"async\" data-object-fit=\"cover\" data-object-position=\"center\" src=\"https:\/\/www.impactoneducation.org\/wp-content\/uploads\/2025\/10\/Web-Blog-Header-1024x512-1-1-1024x512.jpg\" alt=\"Cecilia Chigo smiling at podium\" \/>\r\n            <\/div>\r\n            <div class=\"post-content\">\r\n\r\n              <h4 class=\"post-title\">Una estudiante tranquila encuentra su voz y su prop\u00f3sito<\/h4>\r\n              <div class=\"post-excerpt\">\r\n                <p>El sue\u00f1o de Cecilia Chigo es estar al frente de un aula y ayudar a los estudiantes a sentir el mismo orgullo y pertenencia que ella sinti\u00f3 cuando tom\u00f3 un pincel de ni\u00f1a. Su historia es una historia de talento, resiliencia y un fuerte apoyo comunitario.<\/p>\n              <\/div>\r\n\r\n              <div class=\"post-read-more\">\r\n                <a class=\"button button-blue-green\" href=\"https:\/\/www.impactoneducation.org\/es\/2025\/10\/07\/a-quiet-student-finds-her-voice-and-her-purpose\/\">Lee mas<\/a>\r\n              <\/div>\r\n\r\n            <\/div>\r\n          <\/div>\r\n\r\n                          <!-- end of the loop -->\r\n\r\n        \r\n          <div class=\"paging\">\r\n\r\n            <span aria-current=\"page\" class=\"page-numbers current\">1<\/span>\n<a class=\"page-numbers\" href=\"https:\/\/www.impactoneducation.org\/es\/wp-json\/wp\/v2\/pages\/266\/page\/2\/\">2<\/a>\n<a class=\"page-numbers\" href=\"https:\/\/www.impactoneducation.org\/es\/wp-json\/wp\/v2\/pages\/266\/page\/3\/\">3<\/a>\n<span class=\"page-numbers dots\">...<\/span>\n<a class=\"page-numbers\" href=\"https:\/\/www.impactoneducation.org\/es\/wp-json\/wp\/v2\/pages\/266\/page\/22\/\">22<\/a>\n<a class=\"next page-numbers\" href=\"https:\/\/www.impactoneducation.org\/es\/wp-json\/wp\/v2\/pages\/266\/page\/2\/\"> \u00bb<\/a>          <\/div>\r\n\r\n        \r\n        \r\n      \r\n    <\/div>\r\n\r\n  <\/div>\r\n<\/div>","protected":false},"excerpt":{"rendered":"","protected":false},"author":1,"featured_media":0,"parent":0,"menu_order":0,"comment_status":"closed","ping_status":"closed","template":"","meta":{"_acf_changed":false,"_monsterinsights_skip_tracking":false,"_monsterinsights_sitenote_active":false,"_monsterinsights_sitenote_note":"","_monsterinsights_sitenote_category":0,"footnotes":""},"class_list":["post-266","page","type-page","status-publish","hentry"],"acf":[],"yoast_head":"<!-- This site is optimized with the Yoast SEO plugin v27.1.1 - https:\/\/yoast.com\/product\/yoast-seo-wordpress\/ -->\n<title>What&#039;s New &#8211; Impact on Education<\/title>\n<meta name=\"robots\" content=\"index, follow, max-snippet:-1, max-image-preview:large, max-video-preview:-1\" \/>\n<link rel=\"canonical\" href=\"https:\/\/www.impactoneducation.org\/es\/whats-new\/\" \/>\n<meta property=\"og:locale\" content=\"es_MX\" \/>\n<meta property=\"og:type\" content=\"article\" \/>\n<meta property=\"og:title\" content=\"What&#039;s New &#8211; Impact on Education\" \/>\n<meta property=\"og:url\" content=\"https:\/\/www.impactoneducation.org\/es\/whats-new\/\" \/>\n<meta property=\"og:site_name\" content=\"Impact on Education\" \/>\n<meta property=\"article:publisher\" content=\"https:\/\/www.facebook.com\/ImpactonEducation\" \/>\n<meta name=\"twitter:card\" content=\"summary_large_image\" \/>\n<meta name=\"twitter:site\" content=\"@ImpactOnEd\" \/>\n<script type=\"application\/ld+json\" class=\"yoast-schema-graph\">{\"@context\":\"https:\/\/schema.org\",\"@graph\":[{\"@type\":\"WebPage\",\"@id\":\"https:\/\/www.impactoneducation.org\/whats-new\/\",\"url\":\"https:\/\/www.impactoneducation.org\/whats-new\/\",\"name\":\"What's New &#8211; Impact on Education\",\"isPartOf\":{\"@id\":\"https:\/\/www.impactoneducation.org\/#website\"},\"datePublished\":\"2020-02-22T13:54:01+00:00\",\"breadcrumb\":{\"@id\":\"https:\/\/www.impactoneducation.org\/whats-new\/#breadcrumb\"},\"inLanguage\":\"es\",\"potentialAction\":[{\"@type\":\"ReadAction\",\"target\":[\"https:\/\/www.impactoneducation.org\/whats-new\/\"]}]},{\"@type\":\"BreadcrumbList\",\"@id\":\"https:\/\/www.impactoneducation.org\/whats-new\/#breadcrumb\",\"itemListElement\":[{\"@type\":\"ListItem\",\"position\":1,\"name\":\"Home\",\"item\":\"https:\/\/www.impactoneducation.org\/\"},{\"@type\":\"ListItem\",\"position\":2,\"name\":\"What&#8217;s New\"}]},{\"@type\":\"WebSite\",\"@id\":\"https:\/\/www.impactoneducation.org\/#website\",\"url\":\"https:\/\/www.impactoneducation.org\/\",\"name\":\"Impact on Education\",\"description\":\"Foundation for Boulder Valley Schools\",\"publisher\":{\"@id\":\"https:\/\/www.impactoneducation.org\/#organization\"},\"potentialAction\":[{\"@type\":\"SearchAction\",\"target\":{\"@type\":\"EntryPoint\",\"urlTemplate\":\"https:\/\/www.impactoneducation.org\/?s={search_term_string}\"},\"query-input\":{\"@type\":\"PropertyValueSpecification\",\"valueRequired\":true,\"valueName\":\"search_term_string\"}}],\"inLanguage\":\"es\"},{\"@type\":\"Organization\",\"@id\":\"https:\/\/www.impactoneducation.org\/#organization\",\"name\":\"Impact on Education\",\"url\":\"https:\/\/www.impactoneducation.org\/\",\"logo\":{\"@type\":\"ImageObject\",\"inLanguage\":\"es\",\"@id\":\"https:\/\/www.impactoneducation.org\/#\/schema\/logo\/image\/\",\"url\":\"https:\/\/www.impactoneducation.org\/wp-content\/uploads\/2020\/09\/Impact-logo-poly.png\",\"contentUrl\":\"https:\/\/www.impactoneducation.org\/wp-content\/uploads\/2020\/09\/Impact-logo-poly.png\",\"width\":3455,\"height\":890,\"caption\":\"Impact on Education\"},\"image\":{\"@id\":\"https:\/\/www.impactoneducation.org\/#\/schema\/logo\/image\/\"},\"sameAs\":[\"https:\/\/www.facebook.com\/ImpactonEducation\",\"https:\/\/x.com\/ImpactOnEd\",\"https:\/\/www.instagram.com\/impactoneducation\/\",\"https:\/\/www.youtube.com\/channel\/UCtCaQkVhXiowqiNrIXQ1Lkw\"]}]}<\/script>\n<!-- \/ Yoast SEO plugin. -->","yoast_head_json":{"title":"Novedades \u2013 Impacto en la educaci\u00f3n","robots":{"index":"index","follow":"follow","max-snippet":"max-snippet:-1","max-image-preview":"max-image-preview:large","max-video-preview":"max-video-preview:-1"},"canonical":"https:\/\/www.impactoneducation.org\/es\/whats-new\/","og_locale":"es_MX","og_type":"article","og_title":"What's New &#8211; Impact on Education","og_url":"https:\/\/www.impactoneducation.org\/es\/whats-new\/","og_site_name":"Impact on Education","article_publisher":"https:\/\/www.facebook.com\/ImpactonEducation","twitter_card":"summary_large_image","twitter_site":"@ImpactOnEd","schema":{"@context":"https:\/\/schema.org","@graph":[{"@type":"WebPage","@id":"https:\/\/www.impactoneducation.org\/whats-new\/","url":"https:\/\/www.impactoneducation.org\/whats-new\/","name":"Novedades \u2013 Impacto en la educaci\u00f3n","isPartOf":{"@id":"https:\/\/www.impactoneducation.org\/#website"},"datePublished":"2020-02-22T13:54:01+00:00","breadcrumb":{"@id":"https:\/\/www.impactoneducation.org\/whats-new\/#breadcrumb"},"inLanguage":"es","potentialAction":[{"@type":"ReadAction","target":["https:\/\/www.impactoneducation.org\/whats-new\/"]}]},{"@type":"BreadcrumbList","@id":"https:\/\/www.impactoneducation.org\/whats-new\/#breadcrumb","itemListElement":[{"@type":"ListItem","position":1,"name":"Home","item":"https:\/\/www.impactoneducation.org\/"},{"@type":"ListItem","position":2,"name":"What&#8217;s New"}]},{"@type":"WebSite","@id":"https:\/\/www.impactoneducation.org\/#website","url":"https:\/\/www.impactoneducation.org\/","name":"Impacto en la educaci\u00f3n","description":"Fundaci\u00f3n para las Escuelas del Valle de Boulder","publisher":{"@id":"https:\/\/www.impactoneducation.org\/#organization"},"potentialAction":[{"@type":"SearchAction","target":{"@type":"EntryPoint","urlTemplate":"https:\/\/www.impactoneducation.org\/?s={search_term_string}"},"query-input":{"@type":"PropertyValueSpecification","valueRequired":true,"valueName":"search_term_string"}}],"inLanguage":"es"},{"@type":"Organization","@id":"https:\/\/www.impactoneducation.org\/#organization","name":"Impacto en la educaci\u00f3n","url":"https:\/\/www.impactoneducation.org\/","logo":{"@type":"ImageObject","inLanguage":"es","@id":"https:\/\/www.impactoneducation.org\/#\/schema\/logo\/image\/","url":"https:\/\/www.impactoneducation.org\/wp-content\/uploads\/2020\/09\/Impact-logo-poly.png","contentUrl":"https:\/\/www.impactoneducation.org\/wp-content\/uploads\/2020\/09\/Impact-logo-poly.png","width":3455,"height":890,"caption":"Impact on Education"},"image":{"@id":"https:\/\/www.impactoneducation.org\/#\/schema\/logo\/image\/"},"sameAs":["https:\/\/www.facebook.com\/ImpactonEducation","https:\/\/x.com\/ImpactOnEd","https:\/\/www.instagram.com\/impactoneducation\/","https:\/\/www.youtube.com\/channel\/UCtCaQkVhXiowqiNrIXQ1Lkw"]}]}},"_links":{"self":[{"href":"https:\/\/www.impactoneducation.org\/es\/wp-json\/wp\/v2\/pages\/266","targetHints":{"allow":["GET"]}}],"collection":[{"href":"https:\/\/www.impactoneducation.org\/es\/wp-json\/wp\/v2\/pages"}],"about":[{"href":"https:\/\/www.impactoneducation.org\/es\/wp-json\/wp\/v2\/types\/page"}],"author":[{"embeddable":true,"href":"https:\/\/www.impactoneducation.org\/es\/wp-json\/wp\/v2\/users\/1"}],"replies":[{"embeddable":true,"href":"https:\/\/www.impactoneducation.org\/es\/wp-json\/wp\/v2\/comments?post=266"}],"version-history":[{"count":1,"href":"https:\/\/www.impactoneducation.org\/es\/wp-json\/wp\/v2\/pages\/266\/revisions"}],"predecessor-version":[{"id":267,"href":"https:\/\/www.impactoneducation.org\/es\/wp-json\/wp\/v2\/pages\/266\/revisions\/267"}],"wp:attachment":[{"href":"https:\/\/www.impactoneducation.org\/es\/wp-json\/wp\/v2\/media?parent=266"}],"curies":[{"name":"gracias","href":"https:\/\/api.w.org\/{rel}","templated":true}]}}