{"id":3388,"date":"2021-03-15T15:48:52","date_gmt":"2021-03-15T15:48:52","guid":{"rendered":"https:\/\/www.impactoneducation.org\/?page_id=3388"},"modified":"2024-03-09T18:54:04","modified_gmt":"2024-03-09T18:54:04","slug":"how-to-help","status":"publish","type":"page","link":"https:\/\/www.impactoneducation.org\/es\/how-to-help\/","title":{"rendered":"Como ayudar"},"content":{"rendered":"<div id=\"block_ca1d3dff604f91e7719638e0e0227074\" class=\"page-header  full-width\">\r\n\r\n  <div class=\"page-header-title\">\r\n    <h1>INVOLUCRARSE<\/h1>\r\n  <\/div>\r\n\r\n  <div class=\"page-header-image\"><\/div>\r\n\r\n<\/div>\r\n\n\n\n<div style=\"height:52px\" aria-hidden=\"true\" class=\"wp-block-spacer\"><\/div>\n\n\n\n<h2 class=\"wp-block-heading has-text-align-center fancy\">APOYAR A LOS ESTUDIANTES DE BVSD<\/h2>\n\n\n\n<div class=\"wp-block-columns is-layout-flex wp-container-core-columns-is-layout-9d6595d7 wp-block-columns-is-layout-flex\">\n<div class=\"wp-block-column is-layout-flow wp-block-column-is-layout-flow\" style=\"flex-basis:15%\"><\/div>\n\n\n\n<div class=\"wp-block-column is-layout-flow wp-block-column-is-layout-flow\" style=\"flex-basis:70%\">\n<p class=\"has-text-align-center\" style=\"font-size:16px\">Es necesario que todos trabajemos juntos para crear un cambio duradero para los estudiantes de nuestra comunidad. Puede ayudarnos a aumentar la equidad y abordar las brechas de oportunidades entre nuestros estudiantes.<\/p>\n\n\n\n<div style=\"height:18px\" aria-hidden=\"true\" class=\"wp-block-spacer\"><\/div>\n\n\n\n<div class=\"wp-block-buttons is-content-justification-center is-layout-flex wp-container-core-buttons-is-layout-16018d1d wp-block-buttons-is-layout-flex\">\n<div class=\"wp-block-button\"><a class=\"wp-block-button__link has-blue-green-background-color has-background has-text-align-center wp-element-button\" href=\"https:\/\/impactoneducation.donorsupport.co\/-\/XUKTHUDK\" style=\"border-radius:0px\">HAZ UN REGALO<\/a><\/div>\n<\/div>\n\n\n\n<div style=\"height:18px\" aria-hidden=\"true\" class=\"wp-block-spacer\"><\/div>\n<\/div>\n\n\n\n<div class=\"wp-block-column is-layout-flow wp-block-column-is-layout-flow\" style=\"flex-basis:15%\"><\/div>\n<\/div>\n\n\n\n<div id=\"block_a0ff2200f988f6147613508d67785c37\" class=\"links-list\">\n\n  <div class=\"links\">\n\n    \n      \n      <div class=\"link\">\n\n        \n                  <h2>Explora formas de donar<\/h2>\n        \n        \n                  <div class=\"link-copy\">\n            Hay muchas maneras en que puede donar que cambiar\u00e1n las vidas de los estudiantes hoy y en el futuro.          <\/div>\n        \n                                    <div class=\"link-cta\">\n            <a\n            class=\"button button-blue-green\"\n            href=\"https:\/\/www.impactoneducation.org\/es\/ways-to-give\/\"\n            target=\"_blank\">\n            Maneras de dar          <\/a>\n        <\/div>\n      \n    <\/div>\n\n  \n      <div class=\"link\">\n\n        \n                  <h2>Hazte voluntario con nosotros<\/h2>\n        \n        \n                  <div class=\"link-copy\">\n            Los voluntarios juegan un papel importante en nuestro \u00e9xito. Ofrezca su tiempo y talento para apoyar a los estudiantes durante todo el a\u00f1o.          <\/div>\n        \n                                    <div class=\"link-cta\">\n            <a\n            class=\"button button-blue-green\"\n            href=\"https:\/\/www.impactoneducation.org\/es\/volunteer\/\"\n            target=\"_blank\">\n            Aprende m\u00e1s          <\/a>\n        <\/div>\n      \n    <\/div>\n\n  \n      <div class=\"link\">\n\n        \n                  <h2>Suscr\u00edbase a nuestro bolet\u00edn<\/h2>\n        \n        \n                  <div class=\"link-copy\">\n            Nuestro bolet\u00edn mensual es una excelente manera de mantenerse informado sobre nuestro trabajo y las oportunidades para que usted apoye la educaci\u00f3n p\u00fablica en el condado de Boulder.          <\/div>\n        \n                                    <div class=\"link-cta\">\n            <a\n            class=\"button button-blue-green\"\n            href=\"https:\/\/www.impactoneducation.org\/es\/subscribe\/\"\n            target=\"_blank\">\n            Suscribir          <\/a>\n        <\/div>\n      \n    <\/div>\n\n  \n      <div class=\"link\">\n\n        \n                  <h2>As\u00f3ciese con nosotros<\/h2>\n        \n        \n                  <div class=\"link-copy\">\n            No importa a qu\u00e9 tipo de empresa pertenezca, una asociaci\u00f3n con Impact on Education aprovechar\u00e1 sus fortalezas para generar un impacto real para los estudiantes locales.          <\/div>\n        \n                                    <div class=\"link-cta\">\n            <a\n            class=\"button button-blue-green\"\n            href=\"https:\/\/www.impactoneducation.org\/es\/how-to-help\/corporate-partnerships\/\"\n            target=\"_blank\">\n            Aprende m\u00e1s          <\/a>\n        <\/div>\n      \n    <\/div>\n\n  \n      <div class=\"link\">\n\n        \n                  <h2>Asistir a eventos<\/h2>\n        \n        \n                  <div class=\"link-copy\">\n            Nuestros eventos son una excelente manera de ver lo que hacemos de cerca, conocer a miembros de la comunidad con ideas afines y llevar su apoyo al siguiente nivel.          <\/div>\n        \n                                    <div class=\"link-cta\">\n            <a\n            class=\"button button-blue-green\"\n            href=\"https:\/\/www.impactoneducation.org\/es\/whats-new\/events\/\"\n            target=\"_blank\">\n            Aprende m\u00e1s          <\/a>\n        <\/div>\n      \n    <\/div>\n\n  \n      <div class=\"link\">\n\n        \n                  <h2>Amplifica nuestra voz<\/h2>\n        \n        \n                  <div class=\"link-copy\">\n            Mant\u00e9ngase actualizado sobre todas nuestras \u00faltimas noticias y ayude a difundir el conocimiento sobre nuestra misi\u00f3n y trabajo. \u00a1Nos encantar\u00eda conectarnos contigo!          <\/div>\n        \n                                    <div class=\"link-cta\">\n            <a\n            class=\"button button-blue-green\"\n            href=\"https:\/\/www.facebook.com\/ImpactonEducation\"\n            target=\"_blank\">\n            Facebook          <\/a>\n        <\/div>\n      \n    <\/div>\n\n  \n\n<\/div>\n<\/div>\n\n\n\n<div style=\"height:26px\" aria-hidden=\"true\" class=\"wp-block-spacer\"><\/div>\n\n\n\n<div style=\"height:30px\" aria-hidden=\"true\" class=\"wp-block-spacer\"><\/div>\n\n\n\r\n\r\n  <div id=\"block_9dfea4301b589b858453c518d99e89d0\" class=\"big-picture  full-width\">\r\n\r\n    <img decoding=\"async\" class=\"desktop-image\" src=\"https:\/\/www.impactoneducation.org\/wp-content\/uploads\/2024\/03\/Monthly-Giving_Make-a-Gift.jpg\" \/>\r\n\r\n          <img decoding=\"async\" class=\"mobile-image\" src=\"https:\/\/www.impactoneducation.org\/wp-content\/uploads\/2024\/03\/Monthly-Giving_Mobile-Image.jpg\" \/>\r\n    \r\n          <div class=\"big-picture-overlay\" style=\"background-color: #000000; opacity: 0;\">\r\n      <\/div>\r\n    \r\n    <div class=\"big-picture-content\" style=\"color: #ffffff;\">\r\n\r\n              <h2 style=\"color: #ffffff;\">\r\n          \u00daNETE AL CLUB DE BR\u00daJULA        <\/h2>\r\n      \r\n              <div class=\"copy copy-white\" style=\"color: #ffffff;\">\r\n          Elegir convertirse en patrocinador mensual de Impacto en la Educaci\u00f3n es una forma simple pero poderosa de marcar la diferencia. Al unirte a nuestro programa de donaciones mensuales, ser\u00e1s parte de una comunidad de personas con ideas afines y apasionadas por apoyar a los estudiantes locales como t\u00fa.        <\/div>\r\n      \r\n              <div class=\"cta\">\r\n          <a class=\"button button-white\" style=\"color: #ffffff; border-color: #ffffff;\" href=\"https:\/\/www.impactoneducation.org\/es\/ways-to-give\/compass-club\/\" target=\"_blank\">Aprende m\u00e1s<\/a>\r\n        <\/div>\r\n\r\n      \r\n    <\/div>\r\n\r\n  <\/div>\r\n\n\n\r\n<div id=\"block_dd5ba166db57698469d1bdbc2327d4b0\" class=\"news wrapper\">\r\n  <div class=\"content\">\r\n\r\n    \r\n    <div class=\"news-posts\">\r\n\r\n      \r\n        <!-- the loop -->\r\n                  \r\n          <div class=\"post-summary\">\r\n            <div class=\"post-image\">\r\n              <img decoding=\"async\" data-object-fit=\"cover\" data-object-position=\"center\" src=\"https:\/\/www.impactoneducation.org\/wp-content\/uploads\/2026\/03\/Web-Blog-Header-1024x512-12-1024x512.jpg\" alt=\"Board of positive affirmations\" \/>\r\n            <\/div>\r\n            <div class=\"post-content\">\r\n\r\n              <h4 class=\"post-title\">5 maneras en que los defensores de la salud mental apoyan a los estudiantes de BVSD<\/h4>\r\n              <div class=\"post-excerpt\">\r\n                <p>Ante la crisis de salud mental que azota a los adolescentes de todo el pa\u00eds, BVSD e Impact on Education se han asociado para integrar el bienestar mental y emocional en la jornada escolar. A continuaci\u00f3n, presentamos cinco maneras en que los defensores de la salud mental apoyan a los estudiantes, junto con herramientas que los cuidadores pueden usar en casa. <\/p>\n              <\/div>\r\n\r\n              <div class=\"post-read-more\">\r\n                <a class=\"button button-blue-green\" href=\"https:\/\/www.impactoneducation.org\/es\/2026\/03\/10\/5-ways-mhas-support-bvsd-students\/\">Lee mas<\/a>\r\n              <\/div>\r\n\r\n            <\/div>\r\n          <\/div>\r\n\r\n                            \r\n          <div class=\"post-summary\">\r\n            <div class=\"post-image\">\r\n              <img decoding=\"async\" data-object-fit=\"cover\" data-object-position=\"center\" src=\"https:\/\/www.impactoneducation.org\/wp-content\/uploads\/2026\/02\/Web-Blog-Header-1024x512-10-1024x512.jpg\" alt=\"group of smiling middle school students and emergency medical professional with ambulance\" \/>\r\n            <\/div>\r\n            <div class=\"post-content\">\r\n\r\n              <h4 class=\"post-title\">Exploraci\u00f3n de carreras en BVSD: C\u00f3mo los estudiantes sue\u00f1an en grande desde temprano<\/h4>\r\n              <div class=\"post-excerpt\">\r\n                <p>Con financiaci\u00f3n de Impact on Education, el programa de exploraci\u00f3n profesional \u201cDream\u201d se est\u00e1 implementando en todo el Distrito Escolar del Valle de Boulder, inspirando a j\u00f3venes desde preescolar hasta octavo grado a explorar posibilidades profesionales.<\/p>\n              <\/div>\r\n\r\n              <div class=\"post-read-more\">\r\n                <a class=\"button button-blue-green\" href=\"https:\/\/www.impactoneducation.org\/es\/2026\/02\/12\/early-career-exploration-in-bvsd\/\">Lee mas<\/a>\r\n              <\/div>\r\n\r\n            <\/div>\r\n          <\/div>\r\n\r\n                            \r\n          <div class=\"post-summary\">\r\n            <div class=\"post-image\">\r\n              <img decoding=\"async\" data-object-fit=\"cover\" data-object-position=\"center\" src=\"https:\/\/www.impactoneducation.org\/wp-content\/uploads\/2026\/01\/Website-Blog-Body-Wide-1200x600-5-1024x512.jpg\" alt=\"A volunteer mentor, Katelyn, and four BVSD students talking at a table\" \/>\r\n            <\/div>\r\n            <div class=\"post-content\">\r\n\r\n              <h4 class=\"post-title\">Esta graduada de primera generaci\u00f3n encontr\u00f3 su camino. Ahora ayuda a los estudiantes de BVSD a encontrar el suyo.<\/h4>\r\n              <div class=\"post-excerpt\">\r\n                <p>Katelyn fue la primera persona de su familia en graduarse de la preparatoria o la universidad. Ahora, como una profesional exitosa en la industria tecnol\u00f3gica, comparte sus conocimientos con los estudiantes de BVSD para ayudarlos a prepararse para el futuro. <\/p>\n              <\/div>\r\n\r\n              <div class=\"post-read-more\">\r\n                <a class=\"button button-blue-green\" href=\"https:\/\/www.impactoneducation.org\/es\/2026\/01\/20\/first-gen-grad-finds-way\/\">Lee mas<\/a>\r\n              <\/div>\r\n\r\n            <\/div>\r\n          <\/div>\r\n\r\n                          <!-- end of the loop -->\r\n\r\n        \r\n        \r\n      \r\n    <\/div>\r\n\r\n  <\/div>\r\n<\/div>\r\n\n\n\r\n\r\n  <div id=\"block_1d44de4226a6ad8e305b454dd7239178\" class=\"big-picture  full-width\">\r\n\r\n    <img decoding=\"async\" class=\"desktop-image\" src=\"https:\/\/www.impactoneducation.org\/wp-content\/uploads\/2024\/03\/Did-You-Know-School-Funding_Make-a-Gift-1.jpg\" \/>\r\n\r\n          <img decoding=\"async\" class=\"mobile-image\" src=\"https:\/\/www.impactoneducation.org\/wp-content\/uploads\/2024\/03\/Did-You-Know-School-Funding_Mobile-Image-1.jpg\" \/>\r\n    \r\n          <div class=\"big-picture-overlay\" style=\"background-color: #ffffff; opacity: 0;\">\r\n      <\/div>\r\n    \r\n    <div class=\"big-picture-content\" style=\"color: #ffffff;\">\r\n\r\n              <h2 style=\"color: #ffffff;\">\r\n          \u00bfSAB\u00cdAS?        <\/h2>\r\n      \r\n              <div class=\"copy copy-white\" style=\"color: #ffffff;\">\r\n          Colorado gasta $3,000 por debajo del promedio nacional por estudiante. Puede ayudar a complementar los fondos del distrito y brindarles a los estudiantes acceso a una educaci\u00f3n excelente y equitativa.        <\/div>\r\n      \r\n              <div class=\"cta\">\r\n          <a class=\"button button-white\" style=\"color: #ffffff; border-color: #ffffff;\" href=\"https:\/\/impactoneducation.donorsupport.co\/-\/XUKTHUDK\" target=\"_self\">Haz un regalo<\/a>\r\n        <\/div>\r\n\r\n      \r\n    <\/div>\r\n\r\n  <\/div>","protected":false},"excerpt":{"rendered":"<p>APOYAR A LOS ESTUDIANTES DE BVSD Es necesario que todos trabajemos juntos para crear un cambio duradero para los estudiantes de nuestra comunidad. Puedes\u2026<\/p>","protected":false},"author":3,"featured_media":0,"parent":0,"menu_order":0,"comment_status":"closed","ping_status":"closed","template":"","meta":{"_acf_changed":false,"_monsterinsights_skip_tracking":false,"_monsterinsights_sitenote_active":false,"_monsterinsights_sitenote_note":"","_monsterinsights_sitenote_category":0,"footnotes":""},"class_list":["post-3388","page","type-page","status-publish","hentry"],"acf":[],"yoast_head":"<!-- This site is optimized with the Yoast SEO plugin v27.1.1 - https:\/\/yoast.com\/product\/yoast-seo-wordpress\/ -->\n<title>Support BVSD Students and Educators &#8211; Impact on Education<\/title>\n<meta name=\"description\" content=\"You can help increase equity and address opportunity gaps among BVSD students by making a gift, volunteering, or building awareness of our work.\" \/>\n<meta name=\"robots\" content=\"index, follow, max-snippet:-1, max-image-preview:large, max-video-preview:-1\" \/>\n<link rel=\"canonical\" href=\"https:\/\/www.impactoneducation.org\/es\/how-to-help\/\" \/>\n<meta property=\"og:locale\" content=\"es_MX\" \/>\n<meta property=\"og:type\" content=\"article\" \/>\n<meta property=\"og:title\" content=\"Support BVSD Students and Educators &#8211; Impact on Education\" \/>\n<meta property=\"og:description\" content=\"You can help increase equity and address opportunity gaps among BVSD students by making a gift, volunteering, or building awareness of our work.\" \/>\n<meta property=\"og:url\" content=\"https:\/\/www.impactoneducation.org\/es\/how-to-help\/\" \/>\n<meta property=\"og:site_name\" content=\"Impact on Education\" \/>\n<meta property=\"article:publisher\" content=\"https:\/\/www.facebook.com\/ImpactonEducation\" \/>\n<meta property=\"article:modified_time\" content=\"2024-03-09T18:54:04+00:00\" \/>\n<meta name=\"twitter:card\" content=\"summary_large_image\" \/>\n<meta name=\"twitter:site\" content=\"@ImpactOnEd\" \/>\n<meta name=\"twitter:label1\" content=\"Tiempo de lectura\" \/>\n\t<meta name=\"twitter:data1\" content=\"1 minuto\" \/>\n<script type=\"application\/ld+json\" class=\"yoast-schema-graph\">{\"@context\":\"https:\/\/schema.org\",\"@graph\":[{\"@type\":\"WebPage\",\"@id\":\"https:\/\/www.impactoneducation.org\/how-to-help\/\",\"url\":\"https:\/\/www.impactoneducation.org\/how-to-help\/\",\"name\":\"Support BVSD Students and Educators &#8211; Impact on Education\",\"isPartOf\":{\"@id\":\"https:\/\/www.impactoneducation.org\/#website\"},\"datePublished\":\"2021-03-15T15:48:52+00:00\",\"dateModified\":\"2024-03-09T18:54:04+00:00\",\"description\":\"You can help increase equity and address opportunity gaps among BVSD students by making a gift, volunteering, or building awareness of our work.\",\"breadcrumb\":{\"@id\":\"https:\/\/www.impactoneducation.org\/how-to-help\/#breadcrumb\"},\"inLanguage\":\"es\",\"potentialAction\":[{\"@type\":\"ReadAction\",\"target\":[\"https:\/\/www.impactoneducation.org\/how-to-help\/\"]}]},{\"@type\":\"BreadcrumbList\",\"@id\":\"https:\/\/www.impactoneducation.org\/how-to-help\/#breadcrumb\",\"itemListElement\":[{\"@type\":\"ListItem\",\"position\":1,\"name\":\"Home\",\"item\":\"https:\/\/www.impactoneducation.org\/\"},{\"@type\":\"ListItem\",\"position\":2,\"name\":\"How to Help\"}]},{\"@type\":\"WebSite\",\"@id\":\"https:\/\/www.impactoneducation.org\/#website\",\"url\":\"https:\/\/www.impactoneducation.org\/\",\"name\":\"Impact on Education\",\"description\":\"Foundation for Boulder Valley Schools\",\"publisher\":{\"@id\":\"https:\/\/www.impactoneducation.org\/#organization\"},\"potentialAction\":[{\"@type\":\"SearchAction\",\"target\":{\"@type\":\"EntryPoint\",\"urlTemplate\":\"https:\/\/www.impactoneducation.org\/?s={search_term_string}\"},\"query-input\":{\"@type\":\"PropertyValueSpecification\",\"valueRequired\":true,\"valueName\":\"search_term_string\"}}],\"inLanguage\":\"es\"},{\"@type\":\"Organization\",\"@id\":\"https:\/\/www.impactoneducation.org\/#organization\",\"name\":\"Impact on Education\",\"url\":\"https:\/\/www.impactoneducation.org\/\",\"logo\":{\"@type\":\"ImageObject\",\"inLanguage\":\"es\",\"@id\":\"https:\/\/www.impactoneducation.org\/#\/schema\/logo\/image\/\",\"url\":\"https:\/\/www.impactoneducation.org\/wp-content\/uploads\/2020\/09\/Impact-logo-poly.png\",\"contentUrl\":\"https:\/\/www.impactoneducation.org\/wp-content\/uploads\/2020\/09\/Impact-logo-poly.png\",\"width\":3455,\"height\":890,\"caption\":\"Impact on Education\"},\"image\":{\"@id\":\"https:\/\/www.impactoneducation.org\/#\/schema\/logo\/image\/\"},\"sameAs\":[\"https:\/\/www.facebook.com\/ImpactonEducation\",\"https:\/\/x.com\/ImpactOnEd\",\"https:\/\/www.instagram.com\/impactoneducation\/\",\"https:\/\/www.youtube.com\/channel\/UCtCaQkVhXiowqiNrIXQ1Lkw\"]}]}<\/script>\n<!-- \/ Yoast SEO plugin. -->","yoast_head_json":{"title":"Apoye a los estudiantes y educadores del BVSD: Impacto en la educaci\u00f3n","description":"Puede ayudar a aumentar la equidad y abordar las brechas de oportunidades entre los estudiantes de BVSD haciendo una donaci\u00f3n, siendo voluntario o creando conciencia sobre nuestro trabajo.","robots":{"index":"index","follow":"follow","max-snippet":"max-snippet:-1","max-image-preview":"max-image-preview:large","max-video-preview":"max-video-preview:-1"},"canonical":"https:\/\/www.impactoneducation.org\/es\/how-to-help\/","og_locale":"es_MX","og_type":"article","og_title":"Support BVSD Students and Educators &#8211; Impact on Education","og_description":"You can help increase equity and address opportunity gaps among BVSD students by making a gift, volunteering, or building awareness of our work.","og_url":"https:\/\/www.impactoneducation.org\/es\/how-to-help\/","og_site_name":"Impact on Education","article_publisher":"https:\/\/www.facebook.com\/ImpactonEducation","article_modified_time":"2024-03-09T18:54:04+00:00","twitter_card":"summary_large_image","twitter_site":"@ImpactOnEd","twitter_misc":{"Tiempo de lectura":"1 minuto"},"schema":{"@context":"https:\/\/schema.org","@graph":[{"@type":"WebPage","@id":"https:\/\/www.impactoneducation.org\/how-to-help\/","url":"https:\/\/www.impactoneducation.org\/how-to-help\/","name":"Apoye a los estudiantes y educadores del BVSD: Impacto en la educaci\u00f3n","isPartOf":{"@id":"https:\/\/www.impactoneducation.org\/#website"},"datePublished":"2021-03-15T15:48:52+00:00","dateModified":"2024-03-09T18:54:04+00:00","description":"Puede ayudar a aumentar la equidad y abordar las brechas de oportunidades entre los estudiantes de BVSD haciendo una donaci\u00f3n, siendo voluntario o creando conciencia sobre nuestro trabajo.","breadcrumb":{"@id":"https:\/\/www.impactoneducation.org\/how-to-help\/#breadcrumb"},"inLanguage":"es","potentialAction":[{"@type":"ReadAction","target":["https:\/\/www.impactoneducation.org\/how-to-help\/"]}]},{"@type":"BreadcrumbList","@id":"https:\/\/www.impactoneducation.org\/how-to-help\/#breadcrumb","itemListElement":[{"@type":"ListItem","position":1,"name":"Home","item":"https:\/\/www.impactoneducation.org\/"},{"@type":"ListItem","position":2,"name":"How to Help"}]},{"@type":"WebSite","@id":"https:\/\/www.impactoneducation.org\/#website","url":"https:\/\/www.impactoneducation.org\/","name":"Impacto en la educaci\u00f3n","description":"Fundaci\u00f3n para las Escuelas del Valle de Boulder","publisher":{"@id":"https:\/\/www.impactoneducation.org\/#organization"},"potentialAction":[{"@type":"SearchAction","target":{"@type":"EntryPoint","urlTemplate":"https:\/\/www.impactoneducation.org\/?s={search_term_string}"},"query-input":{"@type":"PropertyValueSpecification","valueRequired":true,"valueName":"search_term_string"}}],"inLanguage":"es"},{"@type":"Organization","@id":"https:\/\/www.impactoneducation.org\/#organization","name":"Impacto en la educaci\u00f3n","url":"https:\/\/www.impactoneducation.org\/","logo":{"@type":"ImageObject","inLanguage":"es","@id":"https:\/\/www.impactoneducation.org\/#\/schema\/logo\/image\/","url":"https:\/\/www.impactoneducation.org\/wp-content\/uploads\/2020\/09\/Impact-logo-poly.png","contentUrl":"https:\/\/www.impactoneducation.org\/wp-content\/uploads\/2020\/09\/Impact-logo-poly.png","width":3455,"height":890,"caption":"Impact on Education"},"image":{"@id":"https:\/\/www.impactoneducation.org\/#\/schema\/logo\/image\/"},"sameAs":["https:\/\/www.facebook.com\/ImpactonEducation","https:\/\/x.com\/ImpactOnEd","https:\/\/www.instagram.com\/impactoneducation\/","https:\/\/www.youtube.com\/channel\/UCtCaQkVhXiowqiNrIXQ1Lkw"]}]}},"_links":{"self":[{"href":"https:\/\/www.impactoneducation.org\/es\/wp-json\/wp\/v2\/pages\/3388","targetHints":{"allow":["GET"]}}],"collection":[{"href":"https:\/\/www.impactoneducation.org\/es\/wp-json\/wp\/v2\/pages"}],"about":[{"href":"https:\/\/www.impactoneducation.org\/es\/wp-json\/wp\/v2\/types\/page"}],"author":[{"embeddable":true,"href":"https:\/\/www.impactoneducation.org\/es\/wp-json\/wp\/v2\/users\/3"}],"replies":[{"embeddable":true,"href":"https:\/\/www.impactoneducation.org\/es\/wp-json\/wp\/v2\/comments?post=3388"}],"version-history":[{"count":35,"href":"https:\/\/www.impactoneducation.org\/es\/wp-json\/wp\/v2\/pages\/3388\/revisions"}],"predecessor-version":[{"id":10717,"href":"https:\/\/www.impactoneducation.org\/es\/wp-json\/wp\/v2\/pages\/3388\/revisions\/10717"}],"wp:attachment":[{"href":"https:\/\/www.impactoneducation.org\/es\/wp-json\/wp\/v2\/media?parent=3388"}],"curies":[{"name":"gracias","href":"https:\/\/api.w.org\/{rel}","templated":true}]}}