{"id":35,"date":"2020-02-06T21:32:48","date_gmt":"2020-02-06T21:32:48","guid":{"rendered":"https:\/\/www.impactoneducation.org\/?page_id=35"},"modified":"2025-12-15T15:10:55","modified_gmt":"2025-12-15T15:10:55","slug":"financials","status":"publish","type":"page","link":"https:\/\/www.impactoneducation.org\/es\/who-we-are\/financials\/","title":{"rendered":"Finanzas"},"content":{"rendered":"<div id=\"block_f59ce1dc3a754270ee616828d404d6ff\" class=\"page-header  full-width\">\r\n\r\n  <div class=\"page-header-title\">\r\n    <h1>Finanzas<\/h1>\r\n  <\/div>\r\n\r\n  <div class=\"page-header-image\"><\/div>\r\n\r\n<\/div>\r\n\n\n\n<div style=\"height:50px\" aria-hidden=\"true\" class=\"wp-block-spacer\"><\/div>\n\n\n\n<div class=\"wp-block-columns is-layout-flex wp-container-core-columns-is-layout-9d6595d7 wp-block-columns-is-layout-flex\">\n<div class=\"wp-block-column is-layout-flow wp-block-column-is-layout-flow\" style=\"flex-basis:5%\"><\/div>\n\n\n\n<div class=\"wp-block-column is-layout-flow wp-block-column-is-layout-flow\" style=\"flex-basis:70%\">\n<p>Impact on Education goza de una s\u00f3lida situaci\u00f3n financiera y cumple con los requisitos de informaci\u00f3n estatales y federales. Nuestro Comit\u00e9 de Finanzas y Auditor\u00eda se re\u00fane mensualmente para revisar los estados financieros y las pr\u00e1cticas, y contrata anualmente a un auditor externo para revisar y certificar nuestros registros financieros. Actualmente, nuestro a\u00f1o fiscal abarca del 1 de julio al 30 de junio.<\/p>\n\n\n\n<h2 class=\"wp-block-heading\">Modelo 990<\/h2>\n\n\n\n<p>Nuestro formulario 990 del IRS se puede ver en nuestro perfil de <a href=\"https:\/\/www.guidestar.org\/profile\/84-0943046\" target=\"_blank\" rel=\"noreferrer noopener\">Candid.org<\/a> o disponible previa solicitud en <a href=\"mailto:info@impactoneducation.org\">info@impactoneducation.org<\/a>.<\/p>\n<\/div>\n\n\n\n<div class=\"wp-block-column is-layout-flow wp-block-column-is-layout-flow\" style=\"flex-basis:15%\">\n<a href=\"https:\/\/app.candid.org\/profile\/8250091\/impact-on-education\/?pkId=b6d46929-3721-4a6d-a942-d571db155b45&#038;isActive=true\" target=\"_blank\" rel=\"noopener\"><\/a><p style=\"text-align:center;\"><a href=\"https:\/\/www.guidestar.org\/profile\/84-0943046\" target=\"_blank\" rel=\"noopener\"><img loading=\"lazy\" decoding=\"async\" src=\"https:\/\/widgets.guidestar.org\/gximage2?o=8250091&amp;l=v4\" width=\"140\" height=\"140\"><\/a><\/p>\n<\/div>\n<\/div>\n\n\n\n<div class=\"wp-block-columns is-layout-flex wp-container-core-columns-is-layout-9d6595d7 wp-block-columns-is-layout-flex\">\n<div class=\"wp-block-column is-layout-flow wp-block-column-is-layout-flow\" style=\"flex-basis:5%\"><\/div>\n\n\n\n<div class=\"wp-block-column is-layout-flow wp-block-column-is-layout-flow\" style=\"flex-basis:90%\">\n<h2 class=\"wp-block-heading fancy\">Informe de impacto del a\u00f1o fiscal 24-25<\/h2>\n\n\n\n<div style=\"height:13px\" aria-hidden=\"true\" class=\"wp-block-spacer\"><\/div>\n\n\n\n<iframe loading=\"lazy\" style=\"border: 1px solid #777;\" src=\"https:\/\/indd.adobe.com\/embed\/fb3563b1-c361-4f18-b3dc-a273851ac71d?startpage=1&#038;allowFullscreen=true\" width=\"100%\" height=\"400px\" frameborder=\"0\" allowfullscreen=\"\"><\/iframe>\n\n\n\n<div class=\"wp-block-columns is-layout-flex wp-container-core-columns-is-layout-9d6595d7 wp-block-columns-is-layout-flex\">\n<div class=\"wp-block-column is-layout-flow wp-block-column-is-layout-flow\" style=\"flex-basis:90%\">\n<h2 class=\"wp-block-heading\">Informes anteriores<\/h2>\n\n\n\n<ul class=\"wp-block-list\">\n<li><a href=\"https:\/\/www.impactoneducation.org\/wp-content\/uploads\/2024\/10\/FY24-Impact-Report_Impact-on-Education-websize.pdf\" target=\"_blank\" rel=\"noreferrer noopener\">Informe de impacto del a\u00f1o fiscal 2023-24<\/a><\/li>\n\n\n\n<li><a href=\"https:\/\/www.impactoneducation.org\/wp-content\/uploads\/2023\/12\/2023-Annual-Impact-Report_Impact-on-Education.pdf\">Informe de impacto 2023<\/a><\/li>\n\n\n\n<li><a href=\"https:\/\/www.impactoneducation.org\/wp-content\/uploads\/2022\/12\/2022-Impact-Report_Web-PDF.pdf\" target=\"_blank\" rel=\"noreferrer noopener\">Informe de impacto 2022<\/a><\/li>\n\n\n\n<li><a href=\"https:\/\/www.impactoneducation.org\/wp-content\/uploads\/2022\/06\/2022-Spring-Impact-Report_Web-PDF.pdf\" target=\"_blank\" rel=\"noreferrer noopener\">Informe de impacto de la primavera de 2022<\/a><\/li>\n\n\n\n<li><a href=\"https:\/\/www.impactoneducation.org\/wp-content\/uploads\/2021\/07\/IOE-2021-Spring-Impact-Report_Online-PDF.pdf\" target=\"_blank\" rel=\"noreferrer noopener\">Informe de impacto de primavera de 2021<\/a><\/li>\n\n\n\n<li><a href=\"https:\/\/www.impactoneducation.org\/wp-content\/uploads\/2021\/02\/Fall-2020_Impact-Report.pdf\" target=\"_blank\" rel=\"noreferrer noopener\">Informe de impacto de oto\u00f1o de 2020<\/a><\/li>\n\n\n\n<li><a href=\"https:\/\/www.impactoneducation.org\/wp-content\/uploads\/2020\/03\/IoE_AnnualReport2018_final-bleed.pdf\" target=\"_blank\" rel=\"noreferrer noopener\">Informe anual 2018-19<\/a><\/li>\n<\/ul>\n<\/div>\n<\/div>\n<\/div>\n\n\n\n<div class=\"wp-block-column is-layout-flow wp-block-column-is-layout-flow\" style=\"flex-basis:5%\"><\/div>\n<\/div>\n\n\n\n<div style=\"height:30px\" aria-hidden=\"true\" class=\"wp-block-spacer\"><\/div>\n\n\n\r\n\r\n  <div id=\"block_7bcfbd56a412f4366ec440bed5d09170\" class=\"big-picture  full-width\">\r\n\r\n    <img decoding=\"async\" class=\"desktop-image\" src=\"https:\/\/www.impactoneducation.org\/wp-content\/uploads\/2024\/03\/Monthly-Giving_Make-a-Gift.jpg\" \/>\r\n\r\n          <img decoding=\"async\" class=\"mobile-image\" src=\"https:\/\/www.impactoneducation.org\/wp-content\/uploads\/2024\/03\/Monthly-Giving_Mobile-Image.jpg\" \/>\r\n    \r\n          <div class=\"big-picture-overlay\" style=\"background-color: #000000; opacity: 0;\">\r\n      <\/div>\r\n    \r\n    <div class=\"big-picture-content\" style=\"color: #ffffff;\">\r\n\r\n              <h2 style=\"color: #ffffff;\">\r\n          \u00daNETE AL CLUB DE BR\u00daJULA        <\/h2>\r\n      \r\n              <div class=\"copy copy-white\" style=\"color: #ffffff;\">\r\n          Elegir convertirse en patrocinador mensual de Impacto en la Educaci\u00f3n es una forma simple pero poderosa de marcar la diferencia. Al unirte a nuestro programa de donaciones mensuales, ser\u00e1s parte de una comunidad de personas con ideas afines y apasionadas por apoyar a los estudiantes locales como t\u00fa.        <\/div>\r\n      \r\n              <div class=\"cta\">\r\n          <a class=\"button button-white\" style=\"color: #ffffff; border-color: #ffffff;\" href=\"https:\/\/www.impactoneducation.org\/es\/ways-to-give\/compass-club\/\" target=\"_blank\">Aprende m\u00e1s<\/a>\r\n        <\/div>\r\n\r\n      \r\n    <\/div>\r\n\r\n  <\/div>\r\n\n\n\r\n<div id=\"block_3b3a5117d5be614e3c47f45dd52729c0\" class=\"news wrapper with-sidebar\">\r\n  <div class=\"content\">\r\n\r\n          <div class=\"news-sidebar\">\r\n\r\n                  <h2 class=\"fancy\">\r\n            HISTORIAS RECIENTES          <\/h2>\r\n        \r\n        \r\n        \r\n      <\/div>\r\n    \r\n    <div class=\"news-posts\">\r\n\r\n      \r\n        <!-- the loop -->\r\n                  \r\n          <div class=\"post-summary\">\r\n            <div class=\"post-image\">\r\n              <img decoding=\"async\" data-object-fit=\"cover\" data-object-position=\"center\" src=\"https:\/\/www.impactoneducation.org\/wp-content\/uploads\/2025\/12\/Web-Blog-Header-1024x512-9-1024x512.jpg\" alt=\"BVSD teachers, alumni, and local volunteers thumbnail images from top blogs\" \/>\r\n            <\/div>\r\n            <div class=\"post-content\">\r\n\r\n              <h4 class=\"post-title\">Las 10 historias m\u00e1s importantes de este a\u00f1o: Impacto comunitario en BVSD<\/h4>\r\n              <div class=\"post-excerpt\">\r\n                <p>Al recordar el 2025, nos enorgullece c\u00f3mo esta comunidad apoy\u00f3 a los estudiantes, educadores y escuelas p\u00fablicas del Valle de Boulder. Consulten los blogs m\u00e1s populares de este a\u00f1o para ver el impacto que contribuyeron a hacer posible y conocer mejor a las personas que impulsan el cambio. <\/p>\n              <\/div>\r\n\r\n              <div class=\"post-read-more\">\r\n                <a class=\"button button-blue-green\" href=\"https:\/\/www.impactoneducation.org\/es\/2025\/12\/18\/top-10-stories-this-year-community-impact-in-bvsd\/\">Lee mas<\/a>\r\n              <\/div>\r\n\r\n            <\/div>\r\n          <\/div>\r\n\r\n                            \r\n          <div class=\"post-summary\">\r\n            <div class=\"post-image\">\r\n              <img decoding=\"async\" data-object-fit=\"cover\" data-object-position=\"center\" src=\"https:\/\/www.impactoneducation.org\/wp-content\/uploads\/2024\/12\/Untitled-design.png\" alt=\"\" \/>\r\n            <\/div>\r\n            <div class=\"post-content\">\r\n\r\n              <h4 class=\"post-title\">De estudiante de primera generaci\u00f3n a estudiante universitario de primer a\u00f1o: la trayectoria de Jair Ortega<\/h4>\r\n              <div class=\"post-excerpt\">\r\n                <p>Jair Ortega naci\u00f3 y se cri\u00f3 en Boulder. El campus de la Universidad de Colorado ocupaba un lugar preponderante en su vida. Para \u00e9l, era un s\u00edmbolo de oportunidad, aunque parec\u00eda algo inalcanzable. Jair se destac\u00f3 en la escuela, en particular en matem\u00e1ticas, pero las finanzas familiares ajustadas hicieron que afrontar el costo de la educaci\u00f3n fuera un desaf\u00edo desde una edad temprana. \u201cSiempre pens\u00e9 que la universidad ser\u00eda parte de mi historia\u201d, dijo Jair. \u201cPero las realidades financieras hicieron que pareciera que nunca podr\u00eda pagarla\u201d.<\/p>\n              <\/div>\r\n\r\n              <div class=\"post-read-more\">\r\n                <a class=\"button button-blue-green\" href=\"https:\/\/www.impactoneducation.org\/es\/2024\/12\/31\/from-a-first-generation-student-to-a-college-freshman-jair-ortegas-journey\/\">Lee mas<\/a>\r\n              <\/div>\r\n\r\n            <\/div>\r\n          <\/div>\r\n\r\n                            \r\n          <div class=\"post-summary\">\r\n            <div class=\"post-image\">\r\n              <img decoding=\"async\" data-object-fit=\"cover\" data-object-position=\"center\" src=\"https:\/\/www.impactoneducation.org\/wp-content\/uploads\/2024\/12\/Top-10-Blogs_2024-1024x512.png\" alt=\"\" \/>\r\n            <\/div>\r\n            <div class=\"post-content\">\r\n\r\n              <h4 class=\"post-title\">Un a\u00f1o en revisi\u00f3n: nuestras 10 mejores publicaciones de blog de 2024<\/h4>\r\n              <div class=\"post-excerpt\">\r\n                <p>A medida que 2024 se acerca a su fin, nuestro equipo ha estado reflexionando sobre lo que hemos logrado este a\u00f1o gracias al poder de nuestra comunidad. Estamos orgullosos de compartir nuestras 10 publicaciones de blog m\u00e1s populares, cada una de las cuales captura un momento de impacto \u00fanico.<\/p>\n              <\/div>\r\n\r\n              <div class=\"post-read-more\">\r\n                <a class=\"button button-blue-green\" href=\"https:\/\/www.impactoneducation.org\/es\/2024\/12\/30\/a-year-in-review-our-top-10-blog-posts-of-2024\/\">Lee mas<\/a>\r\n              <\/div>\r\n\r\n            <\/div>\r\n          <\/div>\r\n\r\n                            \r\n          <div class=\"post-summary\">\r\n            <div class=\"post-image\">\r\n              <img decoding=\"async\" data-object-fit=\"cover\" data-object-position=\"center\" src=\"https:\/\/www.impactoneducation.org\/wp-content\/uploads\/2024\/03\/1-2.jpg\" alt=\"\" \/>\r\n            <\/div>\r\n            <div class=\"post-content\">\r\n\r\n              <h4 class=\"post-title\">Career Readiness Academy brinda a los estudiantes habilidades para ingresar a la fuerza laboral<\/h4>\r\n              <div class=\"post-excerpt\">\r\n                <p>La globalizaci\u00f3n y la pandemia de COVID-19 desencadenaron un nuevo mundo laboral que solo se ha visto exacerbado por la inteligencia artificial, el trabajo temporal y los avances tecnol\u00f3gicos. Para tener \u00e9xito, los estudiantes necesitan habilidades flexibles que les permitan adaptarse y crecer en una econom\u00eda en constante cambio. Los expertos dicen que para tener \u00e9xito, los estudiantes deben comenzar a pensar en el mundo del trabajo mucho antes que las generaciones anteriores. Es por eso que brindamos a los estudiantes acceso a un programa extracurricular, Career Readiness Academy, que adopta este enfoque fluido para la preparaci\u00f3n profesional. Este a\u00f1o, el programa se ofrecer\u00e1 a los estudiantes de d\u00e9cimo grado en Boulder High, Broomfield High y Centaurus High, y partes del plan de estudios tambi\u00e9n estar\u00e1n disponibles para los estudiantes de Arapahoe Ridge.<\/p>\n              <\/div>\r\n\r\n              <div class=\"post-read-more\">\r\n                <a class=\"button button-blue-green\" href=\"https:\/\/www.impactoneducation.org\/es\/2024\/10\/14\/career-readiness-academy-gives-students-skills-to-enter-the-workforce\/\">Lee mas<\/a>\r\n              <\/div>\r\n\r\n            <\/div>\r\n          <\/div>\r\n\r\n                          <!-- end of the loop -->\r\n\r\n        \r\n        \r\n      \r\n    <\/div>\r\n\r\n  <\/div>\r\n<\/div>\r\n\n\n\r\n\r\n  <div id=\"block_988928baec425d1f460d2d28972b7d54\" class=\"big-picture  full-width\">\r\n\r\n    <img decoding=\"async\" class=\"desktop-image\" src=\"https:\/\/www.impactoneducation.org\/wp-content\/uploads\/2022\/08\/Website_Desktop-Images-1-1.jpg\" \/>\r\n\r\n          <img decoding=\"async\" class=\"mobile-image\" src=\"https:\/\/www.impactoneducation.org\/wp-content\/uploads\/2022\/08\/Website_Mobile-Images-1-1.jpg\" \/>\r\n    \r\n          <div class=\"big-picture-overlay\" style=\"background-color: #000000; opacity: 0;\">\r\n      <\/div>\r\n    \r\n    <div class=\"big-picture-content\" style=\"color: #ffffff;\">\r\n\r\n              <h2 style=\"color: #ffffff;\">\r\n          NUESTRO TRABAJO        <\/h2>\r\n      \r\n              <div class=\"copy copy-white\" style=\"color: #ffffff;\">\r\n          Desde 1983, hemos proporcionado fondos y recursos suplementarios a estudiantes y educadores para ampliar lo que es posible en educaci\u00f3n. Nuestros programas e inversiones ayudan a garantizar que los estudiantes que enfrentan las mayores barreras para el \u00e9xito tengan acceso a las mismas oportunidades de aprendizaje que sus compa\u00f1eros.        <\/div>\r\n      \r\n              <div class=\"cta\">\r\n          <a class=\"button button-white\" style=\"color: #ffffff; border-color: #ffffff;\" href=\"https:\/\/www.impactoneducation.org\/es\/what-we-do\/\" target=\"_blank\">Lo que hacemos<\/a>\r\n        <\/div>\r\n\r\n      \r\n    <\/div>\r\n\r\n  <\/div>","protected":false},"excerpt":{"rendered":"<p>El impacto en la educaci\u00f3n es financieramente s\u00f3lido y cumple con los requisitos de informes estatales y federales. Finanzas y ...<\/p>","protected":false},"author":1,"featured_media":0,"parent":20,"menu_order":0,"comment_status":"closed","ping_status":"closed","template":"","meta":{"_acf_changed":false,"_monsterinsights_skip_tracking":false,"_monsterinsights_sitenote_active":false,"_monsterinsights_sitenote_note":"","_monsterinsights_sitenote_category":0,"footnotes":""},"class_list":["post-35","page","type-page","status-publish","hentry"],"acf":[],"yoast_head":"<!-- This site is optimized with the Yoast SEO plugin v27.1.1 - https:\/\/yoast.com\/product\/yoast-seo-wordpress\/ -->\n<title>Financials &#8211; Impact on Education<\/title>\n<meta name=\"description\" content=\"Find information about our nonprofit including how to access our Form 990 and view recent reports about the impact of our work across BVSD.\" \/>\n<meta name=\"robots\" content=\"index, follow, max-snippet:-1, max-image-preview:large, max-video-preview:-1\" \/>\n<link rel=\"canonical\" href=\"https:\/\/www.impactoneducation.org\/es\/who-we-are\/financials\/\" \/>\n<meta property=\"og:locale\" content=\"es_MX\" \/>\n<meta property=\"og:type\" content=\"article\" \/>\n<meta property=\"og:title\" content=\"Financials &#8211; Impact on Education\" \/>\n<meta property=\"og:description\" content=\"Find information about our nonprofit including how to access our Form 990 and view recent reports about the impact of our work across BVSD.\" \/>\n<meta property=\"og:url\" content=\"https:\/\/www.impactoneducation.org\/es\/who-we-are\/financials\/\" \/>\n<meta property=\"og:site_name\" content=\"Impact on Education\" \/>\n<meta property=\"article:publisher\" content=\"https:\/\/www.facebook.com\/ImpactonEducation\" \/>\n<meta property=\"article:modified_time\" content=\"2025-12-15T15:10:55+00:00\" \/>\n<meta property=\"og:image\" content=\"https:\/\/www.impactoneducation.org\/wp-content\/uploads\/2022\/11\/Website_Mobile-Images-2.jpg\" \/>\n\t<meta property=\"og:image:width\" content=\"1024\" \/>\n\t<meta property=\"og:image:height\" content=\"800\" \/>\n\t<meta property=\"og:image:type\" content=\"image\/jpeg\" \/>\n<meta name=\"twitter:card\" content=\"summary_large_image\" \/>\n<meta name=\"twitter:image\" content=\"https:\/\/www.impactoneducation.org\/wp-content\/uploads\/2022\/11\/Website_Mobile-Images-2.jpg\" \/>\n<meta name=\"twitter:site\" content=\"@ImpactOnEd\" \/>\n<meta name=\"twitter:label1\" content=\"Tiempo de lectura\" \/>\n\t<meta name=\"twitter:data1\" content=\"4 minutos\" \/>\n<script type=\"application\/ld+json\" class=\"yoast-schema-graph\">{\"@context\":\"https:\/\/schema.org\",\"@graph\":[{\"@type\":\"WebPage\",\"@id\":\"https:\/\/www.impactoneducation.org\/who-we-are\/financials\/\",\"url\":\"https:\/\/www.impactoneducation.org\/who-we-are\/financials\/\",\"name\":\"Financials &#8211; Impact on Education\",\"isPartOf\":{\"@id\":\"https:\/\/www.impactoneducation.org\/#website\"},\"primaryImageOfPage\":{\"@id\":\"https:\/\/www.impactoneducation.org\/who-we-are\/financials\/#primaryimage\"},\"image\":{\"@id\":\"https:\/\/www.impactoneducation.org\/who-we-are\/financials\/#primaryimage\"},\"thumbnailUrl\":\"https:\/\/widgets.guidestar.org\/gximage2?o=8250091&amp;l=v4\",\"datePublished\":\"2020-02-06T21:32:48+00:00\",\"dateModified\":\"2025-12-15T15:10:55+00:00\",\"description\":\"Find information about our nonprofit including how to access our Form 990 and view recent reports about the impact of our work across BVSD.\",\"breadcrumb\":{\"@id\":\"https:\/\/www.impactoneducation.org\/who-we-are\/financials\/#breadcrumb\"},\"inLanguage\":\"es\",\"potentialAction\":[{\"@type\":\"ReadAction\",\"target\":[\"https:\/\/www.impactoneducation.org\/who-we-are\/financials\/\"]}]},{\"@type\":\"ImageObject\",\"inLanguage\":\"es\",\"@id\":\"https:\/\/www.impactoneducation.org\/who-we-are\/financials\/#primaryimage\",\"url\":\"https:\/\/widgets.guidestar.org\/gximage2?o=8250091&amp;l=v4\",\"contentUrl\":\"https:\/\/widgets.guidestar.org\/gximage2?o=8250091&amp;l=v4\"},{\"@type\":\"BreadcrumbList\",\"@id\":\"https:\/\/www.impactoneducation.org\/who-we-are\/financials\/#breadcrumb\",\"itemListElement\":[{\"@type\":\"ListItem\",\"position\":1,\"name\":\"Home\",\"item\":\"https:\/\/www.impactoneducation.org\/\"},{\"@type\":\"ListItem\",\"position\":2,\"name\":\"Mission, Vision, Values\",\"item\":\"https:\/\/www.impactoneducation.org\/who-we-are\/\"},{\"@type\":\"ListItem\",\"position\":3,\"name\":\"Financials\"}]},{\"@type\":\"WebSite\",\"@id\":\"https:\/\/www.impactoneducation.org\/#website\",\"url\":\"https:\/\/www.impactoneducation.org\/\",\"name\":\"Impact on Education\",\"description\":\"Foundation for Boulder Valley Schools\",\"publisher\":{\"@id\":\"https:\/\/www.impactoneducation.org\/#organization\"},\"potentialAction\":[{\"@type\":\"SearchAction\",\"target\":{\"@type\":\"EntryPoint\",\"urlTemplate\":\"https:\/\/www.impactoneducation.org\/?s={search_term_string}\"},\"query-input\":{\"@type\":\"PropertyValueSpecification\",\"valueRequired\":true,\"valueName\":\"search_term_string\"}}],\"inLanguage\":\"es\"},{\"@type\":\"Organization\",\"@id\":\"https:\/\/www.impactoneducation.org\/#organization\",\"name\":\"Impact on Education\",\"url\":\"https:\/\/www.impactoneducation.org\/\",\"logo\":{\"@type\":\"ImageObject\",\"inLanguage\":\"es\",\"@id\":\"https:\/\/www.impactoneducation.org\/#\/schema\/logo\/image\/\",\"url\":\"https:\/\/www.impactoneducation.org\/wp-content\/uploads\/2020\/09\/Impact-logo-poly.png\",\"contentUrl\":\"https:\/\/www.impactoneducation.org\/wp-content\/uploads\/2020\/09\/Impact-logo-poly.png\",\"width\":3455,\"height\":890,\"caption\":\"Impact on Education\"},\"image\":{\"@id\":\"https:\/\/www.impactoneducation.org\/#\/schema\/logo\/image\/\"},\"sameAs\":[\"https:\/\/www.facebook.com\/ImpactonEducation\",\"https:\/\/x.com\/ImpactOnEd\",\"https:\/\/www.instagram.com\/impactoneducation\/\",\"https:\/\/www.youtube.com\/channel\/UCtCaQkVhXiowqiNrIXQ1Lkw\"]}]}<\/script>\n<!-- \/ Yoast SEO plugin. -->","yoast_head_json":{"title":"Finanzas \u2013 Impacto en la educaci\u00f3n","description":"Encuentre informaci\u00f3n sobre nuestra organizaci\u00f3n sin fines de lucro, incluido c\u00f3mo acceder a nuestro Formulario 990 y ver informes recientes sobre el impacto de nuestro trabajo en BVSD.","robots":{"index":"index","follow":"follow","max-snippet":"max-snippet:-1","max-image-preview":"max-image-preview:large","max-video-preview":"max-video-preview:-1"},"canonical":"https:\/\/www.impactoneducation.org\/es\/who-we-are\/financials\/","og_locale":"es_MX","og_type":"article","og_title":"Financials &#8211; Impact on Education","og_description":"Find information about our nonprofit including how to access our Form 990 and view recent reports about the impact of our work across BVSD.","og_url":"https:\/\/www.impactoneducation.org\/es\/who-we-are\/financials\/","og_site_name":"Impact on Education","article_publisher":"https:\/\/www.facebook.com\/ImpactonEducation","article_modified_time":"2025-12-15T15:10:55+00:00","og_image":[{"width":1024,"height":800,"url":"https:\/\/www.impactoneducation.org\/wp-content\/uploads\/2022\/11\/Website_Mobile-Images-2.jpg","type":"image\/jpeg"}],"twitter_card":"summary_large_image","twitter_image":"https:\/\/www.impactoneducation.org\/wp-content\/uploads\/2022\/11\/Website_Mobile-Images-2.jpg","twitter_site":"@ImpactOnEd","twitter_misc":{"Tiempo de lectura":"4 minutos"},"schema":{"@context":"https:\/\/schema.org","@graph":[{"@type":"WebPage","@id":"https:\/\/www.impactoneducation.org\/who-we-are\/financials\/","url":"https:\/\/www.impactoneducation.org\/who-we-are\/financials\/","name":"Finanzas \u2013 Impacto en la educaci\u00f3n","isPartOf":{"@id":"https:\/\/www.impactoneducation.org\/#website"},"primaryImageOfPage":{"@id":"https:\/\/www.impactoneducation.org\/who-we-are\/financials\/#primaryimage"},"image":{"@id":"https:\/\/www.impactoneducation.org\/who-we-are\/financials\/#primaryimage"},"thumbnailUrl":"https:\/\/widgets.guidestar.org\/gximage2?o=8250091&amp;l=v4","datePublished":"2020-02-06T21:32:48+00:00","dateModified":"2025-12-15T15:10:55+00:00","description":"Encuentre informaci\u00f3n sobre nuestra organizaci\u00f3n sin fines de lucro, incluido c\u00f3mo acceder a nuestro Formulario 990 y ver informes recientes sobre el impacto de nuestro trabajo en BVSD.","breadcrumb":{"@id":"https:\/\/www.impactoneducation.org\/who-we-are\/financials\/#breadcrumb"},"inLanguage":"es","potentialAction":[{"@type":"ReadAction","target":["https:\/\/www.impactoneducation.org\/who-we-are\/financials\/"]}]},{"@type":"ImageObject","inLanguage":"es","@id":"https:\/\/www.impactoneducation.org\/who-we-are\/financials\/#primaryimage","url":"https:\/\/widgets.guidestar.org\/gximage2?o=8250091&amp;l=v4","contentUrl":"https:\/\/widgets.guidestar.org\/gximage2?o=8250091&amp;l=v4"},{"@type":"BreadcrumbList","@id":"https:\/\/www.impactoneducation.org\/who-we-are\/financials\/#breadcrumb","itemListElement":[{"@type":"ListItem","position":1,"name":"Home","item":"https:\/\/www.impactoneducation.org\/"},{"@type":"ListItem","position":2,"name":"Mission, Vision, Values","item":"https:\/\/www.impactoneducation.org\/who-we-are\/"},{"@type":"ListItem","position":3,"name":"Financials"}]},{"@type":"WebSite","@id":"https:\/\/www.impactoneducation.org\/#website","url":"https:\/\/www.impactoneducation.org\/","name":"Impacto en la educaci\u00f3n","description":"Fundaci\u00f3n para las Escuelas del Valle de Boulder","publisher":{"@id":"https:\/\/www.impactoneducation.org\/#organization"},"potentialAction":[{"@type":"SearchAction","target":{"@type":"EntryPoint","urlTemplate":"https:\/\/www.impactoneducation.org\/?s={search_term_string}"},"query-input":{"@type":"PropertyValueSpecification","valueRequired":true,"valueName":"search_term_string"}}],"inLanguage":"es"},{"@type":"Organization","@id":"https:\/\/www.impactoneducation.org\/#organization","name":"Impacto en la educaci\u00f3n","url":"https:\/\/www.impactoneducation.org\/","logo":{"@type":"ImageObject","inLanguage":"es","@id":"https:\/\/www.impactoneducation.org\/#\/schema\/logo\/image\/","url":"https:\/\/www.impactoneducation.org\/wp-content\/uploads\/2020\/09\/Impact-logo-poly.png","contentUrl":"https:\/\/www.impactoneducation.org\/wp-content\/uploads\/2020\/09\/Impact-logo-poly.png","width":3455,"height":890,"caption":"Impact on Education"},"image":{"@id":"https:\/\/www.impactoneducation.org\/#\/schema\/logo\/image\/"},"sameAs":["https:\/\/www.facebook.com\/ImpactonEducation","https:\/\/x.com\/ImpactOnEd","https:\/\/www.instagram.com\/impactoneducation\/","https:\/\/www.youtube.com\/channel\/UCtCaQkVhXiowqiNrIXQ1Lkw"]}]}},"_links":{"self":[{"href":"https:\/\/www.impactoneducation.org\/es\/wp-json\/wp\/v2\/pages\/35","targetHints":{"allow":["GET"]}}],"collection":[{"href":"https:\/\/www.impactoneducation.org\/es\/wp-json\/wp\/v2\/pages"}],"about":[{"href":"https:\/\/www.impactoneducation.org\/es\/wp-json\/wp\/v2\/types\/page"}],"author":[{"embeddable":true,"href":"https:\/\/www.impactoneducation.org\/es\/wp-json\/wp\/v2\/users\/1"}],"replies":[{"embeddable":true,"href":"https:\/\/www.impactoneducation.org\/es\/wp-json\/wp\/v2\/comments?post=35"}],"version-history":[{"count":98,"href":"https:\/\/www.impactoneducation.org\/es\/wp-json\/wp\/v2\/pages\/35\/revisions"}],"predecessor-version":[{"id":12854,"href":"https:\/\/www.impactoneducation.org\/es\/wp-json\/wp\/v2\/pages\/35\/revisions\/12854"}],"up":[{"embeddable":true,"href":"https:\/\/www.impactoneducation.org\/es\/wp-json\/wp\/v2\/pages\/20"}],"wp:attachment":[{"href":"https:\/\/www.impactoneducation.org\/es\/wp-json\/wp\/v2\/media?parent=35"}],"curies":[{"name":"gracias","href":"https:\/\/api.w.org\/{rel}","templated":true}]}}