{"id":37,"date":"2020-02-06T21:33:03","date_gmt":"2020-02-06T21:33:03","guid":{"rendered":"https:\/\/www.impactoneducation.org\/?page_id=37"},"modified":"2024-03-09T19:35:14","modified_gmt":"2024-03-09T19:35:14","slug":"contact-us","status":"publish","type":"page","link":"https:\/\/www.impactoneducation.org\/es\/who-we-are\/contact-us\/","title":{"rendered":"Cont\u00e1ctenos"},"content":{"rendered":"<div id=\"block_a6256511bfc1610e55b8b022cdc18946\" class=\"page-header  full-width\">\r\n\r\n  <div class=\"page-header-title\">\r\n    <h1>Nos encantar\u00eda saber de ti<\/h1>\r\n  <\/div>\r\n\r\n  <div class=\"page-header-image\"><\/div>\r\n\r\n<\/div>\r\n\n\n\n<div style=\"height:50px\" aria-hidden=\"true\" class=\"wp-block-spacer\"><\/div>\n\n\n\n<h2 class=\"wp-block-heading has-text-align-center fancy\">CONT\u00c1CTENOS<\/h2>\n\n\n\n<p class=\"has-text-align-center\" style=\"font-size:18px\">Nos encantar\u00eda escuchar sus ideas, comentarios y preguntas. Aqu\u00ed le mostramos c\u00f3mo ponerse en contacto con nosotros:<br><\/p>\n\n\n\n<div class=\"wp-block-columns is-layout-flex wp-container-core-columns-is-layout-9d6595d7 wp-block-columns-is-layout-flex\">\n<div class=\"wp-block-column is-layout-flow wp-block-column-is-layout-flow\"><div class=\"wp-block-image\">\n<figure class=\"aligncenter size-large is-resized\"><img loading=\"lazy\" decoding=\"async\" width=\"300\" height=\"300\" src=\"https:\/\/www.impactoneducation.org\/wp-content\/uploads\/2021\/03\/phone-icon.png\" alt=\"\" class=\"wp-image-3318\" style=\"aspect-ratio:1;width:135px;height:auto\" srcset=\"https:\/\/www.impactoneducation.org\/wp-content\/uploads\/2021\/03\/phone-icon.png 300w, https:\/\/www.impactoneducation.org\/wp-content\/uploads\/2021\/03\/phone-icon-150x150.png 150w, https:\/\/www.impactoneducation.org\/wp-content\/uploads\/2021\/03\/phone-icon-12x12.png 12w\" sizes=\"auto, (max-width: 300px) 100vw, 300px\" \/><\/figure>\n<\/div>\n\n\n<p class=\"has-text-align-center\" style=\"font-size:18px\">303-524-3865<\/p>\n<\/div>\n\n\n\n<div class=\"wp-block-column is-layout-flow wp-block-column-is-layout-flow\"><div class=\"wp-block-image\">\n<figure class=\"aligncenter size-large is-resized\"><a href=\"https:\/\/www.google.com\/maps\/place\/721+Front+St,+Louisville,+CO+80027\/data=!4m2!3m1!1s0x876bf35e90bb2c45:0x17403b08531f50c4?sa=X&amp;ved=2ahUKEwjv9-WUpa7vAhVHHc0KHRMjDL4Q8gEwAHoECAgQAQ\" target=\"_blank\" rel=\"noopener\"><img loading=\"lazy\" decoding=\"async\" width=\"300\" height=\"300\" src=\"https:\/\/www.impactoneducation.org\/wp-content\/uploads\/2021\/03\/building-icon.png\" alt=\"\" class=\"wp-image-3319\" style=\"aspect-ratio:1;width:147px;height:auto\" srcset=\"https:\/\/www.impactoneducation.org\/wp-content\/uploads\/2021\/03\/building-icon.png 300w, https:\/\/www.impactoneducation.org\/wp-content\/uploads\/2021\/03\/building-icon-150x150.png 150w, https:\/\/www.impactoneducation.org\/wp-content\/uploads\/2021\/03\/building-icon-12x12.png 12w\" sizes=\"auto, (max-width: 300px) 100vw, 300px\" \/><\/a><\/figure>\n<\/div>\n\n\n<p class=\"has-text-align-center\" style=\"font-size:18px\">721 Front Street, Suite A<br>Louisville, CO 80027<br><a href=\"https:\/\/www.google.com\/maps\/place\/721+Front+St,+Louisville,+CO+80027\/data=!4m2!3m1!1s0x876bf35e90bb2c45:0x17403b08531f50c4?sa=X&amp;ved=2ahUKEwjv9-WUpa7vAhVHHc0KHRMjDL4Q8gEwAHoECAgQAQ\" target=\"_blank\" rel=\"noreferrer noopener\">Obtener las direcciones<\/a><\/p>\n<\/div>\n\n\n\n<div class=\"wp-block-column is-layout-flow wp-block-column-is-layout-flow\"><div class=\"wp-block-image\">\n<figure class=\"aligncenter size-large is-resized\"><a href=\"mailto:info@impactoneducation.org\" target=\"_blank\" rel=\"noopener\"><img loading=\"lazy\" decoding=\"async\" width=\"300\" height=\"300\" src=\"https:\/\/www.impactoneducation.org\/wp-content\/uploads\/2021\/03\/email-icon.png\" alt=\"\" class=\"wp-image-3320\" style=\"aspect-ratio:1;width:132px;height:auto\" srcset=\"https:\/\/www.impactoneducation.org\/wp-content\/uploads\/2021\/03\/email-icon.png 300w, https:\/\/www.impactoneducation.org\/wp-content\/uploads\/2021\/03\/email-icon-150x150.png 150w, https:\/\/www.impactoneducation.org\/wp-content\/uploads\/2021\/03\/email-icon-12x12.png 12w\" sizes=\"auto, (max-width: 300px) 100vw, 300px\" \/><\/a><\/figure>\n<\/div>\n\n\n<p class=\"has-text-align-center\" style=\"font-size:18px\"><a href=\"mailto:info@impactoneducation.org\" target=\"_blank\" rel=\"noreferrer noopener\">info@impactoneducation.org<\/a><\/p>\n<\/div>\n<\/div>\n\n\n\r\n\r\n  <div id=\"block_de3061966ac82b98ca480beac9d037c2\" class=\"big-picture  full-width\">\r\n\r\n    <img decoding=\"async\" class=\"desktop-image\" src=\"https:\/\/www.impactoneducation.org\/wp-content\/uploads\/2022\/08\/Website_Desktop-Images-1-1.jpg\" \/>\r\n\r\n          <img decoding=\"async\" class=\"mobile-image\" src=\"https:\/\/www.impactoneducation.org\/wp-content\/uploads\/2022\/08\/Website_Mobile-Images-1-1.jpg\" \/>\r\n    \r\n          <div class=\"big-picture-overlay\" style=\"background-color: #000000; opacity: 0;\">\r\n      <\/div>\r\n    \r\n    <div class=\"big-picture-content\" style=\"color: #ffffff;\">\r\n\r\n              <h2 style=\"color: #ffffff;\">\r\n          NUESTRO TRABAJO        <\/h2>\r\n      \r\n              <div class=\"copy copy-white\" style=\"color: #ffffff;\">\r\n          Desde 1983, hemos proporcionado fondos y recursos suplementarios a estudiantes y educadores para ampliar lo que es posible en educaci\u00f3n. Nuestros programas e inversiones ayudan a garantizar que los estudiantes que enfrentan las mayores barreras para el \u00e9xito tengan acceso a las mismas oportunidades de aprendizaje que sus compa\u00f1eros.        <\/div>\r\n      \r\n              <div class=\"cta\">\r\n          <a class=\"button button-white\" style=\"color: #ffffff; border-color: #ffffff;\" href=\"https:\/\/www.impactoneducation.org\/es\/what-we-do\/\" target=\"_blank\">Lo que hacemos<\/a>\r\n        <\/div>\r\n\r\n      \r\n    <\/div>\r\n\r\n  <\/div>","protected":false},"excerpt":{"rendered":"<p>CONT\u00c1CTENOS Nos encantar\u00eda escuchar sus ideas, comentarios y preguntas. Aqu\u00ed le indicamos c\u00f3mo ponerse en contacto con nosotros: 303-524-3865...<\/p>","protected":false},"author":1,"featured_media":0,"parent":20,"menu_order":0,"comment_status":"closed","ping_status":"closed","template":"","meta":{"_acf_changed":false,"_monsterinsights_skip_tracking":false,"_monsterinsights_sitenote_active":false,"_monsterinsights_sitenote_note":"","_monsterinsights_sitenote_category":0,"footnotes":""},"class_list":["post-37","page","type-page","status-publish","hentry"],"acf":[],"yoast_head":"<!-- This site is optimized with the Yoast SEO plugin v27.4 - https:\/\/yoast.com\/product\/yoast-seo-wordpress\/ -->\n<title>Contact Us &#8211; Impact on Education<\/title>\n<meta name=\"description\" content=\"Get in touch with the team at Impact on Education, an independent nonprofit foundation supporting equity in Boulder Valley School District.\" \/>\n<meta name=\"robots\" content=\"index, follow, max-snippet:-1, max-image-preview:large, max-video-preview:-1\" \/>\n<link rel=\"canonical\" href=\"https:\/\/www.impactoneducation.org\/es\/who-we-are\/contact-us\/\" \/>\n<meta property=\"og:locale\" content=\"es_MX\" \/>\n<meta property=\"og:type\" content=\"article\" \/>\n<meta property=\"og:title\" content=\"Contact Us &#8211; Impact on Education\" \/>\n<meta property=\"og:description\" content=\"Get in touch with the team at Impact on Education, an independent nonprofit foundation supporting equity in Boulder Valley School District.\" \/>\n<meta property=\"og:url\" content=\"https:\/\/www.impactoneducation.org\/es\/who-we-are\/contact-us\/\" \/>\n<meta property=\"og:site_name\" content=\"Impact on Education\" \/>\n<meta property=\"article:publisher\" content=\"https:\/\/www.facebook.com\/ImpactonEducation\" \/>\n<meta property=\"article:modified_time\" content=\"2024-03-09T19:35:14+00:00\" \/>\n<meta property=\"og:image\" content=\"https:\/\/www.impactoneducation.org\/wp-content\/uploads\/2022\/11\/Website_Mobile-Images-2.jpg\" \/>\n\t<meta property=\"og:image:width\" content=\"1024\" \/>\n\t<meta property=\"og:image:height\" content=\"800\" \/>\n\t<meta property=\"og:image:type\" content=\"image\/jpeg\" \/>\n<meta name=\"twitter:card\" content=\"summary_large_image\" \/>\n<meta name=\"twitter:image\" content=\"https:\/\/www.impactoneducation.org\/wp-content\/uploads\/2022\/11\/Website_Mobile-Images-2.jpg\" \/>\n<meta name=\"twitter:site\" content=\"@ImpactOnEd\" \/>\n<meta name=\"twitter:label1\" content=\"Tiempo de lectura\" \/>\n\t<meta name=\"twitter:data1\" content=\"1 minuto\" \/>\n<script type=\"application\/ld+json\" class=\"yoast-schema-graph\">{\"@context\":\"https:\\\/\\\/schema.org\",\"@graph\":[{\"@type\":\"WebPage\",\"@id\":\"https:\\\/\\\/www.impactoneducation.org\\\/who-we-are\\\/contact-us\\\/\",\"url\":\"https:\\\/\\\/www.impactoneducation.org\\\/who-we-are\\\/contact-us\\\/\",\"name\":\"Contact Us &#8211; Impact on Education\",\"isPartOf\":{\"@id\":\"https:\\\/\\\/www.impactoneducation.org\\\/#website\"},\"primaryImageOfPage\":{\"@id\":\"https:\\\/\\\/www.impactoneducation.org\\\/who-we-are\\\/contact-us\\\/#primaryimage\"},\"image\":{\"@id\":\"https:\\\/\\\/www.impactoneducation.org\\\/who-we-are\\\/contact-us\\\/#primaryimage\"},\"thumbnailUrl\":\"https:\\\/\\\/www.impactoneducation.org\\\/wp-content\\\/uploads\\\/2021\\\/03\\\/phone-icon.png\",\"datePublished\":\"2020-02-06T21:33:03+00:00\",\"dateModified\":\"2024-03-09T19:35:14+00:00\",\"description\":\"Get in touch with the team at Impact on Education, an independent nonprofit foundation supporting equity in Boulder Valley School District.\",\"breadcrumb\":{\"@id\":\"https:\\\/\\\/www.impactoneducation.org\\\/who-we-are\\\/contact-us\\\/#breadcrumb\"},\"inLanguage\":\"es\",\"potentialAction\":[{\"@type\":\"ReadAction\",\"target\":[\"https:\\\/\\\/www.impactoneducation.org\\\/who-we-are\\\/contact-us\\\/\"]}]},{\"@type\":\"ImageObject\",\"inLanguage\":\"es\",\"@id\":\"https:\\\/\\\/www.impactoneducation.org\\\/who-we-are\\\/contact-us\\\/#primaryimage\",\"url\":\"https:\\\/\\\/www.impactoneducation.org\\\/wp-content\\\/uploads\\\/2021\\\/03\\\/phone-icon.png\",\"contentUrl\":\"https:\\\/\\\/www.impactoneducation.org\\\/wp-content\\\/uploads\\\/2021\\\/03\\\/phone-icon.png\"},{\"@type\":\"BreadcrumbList\",\"@id\":\"https:\\\/\\\/www.impactoneducation.org\\\/who-we-are\\\/contact-us\\\/#breadcrumb\",\"itemListElement\":[{\"@type\":\"ListItem\",\"position\":1,\"name\":\"Home\",\"item\":\"https:\\\/\\\/www.impactoneducation.org\\\/\"},{\"@type\":\"ListItem\",\"position\":2,\"name\":\"Mission, Vision, Values\",\"item\":\"https:\\\/\\\/www.impactoneducation.org\\\/who-we-are\\\/\"},{\"@type\":\"ListItem\",\"position\":3,\"name\":\"Contact Us\"}]},{\"@type\":\"WebSite\",\"@id\":\"https:\\\/\\\/www.impactoneducation.org\\\/#website\",\"url\":\"https:\\\/\\\/www.impactoneducation.org\\\/\",\"name\":\"Impact on Education\",\"description\":\"Foundation for Boulder Valley Schools\",\"publisher\":{\"@id\":\"https:\\\/\\\/www.impactoneducation.org\\\/#organization\"},\"potentialAction\":[{\"@type\":\"SearchAction\",\"target\":{\"@type\":\"EntryPoint\",\"urlTemplate\":\"https:\\\/\\\/www.impactoneducation.org\\\/?s={search_term_string}\"},\"query-input\":{\"@type\":\"PropertyValueSpecification\",\"valueRequired\":true,\"valueName\":\"search_term_string\"}}],\"inLanguage\":\"es\"},{\"@type\":\"Organization\",\"@id\":\"https:\\\/\\\/www.impactoneducation.org\\\/#organization\",\"name\":\"Impact on Education\",\"url\":\"https:\\\/\\\/www.impactoneducation.org\\\/\",\"logo\":{\"@type\":\"ImageObject\",\"inLanguage\":\"es\",\"@id\":\"https:\\\/\\\/www.impactoneducation.org\\\/#\\\/schema\\\/logo\\\/image\\\/\",\"url\":\"https:\\\/\\\/www.impactoneducation.org\\\/wp-content\\\/uploads\\\/2020\\\/09\\\/Impact-logo-poly.png\",\"contentUrl\":\"https:\\\/\\\/www.impactoneducation.org\\\/wp-content\\\/uploads\\\/2020\\\/09\\\/Impact-logo-poly.png\",\"width\":3455,\"height\":890,\"caption\":\"Impact on Education\"},\"image\":{\"@id\":\"https:\\\/\\\/www.impactoneducation.org\\\/#\\\/schema\\\/logo\\\/image\\\/\"},\"sameAs\":[\"https:\\\/\\\/www.facebook.com\\\/ImpactonEducation\",\"https:\\\/\\\/x.com\\\/ImpactOnEd\",\"https:\\\/\\\/www.instagram.com\\\/impactoneducation\\\/\",\"https:\\\/\\\/www.youtube.com\\\/channel\\\/UCtCaQkVhXiowqiNrIXQ1Lkw\"]}]}<\/script>\n<!-- \/ Yoast SEO plugin. -->","yoast_head_json":{"title":"Cont\u00e1ctenos \u2013 Impacto en la Educaci\u00f3n","description":"P\u00f3ngase en contacto con el equipo de Impact on Education, una fundaci\u00f3n independiente sin fines de lucro que apoya la equidad en el Distrito Escolar del Valle de Boulder.","robots":{"index":"index","follow":"follow","max-snippet":"max-snippet:-1","max-image-preview":"max-image-preview:large","max-video-preview":"max-video-preview:-1"},"canonical":"https:\/\/www.impactoneducation.org\/es\/who-we-are\/contact-us\/","og_locale":"es_MX","og_type":"article","og_title":"Contact Us &#8211; Impact on Education","og_description":"Get in touch with the team at Impact on Education, an independent nonprofit foundation supporting equity in Boulder Valley School District.","og_url":"https:\/\/www.impactoneducation.org\/es\/who-we-are\/contact-us\/","og_site_name":"Impact on Education","article_publisher":"https:\/\/www.facebook.com\/ImpactonEducation","article_modified_time":"2024-03-09T19:35:14+00:00","og_image":[{"width":1024,"height":800,"url":"https:\/\/www.impactoneducation.org\/wp-content\/uploads\/2022\/11\/Website_Mobile-Images-2.jpg","type":"image\/jpeg"}],"twitter_card":"summary_large_image","twitter_image":"https:\/\/www.impactoneducation.org\/wp-content\/uploads\/2022\/11\/Website_Mobile-Images-2.jpg","twitter_site":"@ImpactOnEd","twitter_misc":{"Tiempo de lectura":"1 minuto"},"schema":{"@context":"https:\/\/schema.org","@graph":[{"@type":"WebPage","@id":"https:\/\/www.impactoneducation.org\/who-we-are\/contact-us\/","url":"https:\/\/www.impactoneducation.org\/who-we-are\/contact-us\/","name":"Cont\u00e1ctenos \u2013 Impacto en la Educaci\u00f3n","isPartOf":{"@id":"https:\/\/www.impactoneducation.org\/#website"},"primaryImageOfPage":{"@id":"https:\/\/www.impactoneducation.org\/who-we-are\/contact-us\/#primaryimage"},"image":{"@id":"https:\/\/www.impactoneducation.org\/who-we-are\/contact-us\/#primaryimage"},"thumbnailUrl":"https:\/\/www.impactoneducation.org\/wp-content\/uploads\/2021\/03\/phone-icon.png","datePublished":"2020-02-06T21:33:03+00:00","dateModified":"2024-03-09T19:35:14+00:00","description":"P\u00f3ngase en contacto con el equipo de Impact on Education, una fundaci\u00f3n independiente sin fines de lucro que apoya la equidad en el Distrito Escolar del Valle de Boulder.","breadcrumb":{"@id":"https:\/\/www.impactoneducation.org\/who-we-are\/contact-us\/#breadcrumb"},"inLanguage":"es","potentialAction":[{"@type":"ReadAction","target":["https:\/\/www.impactoneducation.org\/who-we-are\/contact-us\/"]}]},{"@type":"ImageObject","inLanguage":"es","@id":"https:\/\/www.impactoneducation.org\/who-we-are\/contact-us\/#primaryimage","url":"https:\/\/www.impactoneducation.org\/wp-content\/uploads\/2021\/03\/phone-icon.png","contentUrl":"https:\/\/www.impactoneducation.org\/wp-content\/uploads\/2021\/03\/phone-icon.png"},{"@type":"BreadcrumbList","@id":"https:\/\/www.impactoneducation.org\/who-we-are\/contact-us\/#breadcrumb","itemListElement":[{"@type":"ListItem","position":1,"name":"Home","item":"https:\/\/www.impactoneducation.org\/"},{"@type":"ListItem","position":2,"name":"Mission, Vision, Values","item":"https:\/\/www.impactoneducation.org\/who-we-are\/"},{"@type":"ListItem","position":3,"name":"Contact Us"}]},{"@type":"WebSite","@id":"https:\/\/www.impactoneducation.org\/#website","url":"https:\/\/www.impactoneducation.org\/","name":"Impacto en la educaci\u00f3n","description":"Fundaci\u00f3n para las Escuelas del Valle de Boulder","publisher":{"@id":"https:\/\/www.impactoneducation.org\/#organization"},"potentialAction":[{"@type":"SearchAction","target":{"@type":"EntryPoint","urlTemplate":"https:\/\/www.impactoneducation.org\/?s={search_term_string}"},"query-input":{"@type":"PropertyValueSpecification","valueRequired":true,"valueName":"search_term_string"}}],"inLanguage":"es"},{"@type":"Organization","@id":"https:\/\/www.impactoneducation.org\/#organization","name":"Impacto en la educaci\u00f3n","url":"https:\/\/www.impactoneducation.org\/","logo":{"@type":"ImageObject","inLanguage":"es","@id":"https:\/\/www.impactoneducation.org\/#\/schema\/logo\/image\/","url":"https:\/\/www.impactoneducation.org\/wp-content\/uploads\/2020\/09\/Impact-logo-poly.png","contentUrl":"https:\/\/www.impactoneducation.org\/wp-content\/uploads\/2020\/09\/Impact-logo-poly.png","width":3455,"height":890,"caption":"Impact on Education"},"image":{"@id":"https:\/\/www.impactoneducation.org\/#\/schema\/logo\/image\/"},"sameAs":["https:\/\/www.facebook.com\/ImpactonEducation","https:\/\/x.com\/ImpactOnEd","https:\/\/www.instagram.com\/impactoneducation\/","https:\/\/www.youtube.com\/channel\/UCtCaQkVhXiowqiNrIXQ1Lkw"]}]}},"_links":{"self":[{"href":"https:\/\/www.impactoneducation.org\/es\/wp-json\/wp\/v2\/pages\/37","targetHints":{"allow":["GET"]}}],"collection":[{"href":"https:\/\/www.impactoneducation.org\/es\/wp-json\/wp\/v2\/pages"}],"about":[{"href":"https:\/\/www.impactoneducation.org\/es\/wp-json\/wp\/v2\/types\/page"}],"author":[{"embeddable":true,"href":"https:\/\/www.impactoneducation.org\/es\/wp-json\/wp\/v2\/users\/1"}],"replies":[{"embeddable":true,"href":"https:\/\/www.impactoneducation.org\/es\/wp-json\/wp\/v2\/comments?post=37"}],"version-history":[{"count":26,"href":"https:\/\/www.impactoneducation.org\/es\/wp-json\/wp\/v2\/pages\/37\/revisions"}],"predecessor-version":[{"id":10375,"href":"https:\/\/www.impactoneducation.org\/es\/wp-json\/wp\/v2\/pages\/37\/revisions\/10375"}],"up":[{"embeddable":true,"href":"https:\/\/www.impactoneducation.org\/es\/wp-json\/wp\/v2\/pages\/20"}],"wp:attachment":[{"href":"https:\/\/www.impactoneducation.org\/es\/wp-json\/wp\/v2\/media?parent=37"}],"curies":[{"name":"gracias","href":"https:\/\/api.w.org\/{rel}","templated":true}]}}