{"id":4462,"date":"2021-11-01T21:53:23","date_gmt":"2021-11-01T21:53:23","guid":{"rendered":"https:\/\/www.impactoneducation.org\/?page_id=4462"},"modified":"2024-06-06T20:51:59","modified_gmt":"2024-06-06T20:51:59","slug":"early-childhood-education","status":"publish","type":"page","link":"https:\/\/www.impactoneducation.org\/es\/early-childhood-education\/","title":{"rendered":"Educaci\u00f3n de la primera infancia"},"content":{"rendered":"<div id=\"block_39d635ca106d469690f0b0148a88950f\" class=\"page-header  full-width\">\r\n\r\n  <div class=\"page-header-title\">\r\n    <h1>Aprendizaje temprano<\/h1>\r\n  <\/div>\r\n\r\n  <div class=\"page-header-image\"><\/div>\r\n\r\n<\/div>\r\n\n\n\n<div style=\"height:40px\" aria-hidden=\"true\" class=\"wp-block-spacer\"><\/div>\n\n\n\n<h2 class=\"wp-block-heading has-text-align-center fancy\">CAMPEONES DEL APRENDIZAJE TEMPRANO<\/h2>\n\n\n\n<div style=\"height:30px\" aria-hidden=\"true\" class=\"wp-block-spacer\"><\/div>\n\n\n\n<div class=\"wp-block-columns is-layout-flex wp-container-core-columns-is-layout-9d6595d7 wp-block-columns-is-layout-flex\">\n<div class=\"wp-block-column is-layout-flow wp-block-column-is-layout-flow\" style=\"flex-basis:5%\"><\/div>\n\n\n\n<div class=\"wp-block-column is-layout-flow wp-block-column-is-layout-flow\" style=\"flex-basis:50%\">\n<p>El acceso al aprendizaje temprano, incluidas la lectura y las matem\u00e1ticas, no est\u00e1 disponible de manera equitativa para todos los ni\u00f1os que se inscribir\u00e1n en el Distrito Escolar del Valle de Boulder (BVSD). Es por eso que brindamos fondos para la programaci\u00f3n de verano que aumenta la preparaci\u00f3n en el aula para los estudiantes que ingresan al jard\u00edn de infantes. <\/p>\n\n\n\n<p><strong>Las brechas de oportunidades comienzan temprano, por lo que invertir en la primera infancia tiene el mayor impacto<\/strong>.<\/p>\n\n\n\n<h2 class=\"wp-block-heading\">Puente Kinder<\/h2>\n\n\n\n<p>Impact on Education se asocia con el Distrito Escolar del Valle de Boulder para ofrecer Kinder Bridge como parte de <a href=\"https:\/\/www.bvsd.org\/parents-students\/academics\/summer-learning\" target=\"_blank\" rel=\"noreferrer noopener\">Cumbre de verano de BVSD<\/a>. Nuestros fondos brindan acceso al aprendizaje temprano a m\u00e1s de 270 estudiantes que ingresan al jard\u00edn de infantes, incluido transporte gratuito hacia y desde la escuela y comidas nutritivas. <\/p>\n\n\n\n<p><strong>Las escuelas de BVSD est\u00e1n bien posicionadas para brindarles a los ni\u00f1os peque\u00f1os y a sus familias experiencias de aprendizaje temprano de alta calidad.<\/strong><\/p>\n\n\n\n<h2 class=\"wp-block-heading\">Que aprenden los ni\u00f1os<\/h2>\n\n\n\n<p>Los estudiantes que participen en el programa estar\u00e1n equipados con las habilidades y la confianza necesarias para realizar una transici\u00f3n sin problemas al jard\u00edn de infantes mediante la simulaci\u00f3n de estructuras de rutina, la pr\u00e1ctica de conductas de preparaci\u00f3n escolar y la introducci\u00f3n a conceptos acad\u00e9micos b\u00e1sicos alineados con las expectativas del jard\u00edn de infantes.<\/p>\n\n\n\n<p>La instrucci\u00f3n de aprendizaje temprano se centra en el reconocimiento de letras, el conteo, la formaci\u00f3n y el reconocimiento de los sonidos de las letras y la escritura de nombres. Los estudiantes tambi\u00e9n cultivan el funcionamiento ejecutivo y las habilidades de aprendizaje socioemocional que son importantes para la preparaci\u00f3n para el jard\u00edn de infantes.<\/p>\n\n\n\n<div class=\"wp-block-buttons is-layout-flex wp-block-buttons-is-layout-flex\">\n<div class=\"wp-block-button\"><a class=\"wp-block-button__link has-blue-green-background-color has-background wp-element-button\" href=\"https:\/\/www.bvsd.org\/parents-students\/academics\/summer-learning\" style=\"border-radius:0px\">Cumbre de verano de BVSD<\/a><\/div>\n<\/div>\n<\/div>\n\n\n\n<div class=\"wp-block-column is-layout-flow wp-block-column-is-layout-flow\" style=\"flex-basis:50%\">\n<blockquote class=\"wp-block-quote is-layout-flow wp-block-quote-is-layout-flow\">\n<p>La preparaci\u00f3n escolar puede tener un impacto significativo en todo, desde la lectura a nivel de grado hasta la graduaci\u00f3n de la escuela secundaria y la preparaci\u00f3n profesional m\u00e1s adelante en la vida.<\/p>\n<cite><a href=\"https:\/\/www.americanprogress.org\/article\/the-school-readiness-gap-and-preschool-benefits-for-children-of-color\/\"><em>Centro para el Progreso Americano<\/em><\/a><\/cite><\/blockquote>\n<\/div>\n\n\n\n<div class=\"wp-block-column is-layout-flow wp-block-column-is-layout-flow\" style=\"flex-basis:5%\"><\/div>\n<\/div>\n\n\n\n<div style=\"height:41px\" aria-hidden=\"true\" class=\"wp-block-spacer\"><\/div>\n\n\n\r\n\r\n  <div id=\"block_3bcbad3d5fd68cccf497dc7016043146\" class=\"big-picture  full-width\">\r\n\r\n    <img decoding=\"async\" class=\"desktop-image\" src=\"https:\/\/www.impactoneducation.org\/wp-content\/uploads\/2024\/03\/Did-You-Know-School-Funding_Make-a-Gift-1.jpg\" \/>\r\n\r\n          <img decoding=\"async\" class=\"mobile-image\" src=\"https:\/\/www.impactoneducation.org\/wp-content\/uploads\/2024\/03\/Did-You-Know-School-Funding_Mobile-Image-1.jpg\" \/>\r\n    \r\n          <div class=\"big-picture-overlay\" style=\"background-color: #ffffff; opacity: 0;\">\r\n      <\/div>\r\n    \r\n    <div class=\"big-picture-content\" style=\"color: #ffffff;\">\r\n\r\n              <h2 style=\"color: #ffffff;\">\r\n          \u00bfSAB\u00cdAS?        <\/h2>\r\n      \r\n              <div class=\"copy copy-white\" style=\"color: #ffffff;\">\r\n          Colorado gasta $3,000 por debajo del promedio nacional por estudiante. Puede ayudar a complementar los fondos del distrito y brindarles a los estudiantes acceso a una educaci\u00f3n excelente y equitativa.        <\/div>\r\n      \r\n              <div class=\"cta\">\r\n          <a class=\"button button-white\" style=\"color: #ffffff; border-color: #ffffff;\" href=\"https:\/\/impactoneducation.donorsupport.co\/-\/XUKTHUDK\" target=\"_self\">Haz un regalo<\/a>\r\n        <\/div>\r\n\r\n      \r\n    <\/div>\r\n\r\n  <\/div>\r\n\n\n\n<div style=\"height:52px\" aria-hidden=\"true\" class=\"wp-block-spacer\"><\/div>\n\n\n\n<h1 class=\"wp-block-heading has-text-align-center fancy\">HISTORIA DEL PROGRAMA<\/h1>\n\n\n\n<div style=\"height:25px\" aria-hidden=\"true\" class=\"wp-block-spacer\"><\/div>\n\n\n\n<div id=\"block_2ba96095be271b0b90d4ad2c5f72dc51\" class=\"links-list\">\n\n  <div class=\"links\">\n\n    \n      \n      <div class=\"link\">\n\n        \n                  <h2>2013<\/h2>\n        \n        \n                  <div class=\"link-copy\">\n            Impact on Education dirige un programa de alfabetizaci\u00f3n de verano para ni\u00f1os en viviendas p\u00fablicas de Kalmia en el norte de Boulder. Participaron 40 alumnos de 2 a 12 a\u00f1os.          <\/div>\n        \n                \n    <\/div>\n\n  \n      <div class=\"link\">\n\n        \n                  <h2>2014-2021<\/h2>\n        \n        \n                  <div class=\"link-copy\">\n            120 estudiantes en 3 sitios de vivienda p\u00fablica de Boulder reciben instrucci\u00f3n adicional de alfabetizaci\u00f3n a trav\u00e9s del <b>Mezcla de verano<\/b> programa.          <\/div>\n        \n                \n    <\/div>\n\n  \n      <div class=\"link\">\n\n        \n                  <h2>2022-presente<\/h2>\n        \n        \n                  <div class=\"link-copy\">\n            El programa, ahora llamado <b>Puente Kinder<\/b>, pasa a formar parte del programa de aprendizaje de verano de BVSD. Los fondos de Impacto en la Educaci\u00f3n ahora permiten que 160 estudiantes reciban 4 semanas de instrucci\u00f3n de d\u00eda completo, transporte y comidas, para prepararlos para su primer a\u00f1o de escuela.          <\/div>\n        \n                \n    <\/div>\n\n  \n\n<\/div>\n<\/div>\n\n\n\n<div style=\"height:25px\" aria-hidden=\"true\" class=\"wp-block-spacer\"><\/div>\n\n\n\n<div style=\"height:30px\" aria-hidden=\"true\" class=\"wp-block-spacer\"><\/div>\n\n\n\r\n\r\n  <div id=\"block_74ccd390ee56bf6b0b1bcb9457e7f0ff\" class=\"big-picture  full-width\">\r\n\r\n    <img decoding=\"async\" class=\"desktop-image\" src=\"https:\/\/www.impactoneducation.org\/wp-content\/uploads\/2021\/09\/Website_Desktop-Images-4.png\" \/>\r\n\r\n          <img decoding=\"async\" class=\"mobile-image\" src=\"https:\/\/www.impactoneducation.org\/wp-content\/uploads\/2021\/09\/Website_Mobile-Images-3.png\" \/>\r\n    \r\n          <div class=\"big-picture-overlay\" style=\"background-color: #000000; opacity: 0;\">\r\n      <\/div>\r\n    \r\n    <div class=\"big-picture-content\" style=\"color: #ffffff;\">\r\n\r\n              <h2 style=\"color: #ffffff;\">\r\n          APOYAR LA EQUIDAD EN LAS ESCUELAS DE BOULDER VALLEY        <\/h2>\r\n      \r\n              <div class=\"copy copy-white\" style=\"color: #ffffff;\">\r\n          Su donaci\u00f3n ayuda a garantizar que los estudiantes del Distrito Escolar del Valle de Boulder tengan acceso a una educaci\u00f3n excelente y equitativa.        <\/div>\r\n      \r\n              <div class=\"cta\">\r\n          <a class=\"button button-white\" style=\"color: #ffffff; border-color: #ffffff;\" href=\"https:\/\/impactoneducation.donorsupport.co\/-\/XUKTHUDK\" target=\"_self\">Haz un regalo<\/a>\r\n        <\/div>\r\n\r\n      \r\n    <\/div>\r\n\r\n  <\/div>\r\n\n\n\r\n<div id=\"block_847b192d1af1715a835866b5ee4cce7d\" class=\"news wrapper with-sidebar\">\r\n  <div class=\"content\">\r\n\r\n          <div class=\"news-sidebar\">\r\n\r\n                  <h2 class=\"fancy\">\r\n            NOTICIAS DEL PROGRAMA          <\/h2>\r\n        \r\n        \r\n        \r\n      <\/div>\r\n    \r\n    <div class=\"news-posts\">\r\n\r\n      \r\n        <!-- the loop -->\r\n                  \r\n          <div class=\"post-summary\">\r\n            <div class=\"post-image\">\r\n              <img decoding=\"async\" data-object-fit=\"cover\" data-object-position=\"center\" src=\"https:\/\/www.impactoneducation.org\/wp-content\/uploads\/2025\/09\/Web-Blog-Header-1024x512-1-1024x512.jpg\" alt=\"teacher and students smiling\" \/>\r\n            <\/div>\r\n            <div class=\"post-content\">\r\n\r\n              <h4 class=\"post-title\">Un comienzo fuerte: Por qu\u00e9 es importante la preparaci\u00f3n para el jard\u00edn de infantes en Boulder Valley<\/h4>\r\n              <div class=\"post-excerpt\">\r\n                <p>Mientras los recortes de fondos se propagan por la educaci\u00f3n de la primera infancia, un programa de verano est\u00e1 ayudando a los estudiantes locales a ingresar al jard\u00edn de infantes con confianza.<\/p>\n              <\/div>\r\n\r\n              <div class=\"post-read-more\">\r\n                <a class=\"button button-blue-green\" href=\"https:\/\/www.impactoneducation.org\/es\/2025\/09\/05\/kindergarten-readiness-matters-boulder-valley\/\">Lee mas<\/a>\r\n              <\/div>\r\n\r\n            <\/div>\r\n          <\/div>\r\n\r\n                            \r\n          <div class=\"post-summary\">\r\n            <div class=\"post-image\">\r\n              <img decoding=\"async\" data-object-fit=\"cover\" data-object-position=\"center\" src=\"https:\/\/www.impactoneducation.org\/wp-content\/uploads\/2024\/06\/Kinder-Bridge-LYBUNT-1024x512.png\" alt=\"\" \/>\r\n            <\/div>\r\n            <div class=\"post-content\">\r\n\r\n              <h4 class=\"post-title\">C\u00f3mo Kinder Bridge prepara a los j\u00f3venes estudiantes para la escuela<\/h4>\r\n              <div class=\"post-excerpt\">\r\n                <p>Esta semana, cuando comienza el jard\u00edn de infantes, los ni\u00f1os del Distrito Escolar del Valle de Boulder se embarcan en una nueva y emocionante aventura. Para muchos, especialmente aquellos de familias de bajos ingresos o marginadas, esta transici\u00f3n marca su primera exposici\u00f3n a un entorno de aprendizaje formal. A trav\u00e9s de nuestro programa Kinder Bridge, brindamos a estos j\u00f3venes estudiantes el apoyo espec\u00edfico que necesitan para comenzar su camino escolar con confianza.<\/p>\n              <\/div>\r\n\r\n              <div class=\"post-read-more\">\r\n                <a class=\"button button-blue-green\" href=\"https:\/\/www.impactoneducation.org\/es\/2024\/08\/15\/how-kinder-bridge-prepares-young-students-for-school\/\">Lee mas<\/a>\r\n              <\/div>\r\n\r\n            <\/div>\r\n          <\/div>\r\n\r\n                          <!-- end of the loop -->\r\n\r\n        \r\n        \r\n      \r\n    <\/div>\r\n\r\n  <\/div>\r\n<\/div>","protected":false},"excerpt":{"rendered":"<p>CAMPEONES DEL APRENDIZAJE TEMPRANO El acceso al aprendizaje temprano, incluidas la lectura y las matem\u00e1ticas, no est\u00e1 disponible de manera equitativa para todos los ni\u00f1os que...<\/p>","protected":false},"author":3,"featured_media":0,"parent":0,"menu_order":0,"comment_status":"closed","ping_status":"closed","template":"","meta":{"_acf_changed":false,"_monsterinsights_skip_tracking":false,"_monsterinsights_sitenote_active":false,"_monsterinsights_sitenote_note":"","_monsterinsights_sitenote_category":0,"footnotes":""},"class_list":["post-4462","page","type-page","status-publish","hentry"],"acf":[],"yoast_head":"<!-- This site is optimized with the Yoast SEO plugin v27.1.1 - https:\/\/yoast.com\/product\/yoast-seo-wordpress\/ -->\n<title>Early Childhood Education &#8211; Impact on Education<\/title>\n<meta name=\"description\" content=\"Our funding enables 160 incoming BVSD students to receive 4 weeks of full-day early learning, transportation, and meals, to prepare them for Kindergarten.\" \/>\n<meta name=\"robots\" content=\"index, follow, max-snippet:-1, max-image-preview:large, max-video-preview:-1\" \/>\n<link rel=\"canonical\" href=\"https:\/\/www.impactoneducation.org\/es\/early-childhood-education\/\" \/>\n<meta property=\"og:locale\" content=\"es_MX\" \/>\n<meta property=\"og:type\" content=\"article\" \/>\n<meta property=\"og:title\" content=\"Champions of Early Learning Experiences\" \/>\n<meta property=\"og:description\" content=\"We want to prepare as many children as we can for that all-important first year of formal schooling.\" \/>\n<meta property=\"og:url\" content=\"https:\/\/www.impactoneducation.org\/es\/early-childhood-education\/\" \/>\n<meta property=\"og:site_name\" content=\"Impact on Education\" \/>\n<meta property=\"article:publisher\" content=\"https:\/\/www.facebook.com\/ImpactonEducation\" \/>\n<meta property=\"article:modified_time\" content=\"2024-06-06T20:51:59+00:00\" \/>\n<meta property=\"og:image\" content=\"https:\/\/www.impactoneducation.org\/wp-content\/uploads\/2023\/08\/IMG-8908-1-scaled.jpg\" \/>\n\t<meta property=\"og:image:width\" content=\"2560\" \/>\n\t<meta property=\"og:image:height\" content=\"1920\" \/>\n\t<meta property=\"og:image:type\" content=\"image\/jpeg\" \/>\n<meta name=\"twitter:card\" content=\"summary_large_image\" \/>\n<meta name=\"twitter:title\" content=\"Champions of Early Learning Experiences\" \/>\n<meta name=\"twitter:description\" content=\"We want to prepare as many children as we can for that all-important first year of formal schooling.\" \/>\n<meta name=\"twitter:image\" content=\"https:\/\/www.impactoneducation.org\/wp-content\/uploads\/2023\/08\/IMG-8908-1-scaled.jpg\" \/>\n<meta name=\"twitter:site\" content=\"@ImpactOnEd\" \/>\n<meta name=\"twitter:label1\" content=\"Tiempo de lectura\" \/>\n\t<meta name=\"twitter:data1\" content=\"1 minuto\" \/>\n<script type=\"application\/ld+json\" class=\"yoast-schema-graph\">{\"@context\":\"https:\/\/schema.org\",\"@graph\":[{\"@type\":\"WebPage\",\"@id\":\"https:\/\/www.impactoneducation.org\/early-childhood-education\/\",\"url\":\"https:\/\/www.impactoneducation.org\/early-childhood-education\/\",\"name\":\"Early Childhood Education &#8211; Impact on Education\",\"isPartOf\":{\"@id\":\"https:\/\/www.impactoneducation.org\/#website\"},\"datePublished\":\"2021-11-01T21:53:23+00:00\",\"dateModified\":\"2024-06-06T20:51:59+00:00\",\"description\":\"Our funding enables 160 incoming BVSD students to receive 4 weeks of full-day early learning, transportation, and meals, to prepare them for Kindergarten.\",\"breadcrumb\":{\"@id\":\"https:\/\/www.impactoneducation.org\/early-childhood-education\/#breadcrumb\"},\"inLanguage\":\"es\",\"potentialAction\":[{\"@type\":\"ReadAction\",\"target\":[\"https:\/\/www.impactoneducation.org\/early-childhood-education\/\"]}]},{\"@type\":\"BreadcrumbList\",\"@id\":\"https:\/\/www.impactoneducation.org\/early-childhood-education\/#breadcrumb\",\"itemListElement\":[{\"@type\":\"ListItem\",\"position\":1,\"name\":\"Home\",\"item\":\"https:\/\/www.impactoneducation.org\/\"},{\"@type\":\"ListItem\",\"position\":2,\"name\":\"Early Childhood Education\"}]},{\"@type\":\"WebSite\",\"@id\":\"https:\/\/www.impactoneducation.org\/#website\",\"url\":\"https:\/\/www.impactoneducation.org\/\",\"name\":\"Impact on Education\",\"description\":\"Foundation for Boulder Valley Schools\",\"publisher\":{\"@id\":\"https:\/\/www.impactoneducation.org\/#organization\"},\"potentialAction\":[{\"@type\":\"SearchAction\",\"target\":{\"@type\":\"EntryPoint\",\"urlTemplate\":\"https:\/\/www.impactoneducation.org\/?s={search_term_string}\"},\"query-input\":{\"@type\":\"PropertyValueSpecification\",\"valueRequired\":true,\"valueName\":\"search_term_string\"}}],\"inLanguage\":\"es\"},{\"@type\":\"Organization\",\"@id\":\"https:\/\/www.impactoneducation.org\/#organization\",\"name\":\"Impact on Education\",\"url\":\"https:\/\/www.impactoneducation.org\/\",\"logo\":{\"@type\":\"ImageObject\",\"inLanguage\":\"es\",\"@id\":\"https:\/\/www.impactoneducation.org\/#\/schema\/logo\/image\/\",\"url\":\"https:\/\/www.impactoneducation.org\/wp-content\/uploads\/2020\/09\/Impact-logo-poly.png\",\"contentUrl\":\"https:\/\/www.impactoneducation.org\/wp-content\/uploads\/2020\/09\/Impact-logo-poly.png\",\"width\":3455,\"height\":890,\"caption\":\"Impact on Education\"},\"image\":{\"@id\":\"https:\/\/www.impactoneducation.org\/#\/schema\/logo\/image\/\"},\"sameAs\":[\"https:\/\/www.facebook.com\/ImpactonEducation\",\"https:\/\/x.com\/ImpactOnEd\",\"https:\/\/www.instagram.com\/impactoneducation\/\",\"https:\/\/www.youtube.com\/channel\/UCtCaQkVhXiowqiNrIXQ1Lkw\"]}]}<\/script>\n<!-- \/ Yoast SEO plugin. -->","yoast_head_json":{"title":"Educaci\u00f3n Infantil \u2013 Impacto en la Educaci\u00f3n","description":"Nuestra financiaci\u00f3n permite que 160 estudiantes entrantes de BVSD reciban 4 semanas de aprendizaje temprano de d\u00eda completo, transporte y comidas, para prepararlos para el jard\u00edn de infantes.","robots":{"index":"index","follow":"follow","max-snippet":"max-snippet:-1","max-image-preview":"max-image-preview:large","max-video-preview":"max-video-preview:-1"},"canonical":"https:\/\/www.impactoneducation.org\/es\/early-childhood-education\/","og_locale":"es_MX","og_type":"article","og_title":"Champions of Early Learning Experiences","og_description":"We want to prepare as many children as we can for that all-important first year of formal schooling.","og_url":"https:\/\/www.impactoneducation.org\/es\/early-childhood-education\/","og_site_name":"Impact on Education","article_publisher":"https:\/\/www.facebook.com\/ImpactonEducation","article_modified_time":"2024-06-06T20:51:59+00:00","og_image":[{"width":2560,"height":1920,"url":"https:\/\/www.impactoneducation.org\/wp-content\/uploads\/2023\/08\/IMG-8908-1-scaled.jpg","type":"image\/jpeg"}],"twitter_card":"summary_large_image","twitter_title":"Champions of Early Learning Experiences","twitter_description":"We want to prepare as many children as we can for that all-important first year of formal schooling.","twitter_image":"https:\/\/www.impactoneducation.org\/wp-content\/uploads\/2023\/08\/IMG-8908-1-scaled.jpg","twitter_site":"@ImpactOnEd","twitter_misc":{"Tiempo de lectura":"1 minuto"},"schema":{"@context":"https:\/\/schema.org","@graph":[{"@type":"WebPage","@id":"https:\/\/www.impactoneducation.org\/early-childhood-education\/","url":"https:\/\/www.impactoneducation.org\/early-childhood-education\/","name":"Educaci\u00f3n Infantil \u2013 Impacto en la Educaci\u00f3n","isPartOf":{"@id":"https:\/\/www.impactoneducation.org\/#website"},"datePublished":"2021-11-01T21:53:23+00:00","dateModified":"2024-06-06T20:51:59+00:00","description":"Nuestra financiaci\u00f3n permite que 160 estudiantes entrantes de BVSD reciban 4 semanas de aprendizaje temprano de d\u00eda completo, transporte y comidas, para prepararlos para el jard\u00edn de infantes.","breadcrumb":{"@id":"https:\/\/www.impactoneducation.org\/early-childhood-education\/#breadcrumb"},"inLanguage":"es","potentialAction":[{"@type":"ReadAction","target":["https:\/\/www.impactoneducation.org\/early-childhood-education\/"]}]},{"@type":"BreadcrumbList","@id":"https:\/\/www.impactoneducation.org\/early-childhood-education\/#breadcrumb","itemListElement":[{"@type":"ListItem","position":1,"name":"Home","item":"https:\/\/www.impactoneducation.org\/"},{"@type":"ListItem","position":2,"name":"Early Childhood Education"}]},{"@type":"WebSite","@id":"https:\/\/www.impactoneducation.org\/#website","url":"https:\/\/www.impactoneducation.org\/","name":"Impacto en la educaci\u00f3n","description":"Fundaci\u00f3n para las Escuelas del Valle de Boulder","publisher":{"@id":"https:\/\/www.impactoneducation.org\/#organization"},"potentialAction":[{"@type":"SearchAction","target":{"@type":"EntryPoint","urlTemplate":"https:\/\/www.impactoneducation.org\/?s={search_term_string}"},"query-input":{"@type":"PropertyValueSpecification","valueRequired":true,"valueName":"search_term_string"}}],"inLanguage":"es"},{"@type":"Organization","@id":"https:\/\/www.impactoneducation.org\/#organization","name":"Impacto en la educaci\u00f3n","url":"https:\/\/www.impactoneducation.org\/","logo":{"@type":"ImageObject","inLanguage":"es","@id":"https:\/\/www.impactoneducation.org\/#\/schema\/logo\/image\/","url":"https:\/\/www.impactoneducation.org\/wp-content\/uploads\/2020\/09\/Impact-logo-poly.png","contentUrl":"https:\/\/www.impactoneducation.org\/wp-content\/uploads\/2020\/09\/Impact-logo-poly.png","width":3455,"height":890,"caption":"Impact on Education"},"image":{"@id":"https:\/\/www.impactoneducation.org\/#\/schema\/logo\/image\/"},"sameAs":["https:\/\/www.facebook.com\/ImpactonEducation","https:\/\/x.com\/ImpactOnEd","https:\/\/www.instagram.com\/impactoneducation\/","https:\/\/www.youtube.com\/channel\/UCtCaQkVhXiowqiNrIXQ1Lkw"]}]}},"_links":{"self":[{"href":"https:\/\/www.impactoneducation.org\/es\/wp-json\/wp\/v2\/pages\/4462","targetHints":{"allow":["GET"]}}],"collection":[{"href":"https:\/\/www.impactoneducation.org\/es\/wp-json\/wp\/v2\/pages"}],"about":[{"href":"https:\/\/www.impactoneducation.org\/es\/wp-json\/wp\/v2\/types\/page"}],"author":[{"embeddable":true,"href":"https:\/\/www.impactoneducation.org\/es\/wp-json\/wp\/v2\/users\/3"}],"replies":[{"embeddable":true,"href":"https:\/\/www.impactoneducation.org\/es\/wp-json\/wp\/v2\/comments?post=4462"}],"version-history":[{"count":59,"href":"https:\/\/www.impactoneducation.org\/es\/wp-json\/wp\/v2\/pages\/4462\/revisions"}],"predecessor-version":[{"id":11115,"href":"https:\/\/www.impactoneducation.org\/es\/wp-json\/wp\/v2\/pages\/4462\/revisions\/11115"}],"wp:attachment":[{"href":"https:\/\/www.impactoneducation.org\/es\/wp-json\/wp\/v2\/media?parent=4462"}],"curies":[{"name":"gracias","href":"https:\/\/api.w.org\/{rel}","templated":true}]}}