{"id":466,"date":"2020-03-02T23:29:29","date_gmt":"2020-03-02T23:29:29","guid":{"rendered":"https:\/\/www.impactoneducation.org\/?page_id=466"},"modified":"2025-02-13T18:40:14","modified_gmt":"2025-02-13T18:40:14","slug":"volunteer","status":"publish","type":"page","link":"https:\/\/www.impactoneducation.org\/es\/volunteer\/","title":{"rendered":"Voluntario"},"content":{"rendered":"<div id=\"block_6e1f4cd79131c04a60ad68e9a4411808\" class=\"page-header  full-width\">\r\n\r\n  <div class=\"page-header-title\">\r\n    <h1>Done su tiempo y talento<\/h1>\r\n  <\/div>\r\n\r\n  <div class=\"page-header-image\"><\/div>\r\n\r\n<\/div>\r\n\n\n\n<div style=\"height:55px\" aria-hidden=\"true\" class=\"wp-block-spacer\"><\/div>\n\n\n\n<div class=\"wp-block-columns is-layout-flex wp-container-core-columns-is-layout-9d6595d7 wp-block-columns-is-layout-flex\">\n<div class=\"wp-block-column is-layout-flow wp-block-column-is-layout-flow\" style=\"flex-basis:5%\"><\/div>\n\n\n\n<div class=\"wp-block-column is-layout-flow wp-block-column-is-layout-flow\" style=\"flex-basis:45%\">\n<h2 class=\"wp-block-heading fancy\">TRABAJAR COMO VOLUNTARIO<\/h2>\n\n\n\n<p>\u00a1Gracias por su inter\u00e9s en ser voluntario con Impact on Education para apoyar a los estudiantes en el Distrito Escolar del Valle de Boulder! <\/p>\n\n\n\n<p style=\"font-size:18px\"><strong>Los voluntarios juegan un papel importante en nuestro \u00e9xito.<\/strong><\/p>\n\n\n\n<p>Con la ayuda de voluntarios generosos, podemos evaluar las solicitudes de financiamiento de las escuelas y los maestros, organizar eventos especiales e implementar programas para satisfacer las necesidades cambiantes de los estudiantes y las escuelas del Valle de Boulder. Tenemos necesidades continuas de voluntarios durante todo el a\u00f1o.<\/p>\n\n\n\n<p><em>Nota: Cualquier rol de voluntario que interact\u00fae con los estudiantes estar\u00e1 sujeto a una verificaci\u00f3n de antecedentes.<\/em><\/p>\n\n\n\n<h2 class=\"wp-block-heading\">Oportunidades continuas<\/h2>\n\n\n\n<ul class=\"wp-block-list\">\n<li>Revisi\u00f3n de solicitudes y subvenciones<\/li>\n\n\n\n<li>Recogidas y entregas<\/li>\n\n\n\n<li>Soporte administrativo<\/li>\n\n\n\n<li>Donante gracias llamadas<\/li>\n\n\n\n<li>Dise\u00f1o gr\u00e1fico<\/li>\n\n\n\n<li>Fotograf\u00eda y videograf\u00eda<\/li>\n<\/ul>\n<\/div>\n\n\n\n<div class=\"wp-block-column is-layout-flow wp-block-column-is-layout-flow\" style=\"flex-basis:5%\"><\/div>\n\n\n\n<div class=\"wp-block-column is-layout-flow wp-block-column-is-layout-flow\" style=\"flex-basis:40%\">\n<h2 class=\"wp-block-heading fancy\">\u00daNETE A NOSOTROS<\/h2>\n\n\n\n<p>El primer paso para convertirse en voluntario de Impact on Education es asistir a una sesi\u00f3n de orientaci\u00f3n para voluntarios.<\/p>\n\n\n\n<p><strong>Pr\u00f3ximas Orientaciones<\/strong><br><\/p>\n\n\n\n<p>Martes 15 de abril de 2025<br>5:30 \u2013 6:30 p.m.<br>Reuni\u00f3n virtual por zoom<br>Registro <a href=\"https:\/\/forms.gle\/HWjqy7EcJSBhBN8LA\">aqu\u00ed<\/a><\/p>\n\n\n\n<p><\/p>\n\n\n\n<div class=\"wp-block-buttons is-layout-flex wp-block-buttons-is-layout-flex\">\n<div class=\"wp-block-button\"><a class=\"wp-block-button__link has-blue-green-background-color has-background wp-element-button\" href=\"https:\/\/sites.google.com\/impactoneducation.org\/ioe-volunteer-portal\/home?pli=1\" style=\"border-radius:0px\" target=\"_blank\" rel=\"noreferrer noopener\">PORTAL DE VOLUNTARIADO<\/a><\/div>\n<\/div>\n<\/div>\n\n\n\n<div class=\"wp-block-column is-layout-flow wp-block-column-is-layout-flow\" style=\"flex-basis:5%\"><\/div>\n<\/div>\n\n\n\r\n\r\n  <div id=\"block_4489b695b0d29ad04f6eca94d3d9fdd9\" class=\"big-picture  full-width\">\r\n\r\n    <img decoding=\"async\" class=\"desktop-image\" src=\"https:\/\/www.impactoneducation.org\/wp-content\/uploads\/2022\/08\/Website_Desktop-Images-1-1.jpg\" \/>\r\n\r\n          <img decoding=\"async\" class=\"mobile-image\" src=\"https:\/\/www.impactoneducation.org\/wp-content\/uploads\/2022\/08\/Website_Mobile-Images-1-1.jpg\" \/>\r\n    \r\n          <div class=\"big-picture-overlay\" style=\"background-color: #000000; opacity: 0;\">\r\n      <\/div>\r\n    \r\n    <div class=\"big-picture-content\" style=\"color: #ffffff;\">\r\n\r\n              <h2 style=\"color: #ffffff;\">\r\n          NUESTRO TRABAJO        <\/h2>\r\n      \r\n              <div class=\"copy copy-white\" style=\"color: #ffffff;\">\r\n          Desde 1983, hemos proporcionado fondos y recursos suplementarios a estudiantes y educadores para ampliar lo que es posible en educaci\u00f3n. Nuestros programas e inversiones ayudan a garantizar que los estudiantes que enfrentan las mayores barreras para el \u00e9xito tengan acceso a las mismas oportunidades de aprendizaje que sus compa\u00f1eros.        <\/div>\r\n      \r\n              <div class=\"cta\">\r\n          <a class=\"button button-white\" style=\"color: #ffffff; border-color: #ffffff;\" href=\"https:\/\/www.impactoneducation.org\/es\/what-we-do\/\" target=\"_blank\">Lo que hacemos<\/a>\r\n        <\/div>\r\n\r\n      \r\n    <\/div>\r\n\r\n  <\/div>\r\n\n\n\r\n<div id=\"block_d24545a8c176dc0ca79b72c4cfa2e1b0\" class=\"news wrapper\">\r\n  <div class=\"content\">\r\n\r\n    \r\n    <div class=\"news-posts\">\r\n\r\n      \r\n        <!-- the loop -->\r\n                  \r\n          <div class=\"post-summary\">\r\n            <div class=\"post-image\">\r\n              <img decoding=\"async\" data-object-fit=\"cover\" data-object-position=\"center\" src=\"https:\/\/www.impactoneducation.org\/wp-content\/uploads\/2024\/05\/2024-Impact-Awards-Recap-1024x512.jpg\" alt=\"\" \/>\r\n            <\/div>\r\n            <div class=\"post-content\">\r\n\r\n              <h4 class=\"post-title\">Los premios Impact Awards 2024 honran a los educadores dedicados de BVSD<\/h4>\r\n              <div class=\"post-excerpt\">\r\n                <p>Organizamos los Premios Impacto cada a\u00f1o para honrar a los educadores de todo el Distrito Escolar del Valle de Boulder. Reconocer su dedicaci\u00f3n es esencial, ya que desempe\u00f1an un papel vital a la hora de brindar una educaci\u00f3n excelente y equitativa a todos los estudiantes. Si bien solo podemos reconocer a un peque\u00f1o n\u00famero de educadores de BVSD en los Premios Impact, valoramos y apreciamos el arduo trabajo y la dedicaci\u00f3n de cada educador de BVSD.<\/p>\n              <\/div>\r\n\r\n              <div class=\"post-read-more\">\r\n                <a class=\"button button-blue-green\" href=\"https:\/\/www.impactoneducation.org\/es\/2024\/05\/08\/the-2024-impact-awards\/\">Lee mas<\/a>\r\n              <\/div>\r\n\r\n            <\/div>\r\n          <\/div>\r\n\r\n                            \r\n          <div class=\"post-summary\">\r\n            <div class=\"post-image\">\r\n              <img decoding=\"async\" data-object-fit=\"cover\" data-object-position=\"center\" src=\"https:\/\/www.impactoneducation.org\/wp-content\/uploads\/2024\/04\/Rich-Smith-volunteer-spotlight-1024x512.jpg\" alt=\"\" \/>\r\n            <\/div>\r\n            <div class=\"post-content\">\r\n\r\n              <h4 class=\"post-title\">De guardaparques a defensor de la educaci\u00f3n: conozca al voluntario Rich Smith<\/h4>\r\n              <div class=\"post-excerpt\">\r\n                <p>Rich Smith, un voluntario dedicado de Impact on Education, ha comprometido su vida a educar, tanto dentro como fuera del aula. Desde sus primeros d\u00edas como guardaparques ense\u00f1ando los principios de la gesti\u00f3n ambiental hasta la tutor\u00eda y capacitaci\u00f3n de j\u00f3venes, la trayectoria profesional de Smith refleja una profunda pasi\u00f3n por fomentar oportunidades de aprendizaje y apoyar a las comunidades desatendidas.<\/p>\n              <\/div>\r\n\r\n              <div class=\"post-read-more\">\r\n                <a class=\"button button-blue-green\" href=\"https:\/\/www.impactoneducation.org\/es\/2024\/04\/30\/volunteer-rich-smiths-enduring-commitment-to-empowering-students\/\">Lee mas<\/a>\r\n              <\/div>\r\n\r\n            <\/div>\r\n          <\/div>\r\n\r\n                            \r\n          <div class=\"post-summary\">\r\n            <div class=\"post-image\">\r\n              <img decoding=\"async\" data-object-fit=\"cover\" data-object-position=\"center\" src=\"https:\/\/www.impactoneducation.org\/wp-content\/uploads\/2022\/03\/pmcu-welcome-back-bags-2020-1024x768.jpg\" alt=\"\" \/>\r\n            <\/div>\r\n            <div class=\"post-content\">\r\n\r\n              <h4 class=\"post-title\">Voluntaria destacada: Cindy Arbuthnot<\/h4>\r\n              <div class=\"post-excerpt\">\r\n                <p>Cindy ha trabajado para Premier Members Credit Union durante m\u00e1s de 32 a\u00f1os. Se especializa en informes y an\u00e1lisis que respaldan su departamento de cartera y, a menudo, es la primera en levantar la mano para respaldar la s\u00f3lida asociaci\u00f3n que el banco tiene con IOE.<\/p>\n              <\/div>\r\n\r\n              <div class=\"post-read-more\">\r\n                <a class=\"button button-blue-green\" href=\"https:\/\/www.impactoneducation.org\/es\/2022\/02\/11\/volunteer-spotlight-cindy-arbuthnot\/\">Lee mas<\/a>\r\n              <\/div>\r\n\r\n            <\/div>\r\n          <\/div>\r\n\r\n                          <!-- end of the loop -->\r\n\r\n        \r\n        \r\n      \r\n    <\/div>\r\n\r\n  <\/div>\r\n<\/div>\r\n\n\n\r\n\r\n\r\n\r\n  <div id=\"block_5e54f87c3811605884c07b1fc0558f5f\" class=\"events-rotator  full-width\">\r\n\r\n    <div class=\"swiper-container\">\r\n      <div class=\"swiper-wrapper\">\r\n\r\n        <!-- the loop -->\r\n                  \r\n          <div class=\"swiper-slide\">\r\n            <div class=\"rotator-event\" style=\"background-image: url(https:\/\/www.impactoneducation.org\/wp-content\/uploads\/2026\/01\/2026-awards.jpg)\">\r\n              <div class=\"rotator-event-content\">\r\n                <div class=\"rotator-event-content-bg\"> <\/div>\r\n                <div class=\"rotator-event-content-copy\">\r\n                  <div class=\"section-title\">eventos<\/div>\r\n                  <div class=\"event-date\">\r\n                    1 de enero                    <span class=\"event-year\">\r\n                      1970                    <\/span>\r\n                  <\/div>\r\n\r\n                  <div class=\"event-time\">\r\n                                          <div class=\"event-start-time\">5:00 pm<\/div>\r\n                                                              \u2013 <div class=\"event-end-time\">7:00 pm<\/div>\r\n                    \r\n                  <\/div>\r\n                  <h4 class=\"event-title\">Premios Impact 2026<\/h4>\r\n                  <div class=\"event-excerpt\">\r\n                    <p>Premios Impact 2026 Esta celebraci\u00f3n comunitaria anual honra a un educador de cada escuela del Distrito Escolar del Valle de Boulder (BVSD)\u2026<\/p>\n                  <\/div>\r\n\r\n                  <div class=\"event-cta\">\r\n                    <a class=\"button button-white\" href=\"https:\/\/www.impactoneducation.org\/es\/event\/2026-impact-awards\/\">\r\n                      Aprende m\u00e1s\r\n                    <\/a>\r\n                  <\/div>\r\n\r\n                <\/div>\r\n              <\/div>\r\n            <\/div>\r\n          <\/div>\r\n                <!-- end of the loop -->\r\n\r\n\r\n        \r\n      <\/div>\r\n      <!-- Add Arrows -->\r\n      <div class=\"events-rotator-navigation\">\r\n        <div class=\"events-rotator-prev-wrap\">\r\n          <div class=\"events-rotator-prev\"><\/div>\r\n        <\/div>\r\n\r\n        <div class=\"events-rotator-next-wrap\">\r\n          <div class=\"events-rotator-pagination ioe-pagination reverse\"><\/div>\r\n          <div class=\"events-rotator-next\"><\/div>\r\n        <\/div>\r\n\r\n\r\n      <\/div>\r\n\r\n    <\/div>\r\n\r\n\r\n\r\n  <\/div>","protected":false},"excerpt":{"rendered":"<p>VOLUNTARIADO Gracias por su inter\u00e9s en ser voluntario con Impact on Education para apoyar a los estudiantes de la Escuela Boulder Valley...<\/p>","protected":false},"author":1,"featured_media":0,"parent":0,"menu_order":0,"comment_status":"closed","ping_status":"closed","template":"","meta":{"_acf_changed":false,"_monsterinsights_skip_tracking":false,"_monsterinsights_sitenote_active":false,"_monsterinsights_sitenote_note":"","_monsterinsights_sitenote_category":0,"footnotes":""},"class_list":["post-466","page","type-page","status-publish","hentry"],"acf":[],"yoast_head":"<!-- This site is optimized with the Yoast SEO plugin v27.1.1 - https:\/\/yoast.com\/product\/yoast-seo-wordpress\/ -->\n<title>Become a Volunteer &#8211; Impact on Education<\/title>\n<meta name=\"description\" content=\"Volunteers play an important role our success. Attend an upcoming volunteer orientation to find out you can help BVSD students.\" \/>\n<meta name=\"robots\" content=\"index, follow, max-snippet:-1, max-image-preview:large, max-video-preview:-1\" \/>\n<link rel=\"canonical\" href=\"https:\/\/www.impactoneducation.org\/es\/volunteer\/\" \/>\n<meta property=\"og:locale\" content=\"es_MX\" \/>\n<meta property=\"og:type\" content=\"article\" \/>\n<meta property=\"og:title\" content=\"Become a Volunteer &#8211; Impact on Education\" \/>\n<meta property=\"og:description\" content=\"Volunteers play an important role our success. Attend an upcoming volunteer orientation to find out you can help BVSD students.\" \/>\n<meta property=\"og:url\" content=\"https:\/\/www.impactoneducation.org\/es\/volunteer\/\" \/>\n<meta property=\"og:site_name\" content=\"Impact on Education\" \/>\n<meta property=\"article:publisher\" content=\"https:\/\/www.facebook.com\/ImpactonEducation\" \/>\n<meta property=\"article:modified_time\" content=\"2025-02-13T18:40:14+00:00\" \/>\n<meta property=\"og:image\" content=\"https:\/\/www.impactoneducation.org\/wp-content\/uploads\/2023\/01\/shutterstock_279709709_stacked-hands-1-scaled.jpg\" \/>\n\t<meta property=\"og:image:width\" content=\"2560\" \/>\n\t<meta property=\"og:image:height\" content=\"1707\" \/>\n\t<meta property=\"og:image:type\" content=\"image\/jpeg\" \/>\n<meta name=\"twitter:card\" content=\"summary_large_image\" \/>\n<meta name=\"twitter:image\" content=\"https:\/\/www.impactoneducation.org\/wp-content\/uploads\/2023\/01\/shutterstock_279709709_stacked-hands-1-scaled.jpg\" \/>\n<meta name=\"twitter:site\" content=\"@ImpactOnEd\" \/>\n<meta name=\"twitter:label1\" content=\"Tiempo de lectura\" \/>\n\t<meta name=\"twitter:data1\" content=\"2 minutos\" \/>\n<script type=\"application\/ld+json\" class=\"yoast-schema-graph\">{\"@context\":\"https:\/\/schema.org\",\"@graph\":[{\"@type\":\"WebPage\",\"@id\":\"https:\/\/www.impactoneducation.org\/volunteer\/\",\"url\":\"https:\/\/www.impactoneducation.org\/volunteer\/\",\"name\":\"Become a Volunteer &#8211; Impact on Education\",\"isPartOf\":{\"@id\":\"https:\/\/www.impactoneducation.org\/#website\"},\"datePublished\":\"2020-03-02T23:29:29+00:00\",\"dateModified\":\"2025-02-13T18:40:14+00:00\",\"description\":\"Volunteers play an important role our success. Attend an upcoming volunteer orientation to find out you can help BVSD students.\",\"breadcrumb\":{\"@id\":\"https:\/\/www.impactoneducation.org\/volunteer\/#breadcrumb\"},\"inLanguage\":\"es\",\"potentialAction\":[{\"@type\":\"ReadAction\",\"target\":[\"https:\/\/www.impactoneducation.org\/volunteer\/\"]}]},{\"@type\":\"BreadcrumbList\",\"@id\":\"https:\/\/www.impactoneducation.org\/volunteer\/#breadcrumb\",\"itemListElement\":[{\"@type\":\"ListItem\",\"position\":1,\"name\":\"Home\",\"item\":\"https:\/\/www.impactoneducation.org\/\"},{\"@type\":\"ListItem\",\"position\":2,\"name\":\"Volunteer\"}]},{\"@type\":\"WebSite\",\"@id\":\"https:\/\/www.impactoneducation.org\/#website\",\"url\":\"https:\/\/www.impactoneducation.org\/\",\"name\":\"Impact on Education\",\"description\":\"Foundation for Boulder Valley Schools\",\"publisher\":{\"@id\":\"https:\/\/www.impactoneducation.org\/#organization\"},\"potentialAction\":[{\"@type\":\"SearchAction\",\"target\":{\"@type\":\"EntryPoint\",\"urlTemplate\":\"https:\/\/www.impactoneducation.org\/?s={search_term_string}\"},\"query-input\":{\"@type\":\"PropertyValueSpecification\",\"valueRequired\":true,\"valueName\":\"search_term_string\"}}],\"inLanguage\":\"es\"},{\"@type\":\"Organization\",\"@id\":\"https:\/\/www.impactoneducation.org\/#organization\",\"name\":\"Impact on Education\",\"url\":\"https:\/\/www.impactoneducation.org\/\",\"logo\":{\"@type\":\"ImageObject\",\"inLanguage\":\"es\",\"@id\":\"https:\/\/www.impactoneducation.org\/#\/schema\/logo\/image\/\",\"url\":\"https:\/\/www.impactoneducation.org\/wp-content\/uploads\/2020\/09\/Impact-logo-poly.png\",\"contentUrl\":\"https:\/\/www.impactoneducation.org\/wp-content\/uploads\/2020\/09\/Impact-logo-poly.png\",\"width\":3455,\"height\":890,\"caption\":\"Impact on Education\"},\"image\":{\"@id\":\"https:\/\/www.impactoneducation.org\/#\/schema\/logo\/image\/\"},\"sameAs\":[\"https:\/\/www.facebook.com\/ImpactonEducation\",\"https:\/\/x.com\/ImpactOnEd\",\"https:\/\/www.instagram.com\/impactoneducation\/\",\"https:\/\/www.youtube.com\/channel\/UCtCaQkVhXiowqiNrIXQ1Lkw\"]}]}<\/script>\n<!-- \/ Yoast SEO plugin. -->","yoast_head_json":{"title":"Hazte voluntario \u2013 Impacto en la educaci\u00f3n","description":"Los voluntarios son fundamentales para nuestro \u00e9xito. Asista a una pr\u00f3xima orientaci\u00f3n para voluntarios y descubra c\u00f3mo puede ayudar a los estudiantes de BVSD.","robots":{"index":"index","follow":"follow","max-snippet":"max-snippet:-1","max-image-preview":"max-image-preview:large","max-video-preview":"max-video-preview:-1"},"canonical":"https:\/\/www.impactoneducation.org\/es\/volunteer\/","og_locale":"es_MX","og_type":"article","og_title":"Become a Volunteer &#8211; Impact on Education","og_description":"Volunteers play an important role our success. Attend an upcoming volunteer orientation to find out you can help BVSD students.","og_url":"https:\/\/www.impactoneducation.org\/es\/volunteer\/","og_site_name":"Impact on Education","article_publisher":"https:\/\/www.facebook.com\/ImpactonEducation","article_modified_time":"2025-02-13T18:40:14+00:00","og_image":[{"width":2560,"height":1707,"url":"https:\/\/www.impactoneducation.org\/wp-content\/uploads\/2023\/01\/shutterstock_279709709_stacked-hands-1-scaled.jpg","type":"image\/jpeg"}],"twitter_card":"summary_large_image","twitter_image":"https:\/\/www.impactoneducation.org\/wp-content\/uploads\/2023\/01\/shutterstock_279709709_stacked-hands-1-scaled.jpg","twitter_site":"@ImpactOnEd","twitter_misc":{"Tiempo de lectura":"2 minutos"},"schema":{"@context":"https:\/\/schema.org","@graph":[{"@type":"WebPage","@id":"https:\/\/www.impactoneducation.org\/volunteer\/","url":"https:\/\/www.impactoneducation.org\/volunteer\/","name":"Hazte voluntario \u2013 Impacto en la educaci\u00f3n","isPartOf":{"@id":"https:\/\/www.impactoneducation.org\/#website"},"datePublished":"2020-03-02T23:29:29+00:00","dateModified":"2025-02-13T18:40:14+00:00","description":"Los voluntarios son fundamentales para nuestro \u00e9xito. Asista a una pr\u00f3xima orientaci\u00f3n para voluntarios y descubra c\u00f3mo puede ayudar a los estudiantes de BVSD.","breadcrumb":{"@id":"https:\/\/www.impactoneducation.org\/volunteer\/#breadcrumb"},"inLanguage":"es","potentialAction":[{"@type":"ReadAction","target":["https:\/\/www.impactoneducation.org\/volunteer\/"]}]},{"@type":"BreadcrumbList","@id":"https:\/\/www.impactoneducation.org\/volunteer\/#breadcrumb","itemListElement":[{"@type":"ListItem","position":1,"name":"Home","item":"https:\/\/www.impactoneducation.org\/"},{"@type":"ListItem","position":2,"name":"Volunteer"}]},{"@type":"WebSite","@id":"https:\/\/www.impactoneducation.org\/#website","url":"https:\/\/www.impactoneducation.org\/","name":"Impacto en la educaci\u00f3n","description":"Fundaci\u00f3n para las Escuelas del Valle de Boulder","publisher":{"@id":"https:\/\/www.impactoneducation.org\/#organization"},"potentialAction":[{"@type":"SearchAction","target":{"@type":"EntryPoint","urlTemplate":"https:\/\/www.impactoneducation.org\/?s={search_term_string}"},"query-input":{"@type":"PropertyValueSpecification","valueRequired":true,"valueName":"search_term_string"}}],"inLanguage":"es"},{"@type":"Organization","@id":"https:\/\/www.impactoneducation.org\/#organization","name":"Impacto en la educaci\u00f3n","url":"https:\/\/www.impactoneducation.org\/","logo":{"@type":"ImageObject","inLanguage":"es","@id":"https:\/\/www.impactoneducation.org\/#\/schema\/logo\/image\/","url":"https:\/\/www.impactoneducation.org\/wp-content\/uploads\/2020\/09\/Impact-logo-poly.png","contentUrl":"https:\/\/www.impactoneducation.org\/wp-content\/uploads\/2020\/09\/Impact-logo-poly.png","width":3455,"height":890,"caption":"Impact on Education"},"image":{"@id":"https:\/\/www.impactoneducation.org\/#\/schema\/logo\/image\/"},"sameAs":["https:\/\/www.facebook.com\/ImpactonEducation","https:\/\/x.com\/ImpactOnEd","https:\/\/www.instagram.com\/impactoneducation\/","https:\/\/www.youtube.com\/channel\/UCtCaQkVhXiowqiNrIXQ1Lkw"]}]}},"_links":{"self":[{"href":"https:\/\/www.impactoneducation.org\/es\/wp-json\/wp\/v2\/pages\/466","targetHints":{"allow":["GET"]}}],"collection":[{"href":"https:\/\/www.impactoneducation.org\/es\/wp-json\/wp\/v2\/pages"}],"about":[{"href":"https:\/\/www.impactoneducation.org\/es\/wp-json\/wp\/v2\/types\/page"}],"author":[{"embeddable":true,"href":"https:\/\/www.impactoneducation.org\/es\/wp-json\/wp\/v2\/users\/1"}],"replies":[{"embeddable":true,"href":"https:\/\/www.impactoneducation.org\/es\/wp-json\/wp\/v2\/comments?post=466"}],"version-history":[{"count":70,"href":"https:\/\/www.impactoneducation.org\/es\/wp-json\/wp\/v2\/pages\/466\/revisions"}],"predecessor-version":[{"id":11689,"href":"https:\/\/www.impactoneducation.org\/es\/wp-json\/wp\/v2\/pages\/466\/revisions\/11689"}],"wp:attachment":[{"href":"https:\/\/www.impactoneducation.org\/es\/wp-json\/wp\/v2\/media?parent=466"}],"curies":[{"name":"gracias","href":"https:\/\/api.w.org\/{rel}","templated":true}]}}