{"id":476,"date":"2020-03-02T23:35:28","date_gmt":"2020-03-02T23:35:28","guid":{"rendered":"https:\/\/www.impactoneducation.org\/?page_id=476"},"modified":"2024-03-06T19:25:34","modified_gmt":"2024-03-06T19:25:34","slug":"news","status":"publish","type":"page","link":"https:\/\/www.impactoneducation.org\/es\/whats-new\/news\/","title":{"rendered":"Noticias"},"content":{"rendered":"<div id=\"block_43469814fdf92c012511b70f342ded36\" class=\"page-header  full-width\">\r\n\r\n  <div class=\"page-header-title\">\r\n    <h1>Noticias<\/h1>\r\n  <\/div>\r\n\r\n  <div class=\"page-header-image\"><\/div>\r\n\r\n<\/div>\r\n\n\n\n<div style=\"height:30px\" aria-hidden=\"true\" class=\"wp-block-spacer\"><\/div>\n\n\n\r\n<div id=\"block_06e68e310404d2436226b79de3ffaa1d\" class=\"news wrapper\">\r\n  <div class=\"content\">\r\n\r\n    \r\n    <div class=\"news-posts\">\r\n\r\n      \r\n        <!-- the loop -->\r\n                  \r\n          <div class=\"post-summary\">\r\n            <div class=\"post-image\">\r\n              <img decoding=\"async\" data-object-fit=\"cover\" data-object-position=\"center\" src=\"https:\/\/www.impactoneducation.org\/wp-content\/uploads\/2026\/04\/Web-Blog-Header-1024x512-16-1024x512.jpg\" alt=\"Students sitting around a campfire\" \/>\r\n            <\/div>\r\n            <div class=\"post-content\">\r\n\r\n              <h4 class=\"post-title\">Tres maneras en que el apoyo de la comunidad genera momentos de inspiraci\u00f3n para los estudiantes del distrito escolar de Boulder Valley (BVSD).<\/h4>\r\n              <div class=\"post-excerpt\">\r\n                <p>Este a\u00f1o escolar, otorgamos m\u00e1s de 181 000 d\u00f3lares en becas de oportunidad para estudiantes. A continuaci\u00f3n, presentamos algunos ejemplos del impacto del ciclo de becas de oto\u00f1o, posible gracias a la dedicaci\u00f3n de los docentes, los donantes de la comunidad y la inversi\u00f3n de Meritrust Credit Union.<\/p>\n              <\/div>\r\n\r\n              <div class=\"post-read-more\">\r\n                <a class=\"button button-blue-green\" href=\"https:\/\/www.impactoneducation.org\/es\/2026\/04\/17\/student-opportunity-grants-fy26\/\">Lee mas<\/a>\r\n              <\/div>\r\n\r\n            <\/div>\r\n          <\/div>\r\n\r\n                            \r\n          <div class=\"post-summary\">\r\n            <div class=\"post-image\">\r\n              <img decoding=\"async\" data-object-fit=\"cover\" data-object-position=\"center\" src=\"https:\/\/www.impactoneducation.org\/wp-content\/uploads\/2026\/03\/Web-Blog-Header-1024x512-12-1024x512.jpg\" alt=\"Board of positive affirmations\" \/>\r\n            <\/div>\r\n            <div class=\"post-content\">\r\n\r\n              <h4 class=\"post-title\">5 maneras en que los defensores de la salud mental apoyan a los estudiantes de BVSD<\/h4>\r\n              <div class=\"post-excerpt\">\r\n                <p>Ante la crisis de salud mental que azota a los adolescentes de todo el pa\u00eds, BVSD e Impact on Education se han asociado para integrar el bienestar mental y emocional en la jornada escolar. A continuaci\u00f3n, presentamos cinco maneras en que los defensores de la salud mental apoyan a los estudiantes, junto con herramientas que los cuidadores pueden usar en casa. <\/p>\n              <\/div>\r\n\r\n              <div class=\"post-read-more\">\r\n                <a class=\"button button-blue-green\" href=\"https:\/\/www.impactoneducation.org\/es\/2026\/03\/10\/5-ways-mhas-support-bvsd-students\/\">Lee mas<\/a>\r\n              <\/div>\r\n\r\n            <\/div>\r\n          <\/div>\r\n\r\n                            \r\n          <div class=\"post-summary\">\r\n            <div class=\"post-image\">\r\n              <img decoding=\"async\" data-object-fit=\"cover\" data-object-position=\"center\" src=\"https:\/\/www.impactoneducation.org\/wp-content\/uploads\/2026\/02\/Web-Blog-Header-1024x512-10-1024x512.jpg\" alt=\"group of smiling middle school students and emergency medical professional with ambulance\" \/>\r\n            <\/div>\r\n            <div class=\"post-content\">\r\n\r\n              <h4 class=\"post-title\">Exploraci\u00f3n de carreras en BVSD: C\u00f3mo los estudiantes sue\u00f1an en grande desde temprano<\/h4>\r\n              <div class=\"post-excerpt\">\r\n                <p>Con financiaci\u00f3n de Impact on Education, el programa de exploraci\u00f3n profesional \u201cDream\u201d se est\u00e1 implementando en todo el Distrito Escolar del Valle de Boulder, inspirando a j\u00f3venes desde preescolar hasta octavo grado a explorar posibilidades profesionales.<\/p>\n              <\/div>\r\n\r\n              <div class=\"post-read-more\">\r\n                <a class=\"button button-blue-green\" href=\"https:\/\/www.impactoneducation.org\/es\/2026\/02\/12\/early-career-exploration-in-bvsd\/\">Lee mas<\/a>\r\n              <\/div>\r\n\r\n            <\/div>\r\n          <\/div>\r\n\r\n                            \r\n          <div class=\"post-summary\">\r\n            <div class=\"post-image\">\r\n              <img decoding=\"async\" data-object-fit=\"cover\" data-object-position=\"center\" src=\"https:\/\/www.impactoneducation.org\/wp-content\/uploads\/2026\/01\/Website-Blog-Body-Wide-1200x600-5-1024x512.jpg\" alt=\"A volunteer mentor, Katelyn, and four BVSD students talking at a table\" \/>\r\n            <\/div>\r\n            <div class=\"post-content\">\r\n\r\n              <h4 class=\"post-title\">Esta graduada de primera generaci\u00f3n encontr\u00f3 su camino. Ahora ayuda a los estudiantes de BVSD a encontrar el suyo.<\/h4>\r\n              <div class=\"post-excerpt\">\r\n                <p>Katelyn fue la primera persona de su familia en graduarse de la preparatoria o la universidad. Ahora, como una profesional exitosa en la industria tecnol\u00f3gica, comparte sus conocimientos con los estudiantes de BVSD para ayudarlos a prepararse para el futuro. <\/p>\n              <\/div>\r\n\r\n              <div class=\"post-read-more\">\r\n                <a class=\"button button-blue-green\" href=\"https:\/\/www.impactoneducation.org\/es\/2026\/01\/20\/first-gen-grad-finds-way\/\">Lee mas<\/a>\r\n              <\/div>\r\n\r\n            <\/div>\r\n          <\/div>\r\n\r\n                            \r\n          <div class=\"post-summary\">\r\n            <div class=\"post-image\">\r\n              <img decoding=\"async\" data-object-fit=\"cover\" data-object-position=\"center\" src=\"https:\/\/www.impactoneducation.org\/wp-content\/uploads\/2025\/08\/Untitled-design-88-1024x512.jpg\" alt=\"two smiling educators sitting next to smiling student\" \/>\r\n            <\/div>\r\n            <div class=\"post-content\">\r\n\r\n              <h4 class=\"post-title\">Mira: C\u00f3mo un programa de Casey Middle genera una incre\u00edble confianza en los estudiantes<\/h4>\r\n              <div class=\"post-excerpt\">\r\n                <p>Vaya detr\u00e1s de escena de un programa extraescolar en Casey Middle School, donde los estudiantes est\u00e1n desarrollando confianza y adquiriendo habilidades matem\u00e1ticas.<\/p>\n              <\/div>\r\n\r\n              <div class=\"post-read-more\">\r\n                <a class=\"button button-blue-green\" href=\"https:\/\/www.impactoneducation.org\/es\/2025\/12\/29\/casey-program-builds-confidence\/\">Lee mas<\/a>\r\n              <\/div>\r\n\r\n            <\/div>\r\n          <\/div>\r\n\r\n                            \r\n          <div class=\"post-summary\">\r\n            <div class=\"post-image\">\r\n              <img decoding=\"async\" data-object-fit=\"cover\" data-object-position=\"center\" src=\"https:\/\/www.impactoneducation.org\/wp-content\/uploads\/2025\/12\/Web-Blog-Header-1024x512-9-1024x512.jpg\" alt=\"BVSD teachers, alumni, and local volunteers thumbnail images from top blogs\" \/>\r\n            <\/div>\r\n            <div class=\"post-content\">\r\n\r\n              <h4 class=\"post-title\">Las 10 historias m\u00e1s importantes de este a\u00f1o: Impacto comunitario en BVSD<\/h4>\r\n              <div class=\"post-excerpt\">\r\n                <p>Al recordar el 2025, nos enorgullece c\u00f3mo esta comunidad apoy\u00f3 a los estudiantes, educadores y escuelas p\u00fablicas del Valle de Boulder. Consulten los blogs m\u00e1s populares de este a\u00f1o para ver el impacto que contribuyeron a hacer posible y conocer mejor a las personas que impulsan el cambio. <\/p>\n              <\/div>\r\n\r\n              <div class=\"post-read-more\">\r\n                <a class=\"button button-blue-green\" href=\"https:\/\/www.impactoneducation.org\/es\/2025\/12\/18\/top-10-stories-this-year-community-impact-in-bvsd\/\">Lee mas<\/a>\r\n              <\/div>\r\n\r\n            <\/div>\r\n          <\/div>\r\n\r\n                            \r\n          <div class=\"post-summary\">\r\n            <div class=\"post-image\">\r\n              <img decoding=\"async\" data-object-fit=\"cover\" data-object-position=\"center\" src=\"https:\/\/www.impactoneducation.org\/wp-content\/uploads\/2025\/11\/Subheading-3.png\" alt=\"\" \/>\r\n            <\/div>\r\n            <div class=\"post-content\">\r\n\r\n              <h4 class=\"post-title\">S\u00e1cale el m\u00e1ximo partido a tus donaciones de fin de a\u00f1o.<\/h4>\r\n              <div class=\"post-excerpt\">\r\n                <p>Con el a\u00f1o 2025 llegando a su fin y nuevas normas fiscales para organizaciones ben\u00e9ficas en el horizonte, este es el momento ideal para planificar sus donaciones de fin de a\u00f1o. Aqu\u00ed le mostramos c\u00f3mo puede maximizar tanto su impacto como sus beneficios fiscales esta temporada.<\/p>\n              <\/div>\r\n\r\n              <div class=\"post-read-more\">\r\n                <a class=\"button button-blue-green\" href=\"https:\/\/www.impactoneducation.org\/es\/2025\/11\/20\/make-the-most-of-your-year-end-giving\/\">Lee mas<\/a>\r\n              <\/div>\r\n\r\n            <\/div>\r\n          <\/div>\r\n\r\n                            \r\n          <div class=\"post-summary\">\r\n            <div class=\"post-image\">\r\n              <img decoding=\"async\" data-object-fit=\"cover\" data-object-position=\"center\" src=\"https:\/\/www.impactoneducation.org\/wp-content\/uploads\/2025\/11\/Web-Blog-Header-1024x512-4-1024x512.jpg\" alt=\"Bill smiling on snowy day on left; Peter welding on right\" \/>\r\n            <\/div>\r\n            <div class=\"post-content\">\r\n\r\n              <h4 class=\"post-title\">C\u00f3mo una clase impuls\u00f3 el \u00e9xito de dos exalumnos talentosos<\/h4>\r\n              <div class=\"post-excerpt\">\r\n                <p>Conoce a Bill y Peter: dos exalumnos de BVSD y Apex cuyo \u00e9xito demuestra que el acceso a la formaci\u00f3n profesional y a mentores talentosos puede transformar vidas. Descubre por qu\u00e9 Impact on Education invierte para ayudar a que los estudiantes de Boulder Valley tengan acceso a oportunidades de exploraci\u00f3n profesional. <\/p>\n              <\/div>\r\n\r\n              <div class=\"post-read-more\">\r\n                <a class=\"button button-blue-green\" href=\"https:\/\/www.impactoneducation.org\/es\/2025\/11\/18\/how-one-class-propelled-two-talented-alums-to-success\/\">Lee mas<\/a>\r\n              <\/div>\r\n\r\n            <\/div>\r\n          <\/div>\r\n\r\n                            \r\n          <div class=\"post-summary\">\r\n            <div class=\"post-image\">\r\n              <img decoding=\"async\" data-object-fit=\"cover\" data-object-position=\"center\" src=\"https:\/\/www.impactoneducation.org\/wp-content\/uploads\/2025\/10\/Untitled-design-3-1024x576.jpg\" alt=\"group of kids smiling on field trips at local science museum\" \/>\r\n            <\/div>\r\n            <div class=\"post-content\">\r\n\r\n              <h4 class=\"post-title\">Impact on Education otorga $115,000 en subvenciones a maestros del Valle de Boulder<\/h4>\r\n              <div class=\"post-excerpt\">\r\n                <p>Impact on Education otorg\u00f3 un total de $115,140 en subvenciones a 83 educadores en todo el Distrito Escolar del Valle de Boulder (BVSD), con financiaci\u00f3n posible gracias a donantes de la comunidad, incluida una donaci\u00f3n reciente de $100,000 de Meritrust Credit Union.<\/p>\n              <\/div>\r\n\r\n              <div class=\"post-read-more\">\r\n                <a class=\"button button-blue-green\" href=\"https:\/\/www.impactoneducation.org\/es\/2025\/10\/24\/fall-2025-sof-grants\/\">Lee mas<\/a>\r\n              <\/div>\r\n\r\n            <\/div>\r\n          <\/div>\r\n\r\n                          <!-- end of the loop -->\r\n\r\n        \r\n          <div class=\"paging\">\r\n\r\n            <span aria-current=\"page\" class=\"page-numbers current\">1<\/span>\n<a class=\"page-numbers\" href=\"https:\/\/www.impactoneducation.org\/es\/wp-json\/wp\/v2\/pages\/476\/page\/2\/\">2<\/a>\n<a class=\"page-numbers\" href=\"https:\/\/www.impactoneducation.org\/es\/wp-json\/wp\/v2\/pages\/476\/page\/3\/\">3<\/a>\n<span class=\"page-numbers dots\">...<\/span>\n<a class=\"page-numbers\" href=\"https:\/\/www.impactoneducation.org\/es\/wp-json\/wp\/v2\/pages\/476\/page\/21\/\">21<\/a>\n<a class=\"next page-numbers\" href=\"https:\/\/www.impactoneducation.org\/es\/wp-json\/wp\/v2\/pages\/476\/page\/2\/\"> \u00bb<\/a>          <\/div>\r\n\r\n        \r\n        \r\n      \r\n    <\/div>\r\n\r\n  <\/div>\r\n<\/div>\r\n\n\n\r\n\r\n  <div id=\"block_7cab13475d7a54179d4d2e16272966fe\" class=\"big-picture  full-width\">\r\n\r\n    <img decoding=\"async\" class=\"desktop-image\" src=\"https:\/\/www.impactoneducation.org\/wp-content\/uploads\/2022\/08\/Website_Desktop-Images-1-1.jpg\" \/>\r\n\r\n          <img decoding=\"async\" class=\"mobile-image\" src=\"https:\/\/www.impactoneducation.org\/wp-content\/uploads\/2022\/08\/Website_Mobile-Images-1-1.jpg\" \/>\r\n    \r\n          <div class=\"big-picture-overlay\" style=\"background-color: #000000; opacity: 0;\">\r\n      <\/div>\r\n    \r\n    <div class=\"big-picture-content\" style=\"color: #ffffff;\">\r\n\r\n              <h2 style=\"color: #ffffff;\">\r\n          NUESTRO TRABAJO        <\/h2>\r\n      \r\n              <div class=\"copy copy-white\" style=\"color: #ffffff;\">\r\n          Desde 1983, hemos proporcionado fondos y recursos suplementarios a estudiantes y educadores para ampliar lo que es posible en educaci\u00f3n. Nuestros programas e inversiones ayudan a garantizar que los estudiantes que enfrentan las mayores barreras para el \u00e9xito tengan acceso a las mismas oportunidades de aprendizaje que sus compa\u00f1eros.        <\/div>\r\n      \r\n              <div class=\"cta\">\r\n          <a class=\"button button-white\" style=\"color: #ffffff; border-color: #ffffff;\" href=\"https:\/\/www.impactoneducation.org\/es\/what-we-do\/\" target=\"_blank\">Lo que hacemos<\/a>\r\n        <\/div>\r\n\r\n      \r\n    <\/div>\r\n\r\n  <\/div>","protected":false},"excerpt":{"rendered":"","protected":false},"author":1,"featured_media":0,"parent":266,"menu_order":0,"comment_status":"closed","ping_status":"closed","template":"","meta":{"_acf_changed":false,"_monsterinsights_skip_tracking":false,"_monsterinsights_sitenote_active":false,"_monsterinsights_sitenote_note":"","_monsterinsights_sitenote_category":0,"footnotes":""},"class_list":["post-476","page","type-page","status-publish","hentry"],"acf":[],"yoast_head":"<!-- This site is optimized with the Yoast SEO plugin v27.4 - https:\/\/yoast.com\/product\/yoast-seo-wordpress\/ -->\n<title>Blog Articles &#8211; Impact on Education<\/title>\n<meta name=\"description\" content=\"Our work prioritizes BVSD students overcoming the greatest obstacles by addressing economic and learning barriers, increasing equity and closing opportunity gaps.\" \/>\n<meta name=\"robots\" content=\"index, follow, max-snippet:-1, max-image-preview:large, max-video-preview:-1\" \/>\n<link rel=\"canonical\" href=\"https:\/\/www.impactoneducation.org\/es\/whats-new\/news\/\" \/>\n<meta property=\"og:locale\" content=\"es_MX\" \/>\n<meta property=\"og:type\" content=\"article\" \/>\n<meta property=\"og:title\" content=\"Blog Articles &#8211; Impact on Education\" \/>\n<meta property=\"og:description\" content=\"Our work prioritizes BVSD students overcoming the greatest obstacles by addressing economic and learning barriers, increasing equity and closing opportunity gaps.\" \/>\n<meta property=\"og:url\" content=\"https:\/\/www.impactoneducation.org\/es\/whats-new\/news\/\" \/>\n<meta property=\"og:site_name\" content=\"Impact on Education\" \/>\n<meta property=\"article:publisher\" content=\"https:\/\/www.facebook.com\/ImpactonEducation\" \/>\n<meta property=\"article:modified_time\" content=\"2024-03-06T19:25:34+00:00\" \/>\n<meta property=\"og:image\" content=\"https:\/\/www.impactoneducation.org\/wp-content\/uploads\/2022\/11\/Website_Mobile-Images-2.jpg\" \/>\n\t<meta property=\"og:image:width\" content=\"1024\" \/>\n\t<meta property=\"og:image:height\" content=\"800\" \/>\n\t<meta property=\"og:image:type\" content=\"image\/jpeg\" \/>\n<meta name=\"twitter:card\" content=\"summary_large_image\" \/>\n<meta name=\"twitter:image\" content=\"https:\/\/www.impactoneducation.org\/wp-content\/uploads\/2022\/11\/Website_Mobile-Images-2.jpg\" \/>\n<meta name=\"twitter:site\" content=\"@ImpactOnEd\" \/>\n<script type=\"application\/ld+json\" class=\"yoast-schema-graph\">{\"@context\":\"https:\\\/\\\/schema.org\",\"@graph\":[{\"@type\":\"WebPage\",\"@id\":\"https:\\\/\\\/www.impactoneducation.org\\\/whats-new\\\/news\\\/\",\"url\":\"https:\\\/\\\/www.impactoneducation.org\\\/whats-new\\\/news\\\/\",\"name\":\"Blog Articles &#8211; Impact on Education\",\"isPartOf\":{\"@id\":\"https:\\\/\\\/www.impactoneducation.org\\\/#website\"},\"datePublished\":\"2020-03-02T23:35:28+00:00\",\"dateModified\":\"2024-03-06T19:25:34+00:00\",\"description\":\"Our work prioritizes BVSD students overcoming the greatest obstacles by addressing economic and learning barriers, increasing equity and closing opportunity gaps.\",\"breadcrumb\":{\"@id\":\"https:\\\/\\\/www.impactoneducation.org\\\/whats-new\\\/news\\\/#breadcrumb\"},\"inLanguage\":\"es\",\"potentialAction\":[{\"@type\":\"ReadAction\",\"target\":[\"https:\\\/\\\/www.impactoneducation.org\\\/whats-new\\\/news\\\/\"]}]},{\"@type\":\"BreadcrumbList\",\"@id\":\"https:\\\/\\\/www.impactoneducation.org\\\/whats-new\\\/news\\\/#breadcrumb\",\"itemListElement\":[{\"@type\":\"ListItem\",\"position\":1,\"name\":\"Home\",\"item\":\"https:\\\/\\\/www.impactoneducation.org\\\/\"},{\"@type\":\"ListItem\",\"position\":2,\"name\":\"What&#8217;s New\",\"item\":\"https:\\\/\\\/www.impactoneducation.org\\\/whats-new\\\/\"},{\"@type\":\"ListItem\",\"position\":3,\"name\":\"News\"}]},{\"@type\":\"WebSite\",\"@id\":\"https:\\\/\\\/www.impactoneducation.org\\\/#website\",\"url\":\"https:\\\/\\\/www.impactoneducation.org\\\/\",\"name\":\"Impact on Education\",\"description\":\"Foundation for Boulder Valley Schools\",\"publisher\":{\"@id\":\"https:\\\/\\\/www.impactoneducation.org\\\/#organization\"},\"potentialAction\":[{\"@type\":\"SearchAction\",\"target\":{\"@type\":\"EntryPoint\",\"urlTemplate\":\"https:\\\/\\\/www.impactoneducation.org\\\/?s={search_term_string}\"},\"query-input\":{\"@type\":\"PropertyValueSpecification\",\"valueRequired\":true,\"valueName\":\"search_term_string\"}}],\"inLanguage\":\"es\"},{\"@type\":\"Organization\",\"@id\":\"https:\\\/\\\/www.impactoneducation.org\\\/#organization\",\"name\":\"Impact on Education\",\"url\":\"https:\\\/\\\/www.impactoneducation.org\\\/\",\"logo\":{\"@type\":\"ImageObject\",\"inLanguage\":\"es\",\"@id\":\"https:\\\/\\\/www.impactoneducation.org\\\/#\\\/schema\\\/logo\\\/image\\\/\",\"url\":\"https:\\\/\\\/www.impactoneducation.org\\\/wp-content\\\/uploads\\\/2020\\\/09\\\/Impact-logo-poly.png\",\"contentUrl\":\"https:\\\/\\\/www.impactoneducation.org\\\/wp-content\\\/uploads\\\/2020\\\/09\\\/Impact-logo-poly.png\",\"width\":3455,\"height\":890,\"caption\":\"Impact on Education\"},\"image\":{\"@id\":\"https:\\\/\\\/www.impactoneducation.org\\\/#\\\/schema\\\/logo\\\/image\\\/\"},\"sameAs\":[\"https:\\\/\\\/www.facebook.com\\\/ImpactonEducation\",\"https:\\\/\\\/x.com\\\/ImpactOnEd\",\"https:\\\/\\\/www.instagram.com\\\/impactoneducation\\\/\",\"https:\\\/\\\/www.youtube.com\\\/channel\\\/UCtCaQkVhXiowqiNrIXQ1Lkw\"]}]}<\/script>\n<!-- \/ Yoast SEO plugin. -->","yoast_head_json":{"title":"Art\u00edculos del blog: Impacto en la educaci\u00f3n","description":"Nuestro trabajo prioriza que los estudiantes de BVSD superen los mayores obst\u00e1culos abordando las barreras econ\u00f3micas y de aprendizaje, aumentando la equidad y cerrando las brechas de oportunidades.","robots":{"index":"index","follow":"follow","max-snippet":"max-snippet:-1","max-image-preview":"max-image-preview:large","max-video-preview":"max-video-preview:-1"},"canonical":"https:\/\/www.impactoneducation.org\/es\/whats-new\/news\/","og_locale":"es_MX","og_type":"article","og_title":"Blog Articles &#8211; Impact on Education","og_description":"Our work prioritizes BVSD students overcoming the greatest obstacles by addressing economic and learning barriers, increasing equity and closing opportunity gaps.","og_url":"https:\/\/www.impactoneducation.org\/es\/whats-new\/news\/","og_site_name":"Impact on Education","article_publisher":"https:\/\/www.facebook.com\/ImpactonEducation","article_modified_time":"2024-03-06T19:25:34+00:00","og_image":[{"width":1024,"height":800,"url":"https:\/\/www.impactoneducation.org\/wp-content\/uploads\/2022\/11\/Website_Mobile-Images-2.jpg","type":"image\/jpeg"}],"twitter_card":"summary_large_image","twitter_image":"https:\/\/www.impactoneducation.org\/wp-content\/uploads\/2022\/11\/Website_Mobile-Images-2.jpg","twitter_site":"@ImpactOnEd","schema":{"@context":"https:\/\/schema.org","@graph":[{"@type":"WebPage","@id":"https:\/\/www.impactoneducation.org\/whats-new\/news\/","url":"https:\/\/www.impactoneducation.org\/whats-new\/news\/","name":"Art\u00edculos del blog: Impacto en la educaci\u00f3n","isPartOf":{"@id":"https:\/\/www.impactoneducation.org\/#website"},"datePublished":"2020-03-02T23:35:28+00:00","dateModified":"2024-03-06T19:25:34+00:00","description":"Nuestro trabajo prioriza que los estudiantes de BVSD superen los mayores obst\u00e1culos abordando las barreras econ\u00f3micas y de aprendizaje, aumentando la equidad y cerrando las brechas de oportunidades.","breadcrumb":{"@id":"https:\/\/www.impactoneducation.org\/whats-new\/news\/#breadcrumb"},"inLanguage":"es","potentialAction":[{"@type":"ReadAction","target":["https:\/\/www.impactoneducation.org\/whats-new\/news\/"]}]},{"@type":"BreadcrumbList","@id":"https:\/\/www.impactoneducation.org\/whats-new\/news\/#breadcrumb","itemListElement":[{"@type":"ListItem","position":1,"name":"Home","item":"https:\/\/www.impactoneducation.org\/"},{"@type":"ListItem","position":2,"name":"What&#8217;s New","item":"https:\/\/www.impactoneducation.org\/whats-new\/"},{"@type":"ListItem","position":3,"name":"News"}]},{"@type":"WebSite","@id":"https:\/\/www.impactoneducation.org\/#website","url":"https:\/\/www.impactoneducation.org\/","name":"Impacto en la educaci\u00f3n","description":"Fundaci\u00f3n para las Escuelas del Valle de Boulder","publisher":{"@id":"https:\/\/www.impactoneducation.org\/#organization"},"potentialAction":[{"@type":"SearchAction","target":{"@type":"EntryPoint","urlTemplate":"https:\/\/www.impactoneducation.org\/?s={search_term_string}"},"query-input":{"@type":"PropertyValueSpecification","valueRequired":true,"valueName":"search_term_string"}}],"inLanguage":"es"},{"@type":"Organization","@id":"https:\/\/www.impactoneducation.org\/#organization","name":"Impacto en la educaci\u00f3n","url":"https:\/\/www.impactoneducation.org\/","logo":{"@type":"ImageObject","inLanguage":"es","@id":"https:\/\/www.impactoneducation.org\/#\/schema\/logo\/image\/","url":"https:\/\/www.impactoneducation.org\/wp-content\/uploads\/2020\/09\/Impact-logo-poly.png","contentUrl":"https:\/\/www.impactoneducation.org\/wp-content\/uploads\/2020\/09\/Impact-logo-poly.png","width":3455,"height":890,"caption":"Impact on Education"},"image":{"@id":"https:\/\/www.impactoneducation.org\/#\/schema\/logo\/image\/"},"sameAs":["https:\/\/www.facebook.com\/ImpactonEducation","https:\/\/x.com\/ImpactOnEd","https:\/\/www.instagram.com\/impactoneducation\/","https:\/\/www.youtube.com\/channel\/UCtCaQkVhXiowqiNrIXQ1Lkw"]}]}},"_links":{"self":[{"href":"https:\/\/www.impactoneducation.org\/es\/wp-json\/wp\/v2\/pages\/476","targetHints":{"allow":["GET"]}}],"collection":[{"href":"https:\/\/www.impactoneducation.org\/es\/wp-json\/wp\/v2\/pages"}],"about":[{"href":"https:\/\/www.impactoneducation.org\/es\/wp-json\/wp\/v2\/types\/page"}],"author":[{"embeddable":true,"href":"https:\/\/www.impactoneducation.org\/es\/wp-json\/wp\/v2\/users\/1"}],"replies":[{"embeddable":true,"href":"https:\/\/www.impactoneducation.org\/es\/wp-json\/wp\/v2\/comments?post=476"}],"version-history":[{"count":15,"href":"https:\/\/www.impactoneducation.org\/es\/wp-json\/wp\/v2\/pages\/476\/revisions"}],"predecessor-version":[{"id":10370,"href":"https:\/\/www.impactoneducation.org\/es\/wp-json\/wp\/v2\/pages\/476\/revisions\/10370"}],"up":[{"embeddable":true,"href":"https:\/\/www.impactoneducation.org\/es\/wp-json\/wp\/v2\/pages\/266"}],"wp:attachment":[{"href":"https:\/\/www.impactoneducation.org\/es\/wp-json\/wp\/v2\/media?parent=476"}],"curies":[{"name":"gracias","href":"https:\/\/api.w.org\/{rel}","templated":true}]}}