{"id":5223,"date":"2022-02-15T21:55:59","date_gmt":"2022-02-15T21:55:59","guid":{"rendered":"https:\/\/www.impactoneducation.org\/?page_id=5223"},"modified":"2023-09-12T17:45:59","modified_gmt":"2023-09-12T17:45:59","slug":"crocs","status":"publish","type":"page","link":"https:\/\/www.impactoneducation.org\/es\/crisis-response\/crocs\/","title":{"rendered":"Distribuci\u00f3n de zapatos Crocs"},"content":{"rendered":"<div id=\"block_9f3ec1f937a02f1d59e5838323d3b8a6\" class=\"page-header  full-width\">\r\n\r\n  <div class=\"page-header-title\">\r\n    <h1>DISTRIBUCI\u00d3N DE ZAPATOS CROCS<\/h1>\r\n  <\/div>\r\n\r\n  <div class=\"page-header-image\"><\/div>\r\n\r\n<\/div>\r\n\n\n\n<div style=\"height:25px\" aria-hidden=\"true\" class=\"wp-block-spacer\"><\/div>\n\n\n\n<p class=\"has-text-align-center\">Crocs se comprometi\u00f3 generosamente a proporcionar <a href=\"https:\/\/www.impactoneducation.org\/es\/2022\/01\/20\/crocs-to-donate-30000-pairs-of-shoes-to-the-bvsd-community\/\" target=\"_blank\" rel=\"noreferrer noopener\">un nuevo par de zapatos Crocs para cada estudiante, educador y miembro del personal<\/a> dentro del Distrito Escolar del Valle de Boulder. La informaci\u00f3n y los formularios a continuaci\u00f3n son para ayudar a las escuelas a planificar la distribuci\u00f3n.<\/p>\n\n\n\n<p class=\"has-text-align-center\"><strong><em>Para el personal que no trabaja en la escuela, \u00a1pronto enviaremos comunicados y formularios!<\/em><\/strong><\/p>\n\n\n\n<div style=\"height:29px\" aria-hidden=\"true\" class=\"wp-block-spacer\"><\/div>\n\n\n\n<div class=\"wp-block-columns is-layout-flex wp-container-core-columns-is-layout-9d6595d7 wp-block-columns-is-layout-flex\">\n<div class=\"wp-block-column is-layout-flow wp-block-column-is-layout-flow\" style=\"flex-basis:55%\">\n<h2 class=\"wp-block-heading has-text-align-left fancy\">INFORMACI\u00d3N <\/h2>\n\n\n\n<div style=\"height:20px\" aria-hidden=\"true\" class=\"wp-block-spacer\"><\/div>\n\n\n\n<h2 class=\"wp-block-heading\"><strong>Su formulario<\/strong><\/h2>\n\n\n\n<p>Cada escuela debe tener un formulario en la columna del lado derecho para recopilar las tallas de los estudiantes y el personal.<\/p>\n\n\n\n<p>Si falta su escuela, desea realizar cambios (agregar campos, agregar traducciones al espa\u00f1ol, etc.) a su formulario, o necesita acceso de edici\u00f3n para el personal o los padres l\u00edderes, env\u00ede un correo electr\u00f3nico a Catherine Wessling.<\/p>\n\n\n\n<div style=\"height:20px\" aria-hidden=\"true\" class=\"wp-block-spacer\"><\/div>\n\n\n\n<h2 class=\"wp-block-heading\"><strong>Consejos \u00fatiles para coleccionar tallas<\/strong><br><strong><em>necesario antes del 8 de abril de 2022<\/em><\/strong><\/h2>\n\n\n\n<p>El equipo del almac\u00e9n de BVSD entregar\u00e1 los zapatos Crocs a todas las escuelas restantes directamente a su escuela (con la excepci\u00f3n de nuestras cuatro escuelas secundarias grandes restantes). <\/p>\n\n\n\n<p><strong>Para que su env\u00edo est\u00e9 en la cola con Crocs, debe tener al menos 80% de los tama\u00f1os para sus estudiantes y personal recolectados.&nbsp;<\/strong><\/p>\n\n\n\n<ul class=\"wp-block-list\">\n<li>Hacer clic <a href=\"https:\/\/docs.google.com\/document\/d\/1Pbiu5IAh3Egrppj6ITlgJr0ytAJstOOicCMh8mMbd-A\/edit?usp=sharing\" target=\"_blank\" rel=\"noreferrer noopener\">AQU\u00cd<\/a> por ejemplo, una copia de correo electr\u00f3nico que puede usar para enviar correos electr\u00f3nicos a los padres y al personal.<\/li>\n\n\n\n<li><a href=\"https:\/\/www.crocs.com\/on\/demandware.static\/-\/Sites-crocs_us-Library\/default\/dw32f11287\/size-chart-kids.pdf\" target=\"_blank\" rel=\"noreferrer noopener\">Descargue una gu\u00eda imprimible de calce de zapatos para ni\u00f1os de Crocs<\/a><\/li>\n\n\n\n<li><a href=\"https:\/\/www.crocs.com\/crocs-size-chart\/size-chart.html\" target=\"_blank\" rel=\"noreferrer noopener\">Ver la tabla de tallas de Crocs<\/a><\/li>\n<\/ul>\n\n\n\n<p>Una vez que hayas recopilado las tallas, env\u00eda un correo electr\u00f3nico a Terri Mulfold para programar el env\u00edo de tus Crocs.<\/p>\n\n\n\n<div style=\"height:20px\" aria-hidden=\"true\" class=\"wp-block-spacer\"><\/div>\n\n\n\n<h2 class=\"wp-block-heading\"><strong>Planificaci\u00f3n de la distribuci\u00f3n<\/strong><\/h2>\n\n\n\n<p><strong>Inf\u00f3rmele a Terri Mulfold si tiene una fecha deseada para su evento Crocs.<\/strong> y verificar\u00e1 que Crocs y el equipo de almac\u00e9n de BVSD puedan entregar los zapatos a tiempo. Crocs necesita al menos un plazo de entrega de dos semanas. <\/p>\n\n\n\n<p>Hay varias formas de distribuir estos zapatos donados a los estudiantes y al personal de su escuela:<\/p>\n\n\n\n<ul class=\"wp-block-list\">\n<li><strong>evento de toda la escuela<\/strong> \u2014 Durante unas horas en una ubicaci\u00f3n central de su escuela, configure estaciones ordenadas por tama\u00f1o y haga que los estudiantes y el personal pasen y seleccionen sus Crocs.&nbsp;<\/li>\n\n\n\n<li><strong>entrega por aula<\/strong> \u2014 una vez que se entreguen sus zapatos, clasifique el env\u00edo por sus aulas y distrib\u00fayalo a trav\u00e9s de los maestros.<\/li>\n\n\n\n<li><strong>Semana de distribuci\u00f3n<\/strong> \u2014 una vez que le entreguen sus zapatos, col\u00f3quelos en un espacio com\u00fan y p\u00eddales a los estudiantes y al personal que pasen una vez durante la semana para recoger sus zapatos.<\/li>\n<\/ul>\n\n\n\n<div style=\"height:29px\" aria-hidden=\"true\" class=\"wp-block-spacer\"><\/div>\n\n\n\n<h2 class=\"wp-block-heading has-text-align-left fancy\">NOTICIAS<\/h2>\n\n\n\n<div style=\"height:25px\" aria-hidden=\"true\" class=\"wp-block-spacer\"><\/div>\n\n\n<div id=\"block_e9808b6ca0185e18e50b701ab91456c5\">\r\n      <div class=\"sidebar-posts\">\r\n                            <div class=\"sidebar-post\">\r\n          <a href=\"https:\/\/www.impactoneducation.org\/es\/2026\/04\/17\/student-opportunity-grants-fy26\/\" >\r\n            <div class=\"thumbnail-image\" style=\"background-image: url('https:\/\/www.impactoneducation.org\/wp-content\/uploads\/2026\/04\/Web-Blog-Header-1024x512-16.jpg');\"><\/div>\r\n            <h3>Tres maneras en que el apoyo de la comunidad genera momentos de inspiraci\u00f3n para los estudiantes del distrito escolar de Boulder Valley (BVSD).<\/h3>\r\n          <\/a>\r\n        <\/div>\r\n                      <div class=\"sidebar-post\">\r\n          <a href=\"https:\/\/www.impactoneducation.org\/es\/2026\/03\/10\/5-ways-mhas-support-bvsd-students\/\" >\r\n            <div class=\"thumbnail-image\" style=\"background-image: url('https:\/\/www.impactoneducation.org\/wp-content\/uploads\/2026\/03\/Web-Blog-Header-1024x512-12.jpg');\"><\/div>\r\n            <h3>5 maneras en que los defensores de la salud mental apoyan a los estudiantes de BVSD<\/h3>\r\n          <\/a>\r\n        <\/div>\r\n                      <div class=\"sidebar-post\">\r\n          <a href=\"https:\/\/www.impactoneducation.org\/es\/2026\/02\/12\/early-career-exploration-in-bvsd\/\" >\r\n            <div class=\"thumbnail-image\" style=\"background-image: url('https:\/\/www.impactoneducation.org\/wp-content\/uploads\/2026\/02\/Web-Blog-Header-1024x512-10.jpg');\"><\/div>\r\n            <h3>Exploraci\u00f3n de carreras en BVSD: C\u00f3mo los estudiantes sue\u00f1an en grande desde temprano<\/h3>\r\n          <\/a>\r\n        <\/div>\r\n                <\/div>\r\n  <\/div>\r\n<\/div>\n\n\n\n<div class=\"wp-block-column is-layout-flow wp-block-column-is-layout-flow\" style=\"flex-basis:45%\">\n<h2 class=\"wp-block-heading has-text-align-left fancy\">FORMAS ESCOLARES<\/h2>\n\n\n\n<div style=\"height:20px\" aria-hidden=\"true\" class=\"wp-block-spacer\"><\/div>\n\n\n\n<h2 class=\"wp-block-heading\">Escuelas primarias<\/h2>\n\n\n\n<ul class=\"wp-block-list\">\n<li>alicia sanchez<\/li>\n\n\n\n<li>Arroyo del oso<\/li>\n\n\n\n<li>Abedul<\/li>\n\n\n\n<li>BCSIS<\/li>\n\n\n\n<li>arroyo de carb\u00f3n<\/li>\n\n\n\n<li>Aguile\u00f1a<\/li>\n\n\n\n<li>Comunidad Montessori<\/li>\n\n\n\n<li>junto a la cala<\/li>\n\n\n\n<li>Vista de la cresta<\/li>\n\n\n\n<li>douglas<\/li>\n\n\n\n<li>Eisenhower<\/li>\n\n\n\n<li>Esmeralda<\/li>\n\n\n\n<li>Escuela Biling\u00fce Pioneer<\/li>\n\n\n\n<li>casero<\/li>\n\n\n\n<li>Planchas<\/li>\n\n\n\n<li>estribaciones<\/li>\n\n\n\n<li>colina de oro<\/li>\n\n\n\n<li>brezo<\/li>\n\n\n\n<li>Picos altos<\/li>\n\n\n\n<li>jamestown<\/li>\n\n\n\n<li>Kohl<\/li>\n\n\n\n<li>Lafayette<\/li>\n\n\n\n<li>Louisville<\/li>\n\n\n\n<li>CEPE de Mapleton<\/li>\n\n\n\n<li>Colina baja<\/li>\n\n\n\n<li>Holanda<\/li>\n\n\n\n<li>Pico a pico<\/li>\n\n\n\n<li>Ryan<\/li>\n\n\n\n<li>Superior<\/li>\n\n\n\n<li>colina de la universidad<\/li>\n\n\n\n<li>Whittier International (pregunte a la escuela por el formulario)<\/li>\n<\/ul>\n\n\n\n<h2 class=\"wp-block-heading\">Escuelas intermedias<\/h2>\n\n\n\n<ul class=\"wp-block-list\">\n<li>de Anjeo<\/li>\n\n\n\n<li>Alturas de Broomfield<\/li>\n\n\n\n<li>Casey<\/li>\n\n\n\n<li>Centenario<\/li>\n\n\n\n<li>Escuela Halcyon<\/li>\n\n\n\n<li>Centro de Louisville<\/li>\n\n\n\n<li>manhattan<\/li>\n\n\n\n<li>Pa\u00edses Bajos Medio\/Senior<\/li>\n\n\n\n<li>Platt Nevin<\/li>\n\n\n\n<li>Pico a pico<\/li>\n\n\n\n<li>colinas del sur<\/li>\n\n\n\n<li>Cumbre<\/li>\n<\/ul>\n\n\n\n<h2 class=\"wp-block-heading\">PK-8 y K-8<\/h2>\n\n\n\n<ul class=\"wp-block-list\">\n<li>Aspen Creek PK-8<\/li>\n\n\n\n<li>Canto rodado universal \u2013 K8<\/li>\n\n\n\n<li>El Dorado PK-8<\/li>\n\n\n\n<li>Horizontes K-8<\/li>\n\n\n\n<li>Alondra PK-8<\/li>\n\n\n\n<li>Monarca PK-8<\/li>\n<\/ul>\n\n\n\n<h2 class=\"wp-block-heading\">Instituto<\/h2>\n\n\n\n<ul class=\"wp-block-list\">\n<li>Cresta Arapahoe<\/li>\n\n\n\n<li>Roca alta<\/li>\n\n\n\n<li>Preparaci\u00f3n de roca<\/li>\n\n\n\n<li>Roca TEC<\/li>\n\n\n\n<li>Roca Universal \u2013 Alta<\/li>\n\n\n\n<li>campo de escoba<\/li>\n\n\n\n<li>centauro<\/li>\n\n\n\n<li>Oeste de Chinook<\/li>\n\n\n\n<li>Fairview<\/li>\n\n\n\n<li>Escuela Halcyon<\/li>\n\n\n\n<li>Justicia<\/li>\n\n\n\n<li>Monarca<\/li>\n\n\n\n<li>Pa\u00edses Bajos Medio\/Senior<\/li>\n\n\n\n<li>nueva vista<\/li>\n\n\n\n<li>Pico a pico<\/li>\n<\/ul>\n<\/div>\n<\/div>\n\n\n\n<div style=\"height:25px\" aria-hidden=\"true\" class=\"wp-block-spacer\"><\/div>\n\n\n\n<div style=\"height:25px\" aria-hidden=\"true\" class=\"wp-block-spacer\"><\/div>","protected":false},"excerpt":{"rendered":"<p>Crocs se comprometi\u00f3 generosamente a proporcionar un nuevo par de zapatos Crocs a cada estudiante, educador y miembro del personal dentro de\u2026<\/p>","protected":false},"author":3,"featured_media":0,"parent":6361,"menu_order":0,"comment_status":"closed","ping_status":"closed","template":"","meta":{"_acf_changed":false,"_monsterinsights_skip_tracking":false,"_monsterinsights_sitenote_active":false,"_monsterinsights_sitenote_note":"","_monsterinsights_sitenote_category":0,"footnotes":""},"class_list":["post-5223","page","type-page","status-publish","hentry"],"acf":[],"yoast_head":"<!-- This site is optimized with the Yoast SEO plugin v27.4 - https:\/\/yoast.com\/product\/yoast-seo-wordpress\/ -->\n<title>Crocs Shoe Distribution &#8211; Impact on Education<\/title>\n<meta name=\"description\" content=\"After the 2021 Marshall Fire we facilitated a donation that provided a pair of Crocs shoes to every student, educator and staff member within BVSD.\" \/>\n<meta name=\"robots\" content=\"index, follow, max-snippet:-1, max-image-preview:large, max-video-preview:-1\" \/>\n<link rel=\"canonical\" href=\"https:\/\/www.impactoneducation.org\/es\/crisis-response\/crocs\/\" \/>\n<meta property=\"og:locale\" content=\"es_MX\" \/>\n<meta property=\"og:type\" content=\"article\" \/>\n<meta property=\"og:title\" content=\"Crocs Shoe Distribution &#8211; Impact on Education\" \/>\n<meta property=\"og:description\" content=\"After the 2021 Marshall Fire we facilitated a donation that provided a pair of Crocs shoes to every student, educator and staff member within BVSD.\" \/>\n<meta property=\"og:url\" content=\"https:\/\/www.impactoneducation.org\/es\/crisis-response\/crocs\/\" \/>\n<meta property=\"og:site_name\" content=\"Impact on Education\" \/>\n<meta property=\"article:publisher\" content=\"https:\/\/www.facebook.com\/ImpactonEducation\" \/>\n<meta property=\"article:modified_time\" content=\"2023-09-12T17:45:59+00:00\" \/>\n<meta property=\"og:image\" content=\"https:\/\/www.impactoneducation.org\/wp-content\/uploads\/2022\/01\/Premium-Outlet-Store_12337-3-scaled.jpg\" \/>\n\t<meta property=\"og:image:width\" content=\"2560\" \/>\n\t<meta property=\"og:image:height\" content=\"1707\" \/>\n\t<meta property=\"og:image:type\" content=\"image\/jpeg\" \/>\n<meta name=\"twitter:card\" content=\"summary_large_image\" \/>\n<meta name=\"twitter:image\" content=\"https:\/\/www.impactoneducation.org\/wp-content\/uploads\/2022\/01\/Premium-Outlet-Store_12337-3-scaled.jpg\" \/>\n<meta name=\"twitter:site\" content=\"@ImpactOnEd\" \/>\n<meta name=\"twitter:label1\" content=\"Tiempo de lectura\" \/>\n\t<meta name=\"twitter:data1\" content=\"3 minutos\" \/>\n<script type=\"application\/ld+json\" class=\"yoast-schema-graph\">{\"@context\":\"https:\\\/\\\/schema.org\",\"@graph\":[{\"@type\":\"WebPage\",\"@id\":\"https:\\\/\\\/www.impactoneducation.org\\\/crisis-response\\\/crocs\\\/\",\"url\":\"https:\\\/\\\/www.impactoneducation.org\\\/crisis-response\\\/crocs\\\/\",\"name\":\"Crocs Shoe Distribution &#8211; Impact on Education\",\"isPartOf\":{\"@id\":\"https:\\\/\\\/www.impactoneducation.org\\\/#website\"},\"datePublished\":\"2022-02-15T21:55:59+00:00\",\"dateModified\":\"2023-09-12T17:45:59+00:00\",\"description\":\"After the 2021 Marshall Fire we facilitated a donation that provided a pair of Crocs shoes to every student, educator and staff member within BVSD.\",\"breadcrumb\":{\"@id\":\"https:\\\/\\\/www.impactoneducation.org\\\/crisis-response\\\/crocs\\\/#breadcrumb\"},\"inLanguage\":\"es\",\"potentialAction\":[{\"@type\":\"ReadAction\",\"target\":[\"https:\\\/\\\/www.impactoneducation.org\\\/crisis-response\\\/crocs\\\/\"]}]},{\"@type\":\"BreadcrumbList\",\"@id\":\"https:\\\/\\\/www.impactoneducation.org\\\/crisis-response\\\/crocs\\\/#breadcrumb\",\"itemListElement\":[{\"@type\":\"ListItem\",\"position\":1,\"name\":\"Home\",\"item\":\"https:\\\/\\\/www.impactoneducation.org\\\/\"},{\"@type\":\"ListItem\",\"position\":2,\"name\":\"Crisis Response\",\"item\":\"https:\\\/\\\/www.impactoneducation.org\\\/crisis-response\\\/\"},{\"@type\":\"ListItem\",\"position\":3,\"name\":\"Crocs Shoe Distribution\"}]},{\"@type\":\"WebSite\",\"@id\":\"https:\\\/\\\/www.impactoneducation.org\\\/#website\",\"url\":\"https:\\\/\\\/www.impactoneducation.org\\\/\",\"name\":\"Impact on Education\",\"description\":\"Foundation for Boulder Valley Schools\",\"publisher\":{\"@id\":\"https:\\\/\\\/www.impactoneducation.org\\\/#organization\"},\"potentialAction\":[{\"@type\":\"SearchAction\",\"target\":{\"@type\":\"EntryPoint\",\"urlTemplate\":\"https:\\\/\\\/www.impactoneducation.org\\\/?s={search_term_string}\"},\"query-input\":{\"@type\":\"PropertyValueSpecification\",\"valueRequired\":true,\"valueName\":\"search_term_string\"}}],\"inLanguage\":\"es\"},{\"@type\":\"Organization\",\"@id\":\"https:\\\/\\\/www.impactoneducation.org\\\/#organization\",\"name\":\"Impact on Education\",\"url\":\"https:\\\/\\\/www.impactoneducation.org\\\/\",\"logo\":{\"@type\":\"ImageObject\",\"inLanguage\":\"es\",\"@id\":\"https:\\\/\\\/www.impactoneducation.org\\\/#\\\/schema\\\/logo\\\/image\\\/\",\"url\":\"https:\\\/\\\/www.impactoneducation.org\\\/wp-content\\\/uploads\\\/2020\\\/09\\\/Impact-logo-poly.png\",\"contentUrl\":\"https:\\\/\\\/www.impactoneducation.org\\\/wp-content\\\/uploads\\\/2020\\\/09\\\/Impact-logo-poly.png\",\"width\":3455,\"height\":890,\"caption\":\"Impact on Education\"},\"image\":{\"@id\":\"https:\\\/\\\/www.impactoneducation.org\\\/#\\\/schema\\\/logo\\\/image\\\/\"},\"sameAs\":[\"https:\\\/\\\/www.facebook.com\\\/ImpactonEducation\",\"https:\\\/\\\/x.com\\\/ImpactOnEd\",\"https:\\\/\\\/www.instagram.com\\\/impactoneducation\\\/\",\"https:\\\/\\\/www.youtube.com\\\/channel\\\/UCtCaQkVhXiowqiNrIXQ1Lkw\"]}]}<\/script>\n<!-- \/ Yoast SEO plugin. -->","yoast_head_json":{"title":"Crocs Shoe Distribution &#8211; Impact on Education","description":"After the 2021 Marshall Fire we facilitated a donation that provided a pair of Crocs shoes to every student, educator and staff member within BVSD.","robots":{"index":"index","follow":"follow","max-snippet":"max-snippet:-1","max-image-preview":"max-image-preview:large","max-video-preview":"max-video-preview:-1"},"canonical":"https:\/\/www.impactoneducation.org\/es\/crisis-response\/crocs\/","og_locale":"es_MX","og_type":"article","og_title":"Crocs Shoe Distribution &#8211; Impact on Education","og_description":"After the 2021 Marshall Fire we facilitated a donation that provided a pair of Crocs shoes to every student, educator and staff member within BVSD.","og_url":"https:\/\/www.impactoneducation.org\/es\/crisis-response\/crocs\/","og_site_name":"Impact on Education","article_publisher":"https:\/\/www.facebook.com\/ImpactonEducation","article_modified_time":"2023-09-12T17:45:59+00:00","og_image":[{"width":2560,"height":1707,"url":"https:\/\/www.impactoneducation.org\/wp-content\/uploads\/2022\/01\/Premium-Outlet-Store_12337-3-scaled.jpg","type":"image\/jpeg"}],"twitter_card":"summary_large_image","twitter_image":"https:\/\/www.impactoneducation.org\/wp-content\/uploads\/2022\/01\/Premium-Outlet-Store_12337-3-scaled.jpg","twitter_site":"@ImpactOnEd","twitter_misc":{"Tiempo de lectura":"3 minutos"},"schema":{"@context":"https:\/\/schema.org","@graph":[{"@type":"WebPage","@id":"https:\/\/www.impactoneducation.org\/crisis-response\/crocs\/","url":"https:\/\/www.impactoneducation.org\/crisis-response\/crocs\/","name":"Crocs Shoe Distribution &#8211; Impact on Education","isPartOf":{"@id":"https:\/\/www.impactoneducation.org\/#website"},"datePublished":"2022-02-15T21:55:59+00:00","dateModified":"2023-09-12T17:45:59+00:00","description":"After the 2021 Marshall Fire we facilitated a donation that provided a pair of Crocs shoes to every student, educator and staff member within BVSD.","breadcrumb":{"@id":"https:\/\/www.impactoneducation.org\/crisis-response\/crocs\/#breadcrumb"},"inLanguage":"es","potentialAction":[{"@type":"ReadAction","target":["https:\/\/www.impactoneducation.org\/crisis-response\/crocs\/"]}]},{"@type":"BreadcrumbList","@id":"https:\/\/www.impactoneducation.org\/crisis-response\/crocs\/#breadcrumb","itemListElement":[{"@type":"ListItem","position":1,"name":"Home","item":"https:\/\/www.impactoneducation.org\/"},{"@type":"ListItem","position":2,"name":"Crisis Response","item":"https:\/\/www.impactoneducation.org\/crisis-response\/"},{"@type":"ListItem","position":3,"name":"Crocs Shoe Distribution"}]},{"@type":"WebSite","@id":"https:\/\/www.impactoneducation.org\/#website","url":"https:\/\/www.impactoneducation.org\/","name":"Impacto en la educaci\u00f3n","description":"Fundaci\u00f3n para las Escuelas del Valle de Boulder","publisher":{"@id":"https:\/\/www.impactoneducation.org\/#organization"},"potentialAction":[{"@type":"SearchAction","target":{"@type":"EntryPoint","urlTemplate":"https:\/\/www.impactoneducation.org\/?s={search_term_string}"},"query-input":{"@type":"PropertyValueSpecification","valueRequired":true,"valueName":"search_term_string"}}],"inLanguage":"es"},{"@type":"Organization","@id":"https:\/\/www.impactoneducation.org\/#organization","name":"Impacto en la educaci\u00f3n","url":"https:\/\/www.impactoneducation.org\/","logo":{"@type":"ImageObject","inLanguage":"es","@id":"https:\/\/www.impactoneducation.org\/#\/schema\/logo\/image\/","url":"https:\/\/www.impactoneducation.org\/wp-content\/uploads\/2020\/09\/Impact-logo-poly.png","contentUrl":"https:\/\/www.impactoneducation.org\/wp-content\/uploads\/2020\/09\/Impact-logo-poly.png","width":3455,"height":890,"caption":"Impact on Education"},"image":{"@id":"https:\/\/www.impactoneducation.org\/#\/schema\/logo\/image\/"},"sameAs":["https:\/\/www.facebook.com\/ImpactonEducation","https:\/\/x.com\/ImpactOnEd","https:\/\/www.instagram.com\/impactoneducation\/","https:\/\/www.youtube.com\/channel\/UCtCaQkVhXiowqiNrIXQ1Lkw"]}]}},"_links":{"self":[{"href":"https:\/\/www.impactoneducation.org\/es\/wp-json\/wp\/v2\/pages\/5223","targetHints":{"allow":["GET"]}}],"collection":[{"href":"https:\/\/www.impactoneducation.org\/es\/wp-json\/wp\/v2\/pages"}],"about":[{"href":"https:\/\/www.impactoneducation.org\/es\/wp-json\/wp\/v2\/types\/page"}],"author":[{"embeddable":true,"href":"https:\/\/www.impactoneducation.org\/es\/wp-json\/wp\/v2\/users\/3"}],"replies":[{"embeddable":true,"href":"https:\/\/www.impactoneducation.org\/es\/wp-json\/wp\/v2\/comments?post=5223"}],"version-history":[{"count":76,"href":"https:\/\/www.impactoneducation.org\/es\/wp-json\/wp\/v2\/pages\/5223\/revisions"}],"predecessor-version":[{"id":9327,"href":"https:\/\/www.impactoneducation.org\/es\/wp-json\/wp\/v2\/pages\/5223\/revisions\/9327"}],"up":[{"embeddable":true,"href":"https:\/\/www.impactoneducation.org\/es\/wp-json\/wp\/v2\/pages\/6361"}],"wp:attachment":[{"href":"https:\/\/www.impactoneducation.org\/es\/wp-json\/wp\/v2\/media?parent=5223"}],"curies":[{"name":"gracias","href":"https:\/\/api.w.org\/{rel}","templated":true}]}}