{"id":5346,"date":"2022-02-24T19:59:23","date_gmt":"2022-02-24T19:59:23","guid":{"rendered":"https:\/\/www.impactoneducation.org\/?page_id=5346"},"modified":"2023-09-19T16:29:44","modified_gmt":"2023-09-19T16:29:44","slug":"impact-on-education-works-with-bvsd-to-distribute-100000-in-direct-assistance-to-students-and-staff-022422","status":"publish","type":"page","link":"https:\/\/www.impactoneducation.org\/es\/press\/impact-on-education-works-with-bvsd-to-distribute-100000-in-direct-assistance-to-students-and-staff-022422\/","title":{"rendered":"Comunicado de prensa: Impact on Education trabaja con BVSD para distribuir $100,000 en asistencia directa a estudiantes y personal"},"content":{"rendered":"<div id=\"block_b9bcd3ca0653cb113ace391ee1eb0974\" class=\"page-header  full-width\">\r\n\r\n  <div class=\"page-header-title\">\r\n    <h1>Impact on Education distribuye $100,000 en asistencia directa a estudiantes y personal de BVSD<\/h1>\r\n  <\/div>\r\n\r\n  <div class=\"page-header-image\"><\/div>\r\n\r\n<\/div>\r\n\n\n\n<div style=\"height:25px\" aria-hidden=\"true\" class=\"wp-block-spacer\"><\/div>\n\n\n\n<div class=\"wp-block-columns is-layout-flex wp-container-core-columns-is-layout-9d6595d7 wp-block-columns-is-layout-flex\">\n<div class=\"wp-block-column is-layout-flow wp-block-column-is-layout-flow\" style=\"flex-basis:10%\"><\/div>\n\n\n\n<div class=\"wp-block-column is-layout-flow wp-block-column-is-layout-flow\" style=\"flex-basis:80%\">\n<p>PARA PUBLICACI\u00d3N INMEDIATA<br>Contacto<br>Catherine Wessling<br>(f) 303.524.3865<br>(mi) <a href=\"mailto:catherine@impactoneducation.org\">catherine@impactoneducation.org<\/a>&nbsp;<\/p>\n\n\n\n<div style=\"height:24px\" aria-hidden=\"true\" class=\"wp-block-spacer\"><\/div>\n\n\n\n<h2 class=\"wp-block-heading has-text-align-center\"><strong>Impact on Education trabaja con BVSD para distribuir $100,000 en asistencia directa a estudiantes y personal<\/strong><\/h2>\n\n\n\n<div style=\"height:25px\" aria-hidden=\"true\" class=\"wp-block-spacer\"><\/div>\n\n\n\n<p>Louisville (24 de febrero de 2022) \u2013 Impact on Education, la fundaci\u00f3n que apoya a los estudiantes de las escuelas p\u00fablicas de Boulder Valley, brind\u00f3 m\u00e1s de $100,000 de asistencia financiera directa a estudiantes y personal dentro del Distrito Escolar de Boulder Valley este mes.<\/p>\n\n\n\n<p>La mayor\u00eda de las escuelas en BVSD tienen un enlace comunitario que trabaja para dirigir los servicios a los estudiantes y las familias con grandes necesidades y act\u00faa como enlace para las familias con la escuela y las agencias comunitarias. Los enlaces son clave para brindar oportunidades para que los estudiantes desarrollen el deseo y la capacidad de completar su educaci\u00f3n. Tambi\u00e9n abogan por pr\u00e1cticas y pol\u00edticas que puedan ayudar a disminuir las tasas de abandono escolar de los estudiantes, aumentar las tasas de graduaci\u00f3n y aumentar la asistencia y los logros de los estudiantes.<\/p>\n\n\n\n<p>\u201cA menudo nos referimos al equipo de enlaces comunitarios de BVSD como nuestros trabajadores de primera l\u00ednea\u201d, dice Allison Billings, directora ejecutiva de Impact on Education. \u201cTrabajan directamente con los estudiantes y las familias que enfrentan los desaf\u00edos m\u00e1s importantes, por lo que desempe\u00f1an un papel crucial para ayudar a identificar lo que m\u00e1s necesitan las familias\u201d.<\/p>\n\n\n\n<p>Este mes, a medida que aumentaba la variante de Omicron y los esfuerzos de socorro de Marshall Fire ocupaban un lugar central, los enlaces comunitarios compartieron la aguda crisis financiera que afecta a nuestros estudiantes m\u00e1s vulnerables.<\/p>\n\n\n\n<p>Impact on Education asign\u00f3 $50,000 para distribuir 10,000 pases de autob\u00fas para j\u00f3venes de RTD, 10 cajas de nuevos libros de atenci\u00f3n plena y m\u00e1s de $32,000 en tarjetas de regalo a tiendas como Walmart y King Soopers, a los enlaces comunitarios de BVSD que los est\u00e1n dirigiendo a aquellos con la mayor necesidad.<\/p>\n\n\n\n<p>Ari Gerzon-Kessler, Coordinadora de Asociaciones Familiares en BVSD dice, \u201cImpact on Education es un puente confiable hacia los recursos de la comunidad. Nuestros enlaces comunitarios saben que pueden confiar en el firme compromiso de Impact con los estudiantes y las familias y la generosidad de sus donantes para satisfacer las necesidades de aquellos en nuestra comunidad que enfrentan los desaf\u00edos m\u00e1s dif\u00edciles\u201d.<\/p>\n\n\n\n<p>Tambi\u00e9n este mes, Impact on Education trabaj\u00f3 con la administraci\u00f3n de BVSD y los directores de las escuelas para distribuir cheques $500 a cada uno de los 96 miembros del personal de BVSD que perdieron sus hogares o siguen desplazados por el incendio de Marshall.&nbsp;<br><\/p>\n\n\n\n<p>En total, este mes Impact on Education coloc\u00f3 m\u00e1s de $100,000 de asistencia en manos de estudiantes y personal de BVSD con necesidades financieras.<\/p>\n\n\n\n<p>\u201cNuestra funci\u00f3n es identificar los lugares donde nuestras escuelas, estudiantes y personal necesitan ayuda y luego encontrar los recursos para brindar esa ayuda de la manera m\u00e1s r\u00e1pida, integral y equitativa posible\u201d, dice Billings.<\/p>\n\n\n\n<p>Impact on Education est\u00e1 recaudando fondos para satisfacer las necesidades cr\u00edticas continuas de los estudiantes en el Distrito Escolar del Valle de Boulder y apoyar su capacidad para responder a las necesidades actuales y futuras de los afectados por el incendio de Marshall. Para obtener m\u00e1s informaci\u00f3n sobre Impact on Education o para participar, visite <a href=\"https:\/\/www.impactoneducation.org\/es\/\" target=\"_blank\" rel=\"noreferrer noopener\">impactoneducation.org<\/a>.<\/p>\n\n\n\n<p class=\"has-text-align-center\">###<\/p>\n<\/div>\n\n\n\n<div class=\"wp-block-column is-layout-flow wp-block-column-is-layout-flow\" style=\"flex-basis:10%\"><\/div>\n<\/div>\n\n\n\n<p><\/p>","protected":false},"excerpt":{"rendered":"<p>PARA PUBLICACI\u00d3N INMEDIATAComun\u00edquese con Catherine Wessling (p) 303.524.3865 (e) catherine@impactoneducation.org Impact on Education trabaja con BVSD para distribuir $100,000 en asistencia directa a los estudiantes...<\/p>","protected":false},"author":3,"featured_media":0,"parent":5261,"menu_order":0,"comment_status":"closed","ping_status":"closed","template":"","meta":{"_acf_changed":false,"_monsterinsights_skip_tracking":false,"_monsterinsights_sitenote_active":false,"_monsterinsights_sitenote_note":"","_monsterinsights_sitenote_category":0,"footnotes":""},"class_list":["post-5346","page","type-page","status-publish","hentry"],"acf":[],"yoast_head":"<!-- This site is optimized with the Yoast SEO plugin v27.4 - https:\/\/yoast.com\/product\/yoast-seo-wordpress\/ -->\n<title>Impact on Education distributes $100,000 to BVSD students, staff<\/title>\n<meta name=\"description\" content=\"Impact on Education provided over $100,000 of direct financial assistance to students and staff within Boulder Valley School District this month.\" \/>\n<meta name=\"robots\" content=\"index, follow, max-snippet:-1, max-image-preview:large, max-video-preview:-1\" \/>\n<link rel=\"canonical\" href=\"https:\/\/www.impactoneducation.org\/es\/press\/impact-on-education-works-with-bvsd-to-distribute-100000-in-direct-assistance-to-students-and-staff-022422\/\" \/>\n<meta property=\"og:locale\" content=\"es_MX\" \/>\n<meta property=\"og:type\" content=\"article\" \/>\n<meta property=\"og:title\" content=\"Impact on Education distributes $100,000 to BVSD students, staff\" \/>\n<meta property=\"og:description\" content=\"Impact on Education provided over $100,000 of direct financial assistance to students and staff within Boulder Valley School District this month.\" \/>\n<meta property=\"og:url\" content=\"https:\/\/www.impactoneducation.org\/es\/press\/impact-on-education-works-with-bvsd-to-distribute-100000-in-direct-assistance-to-students-and-staff-022422\/\" \/>\n<meta property=\"og:site_name\" content=\"Impact on Education\" \/>\n<meta property=\"article:publisher\" content=\"https:\/\/www.facebook.com\/ImpactonEducation\" \/>\n<meta property=\"article:modified_time\" content=\"2023-09-19T16:29:44+00:00\" \/>\n<meta name=\"twitter:card\" content=\"summary_large_image\" \/>\n<meta name=\"twitter:site\" content=\"@ImpactOnEd\" \/>\n<meta name=\"twitter:label1\" content=\"Tiempo de lectura\" \/>\n\t<meta name=\"twitter:data1\" content=\"2 minutos\" \/>\n<script type=\"application\/ld+json\" class=\"yoast-schema-graph\">{\"@context\":\"https:\\\/\\\/schema.org\",\"@graph\":[{\"@type\":\"WebPage\",\"@id\":\"https:\\\/\\\/www.impactoneducation.org\\\/press\\\/impact-on-education-works-with-bvsd-to-distribute-100000-in-direct-assistance-to-students-and-staff-022422\\\/\",\"url\":\"https:\\\/\\\/www.impactoneducation.org\\\/press\\\/impact-on-education-works-with-bvsd-to-distribute-100000-in-direct-assistance-to-students-and-staff-022422\\\/\",\"name\":\"Impact on Education distributes $100,000 to BVSD students, staff\",\"isPartOf\":{\"@id\":\"https:\\\/\\\/www.impactoneducation.org\\\/#website\"},\"datePublished\":\"2022-02-24T19:59:23+00:00\",\"dateModified\":\"2023-09-19T16:29:44+00:00\",\"description\":\"Impact on Education provided over $100,000 of direct financial assistance to students and staff within Boulder Valley School District this month.\",\"breadcrumb\":{\"@id\":\"https:\\\/\\\/www.impactoneducation.org\\\/press\\\/impact-on-education-works-with-bvsd-to-distribute-100000-in-direct-assistance-to-students-and-staff-022422\\\/#breadcrumb\"},\"inLanguage\":\"es\",\"potentialAction\":[{\"@type\":\"ReadAction\",\"target\":[\"https:\\\/\\\/www.impactoneducation.org\\\/press\\\/impact-on-education-works-with-bvsd-to-distribute-100000-in-direct-assistance-to-students-and-staff-022422\\\/\"]}]},{\"@type\":\"BreadcrumbList\",\"@id\":\"https:\\\/\\\/www.impactoneducation.org\\\/press\\\/impact-on-education-works-with-bvsd-to-distribute-100000-in-direct-assistance-to-students-and-staff-022422\\\/#breadcrumb\",\"itemListElement\":[{\"@type\":\"ListItem\",\"position\":1,\"name\":\"Home\",\"item\":\"https:\\\/\\\/www.impactoneducation.org\\\/\"},{\"@type\":\"ListItem\",\"position\":2,\"name\":\"Press Materials\",\"item\":\"https:\\\/\\\/www.impactoneducation.org\\\/press\\\/\"},{\"@type\":\"ListItem\",\"position\":3,\"name\":\"Press Release: Impact on Education Works with BVSD to Distribute $100,000 in Direct Assistance to Students and Staff\"}]},{\"@type\":\"WebSite\",\"@id\":\"https:\\\/\\\/www.impactoneducation.org\\\/#website\",\"url\":\"https:\\\/\\\/www.impactoneducation.org\\\/\",\"name\":\"Impact on Education\",\"description\":\"Foundation for Boulder Valley Schools\",\"publisher\":{\"@id\":\"https:\\\/\\\/www.impactoneducation.org\\\/#organization\"},\"potentialAction\":[{\"@type\":\"SearchAction\",\"target\":{\"@type\":\"EntryPoint\",\"urlTemplate\":\"https:\\\/\\\/www.impactoneducation.org\\\/?s={search_term_string}\"},\"query-input\":{\"@type\":\"PropertyValueSpecification\",\"valueRequired\":true,\"valueName\":\"search_term_string\"}}],\"inLanguage\":\"es\"},{\"@type\":\"Organization\",\"@id\":\"https:\\\/\\\/www.impactoneducation.org\\\/#organization\",\"name\":\"Impact on Education\",\"url\":\"https:\\\/\\\/www.impactoneducation.org\\\/\",\"logo\":{\"@type\":\"ImageObject\",\"inLanguage\":\"es\",\"@id\":\"https:\\\/\\\/www.impactoneducation.org\\\/#\\\/schema\\\/logo\\\/image\\\/\",\"url\":\"https:\\\/\\\/www.impactoneducation.org\\\/wp-content\\\/uploads\\\/2020\\\/09\\\/Impact-logo-poly.png\",\"contentUrl\":\"https:\\\/\\\/www.impactoneducation.org\\\/wp-content\\\/uploads\\\/2020\\\/09\\\/Impact-logo-poly.png\",\"width\":3455,\"height\":890,\"caption\":\"Impact on Education\"},\"image\":{\"@id\":\"https:\\\/\\\/www.impactoneducation.org\\\/#\\\/schema\\\/logo\\\/image\\\/\"},\"sameAs\":[\"https:\\\/\\\/www.facebook.com\\\/ImpactonEducation\",\"https:\\\/\\\/x.com\\\/ImpactOnEd\",\"https:\\\/\\\/www.instagram.com\\\/impactoneducation\\\/\",\"https:\\\/\\\/www.youtube.com\\\/channel\\\/UCtCaQkVhXiowqiNrIXQ1Lkw\"]}]}<\/script>\n<!-- \/ Yoast SEO plugin. -->","yoast_head_json":{"title":"Impact on Education distribuye $100,000 a estudiantes y personal de BVSD","description":"Impact on Education proporcion\u00f3 m\u00e1s de $100,000 de asistencia financiera directa a estudiantes y personal del Distrito Escolar del Valle de Boulder este mes.","robots":{"index":"index","follow":"follow","max-snippet":"max-snippet:-1","max-image-preview":"max-image-preview:large","max-video-preview":"max-video-preview:-1"},"canonical":"https:\/\/www.impactoneducation.org\/es\/press\/impact-on-education-works-with-bvsd-to-distribute-100000-in-direct-assistance-to-students-and-staff-022422\/","og_locale":"es_MX","og_type":"article","og_title":"Impact on Education distributes $100,000 to BVSD students, staff","og_description":"Impact on Education provided over $100,000 of direct financial assistance to students and staff within Boulder Valley School District this month.","og_url":"https:\/\/www.impactoneducation.org\/es\/press\/impact-on-education-works-with-bvsd-to-distribute-100000-in-direct-assistance-to-students-and-staff-022422\/","og_site_name":"Impact on Education","article_publisher":"https:\/\/www.facebook.com\/ImpactonEducation","article_modified_time":"2023-09-19T16:29:44+00:00","twitter_card":"summary_large_image","twitter_site":"@ImpactOnEd","twitter_misc":{"Tiempo de lectura":"2 minutos"},"schema":{"@context":"https:\/\/schema.org","@graph":[{"@type":"WebPage","@id":"https:\/\/www.impactoneducation.org\/press\/impact-on-education-works-with-bvsd-to-distribute-100000-in-direct-assistance-to-students-and-staff-022422\/","url":"https:\/\/www.impactoneducation.org\/press\/impact-on-education-works-with-bvsd-to-distribute-100000-in-direct-assistance-to-students-and-staff-022422\/","name":"Impact on Education distribuye $100,000 a estudiantes y personal de BVSD","isPartOf":{"@id":"https:\/\/www.impactoneducation.org\/#website"},"datePublished":"2022-02-24T19:59:23+00:00","dateModified":"2023-09-19T16:29:44+00:00","description":"Impact on Education proporcion\u00f3 m\u00e1s de $100,000 de asistencia financiera directa a estudiantes y personal del Distrito Escolar del Valle de Boulder este mes.","breadcrumb":{"@id":"https:\/\/www.impactoneducation.org\/press\/impact-on-education-works-with-bvsd-to-distribute-100000-in-direct-assistance-to-students-and-staff-022422\/#breadcrumb"},"inLanguage":"es","potentialAction":[{"@type":"ReadAction","target":["https:\/\/www.impactoneducation.org\/press\/impact-on-education-works-with-bvsd-to-distribute-100000-in-direct-assistance-to-students-and-staff-022422\/"]}]},{"@type":"BreadcrumbList","@id":"https:\/\/www.impactoneducation.org\/press\/impact-on-education-works-with-bvsd-to-distribute-100000-in-direct-assistance-to-students-and-staff-022422\/#breadcrumb","itemListElement":[{"@type":"ListItem","position":1,"name":"Home","item":"https:\/\/www.impactoneducation.org\/"},{"@type":"ListItem","position":2,"name":"Press Materials","item":"https:\/\/www.impactoneducation.org\/press\/"},{"@type":"ListItem","position":3,"name":"Press Release: Impact on Education Works with BVSD to Distribute $100,000 in Direct Assistance to Students and Staff"}]},{"@type":"WebSite","@id":"https:\/\/www.impactoneducation.org\/#website","url":"https:\/\/www.impactoneducation.org\/","name":"Impacto en la educaci\u00f3n","description":"Fundaci\u00f3n para las Escuelas del Valle de Boulder","publisher":{"@id":"https:\/\/www.impactoneducation.org\/#organization"},"potentialAction":[{"@type":"SearchAction","target":{"@type":"EntryPoint","urlTemplate":"https:\/\/www.impactoneducation.org\/?s={search_term_string}"},"query-input":{"@type":"PropertyValueSpecification","valueRequired":true,"valueName":"search_term_string"}}],"inLanguage":"es"},{"@type":"Organization","@id":"https:\/\/www.impactoneducation.org\/#organization","name":"Impacto en la educaci\u00f3n","url":"https:\/\/www.impactoneducation.org\/","logo":{"@type":"ImageObject","inLanguage":"es","@id":"https:\/\/www.impactoneducation.org\/#\/schema\/logo\/image\/","url":"https:\/\/www.impactoneducation.org\/wp-content\/uploads\/2020\/09\/Impact-logo-poly.png","contentUrl":"https:\/\/www.impactoneducation.org\/wp-content\/uploads\/2020\/09\/Impact-logo-poly.png","width":3455,"height":890,"caption":"Impact on Education"},"image":{"@id":"https:\/\/www.impactoneducation.org\/#\/schema\/logo\/image\/"},"sameAs":["https:\/\/www.facebook.com\/ImpactonEducation","https:\/\/x.com\/ImpactOnEd","https:\/\/www.instagram.com\/impactoneducation\/","https:\/\/www.youtube.com\/channel\/UCtCaQkVhXiowqiNrIXQ1Lkw"]}]}},"_links":{"self":[{"href":"https:\/\/www.impactoneducation.org\/es\/wp-json\/wp\/v2\/pages\/5346","targetHints":{"allow":["GET"]}}],"collection":[{"href":"https:\/\/www.impactoneducation.org\/es\/wp-json\/wp\/v2\/pages"}],"about":[{"href":"https:\/\/www.impactoneducation.org\/es\/wp-json\/wp\/v2\/types\/page"}],"author":[{"embeddable":true,"href":"https:\/\/www.impactoneducation.org\/es\/wp-json\/wp\/v2\/users\/3"}],"replies":[{"embeddable":true,"href":"https:\/\/www.impactoneducation.org\/es\/wp-json\/wp\/v2\/comments?post=5346"}],"version-history":[{"count":8,"href":"https:\/\/www.impactoneducation.org\/es\/wp-json\/wp\/v2\/pages\/5346\/revisions"}],"predecessor-version":[{"id":9512,"href":"https:\/\/www.impactoneducation.org\/es\/wp-json\/wp\/v2\/pages\/5346\/revisions\/9512"}],"up":[{"embeddable":true,"href":"https:\/\/www.impactoneducation.org\/es\/wp-json\/wp\/v2\/pages\/5261"}],"wp:attachment":[{"href":"https:\/\/www.impactoneducation.org\/es\/wp-json\/wp\/v2\/media?parent=5346"}],"curies":[{"name":"gracias","href":"https:\/\/api.w.org\/{rel}","templated":true}]}}