{"id":5931,"date":"2022-05-26T22:38:40","date_gmt":"2022-05-26T22:38:40","guid":{"rendered":"https:\/\/www.impactoneducation.org\/?page_id=5931"},"modified":"2023-09-13T17:34:11","modified_gmt":"2023-09-13T17:34:11","slug":"impact-on-education-awards-40000-in-college-scholarships","status":"publish","type":"page","link":"https:\/\/www.impactoneducation.org\/es\/press\/impact-on-education-awards-40000-in-college-scholarships\/","title":{"rendered":"Comunicado de prensa: Impact on Education otorga $40,000 en becas universitarias"},"content":{"rendered":"<div id=\"block_ab4f1b63088b5a2fa432c653fdd8be6c\" class=\"page-header  full-width\">\r\n\r\n  <div class=\"page-header-title\">\r\n    <h1>Impact on Education otorga $40,000 en becas universitarias<\/h1>\r\n  <\/div>\r\n\r\n  <div class=\"page-header-image\"><\/div>\r\n\r\n<\/div>\r\n\n\n\n<div class=\"wp-block-columns is-layout-flex wp-container-core-columns-is-layout-9d6595d7 wp-block-columns-is-layout-flex\">\n<div class=\"wp-block-column is-layout-flow wp-block-column-is-layout-flow\" style=\"flex-basis:10%\"><\/div>\n\n\n\n<div class=\"wp-block-column is-layout-flow wp-block-column-is-layout-flow\" style=\"flex-basis:80%\">\n<div style=\"height:25px\" aria-hidden=\"true\" class=\"wp-block-spacer\"><\/div>\n\n\n\n<p>PARA PUBLICACI\u00d3N INMEDIATA<br>Contacto<br>Catherine Wessling<br>(f) 303.524.3865<br>(mi) <a href=\"mailto:catherine@impactoneducation.org\">catherine@impactoneducation.org<\/a><br><\/p>\n\n\n\n<div style=\"height:25px\" aria-hidden=\"true\" class=\"wp-block-spacer\"><\/div>\n\n\n\n<h2 class=\"wp-block-heading has-text-align-center\"><strong><strong>Impact on Education otorga $40,000 en becas universitarias<\/strong><\/strong><\/h2>\n\n\n\n<div style=\"height:25px\" aria-hidden=\"true\" class=\"wp-block-spacer\"><\/div>\n\n\n\n<p>Louisville, Colorado (26 de mayo de 2022) \u2013 Impact on Education, la fundaci\u00f3n que apoya a los estudiantes de las escuelas p\u00fablicas de Boulder Valley, otorg\u00f3 $40,000 en becas a siete estudiantes del \u00faltimo a\u00f1o de secundaria. Las solicitudes fueron revisadas por un grupo de voluntarios comunitarios capacitados, y los estudiantes ganadores fueron seleccionados en funci\u00f3n de sus logros acad\u00e9micos, necesidad financiera y otros requisitos de elegibilidad.<\/p>\n\n\n\n<p><em>\u201cEste a\u00f1o vimos un gran campo de solicitantes de becas lleno de estudiantes en camino a hacer grandes cosas. Cada solicitante represent\u00f3 a un estudiante empoderado para volar y estamos orgullosos de apoyar a nuestros premiados a medida que dan los siguientes pasos en su viaje educativo\u201d. <\/em>dijo Matt Tebo, director del programa Impact on Education.&nbsp;<\/p>\n\n\n\n<p>La beca $5,000 Earl &amp; Barbara Bolton fue otorgada a Nia Sorel, estudiante de \u00faltimo a\u00f1o en Monarch High School. Nia planea especializarse en Fisiolog\u00eda Integrativa y Kinesiolog\u00eda en CU-Boulder a partir del oto\u00f1o. Este premio de beca es renovable por hasta cuatro a\u00f1os, con el potencial de financiar $20,000 de los gastos universitarios de Nia.<\/p>\n\n\n\n<p>En la solicitud de Nia, dijo que su \u201cfascinaci\u00f3n por la biolog\u00eda y la medicina surgi\u00f3, despertando una curiosidad sobre lo que se necesitar\u00eda para ser m\u00e9dico. A medida que contin\u00faa mi carrera educativa, anhelo una comprensi\u00f3n m\u00e1s profunda de las ciencias basadas en la medicina; interpretar el cuerpo humano y los efectos de la intervenci\u00f3n m\u00e9dica\u201d.<\/p>\n\n\n\n<p>Una de las becas de larga duraci\u00f3n de Impact on Education, la beca Dennie y Donna Wise, fue otorgada por un ex miembro de la junta para apoyar hasta dos estudiantes al a\u00f1o que planean seguir una educaci\u00f3n universitaria vocacional, t\u00e9cnica o comunitaria.&nbsp;<\/p>\n\n\n\n<p>Se otorg\u00f3 una beca de $1,000 a Jaime Ibarra, estudiante de \u00faltimo a\u00f1o en Boulder High School y a Julian Mastrine, estudiante de \u00faltimo a\u00f1o en Monarch High School. Jamie planea asistir a Front Range Community College en el oto\u00f1o para dedicarse a sus intereses en psicolog\u00eda y enfermer\u00eda,<\/p>\n\n\n\n<p>y Julian planea estudiar Administraci\u00f3n de servicios automotrices en Lincoln Tech en Denver. Este premio de beca es renovable por hasta dos a\u00f1os, financiando hasta $2,000 de la matr\u00edcula de cada beneficiario.<\/p>\n\n\n\n<p>Impact on Education tambi\u00e9n administra una beca para la Orden Independiente de Odd Fellows Boulder Lodge #9. Son una parte establecida desde hace mucho tiempo de la comunidad de Boulder y desean recompensar y ayudar a los estudiantes de \u00faltimo a\u00f1o que se grad\u00faan en el Distrito Escolar del Valle de Boulder y que demuestran un fuerte compromiso con su comunidad y la excelencia personal. Cada beca es renovable por hasta cinco a\u00f1os, financiando hasta $5,000 por beneficiario.<\/p>\n\n\n\n<p>Los premiados de este a\u00f1o fueron Jessica Funk de Monarch High School, Gabriela Borlovan de Centaurus High School y Amairani Chirinos de New Vista High School.<\/p>\n\n\n\n<p>Un premio adicional que administran, el $1,000 Panther Pride Excellence in Leadership, fue otorgado a Madelyn Hardee de Boulder High School.<br>Impact on Education ofrece estas becas para apoyar a los estudiantes del Valle de Boulder con necesidades financieras que desean continuar con la educaci\u00f3n superior. Podemos brindar este tipo de apoyo financiero importante gracias a los generosos obsequios que los miembros de la comunidad local le brindan a la organizaci\u00f3n. Si desea hablar sobre oportunidades de donaciones planificadas, incluidos legados, donaciones de una cuenta de jubilaci\u00f3n, fideicomiso ben\u00e9fico o bienes ra\u00edces, comun\u00edquese con <a href=\"mailto:darcy@impactoneducation.org\">darcy@impactoneducation.org<\/a>.<\/p>\n\n\n\n<p class=\"has-text-align-center\">###<\/p>\n<\/div>\n\n\n\n<div class=\"wp-block-column is-layout-flow wp-block-column-is-layout-flow\" style=\"flex-basis:10%\"><\/div>\n<\/div>","protected":false},"excerpt":{"rendered":"<p>PARA PUBLICACI\u00d3N INMEDIATA Comun\u00edquese con Catherine Wessling (p) 303.524.3865 (e) catherine@impactoneducation.org Impact on Education Awards $40,000 en becas universitarias Louisville, Colorado (26 de mayo de 2022) -...<\/p>","protected":false},"author":3,"featured_media":0,"parent":5261,"menu_order":0,"comment_status":"closed","ping_status":"closed","template":"","meta":{"_acf_changed":false,"_monsterinsights_skip_tracking":false,"_monsterinsights_sitenote_active":false,"_monsterinsights_sitenote_note":"","_monsterinsights_sitenote_category":0,"footnotes":""},"class_list":["post-5931","page","type-page","status-publish","hentry"],"acf":[],"yoast_head":"<!-- This site is optimized with the Yoast SEO plugin v27.4 - https:\/\/yoast.com\/product\/yoast-seo-wordpress\/ -->\n<title>Impact on Education Awards $40,000 in College Scholarships<\/title>\n<meta name=\"description\" content=\"Impact on Education awarded $40,000 in college scholarships to seven graduating high school seniors in Boulder Valley School District.\" \/>\n<meta name=\"robots\" content=\"index, follow, max-snippet:-1, max-image-preview:large, max-video-preview:-1\" \/>\n<link rel=\"canonical\" href=\"https:\/\/www.impactoneducation.org\/es\/press\/impact-on-education-awards-40000-in-college-scholarships\/\" \/>\n<meta property=\"og:locale\" content=\"es_MX\" \/>\n<meta property=\"og:type\" content=\"article\" \/>\n<meta property=\"og:title\" content=\"Impact on Education Awards $40,000 in College Scholarships\" \/>\n<meta property=\"og:description\" content=\"Impact on Education awarded $40,000 in college scholarships to seven graduating high school seniors in Boulder Valley School District.\" \/>\n<meta property=\"og:url\" content=\"https:\/\/www.impactoneducation.org\/es\/press\/impact-on-education-awards-40000-in-college-scholarships\/\" \/>\n<meta property=\"og:site_name\" content=\"Impact on Education\" \/>\n<meta property=\"article:publisher\" content=\"https:\/\/www.facebook.com\/ImpactonEducation\" \/>\n<meta property=\"article:modified_time\" content=\"2023-09-13T17:34:11+00:00\" \/>\n<meta name=\"twitter:card\" content=\"summary_large_image\" \/>\n<meta name=\"twitter:site\" content=\"@ImpactOnEd\" \/>\n<meta name=\"twitter:label1\" content=\"Tiempo de lectura\" \/>\n\t<meta name=\"twitter:data1\" content=\"3 minutos\" \/>\n<script type=\"application\/ld+json\" class=\"yoast-schema-graph\">{\"@context\":\"https:\\\/\\\/schema.org\",\"@graph\":[{\"@type\":\"WebPage\",\"@id\":\"https:\\\/\\\/www.impactoneducation.org\\\/press\\\/impact-on-education-awards-40000-in-college-scholarships\\\/\",\"url\":\"https:\\\/\\\/www.impactoneducation.org\\\/press\\\/impact-on-education-awards-40000-in-college-scholarships\\\/\",\"name\":\"Impact on Education Awards $40,000 in College Scholarships\",\"isPartOf\":{\"@id\":\"https:\\\/\\\/www.impactoneducation.org\\\/#website\"},\"datePublished\":\"2022-05-26T22:38:40+00:00\",\"dateModified\":\"2023-09-13T17:34:11+00:00\",\"description\":\"Impact on Education awarded $40,000 in college scholarships to seven graduating high school seniors in Boulder Valley School District.\",\"breadcrumb\":{\"@id\":\"https:\\\/\\\/www.impactoneducation.org\\\/press\\\/impact-on-education-awards-40000-in-college-scholarships\\\/#breadcrumb\"},\"inLanguage\":\"es\",\"potentialAction\":[{\"@type\":\"ReadAction\",\"target\":[\"https:\\\/\\\/www.impactoneducation.org\\\/press\\\/impact-on-education-awards-40000-in-college-scholarships\\\/\"]}]},{\"@type\":\"BreadcrumbList\",\"@id\":\"https:\\\/\\\/www.impactoneducation.org\\\/press\\\/impact-on-education-awards-40000-in-college-scholarships\\\/#breadcrumb\",\"itemListElement\":[{\"@type\":\"ListItem\",\"position\":1,\"name\":\"Home\",\"item\":\"https:\\\/\\\/www.impactoneducation.org\\\/\"},{\"@type\":\"ListItem\",\"position\":2,\"name\":\"Press Materials\",\"item\":\"https:\\\/\\\/www.impactoneducation.org\\\/press\\\/\"},{\"@type\":\"ListItem\",\"position\":3,\"name\":\"Press Release: Impact on Education Awards $40,000 in College Scholarships\"}]},{\"@type\":\"WebSite\",\"@id\":\"https:\\\/\\\/www.impactoneducation.org\\\/#website\",\"url\":\"https:\\\/\\\/www.impactoneducation.org\\\/\",\"name\":\"Impact on Education\",\"description\":\"Foundation for Boulder Valley Schools\",\"publisher\":{\"@id\":\"https:\\\/\\\/www.impactoneducation.org\\\/#organization\"},\"potentialAction\":[{\"@type\":\"SearchAction\",\"target\":{\"@type\":\"EntryPoint\",\"urlTemplate\":\"https:\\\/\\\/www.impactoneducation.org\\\/?s={search_term_string}\"},\"query-input\":{\"@type\":\"PropertyValueSpecification\",\"valueRequired\":true,\"valueName\":\"search_term_string\"}}],\"inLanguage\":\"es\"},{\"@type\":\"Organization\",\"@id\":\"https:\\\/\\\/www.impactoneducation.org\\\/#organization\",\"name\":\"Impact on Education\",\"url\":\"https:\\\/\\\/www.impactoneducation.org\\\/\",\"logo\":{\"@type\":\"ImageObject\",\"inLanguage\":\"es\",\"@id\":\"https:\\\/\\\/www.impactoneducation.org\\\/#\\\/schema\\\/logo\\\/image\\\/\",\"url\":\"https:\\\/\\\/www.impactoneducation.org\\\/wp-content\\\/uploads\\\/2020\\\/09\\\/Impact-logo-poly.png\",\"contentUrl\":\"https:\\\/\\\/www.impactoneducation.org\\\/wp-content\\\/uploads\\\/2020\\\/09\\\/Impact-logo-poly.png\",\"width\":3455,\"height\":890,\"caption\":\"Impact on Education\"},\"image\":{\"@id\":\"https:\\\/\\\/www.impactoneducation.org\\\/#\\\/schema\\\/logo\\\/image\\\/\"},\"sameAs\":[\"https:\\\/\\\/www.facebook.com\\\/ImpactonEducation\",\"https:\\\/\\\/x.com\\\/ImpactOnEd\",\"https:\\\/\\\/www.instagram.com\\\/impactoneducation\\\/\",\"https:\\\/\\\/www.youtube.com\\\/channel\\\/UCtCaQkVhXiowqiNrIXQ1Lkw\"]}]}<\/script>\n<!-- \/ Yoast SEO plugin. -->","yoast_head_json":{"title":"Impact on Education otorga $40,000 en becas universitarias","description":"Impact on Education awarded $40,000 in college scholarships to seven graduating high school seniors in Boulder Valley School District.","robots":{"index":"index","follow":"follow","max-snippet":"max-snippet:-1","max-image-preview":"max-image-preview:large","max-video-preview":"max-video-preview:-1"},"canonical":"https:\/\/www.impactoneducation.org\/es\/press\/impact-on-education-awards-40000-in-college-scholarships\/","og_locale":"es_MX","og_type":"article","og_title":"Impact on Education Awards $40,000 in College Scholarships","og_description":"Impact on Education awarded $40,000 in college scholarships to seven graduating high school seniors in Boulder Valley School District.","og_url":"https:\/\/www.impactoneducation.org\/es\/press\/impact-on-education-awards-40000-in-college-scholarships\/","og_site_name":"Impact on Education","article_publisher":"https:\/\/www.facebook.com\/ImpactonEducation","article_modified_time":"2023-09-13T17:34:11+00:00","twitter_card":"summary_large_image","twitter_site":"@ImpactOnEd","twitter_misc":{"Tiempo de lectura":"3 minutos"},"schema":{"@context":"https:\/\/schema.org","@graph":[{"@type":"WebPage","@id":"https:\/\/www.impactoneducation.org\/press\/impact-on-education-awards-40000-in-college-scholarships\/","url":"https:\/\/www.impactoneducation.org\/press\/impact-on-education-awards-40000-in-college-scholarships\/","name":"Impact on Education otorga $40,000 en becas universitarias","isPartOf":{"@id":"https:\/\/www.impactoneducation.org\/#website"},"datePublished":"2022-05-26T22:38:40+00:00","dateModified":"2023-09-13T17:34:11+00:00","description":"Impact on Education awarded $40,000 in college scholarships to seven graduating high school seniors in Boulder Valley School District.","breadcrumb":{"@id":"https:\/\/www.impactoneducation.org\/press\/impact-on-education-awards-40000-in-college-scholarships\/#breadcrumb"},"inLanguage":"es","potentialAction":[{"@type":"ReadAction","target":["https:\/\/www.impactoneducation.org\/press\/impact-on-education-awards-40000-in-college-scholarships\/"]}]},{"@type":"BreadcrumbList","@id":"https:\/\/www.impactoneducation.org\/press\/impact-on-education-awards-40000-in-college-scholarships\/#breadcrumb","itemListElement":[{"@type":"ListItem","position":1,"name":"Home","item":"https:\/\/www.impactoneducation.org\/"},{"@type":"ListItem","position":2,"name":"Press Materials","item":"https:\/\/www.impactoneducation.org\/press\/"},{"@type":"ListItem","position":3,"name":"Press Release: Impact on Education Awards $40,000 in College Scholarships"}]},{"@type":"WebSite","@id":"https:\/\/www.impactoneducation.org\/#website","url":"https:\/\/www.impactoneducation.org\/","name":"Impacto en la educaci\u00f3n","description":"Fundaci\u00f3n para las Escuelas del Valle de Boulder","publisher":{"@id":"https:\/\/www.impactoneducation.org\/#organization"},"potentialAction":[{"@type":"SearchAction","target":{"@type":"EntryPoint","urlTemplate":"https:\/\/www.impactoneducation.org\/?s={search_term_string}"},"query-input":{"@type":"PropertyValueSpecification","valueRequired":true,"valueName":"search_term_string"}}],"inLanguage":"es"},{"@type":"Organization","@id":"https:\/\/www.impactoneducation.org\/#organization","name":"Impacto en la educaci\u00f3n","url":"https:\/\/www.impactoneducation.org\/","logo":{"@type":"ImageObject","inLanguage":"es","@id":"https:\/\/www.impactoneducation.org\/#\/schema\/logo\/image\/","url":"https:\/\/www.impactoneducation.org\/wp-content\/uploads\/2020\/09\/Impact-logo-poly.png","contentUrl":"https:\/\/www.impactoneducation.org\/wp-content\/uploads\/2020\/09\/Impact-logo-poly.png","width":3455,"height":890,"caption":"Impact on Education"},"image":{"@id":"https:\/\/www.impactoneducation.org\/#\/schema\/logo\/image\/"},"sameAs":["https:\/\/www.facebook.com\/ImpactonEducation","https:\/\/x.com\/ImpactOnEd","https:\/\/www.instagram.com\/impactoneducation\/","https:\/\/www.youtube.com\/channel\/UCtCaQkVhXiowqiNrIXQ1Lkw"]}]}},"_links":{"self":[{"href":"https:\/\/www.impactoneducation.org\/es\/wp-json\/wp\/v2\/pages\/5931","targetHints":{"allow":["GET"]}}],"collection":[{"href":"https:\/\/www.impactoneducation.org\/es\/wp-json\/wp\/v2\/pages"}],"about":[{"href":"https:\/\/www.impactoneducation.org\/es\/wp-json\/wp\/v2\/types\/page"}],"author":[{"embeddable":true,"href":"https:\/\/www.impactoneducation.org\/es\/wp-json\/wp\/v2\/users\/3"}],"replies":[{"embeddable":true,"href":"https:\/\/www.impactoneducation.org\/es\/wp-json\/wp\/v2\/comments?post=5931"}],"version-history":[{"count":5,"href":"https:\/\/www.impactoneducation.org\/es\/wp-json\/wp\/v2\/pages\/5931\/revisions"}],"predecessor-version":[{"id":9509,"href":"https:\/\/www.impactoneducation.org\/es\/wp-json\/wp\/v2\/pages\/5931\/revisions\/9509"}],"up":[{"embeddable":true,"href":"https:\/\/www.impactoneducation.org\/es\/wp-json\/wp\/v2\/pages\/5261"}],"wp:attachment":[{"href":"https:\/\/www.impactoneducation.org\/es\/wp-json\/wp\/v2\/media?parent=5931"}],"curies":[{"name":"gracias","href":"https:\/\/api.w.org\/{rel}","templated":true}]}}