{"id":6040,"date":"2022-06-02T18:23:15","date_gmt":"2022-06-02T18:23:15","guid":{"rendered":"https:\/\/www.impactoneducation.org\/?page_id=6040"},"modified":"2023-09-13T17:32:40","modified_gmt":"2023-09-13T17:32:40","slug":"press-release-boulder-valley-school-district-receives-funding-for-mental-health-support-from-impact-on-education","status":"publish","type":"page","link":"https:\/\/www.impactoneducation.org\/es\/press\/press-release-boulder-valley-school-district-receives-funding-for-mental-health-support-from-impact-on-education\/","title":{"rendered":"Comunicado de prensa: El Distrito Escolar del Valle de Boulder recibe fondos para apoyo de salud mental de Impact on Education"},"content":{"rendered":"<div id=\"block_f34ee271324f3c0650ad1e27485604e0\" class=\"page-header  full-width\">\r\n\r\n  <div class=\"page-header-title\">\r\n    <h1>El Distrito Escolar del Valle de Boulder recibe fondos para apoyo de salud mental de Impact on Education<\/h1>\r\n  <\/div>\r\n\r\n  <div class=\"page-header-image\"><\/div>\r\n\r\n<\/div>\r\n\n\n\n<div class=\"wp-block-columns is-layout-flex wp-container-core-columns-is-layout-9d6595d7 wp-block-columns-is-layout-flex\">\n<div class=\"wp-block-column is-layout-flow wp-block-column-is-layout-flow\" style=\"flex-basis:10%\"><\/div>\n\n\n\n<div class=\"wp-block-column is-layout-flow wp-block-column-is-layout-flow\" style=\"flex-basis:80%\">\n<div style=\"height:25px\" aria-hidden=\"true\" class=\"wp-block-spacer\"><\/div>\n\n\n\n<p>PARA PUBLICACI\u00d3N INMEDIATA<br>Contacto<br>Catherine Wessling<br>(f) 303.524.3865<br>(mi) <a href=\"mailto:catherine@impactoneducation.org\">catherine@impactoneducation.org<\/a><br><\/p>\n\n\n\n<div style=\"height:25px\" aria-hidden=\"true\" class=\"wp-block-spacer\"><\/div>\n\n\n\n<h2 class=\"wp-block-heading has-text-align-center\"><strong><strong><strong>El Distrito Escolar del Valle de Boulder recibe fondos para apoyo de salud mental de Impact on Education<\/strong><\/strong><\/strong><\/h2>\n\n\n\n<div style=\"height:25px\" aria-hidden=\"true\" class=\"wp-block-spacer\"><\/div>\n\n\n\n<p>Louisville (2 de junio de 2022) \u2013 Impact on Education, la fundaci\u00f3n que apoya a los estudiantes de las escuelas p\u00fablicas de Boulder Valley, ha comprometido m\u00e1s de $800,000 para apoyar las necesidades continuas de salud mental de los estudiantes y el personal en el Distrito Escolar de Boulder Valley (BVSD). Casi $600,000 de esta financiaci\u00f3n permitieron a BVSD <a href=\"https:\/\/www.impactoneducation.org\/es\/2022\/05\/06\/ioe-funding-expands-mental-health-support-for-bvsd-students-and-staff\/\" target=\"_blank\" rel=\"noreferrer noopener\">contratar defensores de la salud mental adicionales<\/a>, y los fondos restantes brindan desarrollo profesional y otros apoyos en todo el distrito.&nbsp;<\/p>\n\n\n\n<p>\u201cLa capacidad de BVSD para brindar apoyo de salud mental durante el d\u00eda escolar lo hace mucho m\u00e1s accesible para las familias\u201d, dice Allison Billings, directora ejecutiva de Impact on Education. \u201cNuestra asociaci\u00f3n \u00fanica con BVSD permite que Impact on Education complemente los recursos del distrito para garantizar que se satisfagan las necesidades de todos los estudiantes. \u201d<\/p>\n\n\n\n<p>Los fondos para apoyar la salud mental provienen de los generosos socios comunitarios de Impact on Education, incluidos Community Foundation Boulder County, Center for Disaster Philanthropy, AT&amp;T, UnitedHealthcare, Google, Bender West Foundation, El Pomar Foundation, Ilse Nathan Foundation y la ciudad de Boulder. Departamento de Vivienda y Servicios Humanos.<\/p>\n\n\n\n<p>Impacto en la educaci\u00f3n financiado <a href=\"https:\/\/www.impactoneducation.org\/es\/2021\/11\/05\/meeting-the-mental-health-needs-of-students-and-educators\/\" target=\"_blank\" rel=\"noreferrer noopener\">seis horas de desarrollo profesional de Calming Kids<\/a> para los educadores de BVSD School After Care para ense\u00f1arles estrategias para manejar las necesidades de salud mental de los estudiantes y las propias. Las primeras sesiones se llevaron a cabo en 2021 gracias a una subvenci\u00f3n del Fondo de Servicios Humanos de la Ciudad de Boulder a trav\u00e9s del Departamento de Vivienda y Servicios Humanos, y se planean sesiones adicionales para 2022.<\/p>\n\n\n\n<p>El personal de Student After Care (SAC) atiende a un grupo diverso de estudiantes diariamente en 32 sitios en todo BVSD. Desde los niveles de grado hasta los niveles de capacidad acad\u00e9mica y los niveles de salud emocional y conductual, el personal de SAC debe manejar las necesidades de cada estudiante y crear un ambiente seguro fuera del horario escolar para los estudiantes y el personal.<\/p>\n\n\n\n<p>Impacto en la educaci\u00f3n <a href=\"https:\/\/www.impactoneducation.org\/es\/2022\/05\/06\/ioe-funding-expands-mental-health-support-for-bvsd-students-and-staff\/\" target=\"_blank\" rel=\"noreferrer noopener\">comprometi\u00f3 casi $600,000 para contratar a cuatro defensores de la salud mental adicionales que se desplegar\u00e1n durante todo el a\u00f1o<\/a> en las escuelas de BVSD m\u00e1s afectadas por el incendio de Marshall.<\/p>\n\n\n\n<p>En BVSD, las referencias de estudiantes a los defensores de la salud mental aumentaron en 861 TP2T este a\u00f1o escolar en comparaci\u00f3n con el mismo per\u00edodo durante el a\u00f1o escolar 2020-21. Dentro de BVSD, los defensores de la salud mental brindan servicios de prevenci\u00f3n e intervenci\u00f3n para los estudiantes, apoyando su desarrollo socioemocional y conductual, el rendimiento estudiantil y la intervenci\u00f3n en crisis. Su trabajo incluye apoyo de consejer\u00eda grupal e individual y trabajar directamente con estudiantes, padres y miembros del personal. Los MHA tambi\u00e9n ayudan a las familias a acceder a recursos externos, lo que incluye hacer referencias apropiadas a socios comunitarios como Mental Health Partners y Jewish Family Services.<\/p>\n\n\n\n<p>Los defensores de la salud mental que trabajaron durante el verano ya tienen listas de estudiantes con los que han estado trabajando, pero si conoce a un estudiante que necesita apoyo, dir\u00edjalo al <a href=\"https:\/\/docs.google.com\/forms\/d\/e\/1FAIpQLSdVNDbXdDXByzeVtO6qxNygEb6ZDM9nUaw49o2xJW_f73Qrcw\/viewform\">Formulario de crisis de BVSD<\/a>.<\/p>\n\n\n\n<p>\u201cEstamos viendo un aumento significativo en lo que respecta al apoyo socioemocional que necesitan nuestros estudiantes en este momento cr\u00edtico. \u201d dice Tammy Lawrence, Directora de Servicios de Apoyo Estudiantil de BVSD. El apoyo adicional de cuatro nuevos Defensores de la Salud Mental asegurar\u00e1 que todas las escuelas afectadas por el Incendio Marshall tengan la capa intensiva de apoyo de salud mental necesaria y ampliar\u00e1 la capacidad de BVSD para responder a las referencias de salud mental.&nbsp;<\/p>\n\n\n\n<p>Impact on Education tambi\u00e9n proporcion\u00f3 fondos para ayudar a Fairview High School a organizar RESeT, una conferencia para estudiantes con sesiones sobre educaci\u00f3n y prevenci\u00f3n de la violencia sexual, salud mental, autocuidado y liderazgo.<\/p>\n\n\n\n<p>\u201cEstamos tremendamente agradecidos por el apoyo de Impact on Education y de toda nuestra comunidad, mientras trabajamos para brindar apoyo a los afectados\u201d, dice el Dr. Rob Anderson, superintendente de BVSD. \u201cEsta no es una situaci\u00f3n que se resolver\u00e1 en d\u00edas o semanas. Debemos estar listos para ayudar a nuestros vecinos durante los muchos meses y a\u00f1os que llevar\u00e1 no solo reconstruir, sino volver a sentirnos seguros y volver a la normalidad\u201d.<\/p>\n\n\n\n<p>Financiar defensores de la salud mental adicionales, desarrollo profesional para el personal y nuevas oportunidades para los estudiantes, las familias y el personal son tres formas en que Impact on Education invierte en el bienestar de las escuelas p\u00fablicas de Boulder Valley. La intensidad de los problemas de salud mental y el tiempo requerido para brindar apoyo e intervenci\u00f3n var\u00eda dr\u00e1sticamente de un caso a otro, pero estos servicios y fondos adicionales permitir\u00e1n que BVSD ampl\u00ede y mejore el apoyo a los estudiantes.<\/p>\n\n\n\n<p class=\"has-text-align-center\"><em>###<\/em><\/p>\n\n\n\n<p><strong>SOBRE EL IMPACTO EN LA EDUCACI\u00d3N<\/strong><br>Impact on Education es la fundaci\u00f3n que apoya a los 30,000 estudiantes y 4,000 educadores del Distrito Escolar del Valle de Boulder. Desde 1983, hemos brindado a los estudiantes de las escuelas p\u00fablicas de Boulder Valley fondos y recursos comunitarios para satisfacer necesidades cr\u00edticas y eliminar las brechas de oportunidades.<\/p>\n<\/div>\n\n\n\n<div class=\"wp-block-column is-layout-flow wp-block-column-is-layout-flow\" style=\"flex-basis:10%\"><\/div>\n<\/div>","protected":false},"excerpt":{"rendered":"<p>PARA PUBLICACI\u00d3N INMEDIATAComun\u00edquese conCatherine Wessling(p) 303.524.3865(e) catherine@impactoneducation.org El Distrito Escolar del Valle de Boulder recibe fondos para apoyo de salud mental de Impact on Education...<\/p>","protected":false},"author":3,"featured_media":0,"parent":5261,"menu_order":0,"comment_status":"closed","ping_status":"closed","template":"","meta":{"_acf_changed":false,"_monsterinsights_skip_tracking":false,"_monsterinsights_sitenote_active":false,"_monsterinsights_sitenote_note":"","_monsterinsights_sitenote_category":0,"footnotes":""},"class_list":["post-6040","page","type-page","status-publish","hentry"],"acf":[],"yoast_head":"<!-- This site is optimized with the Yoast SEO plugin v27.4 - https:\/\/yoast.com\/product\/yoast-seo-wordpress\/ -->\n<title>BVSD Receives Mental Health Funding from Impact on Education<\/title>\n<meta name=\"description\" content=\"Impact on Education committed over $800,000 to support the ongoing mental health needs of students and staff in the Boulder Valley School District.\" \/>\n<meta name=\"robots\" content=\"index, follow, max-snippet:-1, max-image-preview:large, max-video-preview:-1\" \/>\n<link rel=\"canonical\" href=\"https:\/\/www.impactoneducation.org\/es\/press\/press-release-boulder-valley-school-district-receives-funding-for-mental-health-support-from-impact-on-education\/\" \/>\n<meta property=\"og:locale\" content=\"es_MX\" \/>\n<meta property=\"og:type\" content=\"article\" \/>\n<meta property=\"og:title\" content=\"BVSD Receives Mental Health Funding from Impact on Education\" \/>\n<meta property=\"og:description\" content=\"Impact on Education committed over $800,000 to support the ongoing mental health needs of students and staff in the Boulder Valley School District.\" \/>\n<meta property=\"og:url\" content=\"https:\/\/www.impactoneducation.org\/es\/press\/press-release-boulder-valley-school-district-receives-funding-for-mental-health-support-from-impact-on-education\/\" \/>\n<meta property=\"og:site_name\" content=\"Impact on Education\" \/>\n<meta property=\"article:publisher\" content=\"https:\/\/www.facebook.com\/ImpactonEducation\" \/>\n<meta property=\"article:modified_time\" content=\"2023-09-13T17:32:40+00:00\" \/>\n<meta name=\"twitter:card\" content=\"summary_large_image\" \/>\n<meta name=\"twitter:site\" content=\"@ImpactOnEd\" \/>\n<meta name=\"twitter:label1\" content=\"Tiempo de lectura\" \/>\n\t<meta name=\"twitter:data1\" content=\"4 minutos\" \/>\n<script type=\"application\/ld+json\" class=\"yoast-schema-graph\">{\"@context\":\"https:\\\/\\\/schema.org\",\"@graph\":[{\"@type\":\"WebPage\",\"@id\":\"https:\\\/\\\/www.impactoneducation.org\\\/press\\\/press-release-boulder-valley-school-district-receives-funding-for-mental-health-support-from-impact-on-education\\\/\",\"url\":\"https:\\\/\\\/www.impactoneducation.org\\\/press\\\/press-release-boulder-valley-school-district-receives-funding-for-mental-health-support-from-impact-on-education\\\/\",\"name\":\"BVSD Receives Mental Health Funding from Impact on Education\",\"isPartOf\":{\"@id\":\"https:\\\/\\\/www.impactoneducation.org\\\/#website\"},\"datePublished\":\"2022-06-02T18:23:15+00:00\",\"dateModified\":\"2023-09-13T17:32:40+00:00\",\"description\":\"Impact on Education committed over $800,000 to support the ongoing mental health needs of students and staff in the Boulder Valley School District.\",\"breadcrumb\":{\"@id\":\"https:\\\/\\\/www.impactoneducation.org\\\/press\\\/press-release-boulder-valley-school-district-receives-funding-for-mental-health-support-from-impact-on-education\\\/#breadcrumb\"},\"inLanguage\":\"es\",\"potentialAction\":[{\"@type\":\"ReadAction\",\"target\":[\"https:\\\/\\\/www.impactoneducation.org\\\/press\\\/press-release-boulder-valley-school-district-receives-funding-for-mental-health-support-from-impact-on-education\\\/\"]}]},{\"@type\":\"BreadcrumbList\",\"@id\":\"https:\\\/\\\/www.impactoneducation.org\\\/press\\\/press-release-boulder-valley-school-district-receives-funding-for-mental-health-support-from-impact-on-education\\\/#breadcrumb\",\"itemListElement\":[{\"@type\":\"ListItem\",\"position\":1,\"name\":\"Home\",\"item\":\"https:\\\/\\\/www.impactoneducation.org\\\/\"},{\"@type\":\"ListItem\",\"position\":2,\"name\":\"Press Materials\",\"item\":\"https:\\\/\\\/www.impactoneducation.org\\\/press\\\/\"},{\"@type\":\"ListItem\",\"position\":3,\"name\":\"Press Release: Boulder Valley School District receives funding for mental health support from Impact on Education\"}]},{\"@type\":\"WebSite\",\"@id\":\"https:\\\/\\\/www.impactoneducation.org\\\/#website\",\"url\":\"https:\\\/\\\/www.impactoneducation.org\\\/\",\"name\":\"Impact on Education\",\"description\":\"Foundation for Boulder Valley Schools\",\"publisher\":{\"@id\":\"https:\\\/\\\/www.impactoneducation.org\\\/#organization\"},\"potentialAction\":[{\"@type\":\"SearchAction\",\"target\":{\"@type\":\"EntryPoint\",\"urlTemplate\":\"https:\\\/\\\/www.impactoneducation.org\\\/?s={search_term_string}\"},\"query-input\":{\"@type\":\"PropertyValueSpecification\",\"valueRequired\":true,\"valueName\":\"search_term_string\"}}],\"inLanguage\":\"es\"},{\"@type\":\"Organization\",\"@id\":\"https:\\\/\\\/www.impactoneducation.org\\\/#organization\",\"name\":\"Impact on Education\",\"url\":\"https:\\\/\\\/www.impactoneducation.org\\\/\",\"logo\":{\"@type\":\"ImageObject\",\"inLanguage\":\"es\",\"@id\":\"https:\\\/\\\/www.impactoneducation.org\\\/#\\\/schema\\\/logo\\\/image\\\/\",\"url\":\"https:\\\/\\\/www.impactoneducation.org\\\/wp-content\\\/uploads\\\/2020\\\/09\\\/Impact-logo-poly.png\",\"contentUrl\":\"https:\\\/\\\/www.impactoneducation.org\\\/wp-content\\\/uploads\\\/2020\\\/09\\\/Impact-logo-poly.png\",\"width\":3455,\"height\":890,\"caption\":\"Impact on Education\"},\"image\":{\"@id\":\"https:\\\/\\\/www.impactoneducation.org\\\/#\\\/schema\\\/logo\\\/image\\\/\"},\"sameAs\":[\"https:\\\/\\\/www.facebook.com\\\/ImpactonEducation\",\"https:\\\/\\\/x.com\\\/ImpactOnEd\",\"https:\\\/\\\/www.instagram.com\\\/impactoneducation\\\/\",\"https:\\\/\\\/www.youtube.com\\\/channel\\\/UCtCaQkVhXiowqiNrIXQ1Lkw\"]}]}<\/script>\n<!-- \/ Yoast SEO plugin. -->","yoast_head_json":{"title":"BVSD recibe fondos para salud mental de Impact on Education","description":"Impact on Education comprometi\u00f3 m\u00e1s de $800,000 para apoyar las necesidades continuas de salud mental de los estudiantes y el personal del Distrito Escolar del Valle de Boulder.","robots":{"index":"index","follow":"follow","max-snippet":"max-snippet:-1","max-image-preview":"max-image-preview:large","max-video-preview":"max-video-preview:-1"},"canonical":"https:\/\/www.impactoneducation.org\/es\/press\/press-release-boulder-valley-school-district-receives-funding-for-mental-health-support-from-impact-on-education\/","og_locale":"es_MX","og_type":"article","og_title":"BVSD Receives Mental Health Funding from Impact on Education","og_description":"Impact on Education committed over $800,000 to support the ongoing mental health needs of students and staff in the Boulder Valley School District.","og_url":"https:\/\/www.impactoneducation.org\/es\/press\/press-release-boulder-valley-school-district-receives-funding-for-mental-health-support-from-impact-on-education\/","og_site_name":"Impact on Education","article_publisher":"https:\/\/www.facebook.com\/ImpactonEducation","article_modified_time":"2023-09-13T17:32:40+00:00","twitter_card":"summary_large_image","twitter_site":"@ImpactOnEd","twitter_misc":{"Tiempo de lectura":"4 minutos"},"schema":{"@context":"https:\/\/schema.org","@graph":[{"@type":"WebPage","@id":"https:\/\/www.impactoneducation.org\/press\/press-release-boulder-valley-school-district-receives-funding-for-mental-health-support-from-impact-on-education\/","url":"https:\/\/www.impactoneducation.org\/press\/press-release-boulder-valley-school-district-receives-funding-for-mental-health-support-from-impact-on-education\/","name":"BVSD recibe fondos para salud mental de Impact on Education","isPartOf":{"@id":"https:\/\/www.impactoneducation.org\/#website"},"datePublished":"2022-06-02T18:23:15+00:00","dateModified":"2023-09-13T17:32:40+00:00","description":"Impact on Education comprometi\u00f3 m\u00e1s de $800,000 para apoyar las necesidades continuas de salud mental de los estudiantes y el personal del Distrito Escolar del Valle de Boulder.","breadcrumb":{"@id":"https:\/\/www.impactoneducation.org\/press\/press-release-boulder-valley-school-district-receives-funding-for-mental-health-support-from-impact-on-education\/#breadcrumb"},"inLanguage":"es","potentialAction":[{"@type":"ReadAction","target":["https:\/\/www.impactoneducation.org\/press\/press-release-boulder-valley-school-district-receives-funding-for-mental-health-support-from-impact-on-education\/"]}]},{"@type":"BreadcrumbList","@id":"https:\/\/www.impactoneducation.org\/press\/press-release-boulder-valley-school-district-receives-funding-for-mental-health-support-from-impact-on-education\/#breadcrumb","itemListElement":[{"@type":"ListItem","position":1,"name":"Home","item":"https:\/\/www.impactoneducation.org\/"},{"@type":"ListItem","position":2,"name":"Press Materials","item":"https:\/\/www.impactoneducation.org\/press\/"},{"@type":"ListItem","position":3,"name":"Press Release: Boulder Valley School District receives funding for mental health support from Impact on Education"}]},{"@type":"WebSite","@id":"https:\/\/www.impactoneducation.org\/#website","url":"https:\/\/www.impactoneducation.org\/","name":"Impacto en la educaci\u00f3n","description":"Fundaci\u00f3n para las Escuelas del Valle de Boulder","publisher":{"@id":"https:\/\/www.impactoneducation.org\/#organization"},"potentialAction":[{"@type":"SearchAction","target":{"@type":"EntryPoint","urlTemplate":"https:\/\/www.impactoneducation.org\/?s={search_term_string}"},"query-input":{"@type":"PropertyValueSpecification","valueRequired":true,"valueName":"search_term_string"}}],"inLanguage":"es"},{"@type":"Organization","@id":"https:\/\/www.impactoneducation.org\/#organization","name":"Impacto en la educaci\u00f3n","url":"https:\/\/www.impactoneducation.org\/","logo":{"@type":"ImageObject","inLanguage":"es","@id":"https:\/\/www.impactoneducation.org\/#\/schema\/logo\/image\/","url":"https:\/\/www.impactoneducation.org\/wp-content\/uploads\/2020\/09\/Impact-logo-poly.png","contentUrl":"https:\/\/www.impactoneducation.org\/wp-content\/uploads\/2020\/09\/Impact-logo-poly.png","width":3455,"height":890,"caption":"Impact on Education"},"image":{"@id":"https:\/\/www.impactoneducation.org\/#\/schema\/logo\/image\/"},"sameAs":["https:\/\/www.facebook.com\/ImpactonEducation","https:\/\/x.com\/ImpactOnEd","https:\/\/www.instagram.com\/impactoneducation\/","https:\/\/www.youtube.com\/channel\/UCtCaQkVhXiowqiNrIXQ1Lkw"]}]}},"_links":{"self":[{"href":"https:\/\/www.impactoneducation.org\/es\/wp-json\/wp\/v2\/pages\/6040","targetHints":{"allow":["GET"]}}],"collection":[{"href":"https:\/\/www.impactoneducation.org\/es\/wp-json\/wp\/v2\/pages"}],"about":[{"href":"https:\/\/www.impactoneducation.org\/es\/wp-json\/wp\/v2\/types\/page"}],"author":[{"embeddable":true,"href":"https:\/\/www.impactoneducation.org\/es\/wp-json\/wp\/v2\/users\/3"}],"replies":[{"embeddable":true,"href":"https:\/\/www.impactoneducation.org\/es\/wp-json\/wp\/v2\/comments?post=6040"}],"version-history":[{"count":8,"href":"https:\/\/www.impactoneducation.org\/es\/wp-json\/wp\/v2\/pages\/6040\/revisions"}],"predecessor-version":[{"id":9507,"href":"https:\/\/www.impactoneducation.org\/es\/wp-json\/wp\/v2\/pages\/6040\/revisions\/9507"}],"up":[{"embeddable":true,"href":"https:\/\/www.impactoneducation.org\/es\/wp-json\/wp\/v2\/pages\/5261"}],"wp:attachment":[{"href":"https:\/\/www.impactoneducation.org\/es\/wp-json\/wp\/v2\/media?parent=6040"}],"curies":[{"name":"gracias","href":"https:\/\/api.w.org\/{rel}","templated":true}]}}