{"id":6929,"date":"2022-09-27T16:58:38","date_gmt":"2022-09-27T16:58:38","guid":{"rendered":"https:\/\/www.impactoneducation.org\/?page_id=6929"},"modified":"2023-09-12T17:45:54","modified_gmt":"2023-09-12T17:45:54","slug":"friday-folder-october-2022","status":"publish","type":"page","link":"https:\/\/www.impactoneducation.org\/es\/friday-folder-october-2022\/","title":{"rendered":"Carpeta del viernes \u2013 Octubre de 2022"},"content":{"rendered":"<div id=\"block_d2906e3e21b8f59acdbda9488c4c5891\" class=\"page-header  full-width\">\r\n\r\n  <div class=\"page-header-title\">\r\n    <h1>IMPACTO EN LA EDUCACI\u00d3N, LA FUNDACI\u00d3N PARA LAS ESCUELAS DEL VALLE DE BOULDER<\/h1>\r\n  <\/div>\r\n\r\n  <div class=\"page-header-image\"><\/div>\r\n\r\n<\/div>\r\n\n\n\n<div style=\"height:30px\" aria-hidden=\"true\" class=\"wp-block-spacer\"><\/div>\n\n\n\n<div class=\"wp-block-columns is-layout-flex wp-container-core-columns-is-layout-9d6595d7 wp-block-columns-is-layout-flex\">\n<div class=\"wp-block-column is-layout-flow wp-block-column-is-layout-flow\" style=\"flex-basis:10%\"><\/div>\n\n\n\n<div class=\"wp-block-column is-layout-flow wp-block-column-is-layout-flow\">\n<p>El \u00e9xito de los estudiantes de BVSD a veces requiere m\u00e1s de lo que las escuelas y los maestros pueden brindar durante el d\u00eda, y aqu\u00ed es donde interviene Impact on Education. Durante casi 40 a\u00f1os hemos apoyado a los 30,000 estudiantes y 4,000 educadores del Distrito Escolar del Valle de Boulder. .<\/p>\n\n\n\n<p><strong>Con un enfoque en aumentar la equidad y cerrar las brechas de oportunidades, nuestro trabajo apoya a los estudiantes de BVSD desde el preescolar hasta la graduaci\u00f3n, y en cada paso del camino.<\/strong> <\/p>\n\n\n\n<div style=\"height:10px\" aria-hidden=\"true\" class=\"wp-block-spacer\"><\/div>\n\n\n\n<div class=\"wp-block-buttons is-content-justification-center is-layout-flex wp-container-core-buttons-is-layout-16018d1d wp-block-buttons-is-layout-flex\">\n<div class=\"wp-block-button\"><a class=\"wp-block-button__link has-blue-green-background-color has-background wp-element-button\" href=\"https:\/\/www.impactoneducation.org\/es\/what-we-do\/\" target=\"_blank\" rel=\"noreferrer noopener\">Que hacemos<\/a><\/div>\n<\/div>\n\n\n\n<div style=\"height:10px\" aria-hidden=\"true\" class=\"wp-block-spacer\"><\/div>\n<\/div>\n\n\n\n<div class=\"wp-block-column is-layout-flow wp-block-column-is-layout-flow\" style=\"flex-basis:10%\"><\/div>\n<\/div>\n\n\n\n<h2 class=\"wp-block-heading has-text-align-center fancy\">3 MANERAS EN QUE PUEDES AYUDAR<\/h2>\n\n\n\n<div style=\"height:40px\" aria-hidden=\"true\" class=\"wp-block-spacer\"><\/div>\n\n\n\n<div id=\"block_b7ce84419ad6de919f0d62bc78056e6c\" class=\"links-list\">\n\n  <div class=\"links\">\n\n    \n      \n      <div class=\"link\">\n\n        \n                  <h2>INVITANOS EN<\/h2>\n        \n        \n                  <div class=\"link-copy\">\n            Nuestro bolet\u00edn electr\u00f3nico mensual es una excelente manera de mantenerse informado sobre nuestro trabajo y las oportunidades para que usted apoye a los estudiantes y las escuelas de todo el distrito.          <\/div>\n        \n                                    <div class=\"link-cta\">\n            <a\n            class=\"button button-blue-green\"\n            href=\"https:\/\/mailchi.mp\/impactoneducation\/e-newsletter-sign-up\"\n            target=\"_blank\">\n            Suscr\u00edbete          <\/a>\n        <\/div>\n      \n    <\/div>\n\n  \n      <div class=\"link\">\n\n        \n                  <h2>ASISTIR A UN JUEGO<\/h2>\n        \n        \n                  <div class=\"link-copy\">\n            El f\u00fatbol Colorado Avalanche y CU Buffs invitan a la comunidad de BVSD a juegos durante todo el oto\u00f1o. Una parte de cada boleto se dona a Impact on Education.          <\/div>\n        \n                                    <div class=\"link-cta\">\n            <a\n            class=\"button button-blue-green\"\n            href=\"https:\/\/www.impactoneducation.org\/es\/whats-new\/events\/\"\n            target=\"_blank\">\n            Explorar eventos          <\/a>\n        <\/div>\n      \n    <\/div>\n\n  \n      <div class=\"link\">\n\n        \n                  <h2>\u00daNETE AL CLUB<\/h2>\n        \n        \n                  <div class=\"link-copy\">\n            Programar una donaci\u00f3n mensual recurrente ayuda a los estudiantes de BVSD a encontrar su camino hacia la educaci\u00f3n y obtendr\u00e1 una bolsa de mano gratis por unirse a nuestro Compass Club.          <\/div>\n        \n                                    <div class=\"link-cta\">\n            <a\n            class=\"button button-blue-green\"\n            href=\"https:\/\/www.impactoneducation.org\/es\/compass-club\/\"\n            target=\"_blank\">\n            \u00daNETE AL CLUB          <\/a>\n        <\/div>\n      \n    <\/div>\n\n  \n\n<\/div>\n<\/div>\n\n\n\n<div style=\"height:25px\" aria-hidden=\"true\" class=\"wp-block-spacer\"><\/div>\n\n\n\r\n\r\n  <div id=\"block_0821a394adaec3c68d24e0f7b83d0bd2\" class=\"big-picture  full-width\">\r\n\r\n    <img decoding=\"async\" class=\"desktop-image\" src=\"https:\/\/www.impactoneducation.org\/wp-content\/uploads\/2020\/03\/longergirl1-1800x820.jpg\" \/>\r\n\r\n          <img decoding=\"async\" class=\"mobile-image\" src=\"https:\/\/www.impactoneducation.org\/wp-content\/uploads\/2020\/03\/girl_mobile-01-1024x749.jpg\" \/>\r\n    \r\n          <div class=\"big-picture-overlay\" style=\"background-color: #000000; opacity: 0;\">\r\n      <\/div>\r\n    \r\n    <div class=\"big-picture-content\" style=\"color: #ffffff;\">\r\n\r\n              <h2 style=\"color: #ffffff;\">\r\n          NUESTRA MISI\u00d3N        <\/h2>\r\n      \r\n              <div class=\"copy copy-white\" style=\"color: #ffffff;\">\r\n          Brindamos a los estudiantes de Boulder Valley oportunidades y recursos equitativos para prosperar en sus aulas, carreras y comunidades.        <\/div>\r\n      \r\n              <div class=\"cta\">\r\n          <a class=\"button button-white\" style=\"color: #ffffff; border-color: #ffffff;\" href=\"https:\/\/www.impactoneducation.org\/es\/who-we-are\/\" target=\"_blank\">SOBRE NOSOTROS<\/a>\r\n        <\/div>\r\n\r\n      \r\n    <\/div>\r\n\r\n  <\/div>\r\n\n\n\n<div style=\"height:25px\" aria-hidden=\"true\" class=\"wp-block-spacer\"><\/div>\n\n\n\r\n<div id=\"block_251af0dda4c2efcb0558cdc6d2e3a74c\" class=\"news wrapper with-sidebar\">\r\n  <div class=\"content\">\r\n\r\n          <div class=\"news-sidebar\">\r\n\r\n                  <h2 class=\"fancy\">\r\n            \u00daLTIMAS NOTICIAS          <\/h2>\r\n        \r\n        \r\n        \r\n      <\/div>\r\n    \r\n    <div class=\"news-posts\">\r\n\r\n      \r\n        <!-- the loop -->\r\n                  \r\n          <div class=\"post-summary\">\r\n            <div class=\"post-image\">\r\n              <img decoding=\"async\" data-object-fit=\"cover\" data-object-position=\"center\" src=\"https:\/\/www.impactoneducation.org\/wp-content\/uploads\/2026\/02\/Web-Blog-Header-1024x512-10-1024x512.jpg\" alt=\"group of smiling middle school students and emergency medical professional with ambulance\" \/>\r\n            <\/div>\r\n            <div class=\"post-content\">\r\n\r\n              <h4 class=\"post-title\">Exploraci\u00f3n de carreras en BVSD: C\u00f3mo los estudiantes sue\u00f1an en grande desde temprano<\/h4>\r\n              <div class=\"post-excerpt\">\r\n                <p>Con financiaci\u00f3n de Impact on Education, el programa de exploraci\u00f3n profesional \u201cDream\u201d se est\u00e1 implementando en todo el Distrito Escolar del Valle de Boulder, inspirando a j\u00f3venes desde preescolar hasta octavo grado a explorar posibilidades profesionales.<\/p>\n              <\/div>\r\n\r\n              <div class=\"post-read-more\">\r\n                <a class=\"button button-blue-green\" href=\"https:\/\/www.impactoneducation.org\/es\/2026\/02\/12\/early-career-exploration-in-bvsd\/\">Lee mas<\/a>\r\n              <\/div>\r\n\r\n            <\/div>\r\n          <\/div>\r\n\r\n                            \r\n          <div class=\"post-summary\">\r\n            <div class=\"post-image\">\r\n              <img decoding=\"async\" data-object-fit=\"cover\" data-object-position=\"center\" src=\"https:\/\/www.impactoneducation.org\/wp-content\/uploads\/2026\/01\/Website-Blog-Body-Wide-1200x600-5-1024x512.jpg\" alt=\"A volunteer mentor, Katelyn, and four BVSD students talking at a table\" \/>\r\n            <\/div>\r\n            <div class=\"post-content\">\r\n\r\n              <h4 class=\"post-title\">Esta graduada de primera generaci\u00f3n encontr\u00f3 su camino. Ahora ayuda a los estudiantes de BVSD a encontrar el suyo.<\/h4>\r\n              <div class=\"post-excerpt\">\r\n                <p>Katelyn fue la primera persona de su familia en graduarse de la preparatoria o la universidad. Ahora, como una profesional exitosa en la industria tecnol\u00f3gica, comparte sus conocimientos con los estudiantes de BVSD para ayudarlos a prepararse para el futuro. <\/p>\n              <\/div>\r\n\r\n              <div class=\"post-read-more\">\r\n                <a class=\"button button-blue-green\" href=\"https:\/\/www.impactoneducation.org\/es\/2026\/01\/20\/first-gen-grad-finds-way\/\">Lee mas<\/a>\r\n              <\/div>\r\n\r\n            <\/div>\r\n          <\/div>\r\n\r\n                            \r\n          <div class=\"post-summary\">\r\n            <div class=\"post-image\">\r\n              <img decoding=\"async\" data-object-fit=\"cover\" data-object-position=\"center\" src=\"https:\/\/www.impactoneducation.org\/wp-content\/uploads\/2025\/12\/Web-Blog-Header-1024x512-9-1024x512.jpg\" alt=\"BVSD teachers, alumni, and local volunteers thumbnail images from top blogs\" \/>\r\n            <\/div>\r\n            <div class=\"post-content\">\r\n\r\n              <h4 class=\"post-title\">Las 10 historias m\u00e1s importantes de este a\u00f1o: Impacto comunitario en BVSD<\/h4>\r\n              <div class=\"post-excerpt\">\r\n                <p>Al recordar el 2025, nos enorgullece c\u00f3mo esta comunidad apoy\u00f3 a los estudiantes, educadores y escuelas p\u00fablicas del Valle de Boulder. Consulten los blogs m\u00e1s populares de este a\u00f1o para ver el impacto que contribuyeron a hacer posible y conocer mejor a las personas que impulsan el cambio. <\/p>\n              <\/div>\r\n\r\n              <div class=\"post-read-more\">\r\n                <a class=\"button button-blue-green\" href=\"https:\/\/www.impactoneducation.org\/es\/2025\/12\/18\/top-10-stories-this-year-community-impact-in-bvsd\/\">Lee mas<\/a>\r\n              <\/div>\r\n\r\n            <\/div>\r\n          <\/div>\r\n\r\n                            \r\n          <div class=\"post-summary\">\r\n            <div class=\"post-image\">\r\n              <img decoding=\"async\" data-object-fit=\"cover\" data-object-position=\"center\" src=\"https:\/\/www.impactoneducation.org\/wp-content\/uploads\/2025\/11\/Web-Blog-Header-1024x512-4-1024x512.jpg\" alt=\"Bill smiling on snowy day on left; Peter welding on right\" \/>\r\n            <\/div>\r\n            <div class=\"post-content\">\r\n\r\n              <h4 class=\"post-title\">C\u00f3mo una clase impuls\u00f3 el \u00e9xito de dos exalumnos talentosos<\/h4>\r\n              <div class=\"post-excerpt\">\r\n                <p>Conoce a Bill y Peter: dos exalumnos de BVSD y Apex cuyo \u00e9xito demuestra que el acceso a la formaci\u00f3n profesional y a mentores talentosos puede transformar vidas. Descubre por qu\u00e9 Impact on Education invierte para ayudar a que los estudiantes de Boulder Valley tengan acceso a oportunidades de exploraci\u00f3n profesional. <\/p>\n              <\/div>\r\n\r\n              <div class=\"post-read-more\">\r\n                <a class=\"button button-blue-green\" href=\"https:\/\/www.impactoneducation.org\/es\/2025\/11\/18\/how-one-class-propelled-two-talented-alums-to-success\/\">Lee mas<\/a>\r\n              <\/div>\r\n\r\n            <\/div>\r\n          <\/div>\r\n\r\n                          <!-- end of the loop -->\r\n\r\n        \r\n        \r\n      \r\n    <\/div>\r\n\r\n  <\/div>\r\n<\/div>","protected":false},"excerpt":{"rendered":"<p>El \u00e9xito de los estudiantes de BVSD a veces requiere m\u00e1s de lo que las escuelas y los maestros pueden proporcionar durante el d\u00eda, y\u2026<\/p>","protected":false},"author":3,"featured_media":0,"parent":0,"menu_order":0,"comment_status":"closed","ping_status":"closed","template":"","meta":{"_acf_changed":false,"_monsterinsights_skip_tracking":false,"_monsterinsights_sitenote_active":false,"_monsterinsights_sitenote_note":"","_monsterinsights_sitenote_category":0,"footnotes":""},"class_list":["post-6929","page","type-page","status-publish","hentry"],"acf":[],"yoast_head":"<!-- This site is optimized with the Yoast SEO plugin v27.4 - https:\/\/yoast.com\/product\/yoast-seo-wordpress\/ -->\n<title>Friday Folder - October 2022 &#8211; Impact on Education<\/title>\n<meta name=\"description\" content=\"With a focus on increasing equity and closing opportunity gaps, our work supports BVSD students from preschool to graduation, and every step along the way.\" \/>\n<meta name=\"robots\" content=\"index, follow, max-snippet:-1, max-image-preview:large, max-video-preview:-1\" \/>\n<link rel=\"canonical\" href=\"https:\/\/www.impactoneducation.org\/es\/friday-folder-october-2022\/\" \/>\n<meta property=\"og:locale\" content=\"es_MX\" \/>\n<meta property=\"og:type\" content=\"article\" \/>\n<meta property=\"og:title\" content=\"Friday Folder - October 2022 &#8211; Impact on Education\" \/>\n<meta property=\"og:description\" content=\"With a focus on increasing equity and closing opportunity gaps, our work supports BVSD students from preschool to graduation, and every step along the way.\" \/>\n<meta property=\"og:url\" content=\"https:\/\/www.impactoneducation.org\/es\/friday-folder-october-2022\/\" \/>\n<meta property=\"og:site_name\" content=\"Impact on Education\" \/>\n<meta property=\"article:publisher\" content=\"https:\/\/www.facebook.com\/ImpactonEducation\" \/>\n<meta property=\"article:modified_time\" content=\"2023-09-12T17:45:54+00:00\" \/>\n<meta name=\"twitter:card\" content=\"summary_large_image\" \/>\n<meta name=\"twitter:site\" content=\"@ImpactOnEd\" \/>\n<meta name=\"twitter:label1\" content=\"Tiempo de lectura\" \/>\n\t<meta name=\"twitter:data1\" content=\"1 minuto\" \/>\n<script type=\"application\/ld+json\" class=\"yoast-schema-graph\">{\"@context\":\"https:\\\/\\\/schema.org\",\"@graph\":[{\"@type\":\"WebPage\",\"@id\":\"https:\\\/\\\/www.impactoneducation.org\\\/friday-folder-october-2022\\\/\",\"url\":\"https:\\\/\\\/www.impactoneducation.org\\\/friday-folder-october-2022\\\/\",\"name\":\"Friday Folder - October 2022 &#8211; Impact on Education\",\"isPartOf\":{\"@id\":\"https:\\\/\\\/www.impactoneducation.org\\\/#website\"},\"datePublished\":\"2022-09-27T16:58:38+00:00\",\"dateModified\":\"2023-09-12T17:45:54+00:00\",\"description\":\"With a focus on increasing equity and closing opportunity gaps, our work supports BVSD students from preschool to graduation, and every step along the way.\",\"breadcrumb\":{\"@id\":\"https:\\\/\\\/www.impactoneducation.org\\\/friday-folder-october-2022\\\/#breadcrumb\"},\"inLanguage\":\"es\",\"potentialAction\":[{\"@type\":\"ReadAction\",\"target\":[\"https:\\\/\\\/www.impactoneducation.org\\\/friday-folder-october-2022\\\/\"]}]},{\"@type\":\"BreadcrumbList\",\"@id\":\"https:\\\/\\\/www.impactoneducation.org\\\/friday-folder-october-2022\\\/#breadcrumb\",\"itemListElement\":[{\"@type\":\"ListItem\",\"position\":1,\"name\":\"Home\",\"item\":\"https:\\\/\\\/www.impactoneducation.org\\\/\"},{\"@type\":\"ListItem\",\"position\":2,\"name\":\"Friday Folder &#8211; October 2022\"}]},{\"@type\":\"WebSite\",\"@id\":\"https:\\\/\\\/www.impactoneducation.org\\\/#website\",\"url\":\"https:\\\/\\\/www.impactoneducation.org\\\/\",\"name\":\"Impact on Education\",\"description\":\"Foundation for Boulder Valley Schools\",\"publisher\":{\"@id\":\"https:\\\/\\\/www.impactoneducation.org\\\/#organization\"},\"potentialAction\":[{\"@type\":\"SearchAction\",\"target\":{\"@type\":\"EntryPoint\",\"urlTemplate\":\"https:\\\/\\\/www.impactoneducation.org\\\/?s={search_term_string}\"},\"query-input\":{\"@type\":\"PropertyValueSpecification\",\"valueRequired\":true,\"valueName\":\"search_term_string\"}}],\"inLanguage\":\"es\"},{\"@type\":\"Organization\",\"@id\":\"https:\\\/\\\/www.impactoneducation.org\\\/#organization\",\"name\":\"Impact on Education\",\"url\":\"https:\\\/\\\/www.impactoneducation.org\\\/\",\"logo\":{\"@type\":\"ImageObject\",\"inLanguage\":\"es\",\"@id\":\"https:\\\/\\\/www.impactoneducation.org\\\/#\\\/schema\\\/logo\\\/image\\\/\",\"url\":\"https:\\\/\\\/www.impactoneducation.org\\\/wp-content\\\/uploads\\\/2020\\\/09\\\/Impact-logo-poly.png\",\"contentUrl\":\"https:\\\/\\\/www.impactoneducation.org\\\/wp-content\\\/uploads\\\/2020\\\/09\\\/Impact-logo-poly.png\",\"width\":3455,\"height\":890,\"caption\":\"Impact on Education\"},\"image\":{\"@id\":\"https:\\\/\\\/www.impactoneducation.org\\\/#\\\/schema\\\/logo\\\/image\\\/\"},\"sameAs\":[\"https:\\\/\\\/www.facebook.com\\\/ImpactonEducation\",\"https:\\\/\\\/x.com\\\/ImpactOnEd\",\"https:\\\/\\\/www.instagram.com\\\/impactoneducation\\\/\",\"https:\\\/\\\/www.youtube.com\\\/channel\\\/UCtCaQkVhXiowqiNrIXQ1Lkw\"]}]}<\/script>\n<!-- \/ Yoast SEO plugin. -->","yoast_head_json":{"title":"Carpeta del viernes - Octubre de 2022 \u2013 Impacto en la educaci\u00f3n","description":"Con un enfoque en aumentar la equidad y cerrar las brechas de oportunidades, nuestro trabajo apoya a los estudiantes de BVSD desde el preescolar hasta la graduaci\u00f3n, y en cada paso del camino.","robots":{"index":"index","follow":"follow","max-snippet":"max-snippet:-1","max-image-preview":"max-image-preview:large","max-video-preview":"max-video-preview:-1"},"canonical":"https:\/\/www.impactoneducation.org\/es\/friday-folder-october-2022\/","og_locale":"es_MX","og_type":"article","og_title":"Friday Folder - October 2022 &#8211; Impact on Education","og_description":"With a focus on increasing equity and closing opportunity gaps, our work supports BVSD students from preschool to graduation, and every step along the way.","og_url":"https:\/\/www.impactoneducation.org\/es\/friday-folder-october-2022\/","og_site_name":"Impact on Education","article_publisher":"https:\/\/www.facebook.com\/ImpactonEducation","article_modified_time":"2023-09-12T17:45:54+00:00","twitter_card":"summary_large_image","twitter_site":"@ImpactOnEd","twitter_misc":{"Tiempo de lectura":"1 minuto"},"schema":{"@context":"https:\/\/schema.org","@graph":[{"@type":"WebPage","@id":"https:\/\/www.impactoneducation.org\/friday-folder-october-2022\/","url":"https:\/\/www.impactoneducation.org\/friday-folder-october-2022\/","name":"Carpeta del viernes - Octubre de 2022 \u2013 Impacto en la educaci\u00f3n","isPartOf":{"@id":"https:\/\/www.impactoneducation.org\/#website"},"datePublished":"2022-09-27T16:58:38+00:00","dateModified":"2023-09-12T17:45:54+00:00","description":"Con un enfoque en aumentar la equidad y cerrar las brechas de oportunidades, nuestro trabajo apoya a los estudiantes de BVSD desde el preescolar hasta la graduaci\u00f3n, y en cada paso del camino.","breadcrumb":{"@id":"https:\/\/www.impactoneducation.org\/friday-folder-october-2022\/#breadcrumb"},"inLanguage":"es","potentialAction":[{"@type":"ReadAction","target":["https:\/\/www.impactoneducation.org\/friday-folder-october-2022\/"]}]},{"@type":"BreadcrumbList","@id":"https:\/\/www.impactoneducation.org\/friday-folder-october-2022\/#breadcrumb","itemListElement":[{"@type":"ListItem","position":1,"name":"Home","item":"https:\/\/www.impactoneducation.org\/"},{"@type":"ListItem","position":2,"name":"Friday Folder &#8211; October 2022"}]},{"@type":"WebSite","@id":"https:\/\/www.impactoneducation.org\/#website","url":"https:\/\/www.impactoneducation.org\/","name":"Impacto en la educaci\u00f3n","description":"Fundaci\u00f3n para las Escuelas del Valle de Boulder","publisher":{"@id":"https:\/\/www.impactoneducation.org\/#organization"},"potentialAction":[{"@type":"SearchAction","target":{"@type":"EntryPoint","urlTemplate":"https:\/\/www.impactoneducation.org\/?s={search_term_string}"},"query-input":{"@type":"PropertyValueSpecification","valueRequired":true,"valueName":"search_term_string"}}],"inLanguage":"es"},{"@type":"Organization","@id":"https:\/\/www.impactoneducation.org\/#organization","name":"Impacto en la educaci\u00f3n","url":"https:\/\/www.impactoneducation.org\/","logo":{"@type":"ImageObject","inLanguage":"es","@id":"https:\/\/www.impactoneducation.org\/#\/schema\/logo\/image\/","url":"https:\/\/www.impactoneducation.org\/wp-content\/uploads\/2020\/09\/Impact-logo-poly.png","contentUrl":"https:\/\/www.impactoneducation.org\/wp-content\/uploads\/2020\/09\/Impact-logo-poly.png","width":3455,"height":890,"caption":"Impact on Education"},"image":{"@id":"https:\/\/www.impactoneducation.org\/#\/schema\/logo\/image\/"},"sameAs":["https:\/\/www.facebook.com\/ImpactonEducation","https:\/\/x.com\/ImpactOnEd","https:\/\/www.instagram.com\/impactoneducation\/","https:\/\/www.youtube.com\/channel\/UCtCaQkVhXiowqiNrIXQ1Lkw"]}]}},"_links":{"self":[{"href":"https:\/\/www.impactoneducation.org\/es\/wp-json\/wp\/v2\/pages\/6929","targetHints":{"allow":["GET"]}}],"collection":[{"href":"https:\/\/www.impactoneducation.org\/es\/wp-json\/wp\/v2\/pages"}],"about":[{"href":"https:\/\/www.impactoneducation.org\/es\/wp-json\/wp\/v2\/types\/page"}],"author":[{"embeddable":true,"href":"https:\/\/www.impactoneducation.org\/es\/wp-json\/wp\/v2\/users\/3"}],"replies":[{"embeddable":true,"href":"https:\/\/www.impactoneducation.org\/es\/wp-json\/wp\/v2\/comments?post=6929"}],"version-history":[{"count":15,"href":"https:\/\/www.impactoneducation.org\/es\/wp-json\/wp\/v2\/pages\/6929\/revisions"}],"predecessor-version":[{"id":9329,"href":"https:\/\/www.impactoneducation.org\/es\/wp-json\/wp\/v2\/pages\/6929\/revisions\/9329"}],"wp:attachment":[{"href":"https:\/\/www.impactoneducation.org\/es\/wp-json\/wp\/v2\/media?parent=6929"}],"curies":[{"name":"gracias","href":"https:\/\/api.w.org\/{rel}","templated":true}]}}