{"id":7004,"date":"2022-10-07T22:19:02","date_gmt":"2022-10-07T22:19:02","guid":{"rendered":"https:\/\/www.impactoneducation.org\/?page_id=7004"},"modified":"2023-09-13T17:40:53","modified_gmt":"2023-09-13T17:40:53","slug":"target","status":"publish","type":"page","link":"https:\/\/www.impactoneducation.org\/es\/target\/","title":{"rendered":"Distribuci\u00f3n de \u00fatiles escolares de Target"},"content":{"rendered":"<div id=\"block_4f4640982caf3f80389f922f474cda9f\" class=\"page-header  full-width\">\r\n\r\n  <div class=\"page-header-title\">\r\n    <h1>\u00daTILES ESCOLARES GRATIS PARA EDUCADORES Y PERSONAL DE BVSD<\/h1>\r\n  <\/div>\r\n\r\n  <div class=\"page-header-image\"><\/div>\r\n\r\n<\/div>\r\n\n\n\n<div style=\"height:25px\" aria-hidden=\"true\" class=\"wp-block-spacer\"><\/div>\n\n\n\n<p class=\"has-text-align-left\" style=\"font-size:18px\">Superior Target no pudo vender su inventario de \u00fatiles escolares debido a una reapertura retrasada despu\u00e9s del incendio de Marshall. Est\u00e1n donando generosamente 22 pal\u00e9s de suministros a Impact on Education y estamos haciendo arreglos para distribuirlos a los educadores y al personal de BVSD que est\u00e1n invitados a comprar para sus aulas y estudiantes.<\/p>\n\n\n\n<div class=\"wp-block-buttons is-content-justification-center is-layout-flex wp-container-core-buttons-is-layout-16018d1d wp-block-buttons-is-layout-flex\">\n<div class=\"wp-block-button\"><a class=\"wp-block-button__link has-blue-green-background-color has-background wp-element-button\" href=\"https:\/\/www.impactoneducation.org\/wp-content\/uploads\/2022\/10\/Target-School-Supply-Distribution-Flyer_Final-1.pdf\" target=\"_blank\" rel=\"noreferrer noopener\">Descargar un folleto<\/a><\/div>\n<\/div>\n\n\n\n<div style=\"height:29px\" aria-hidden=\"true\" class=\"wp-block-spacer\"><\/div>\n\n\n\n<div class=\"wp-block-columns is-layout-flex wp-container-core-columns-is-layout-9d6595d7 wp-block-columns-is-layout-flex\">\n<div class=\"wp-block-column is-layout-flow wp-block-column-is-layout-flow\" style=\"flex-basis:55%\">\n<p class=\"has-medium-font-size\"><strong>LUNES 24 DE OCTUBRE<\/strong><\/p>\n\n\n\n<h2 class=\"wp-block-heading has-text-align-left fancy\">VISTA PREVIA ESPECIAL<\/h2>\n\n\n\n<p>El primer d\u00eda de compras dar\u00e1 prioridad a los representantes de McKinney-Vento, los maestros de inducci\u00f3n, los enlaces comunitarios y el personal y los educadores de las escuelas de BVSD m\u00e1s afectadas por el incendio de Marshall.<\/p>\n\n\n\n<div style=\"height:22px\" aria-hidden=\"true\" class=\"wp-block-spacer\"><\/div>\n\n\n\n<p class=\"has-medium-font-size\"><strong>25-27 DE OCTUBRE<\/strong><\/p>\n\n\n\n<h2 class=\"wp-block-heading has-text-align-left fancy\">D\u00cdAS DE COMPRAS EN BVSD<\/h2>\n\n\n\n<p><strong>martes 25 de octubre y mi\u00e9rcoles 26 de octubre<\/strong><br><em><strong>Centro de software libre<\/strong> <strong>@ 6500 Arapahoe Ave, Boulder<\/strong> (<a href=\"https:\/\/www.impactoneducation.org\/wp-content\/uploads\/2022\/10\/Map-to-FOSS.png\" target=\"_blank\" rel=\"noreferrer noopener\">mapa<\/a>)<br><\/em>12:00 \u2013 18:00 (hasta las 19:00 el martes)<br><br><em>Todo el personal y educadores invitados a hacer una cita para recoger \u00fatiles escolares gratis. Deje las citas nocturnas para nuestras escuelas de Mountain y las m\u00e1s alejadas de Boulder.<\/em><\/p>\n\n\n\n<div class=\"wp-block-buttons is-layout-flex wp-block-buttons-is-layout-flex\">\n<div class=\"wp-block-button\"><a class=\"wp-block-button__link has-blue-green-background-color has-background wp-element-button\" href=\"https:\/\/www.signupgenius.com\/go\/10c0f4aafa62da5fac70-1025\" target=\"_blank\" rel=\"noreferrer noopener\">Haga una cita<\/a><\/div>\n<\/div>\n\n\n\n<div style=\"height:20px\" aria-hidden=\"true\" class=\"wp-block-spacer\"><\/div>\n\n\n\n<p><strong>jueves, 27 de octubre<\/strong><br>12:00 \u2013 18:00<br><br><em>Todo el personal y educadores invitados a comprar durante toda la tarde.<\/em> NO SE NECESITA CITA.<\/p>\n\n\n\n<div style=\"height:29px\" aria-hidden=\"true\" class=\"wp-block-spacer\"><\/div>\n\n\n\n<div style=\"height:25px\" aria-hidden=\"true\" class=\"wp-block-spacer\"><\/div>\n<\/div>\n\n\n\n<div class=\"wp-block-column is-layout-flow wp-block-column-is-layout-flow\" style=\"flex-basis:45%\">\n<div class=\"wp-block-buttons is-layout-flex wp-block-buttons-is-layout-flex\"><\/div>\n\n\n\n<p class=\"has-medium-font-size\"><strong>DETALLES<\/strong><\/p>\n\n\n\n<h2 class=\"wp-block-heading fancy\">QUE TRAER<\/h2>\n\n\n\n<ul class=\"wp-block-list\">\n<li>Identificaci\u00f3n de BVSD (obligatorio)<\/li>\n\n\n\n<li>Dos recipientes del tama\u00f1o de una bolsa de supermercado<\/li>\n\n\n\n<li>Por favor NO traiga ni\u00f1os<\/li>\n<\/ul>\n\n\n\n<div style=\"height:85px\" aria-hidden=\"true\" class=\"wp-block-spacer\"><\/div>\n\n\n\n<h2 class=\"wp-block-heading fancy\">LAS PROVISIONES<\/h2>\n\n\n\n<ul class=\"wp-block-list\">\n<li>cuadernos<\/li>\n\n\n\n<li>pegamento<\/li>\n\n\n\n<li>l\u00e1pices de color<\/li>\n\n\n\n<li>carpetas<\/li>\n\n\n\n<li>marcador no-permanente<\/li>\n\n\n\n<li>fichas<\/li>\n\n\n\n<li>\u00a1y mucho m\u00e1s!<\/li>\n<\/ul>\n<\/div>\n<\/div>\n\n\n\n<div style=\"height:25px\" aria-hidden=\"true\" class=\"wp-block-spacer\"><\/div>\n\n\n\n<div style=\"height:25px\" aria-hidden=\"true\" class=\"wp-block-spacer\"><\/div>","protected":false},"excerpt":{"rendered":"<p>Superior Target no pudo vender su inventario de \u00fatiles escolares debido a una reapertura retrasada despu\u00e9s del incendio de Marshall.\u2026<\/p>","protected":false},"author":3,"featured_media":0,"parent":0,"menu_order":0,"comment_status":"closed","ping_status":"closed","template":"","meta":{"_acf_changed":false,"_monsterinsights_skip_tracking":false,"_monsterinsights_sitenote_active":false,"_monsterinsights_sitenote_note":"","_monsterinsights_sitenote_category":0,"footnotes":""},"class_list":["post-7004","page","type-page","status-publish","hentry"],"acf":[],"yoast_head":"<!-- This site is optimized with the Yoast SEO plugin v27.4 - https:\/\/yoast.com\/product\/yoast-seo-wordpress\/ -->\n<title>Free School Supplies for BVSD Educators and Staff<\/title>\n<meta name=\"description\" content=\"A Target store generously donated 22 pallets of brand-new school supplies to Impact on Education and we distributed to BVSD educators and schools.\" \/>\n<meta name=\"robots\" content=\"index, follow, max-snippet:-1, max-image-preview:large, max-video-preview:-1\" \/>\n<link rel=\"canonical\" href=\"https:\/\/www.impactoneducation.org\/es\/target\/\" \/>\n<meta property=\"og:locale\" content=\"es_MX\" \/>\n<meta property=\"og:type\" content=\"article\" \/>\n<meta property=\"og:title\" content=\"Free School Supplies for BVSD Educators and Staff\" \/>\n<meta property=\"og:description\" content=\"A Target store generously donated 22 pallets of brand-new school supplies to Impact on Education and we distributed to BVSD educators and schools.\" \/>\n<meta property=\"og:url\" content=\"https:\/\/www.impactoneducation.org\/es\/target\/\" \/>\n<meta property=\"og:site_name\" content=\"Impact on Education\" \/>\n<meta property=\"article:publisher\" content=\"https:\/\/www.facebook.com\/ImpactonEducation\" \/>\n<meta property=\"article:modified_time\" content=\"2023-09-13T17:40:53+00:00\" \/>\n<meta name=\"twitter:card\" content=\"summary_large_image\" \/>\n<meta name=\"twitter:site\" content=\"@ImpactOnEd\" \/>\n<meta name=\"twitter:label1\" content=\"Tiempo de lectura\" \/>\n\t<meta name=\"twitter:data1\" content=\"1 minuto\" \/>\n<script type=\"application\/ld+json\" class=\"yoast-schema-graph\">{\"@context\":\"https:\\\/\\\/schema.org\",\"@graph\":[{\"@type\":\"WebPage\",\"@id\":\"https:\\\/\\\/www.impactoneducation.org\\\/target\\\/\",\"url\":\"https:\\\/\\\/www.impactoneducation.org\\\/target\\\/\",\"name\":\"Free School Supplies for BVSD Educators and Staff\",\"isPartOf\":{\"@id\":\"https:\\\/\\\/www.impactoneducation.org\\\/#website\"},\"datePublished\":\"2022-10-07T22:19:02+00:00\",\"dateModified\":\"2023-09-13T17:40:53+00:00\",\"description\":\"A Target store generously donated 22 pallets of brand-new school supplies to Impact on Education and we distributed to BVSD educators and schools.\",\"breadcrumb\":{\"@id\":\"https:\\\/\\\/www.impactoneducation.org\\\/target\\\/#breadcrumb\"},\"inLanguage\":\"es\",\"potentialAction\":[{\"@type\":\"ReadAction\",\"target\":[\"https:\\\/\\\/www.impactoneducation.org\\\/target\\\/\"]}]},{\"@type\":\"BreadcrumbList\",\"@id\":\"https:\\\/\\\/www.impactoneducation.org\\\/target\\\/#breadcrumb\",\"itemListElement\":[{\"@type\":\"ListItem\",\"position\":1,\"name\":\"Home\",\"item\":\"https:\\\/\\\/www.impactoneducation.org\\\/\"},{\"@type\":\"ListItem\",\"position\":2,\"name\":\"Target School Supply Distribution\"}]},{\"@type\":\"WebSite\",\"@id\":\"https:\\\/\\\/www.impactoneducation.org\\\/#website\",\"url\":\"https:\\\/\\\/www.impactoneducation.org\\\/\",\"name\":\"Impact on Education\",\"description\":\"Foundation for Boulder Valley Schools\",\"publisher\":{\"@id\":\"https:\\\/\\\/www.impactoneducation.org\\\/#organization\"},\"potentialAction\":[{\"@type\":\"SearchAction\",\"target\":{\"@type\":\"EntryPoint\",\"urlTemplate\":\"https:\\\/\\\/www.impactoneducation.org\\\/?s={search_term_string}\"},\"query-input\":{\"@type\":\"PropertyValueSpecification\",\"valueRequired\":true,\"valueName\":\"search_term_string\"}}],\"inLanguage\":\"es\"},{\"@type\":\"Organization\",\"@id\":\"https:\\\/\\\/www.impactoneducation.org\\\/#organization\",\"name\":\"Impact on Education\",\"url\":\"https:\\\/\\\/www.impactoneducation.org\\\/\",\"logo\":{\"@type\":\"ImageObject\",\"inLanguage\":\"es\",\"@id\":\"https:\\\/\\\/www.impactoneducation.org\\\/#\\\/schema\\\/logo\\\/image\\\/\",\"url\":\"https:\\\/\\\/www.impactoneducation.org\\\/wp-content\\\/uploads\\\/2020\\\/09\\\/Impact-logo-poly.png\",\"contentUrl\":\"https:\\\/\\\/www.impactoneducation.org\\\/wp-content\\\/uploads\\\/2020\\\/09\\\/Impact-logo-poly.png\",\"width\":3455,\"height\":890,\"caption\":\"Impact on Education\"},\"image\":{\"@id\":\"https:\\\/\\\/www.impactoneducation.org\\\/#\\\/schema\\\/logo\\\/image\\\/\"},\"sameAs\":[\"https:\\\/\\\/www.facebook.com\\\/ImpactonEducation\",\"https:\\\/\\\/x.com\\\/ImpactOnEd\",\"https:\\\/\\\/www.instagram.com\\\/impactoneducation\\\/\",\"https:\\\/\\\/www.youtube.com\\\/channel\\\/UCtCaQkVhXiowqiNrIXQ1Lkw\"]}]}<\/script>\n<!-- \/ Yoast SEO plugin. -->","yoast_head_json":{"title":"Free School Supplies for BVSD Educators and Staff","description":"A Target store generously donated 22 pallets of brand-new school supplies to Impact on Education and we distributed to BVSD educators and schools.","robots":{"index":"index","follow":"follow","max-snippet":"max-snippet:-1","max-image-preview":"max-image-preview:large","max-video-preview":"max-video-preview:-1"},"canonical":"https:\/\/www.impactoneducation.org\/es\/target\/","og_locale":"es_MX","og_type":"article","og_title":"Free School Supplies for BVSD Educators and Staff","og_description":"A Target store generously donated 22 pallets of brand-new school supplies to Impact on Education and we distributed to BVSD educators and schools.","og_url":"https:\/\/www.impactoneducation.org\/es\/target\/","og_site_name":"Impact on Education","article_publisher":"https:\/\/www.facebook.com\/ImpactonEducation","article_modified_time":"2023-09-13T17:40:53+00:00","twitter_card":"summary_large_image","twitter_site":"@ImpactOnEd","twitter_misc":{"Tiempo de lectura":"1 minuto"},"schema":{"@context":"https:\/\/schema.org","@graph":[{"@type":"WebPage","@id":"https:\/\/www.impactoneducation.org\/target\/","url":"https:\/\/www.impactoneducation.org\/target\/","name":"Free School Supplies for BVSD Educators and Staff","isPartOf":{"@id":"https:\/\/www.impactoneducation.org\/#website"},"datePublished":"2022-10-07T22:19:02+00:00","dateModified":"2023-09-13T17:40:53+00:00","description":"A Target store generously donated 22 pallets of brand-new school supplies to Impact on Education and we distributed to BVSD educators and schools.","breadcrumb":{"@id":"https:\/\/www.impactoneducation.org\/target\/#breadcrumb"},"inLanguage":"es","potentialAction":[{"@type":"ReadAction","target":["https:\/\/www.impactoneducation.org\/target\/"]}]},{"@type":"BreadcrumbList","@id":"https:\/\/www.impactoneducation.org\/target\/#breadcrumb","itemListElement":[{"@type":"ListItem","position":1,"name":"Home","item":"https:\/\/www.impactoneducation.org\/"},{"@type":"ListItem","position":2,"name":"Target School Supply Distribution"}]},{"@type":"WebSite","@id":"https:\/\/www.impactoneducation.org\/#website","url":"https:\/\/www.impactoneducation.org\/","name":"Impacto en la educaci\u00f3n","description":"Fundaci\u00f3n para las Escuelas del Valle de Boulder","publisher":{"@id":"https:\/\/www.impactoneducation.org\/#organization"},"potentialAction":[{"@type":"SearchAction","target":{"@type":"EntryPoint","urlTemplate":"https:\/\/www.impactoneducation.org\/?s={search_term_string}"},"query-input":{"@type":"PropertyValueSpecification","valueRequired":true,"valueName":"search_term_string"}}],"inLanguage":"es"},{"@type":"Organization","@id":"https:\/\/www.impactoneducation.org\/#organization","name":"Impacto en la educaci\u00f3n","url":"https:\/\/www.impactoneducation.org\/","logo":{"@type":"ImageObject","inLanguage":"es","@id":"https:\/\/www.impactoneducation.org\/#\/schema\/logo\/image\/","url":"https:\/\/www.impactoneducation.org\/wp-content\/uploads\/2020\/09\/Impact-logo-poly.png","contentUrl":"https:\/\/www.impactoneducation.org\/wp-content\/uploads\/2020\/09\/Impact-logo-poly.png","width":3455,"height":890,"caption":"Impact on Education"},"image":{"@id":"https:\/\/www.impactoneducation.org\/#\/schema\/logo\/image\/"},"sameAs":["https:\/\/www.facebook.com\/ImpactonEducation","https:\/\/x.com\/ImpactOnEd","https:\/\/www.instagram.com\/impactoneducation\/","https:\/\/www.youtube.com\/channel\/UCtCaQkVhXiowqiNrIXQ1Lkw"]}]}},"_links":{"self":[{"href":"https:\/\/www.impactoneducation.org\/es\/wp-json\/wp\/v2\/pages\/7004","targetHints":{"allow":["GET"]}}],"collection":[{"href":"https:\/\/www.impactoneducation.org\/es\/wp-json\/wp\/v2\/pages"}],"about":[{"href":"https:\/\/www.impactoneducation.org\/es\/wp-json\/wp\/v2\/types\/page"}],"author":[{"embeddable":true,"href":"https:\/\/www.impactoneducation.org\/es\/wp-json\/wp\/v2\/users\/3"}],"replies":[{"embeddable":true,"href":"https:\/\/www.impactoneducation.org\/es\/wp-json\/wp\/v2\/comments?post=7004"}],"version-history":[{"count":41,"href":"https:\/\/www.impactoneducation.org\/es\/wp-json\/wp\/v2\/pages\/7004\/revisions"}],"predecessor-version":[{"id":9516,"href":"https:\/\/www.impactoneducation.org\/es\/wp-json\/wp\/v2\/pages\/7004\/revisions\/9516"}],"wp:attachment":[{"href":"https:\/\/www.impactoneducation.org\/es\/wp-json\/wp\/v2\/media?parent=7004"}],"curies":[{"name":"gracias","href":"https:\/\/api.w.org\/{rel}","templated":true}]}}