{"id":7280,"date":"2022-11-09T02:55:56","date_gmt":"2022-11-09T02:55:56","guid":{"rendered":"https:\/\/www.impactoneducation.org\/?page_id=7280"},"modified":"2024-09-04T19:01:54","modified_gmt":"2024-09-04T19:01:54","slug":"give","status":"publish","type":"page","link":"https:\/\/www.impactoneducation.org\/es\/give\/","title":{"rendered":"Haz un regalo"},"content":{"rendered":"<div id=\"block_22342c42ee3ab325ae0ecf28bba3fbd1\" class=\"page-header  full-width\">\r\n\r\n  <div class=\"page-header-title\">\r\n    <h1>Haga una donaci\u00f3n a Impacto en la Educaci\u00f3n<\/h1>\r\n  <\/div>\r\n\r\n  <div class=\"page-header-image\"><\/div>\r\n\r\n<\/div>\r\n\n\n\n<div style=\"height:68px\" aria-hidden=\"true\" class=\"wp-block-spacer\"><\/div>\n\n\n\n<div class=\"wp-block-columns is-layout-flex wp-container-core-columns-is-layout-9d6595d7 wp-block-columns-is-layout-flex\">\n<div class=\"wp-block-column is-layout-flow wp-block-column-is-layout-flow\" style=\"flex-basis:4%\"><\/div>\n\n\n\n<div class=\"wp-block-column is-layout-flow wp-block-column-is-layout-flow\" style=\"flex-basis:38%\">\n<h1 class=\"wp-block-heading fancy\">HAZ UN REGALO<\/h1>\n\n\n\n<p>La donaci\u00f3n que usted hace a Impact on Education nos ayuda a eliminar las barreras econ\u00f3micas y de aprendizaje que enfrentan los estudiantes de hoy. Puedes ayudar a ampliar lo que es posible en la educaci\u00f3n.<\/p>\n\n\n\n<a href=\"#XXZNCETX\" style=\"display: none\"><\/a>\n\n\n\n<div style=\"height:25px\" aria-hidden=\"true\" class=\"wp-block-spacer\"><\/div>\n<\/div>\n\n\n\n<div class=\"wp-block-column is-layout-flow wp-block-column-is-layout-flow\" style=\"flex-basis:48%\">\n<div style=\"height:3px\" aria-hidden=\"true\" class=\"wp-block-spacer\"><\/div>\n\n\n\n<figure class=\"wp-block-embed is-type-video is-provider-youtube wp-block-embed-youtube wp-embed-aspect-16-9 wp-has-aspect-ratio\"><div class=\"wp-block-embed__wrapper\">\n<div class=\"embed-container\"><iframe loading=\"lazy\" title=\"Historias de impacto en las escuelas de BVSD: a\u00f1o escolar 2023-24\" width=\"500\" height=\"281\" src=\"https:\/\/www.youtube.com\/embed\/YOybYFvf0BA?feature=oembed\" frameborder=\"0\" allow=\"accelerometer; autoplay; clipboard-write; encrypted-media; gyroscope; picture-in-picture; web-share\" referrerpolicy=\"strict-origin-when-cross-origin\" allowfullscreen><\/iframe><\/div>\n<\/div><\/figure>\n\n\n\n<div style=\"height:25px\" aria-hidden=\"true\" class=\"wp-block-spacer\"><\/div>\n\n\n\n<div id=\"block_ba7dadd13d49ecd33c88c226a91d6ce4\" class=\"links-list\">\n\n  <div class=\"links\">\n\n    \n      \n      <div class=\"link\">\n\n        \n                  <h2>DAR POR CORREO<\/h2>\n        \n        \n                  <div class=\"link-copy\">\n            Impacto en la educaci\u00f3n<br>\r\n721 Front St, Suite A<br>\r\nLouisville, CO 80027          <\/div>\n        \n                                    <div class=\"link-cta\">\n            <a\n            class=\"button button-blue-green\"\n            href=\"https:\/\/www.impactoneducation.org\/es\/ways-to-give\/\"\n            target=\"_blank\">\n            M\u00e1s formas de dar          <\/a>\n        <\/div>\n      \n    <\/div>\n\n  \n      <div class=\"link\">\n\n        \n                  <h2>EL CLUB DE LA BR\u00daJULA<\/h2>\n        \n        \n                  <div class=\"link-copy\">\n            Comience hoy mismo una donaci\u00f3n mensual recurrente para<br>\r\napoya nuestro trabajo durante todo el a\u00f1o.          <\/div>\n        \n                                    <div class=\"link-cta\">\n            <a\n            class=\"button button-blue-green\"\n            href=\"https:\/\/www.impactoneducation.org\/es\/ways-to-give\/compass-club\/\"\n            target=\"_blank\">\n            Aprende m\u00e1s          <\/a>\n        <\/div>\n      \n    <\/div>\n\n  \n\n<\/div>\n<\/div>\n<\/div>\n\n\n\n<div class=\"wp-block-column is-layout-flow wp-block-column-is-layout-flow\" style=\"flex-basis:4%\"><\/div>\n<\/div>\n\n\n\n<div style=\"height:15px\" aria-hidden=\"true\" class=\"wp-block-spacer\"><\/div>\n\n\n\n<div class=\"wp-block-group\"><div class=\"wp-block-group__inner-container is-layout-constrained wp-block-group-is-layout-constrained\">\n<p class=\"has-text-align-center has-light-green-background-color has-background has-medium-font-size\"><strong>Dar con confianza<\/strong> \u2014 Impact on Education recibe altas calificaciones de Candid y Charity Navigator.<\/p>\n\n\n\n<div class=\"wp-block-columns is-layout-flex wp-container-core-columns-is-layout-9d6595d7 wp-block-columns-is-layout-flex\">\n<div class=\"wp-block-column is-layout-flow wp-block-column-is-layout-flow\" style=\"flex-basis:20px\"><\/div>\n\n\n\n<div class=\"wp-block-column is-layout-flow wp-block-column-is-layout-flow\">\n<a href=\"https:\/\/www.guidestar.org\/profile\/84-0943046\" target=\"_blank\" rel=\"noopener\"><\/a><p style=\"text-align:center;\"><a href=\"https:\/\/www.guidestar.org\/profile\/84-0943046\" target=\"_blank\" rel=\"noopener\"><img decoding=\"async\" src=\"https:\/\/widgets.guidestar.org\/gximage2?o=8250091&amp;l=v4\" width=\"150\" align=\"right\"><\/a><\/p>\n<\/div>\n\n\n\n<div class=\"wp-block-column is-layout-flow wp-block-column-is-layout-flow\">\n<div style=\"height:13px\" aria-hidden=\"true\" class=\"wp-block-spacer\"><\/div>\n\n\n\n<figure class=\"wp-block-image size-medium is-resized\"><a href=\"https:\/\/www.charitynavigator.org\/ein\/840943046\" target=\"_blank\" rel=\"noreferrer noopener\"><img loading=\"lazy\" decoding=\"async\" width=\"300\" height=\"300\" src=\"https:\/\/www.impactoneducation.org\/wp-content\/uploads\/2023\/10\/Four-Star-Rating-Badge-Full-Color-300x300.png\" alt=\"\" class=\"wp-image-9863\" style=\"width:150px\" srcset=\"https:\/\/www.impactoneducation.org\/wp-content\/uploads\/2023\/10\/Four-Star-Rating-Badge-Full-Color-300x300.png 300w, https:\/\/www.impactoneducation.org\/wp-content\/uploads\/2023\/10\/Four-Star-Rating-Badge-Full-Color-1024x1024.png 1024w, https:\/\/www.impactoneducation.org\/wp-content\/uploads\/2023\/10\/Four-Star-Rating-Badge-Full-Color-150x150.png 150w, https:\/\/www.impactoneducation.org\/wp-content\/uploads\/2023\/10\/Four-Star-Rating-Badge-Full-Color-768x768.png 768w, https:\/\/www.impactoneducation.org\/wp-content\/uploads\/2023\/10\/Four-Star-Rating-Badge-Full-Color-1536x1536.png 1536w, https:\/\/www.impactoneducation.org\/wp-content\/uploads\/2023\/10\/Four-Star-Rating-Badge-Full-Color-12x12.png 12w, https:\/\/www.impactoneducation.org\/wp-content\/uploads\/2023\/10\/Four-Star-Rating-Badge-Full-Color-1800x1800.png 1800w, https:\/\/www.impactoneducation.org\/wp-content\/uploads\/2023\/10\/Four-Star-Rating-Badge-Full-Color.png 2000w\" sizes=\"auto, (max-width: 300px) 100vw, 300px\" \/><\/a><\/figure>\n<\/div>\n\n\n\n<div class=\"wp-block-column is-layout-flow wp-block-column-is-layout-flow\" style=\"flex-basis:20px\"><\/div>\n<\/div>\n<\/div><\/div>\n\n\n\r\n\r\n  <div id=\"block_9e2a98cd1fe70162d358d3af54d14307\" class=\"big-picture  full-width\">\r\n\r\n    <img decoding=\"async\" class=\"desktop-image\" src=\"https:\/\/www.impactoneducation.org\/wp-content\/uploads\/2020\/03\/longergirl1-1800x820.jpg\" \/>\r\n\r\n          <img decoding=\"async\" class=\"mobile-image\" src=\"https:\/\/www.impactoneducation.org\/wp-content\/uploads\/2020\/03\/girl_mobile-01-1024x749.jpg\" \/>\r\n    \r\n          <div class=\"big-picture-overlay\" style=\"background-color: #000000; opacity: 0;\">\r\n      <\/div>\r\n    \r\n    <div class=\"big-picture-content\" style=\"color: #ffffff;\">\r\n\r\n              <h2 style=\"color: #ffffff;\">\r\n          NUESTRA MISI\u00d3N        <\/h2>\r\n      \r\n              <div class=\"copy copy-white\" style=\"color: #ffffff;\">\r\n          Brindamos a los estudiantes de Boulder Valley oportunidades y recursos equitativos para prosperar en sus aulas, carreras y comunidades.        <\/div>\r\n      \r\n              <div class=\"cta\">\r\n          <a class=\"button button-white\" style=\"color: #ffffff; border-color: #ffffff;\" href=\"https:\/\/www.impactoneducation.org\/es\/who-we-are\/\" target=\"_blank\">SOBRE NOSOTROS<\/a>\r\n        <\/div>\r\n\r\n      \r\n    <\/div>\r\n\r\n  <\/div>","protected":false},"excerpt":{"rendered":"<p>HAGA UN REGALO La donaci\u00f3n que haga a Impact on Education nos ayuda a eliminar las barreras econ\u00f3micas y de aprendizaje que enfrentan los estudiantes...<\/p>","protected":false},"author":3,"featured_media":0,"parent":0,"menu_order":0,"comment_status":"closed","ping_status":"closed","template":"","meta":{"_acf_changed":false,"_monsterinsights_skip_tracking":false,"_monsterinsights_sitenote_active":false,"_monsterinsights_sitenote_note":"","_monsterinsights_sitenote_category":0,"footnotes":""},"class_list":["post-7280","page","type-page","status-publish","hentry"],"acf":[],"yoast_head":"<!-- This site is optimized with the Yoast SEO plugin v27.1.1 - https:\/\/yoast.com\/product\/yoast-seo-wordpress\/ -->\n<title>Make a Gift &#8211; Impact on Education<\/title>\n<meta name=\"description\" content=\"The gift you make to Impact on Education enables us to make long-term investments and to meet immediate needs of BVSD students and educators.\" \/>\n<meta name=\"robots\" content=\"index, follow, max-snippet:-1, max-image-preview:large, max-video-preview:-1\" \/>\n<link rel=\"canonical\" href=\"https:\/\/www.impactoneducation.org\/es\/give\/\" \/>\n<meta property=\"og:locale\" content=\"es_MX\" \/>\n<meta property=\"og:type\" content=\"article\" \/>\n<meta property=\"og:title\" content=\"Make a Gift &#8211; Impact on Education\" \/>\n<meta property=\"og:description\" content=\"The gift you make to Impact on Education enables us to make long-term investments and to meet immediate needs of BVSD students and educators.\" \/>\n<meta property=\"og:url\" content=\"https:\/\/www.impactoneducation.org\/es\/give\/\" \/>\n<meta property=\"og:site_name\" content=\"Impact on Education\" \/>\n<meta property=\"article:publisher\" content=\"https:\/\/www.facebook.com\/ImpactonEducation\" \/>\n<meta property=\"article:modified_time\" content=\"2024-09-04T19:01:54+00:00\" \/>\n<meta property=\"og:image\" content=\"https:\/\/www.impactoneducation.org\/wp-content\/uploads\/2022\/11\/Untitled-design-1.jpg\" \/>\n\t<meta property=\"og:image:width\" content=\"926\" \/>\n\t<meta property=\"og:image:height\" content=\"525\" \/>\n\t<meta property=\"og:image:type\" content=\"image\/jpeg\" \/>\n<meta name=\"twitter:card\" content=\"summary_large_image\" \/>\n<meta name=\"twitter:image\" content=\"https:\/\/www.impactoneducation.org\/wp-content\/uploads\/2022\/11\/Untitled-design-1.jpg\" \/>\n<meta name=\"twitter:site\" content=\"@ImpactOnEd\" \/>\n<meta name=\"twitter:label1\" content=\"Tiempo de lectura\" \/>\n\t<meta name=\"twitter:data1\" content=\"1 minuto\" \/>\n<script type=\"application\/ld+json\" class=\"yoast-schema-graph\">{\"@context\":\"https:\/\/schema.org\",\"@graph\":[{\"@type\":\"WebPage\",\"@id\":\"https:\/\/www.impactoneducation.org\/give\/\",\"url\":\"https:\/\/www.impactoneducation.org\/give\/\",\"name\":\"Make a Gift &#8211; Impact on Education\",\"isPartOf\":{\"@id\":\"https:\/\/www.impactoneducation.org\/#website\"},\"datePublished\":\"2022-11-09T02:55:56+00:00\",\"dateModified\":\"2024-09-04T19:01:54+00:00\",\"description\":\"The gift you make to Impact on Education enables us to make long-term investments and to meet immediate needs of BVSD students and educators.\",\"breadcrumb\":{\"@id\":\"https:\/\/www.impactoneducation.org\/give\/#breadcrumb\"},\"inLanguage\":\"es\",\"potentialAction\":[{\"@type\":\"ReadAction\",\"target\":[\"https:\/\/www.impactoneducation.org\/give\/\"]}]},{\"@type\":\"BreadcrumbList\",\"@id\":\"https:\/\/www.impactoneducation.org\/give\/#breadcrumb\",\"itemListElement\":[{\"@type\":\"ListItem\",\"position\":1,\"name\":\"Home\",\"item\":\"https:\/\/www.impactoneducation.org\/\"},{\"@type\":\"ListItem\",\"position\":2,\"name\":\"Make a Gift\"}]},{\"@type\":\"WebSite\",\"@id\":\"https:\/\/www.impactoneducation.org\/#website\",\"url\":\"https:\/\/www.impactoneducation.org\/\",\"name\":\"Impact on Education\",\"description\":\"Foundation for Boulder Valley Schools\",\"publisher\":{\"@id\":\"https:\/\/www.impactoneducation.org\/#organization\"},\"potentialAction\":[{\"@type\":\"SearchAction\",\"target\":{\"@type\":\"EntryPoint\",\"urlTemplate\":\"https:\/\/www.impactoneducation.org\/?s={search_term_string}\"},\"query-input\":{\"@type\":\"PropertyValueSpecification\",\"valueRequired\":true,\"valueName\":\"search_term_string\"}}],\"inLanguage\":\"es\"},{\"@type\":\"Organization\",\"@id\":\"https:\/\/www.impactoneducation.org\/#organization\",\"name\":\"Impact on Education\",\"url\":\"https:\/\/www.impactoneducation.org\/\",\"logo\":{\"@type\":\"ImageObject\",\"inLanguage\":\"es\",\"@id\":\"https:\/\/www.impactoneducation.org\/#\/schema\/logo\/image\/\",\"url\":\"https:\/\/www.impactoneducation.org\/wp-content\/uploads\/2020\/09\/Impact-logo-poly.png\",\"contentUrl\":\"https:\/\/www.impactoneducation.org\/wp-content\/uploads\/2020\/09\/Impact-logo-poly.png\",\"width\":3455,\"height\":890,\"caption\":\"Impact on Education\"},\"image\":{\"@id\":\"https:\/\/www.impactoneducation.org\/#\/schema\/logo\/image\/\"},\"sameAs\":[\"https:\/\/www.facebook.com\/ImpactonEducation\",\"https:\/\/x.com\/ImpactOnEd\",\"https:\/\/www.instagram.com\/impactoneducation\/\",\"https:\/\/www.youtube.com\/channel\/UCtCaQkVhXiowqiNrIXQ1Lkw\"]}]}<\/script>\n<!-- \/ Yoast SEO plugin. -->","yoast_head_json":{"title":"Haz un regalo: Impacto en la educaci\u00f3n","description":"La donaci\u00f3n que usted hace a Impact on Education nos permite realizar inversiones a largo plazo y satisfacer las necesidades inmediatas de los estudiantes y educadores de BVSD.","robots":{"index":"index","follow":"follow","max-snippet":"max-snippet:-1","max-image-preview":"max-image-preview:large","max-video-preview":"max-video-preview:-1"},"canonical":"https:\/\/www.impactoneducation.org\/es\/give\/","og_locale":"es_MX","og_type":"article","og_title":"Make a Gift &#8211; Impact on Education","og_description":"The gift you make to Impact on Education enables us to make long-term investments and to meet immediate needs of BVSD students and educators.","og_url":"https:\/\/www.impactoneducation.org\/es\/give\/","og_site_name":"Impact on Education","article_publisher":"https:\/\/www.facebook.com\/ImpactonEducation","article_modified_time":"2024-09-04T19:01:54+00:00","og_image":[{"width":926,"height":525,"url":"https:\/\/www.impactoneducation.org\/wp-content\/uploads\/2022\/11\/Untitled-design-1.jpg","type":"image\/jpeg"}],"twitter_card":"summary_large_image","twitter_image":"https:\/\/www.impactoneducation.org\/wp-content\/uploads\/2022\/11\/Untitled-design-1.jpg","twitter_site":"@ImpactOnEd","twitter_misc":{"Tiempo de lectura":"1 minuto"},"schema":{"@context":"https:\/\/schema.org","@graph":[{"@type":"WebPage","@id":"https:\/\/www.impactoneducation.org\/give\/","url":"https:\/\/www.impactoneducation.org\/give\/","name":"Haz un regalo: Impacto en la educaci\u00f3n","isPartOf":{"@id":"https:\/\/www.impactoneducation.org\/#website"},"datePublished":"2022-11-09T02:55:56+00:00","dateModified":"2024-09-04T19:01:54+00:00","description":"La donaci\u00f3n que usted hace a Impact on Education nos permite realizar inversiones a largo plazo y satisfacer las necesidades inmediatas de los estudiantes y educadores de BVSD.","breadcrumb":{"@id":"https:\/\/www.impactoneducation.org\/give\/#breadcrumb"},"inLanguage":"es","potentialAction":[{"@type":"ReadAction","target":["https:\/\/www.impactoneducation.org\/give\/"]}]},{"@type":"BreadcrumbList","@id":"https:\/\/www.impactoneducation.org\/give\/#breadcrumb","itemListElement":[{"@type":"ListItem","position":1,"name":"Home","item":"https:\/\/www.impactoneducation.org\/"},{"@type":"ListItem","position":2,"name":"Make a Gift"}]},{"@type":"WebSite","@id":"https:\/\/www.impactoneducation.org\/#website","url":"https:\/\/www.impactoneducation.org\/","name":"Impacto en la educaci\u00f3n","description":"Fundaci\u00f3n para las Escuelas del Valle de Boulder","publisher":{"@id":"https:\/\/www.impactoneducation.org\/#organization"},"potentialAction":[{"@type":"SearchAction","target":{"@type":"EntryPoint","urlTemplate":"https:\/\/www.impactoneducation.org\/?s={search_term_string}"},"query-input":{"@type":"PropertyValueSpecification","valueRequired":true,"valueName":"search_term_string"}}],"inLanguage":"es"},{"@type":"Organization","@id":"https:\/\/www.impactoneducation.org\/#organization","name":"Impacto en la educaci\u00f3n","url":"https:\/\/www.impactoneducation.org\/","logo":{"@type":"ImageObject","inLanguage":"es","@id":"https:\/\/www.impactoneducation.org\/#\/schema\/logo\/image\/","url":"https:\/\/www.impactoneducation.org\/wp-content\/uploads\/2020\/09\/Impact-logo-poly.png","contentUrl":"https:\/\/www.impactoneducation.org\/wp-content\/uploads\/2020\/09\/Impact-logo-poly.png","width":3455,"height":890,"caption":"Impact on Education"},"image":{"@id":"https:\/\/www.impactoneducation.org\/#\/schema\/logo\/image\/"},"sameAs":["https:\/\/www.facebook.com\/ImpactonEducation","https:\/\/x.com\/ImpactOnEd","https:\/\/www.instagram.com\/impactoneducation\/","https:\/\/www.youtube.com\/channel\/UCtCaQkVhXiowqiNrIXQ1Lkw"]}]}},"_links":{"self":[{"href":"https:\/\/www.impactoneducation.org\/es\/wp-json\/wp\/v2\/pages\/7280","targetHints":{"allow":["GET"]}}],"collection":[{"href":"https:\/\/www.impactoneducation.org\/es\/wp-json\/wp\/v2\/pages"}],"about":[{"href":"https:\/\/www.impactoneducation.org\/es\/wp-json\/wp\/v2\/types\/page"}],"author":[{"embeddable":true,"href":"https:\/\/www.impactoneducation.org\/es\/wp-json\/wp\/v2\/users\/3"}],"replies":[{"embeddable":true,"href":"https:\/\/www.impactoneducation.org\/es\/wp-json\/wp\/v2\/comments?post=7280"}],"version-history":[{"count":164,"href":"https:\/\/www.impactoneducation.org\/es\/wp-json\/wp\/v2\/pages\/7280\/revisions"}],"predecessor-version":[{"id":11398,"href":"https:\/\/www.impactoneducation.org\/es\/wp-json\/wp\/v2\/pages\/7280\/revisions\/11398"}],"wp:attachment":[{"href":"https:\/\/www.impactoneducation.org\/es\/wp-json\/wp\/v2\/media?parent=7280"}],"curies":[{"name":"gracias","href":"https:\/\/api.w.org\/{rel}","templated":true}]}}