{"id":7632,"date":"2022-12-13T22:20:26","date_gmt":"2022-12-13T22:20:26","guid":{"rendered":"https:\/\/www.impactoneducation.org\/?page_id=7632"},"modified":"2023-09-13T17:30:45","modified_gmt":"2023-09-13T17:30:45","slug":"press-release-2023-bvsd-lifetime-achievement-award-nominations-open","status":"publish","type":"page","link":"https:\/\/www.impactoneducation.org\/es\/press\/press-release-2023-bvsd-lifetime-achievement-award-nominations-open\/","title":{"rendered":"Comunicado de prensa: Abiertas las nominaciones para el premio BVSD Lifetime Achievement Award 2023"},"content":{"rendered":"<div id=\"block_1e72f9598d5b63835805bd836aa36200\" class=\"page-header  full-width\">\r\n\r\n  <div class=\"page-header-title\">\r\n    <h1>Se abren las nominaciones para el premio BVSD Lifetime Achievement Award<\/h1>\r\n  <\/div>\r\n\r\n  <div class=\"page-header-image\"><\/div>\r\n\r\n<\/div>\r\n\n\n\n<div class=\"wp-block-columns is-layout-flex wp-container-core-columns-is-layout-9d6595d7 wp-block-columns-is-layout-flex\">\n<div class=\"wp-block-column is-layout-flow wp-block-column-is-layout-flow\" style=\"flex-basis:10%\"><\/div>\n\n\n\n<div class=\"wp-block-column is-layout-flow wp-block-column-is-layout-flow\" style=\"flex-basis:80%\">\n<div style=\"height:25px\" aria-hidden=\"true\" class=\"wp-block-spacer\"><\/div>\n\n\n\n<p>PARA PUBLICACI\u00d3N INMEDIATA<br>Contacto<br>Catherine Wessling<br>(f) 303.524.3865<br>(mi) <a href=\"mailto:catherine@impactoneducation.org\">catherine@impactoneducation.org<\/a><br><\/p>\n\n\n\n<div style=\"height:25px\" aria-hidden=\"true\" class=\"wp-block-spacer\"><\/div>\n\n\n\n<h2 class=\"wp-block-heading has-text-align-center\">2023 <strong>Se abren las nominaciones para el premio BVSD Lifetime Achievement Award<\/strong><\/h2>\n\n\n\n<div style=\"height:25px\" aria-hidden=\"true\" class=\"wp-block-spacer\"><\/div>\n\n\n\n<p>Louisville (mi\u00e9rcoles, 14 de diciembre de 2022) \u2013 Impact on Education, la fundaci\u00f3n que apoya a los estudiantes de las escuelas p\u00fablicas de Boulder Valley, est\u00e1 aceptando nominaciones para su premio anual Blake Peterson Lifetime Achievement Award.&nbsp;<\/p>\n\n\n\n<p>Establecido en 2017, el premio Lifetime Achievement Award honra el legado de uno de los partidarios m\u00e1s fervientes de Impact on Education, Blake Peterson. El premio reconoce y celebra a una persona que, consistentemente a lo largo de d\u00e9cadas, cataliza un cambio positivo dentro del Distrito Escolar de Boulder Valley, y cuya propia pasi\u00f3n por la educaci\u00f3n y el aprendizaje refleja la del hom\u00f3nimo del premio.<\/p>\n\n\n\n<p>La ganadora del premio del a\u00f1o pasado fue Lisa Cech, <a href=\"https:\/\/www.impactoneducation.org\/es\/2022\/05\/20\/lisa-cech-2022-blake-peterson-lifetime-achievement-award-winner\/\" target=\"_blank\" rel=\"noreferrer noopener\">un educador y consejero de BVSD desde hace mucho tiempo<\/a> de la escuela secundaria Angevine.&nbsp;<\/p>\n\n\n\n<p>Cualquier miembro de la comunidad puede nominar a un educador o miembro del personal de BVSD para este premio. <strong>Las nominaciones deben recibirse antes del 28 de febrero de 2023<\/strong>.<\/p>\n\n\n\n<p>Los ganadores del premio Blake Peterson Lifetime Achievement Award son vistos como l\u00edderes, mentores, solucionadores de problemas y motivadores de sus compa\u00f1eros y estudiantes, como se demuestra dentro de los par\u00e1metros de su funci\u00f3n.&nbsp;<\/p>\n\n\n\n<p>Obtenga m\u00e1s informaci\u00f3n sobre el premio y c\u00f3mo enviar una nominaci\u00f3n en <a href=\"https:\/\/www.impactoneducation.org\/es\/impact-awards\/\" target=\"_blank\" rel=\"noreferrer noopener\">impactoneducation.org\/impact-awards<\/a> o <a href=\"https:\/\/bit.ly\/bpla-2023\" target=\"_blank\" rel=\"noreferrer noopener\">https:\/\/bit.ly\/bpla-2023<\/a>.&nbsp;<\/p>\n\n\n\n<div style=\"height:24px\" aria-hidden=\"true\" class=\"wp-block-spacer\"><\/div>\n\n\n\n<p><strong>SOBRE EL IMPACTO EN LA EDUCACI\u00d3N<\/strong><br>Impact on Education es la fundaci\u00f3n que apoya a los 29,000 estudiantes y 4,000 educadores del Distrito Escolar del Valle de Boulder. Desde 1983, hemos brindado a los estudiantes de las escuelas p\u00fablicas de Boulder Valley fondos y recursos comunitarios para satisfacer necesidades cr\u00edticas y eliminar las brechas de oportunidades.<\/p>\n\n\n\n<p class=\"has-text-align-center\">###<\/p>\n<\/div>\n\n\n\n<div class=\"wp-block-column is-layout-flow wp-block-column-is-layout-flow\" style=\"flex-basis:10%\"><\/div>\n<\/div>","protected":false},"excerpt":{"rendered":"<p>PARA PUBLICACI\u00d3N INMEDIATAComun\u00edquese conCatherine Wessling(p) 303.524.3865(e) catherine@impactoneducation.org Se abren las nominaciones para el premio BVSD Lifetime Achievement Award 2023 Louisville (mi\u00e9rcoles, 14 de diciembre de 2022) \u2013 Impact\u2026<\/p>","protected":false},"author":3,"featured_media":0,"parent":5261,"menu_order":0,"comment_status":"closed","ping_status":"closed","template":"","meta":{"_acf_changed":false,"_monsterinsights_skip_tracking":false,"_monsterinsights_sitenote_active":false,"_monsterinsights_sitenote_note":"","_monsterinsights_sitenote_category":0,"footnotes":""},"class_list":["post-7632","page","type-page","status-publish","hentry"],"acf":[],"yoast_head":"<!-- This site is optimized with the Yoast SEO plugin v27.1.1 - https:\/\/yoast.com\/product\/yoast-seo-wordpress\/ -->\n<title>2023 BVSD Lifetime Achievement Award Nominations Open &#8211; Impact on Education<\/title>\n<meta name=\"description\" content=\"Impact on Education is accepting nominations for its annual Blake Peterson Lifetime Achievement Award, given to a BVSD educator.\" \/>\n<meta name=\"robots\" content=\"index, follow, max-snippet:-1, max-image-preview:large, max-video-preview:-1\" \/>\n<link rel=\"canonical\" href=\"https:\/\/www.impactoneducation.org\/es\/press\/press-release-2023-bvsd-lifetime-achievement-award-nominations-open\/\" \/>\n<meta property=\"og:locale\" content=\"es_MX\" \/>\n<meta property=\"og:type\" content=\"article\" \/>\n<meta property=\"og:title\" content=\"2023 BVSD Lifetime Achievement Award Nominations Open &#8211; Impact on Education\" \/>\n<meta property=\"og:description\" content=\"Impact on Education is accepting nominations for its annual Blake Peterson Lifetime Achievement Award, given to a BVSD educator.\" \/>\n<meta property=\"og:url\" content=\"https:\/\/www.impactoneducation.org\/es\/press\/press-release-2023-bvsd-lifetime-achievement-award-nominations-open\/\" \/>\n<meta property=\"og:site_name\" content=\"Impact on Education\" \/>\n<meta property=\"article:publisher\" content=\"https:\/\/www.facebook.com\/ImpactonEducation\" \/>\n<meta property=\"article:modified_time\" content=\"2023-09-13T17:30:45+00:00\" \/>\n<meta name=\"twitter:card\" content=\"summary_large_image\" \/>\n<meta name=\"twitter:site\" content=\"@ImpactOnEd\" \/>\n<meta name=\"twitter:label1\" content=\"Tiempo de lectura\" \/>\n\t<meta name=\"twitter:data1\" content=\"2 minutos\" \/>\n<script type=\"application\/ld+json\" class=\"yoast-schema-graph\">{\"@context\":\"https:\/\/schema.org\",\"@graph\":[{\"@type\":\"WebPage\",\"@id\":\"https:\/\/www.impactoneducation.org\/press\/press-release-2023-bvsd-lifetime-achievement-award-nominations-open\/\",\"url\":\"https:\/\/www.impactoneducation.org\/press\/press-release-2023-bvsd-lifetime-achievement-award-nominations-open\/\",\"name\":\"2023 BVSD Lifetime Achievement Award Nominations Open &#8211; Impact on Education\",\"isPartOf\":{\"@id\":\"https:\/\/www.impactoneducation.org\/#website\"},\"datePublished\":\"2022-12-13T22:20:26+00:00\",\"dateModified\":\"2023-09-13T17:30:45+00:00\",\"description\":\"Impact on Education is accepting nominations for its annual Blake Peterson Lifetime Achievement Award, given to a BVSD educator.\",\"breadcrumb\":{\"@id\":\"https:\/\/www.impactoneducation.org\/press\/press-release-2023-bvsd-lifetime-achievement-award-nominations-open\/#breadcrumb\"},\"inLanguage\":\"es\",\"potentialAction\":[{\"@type\":\"ReadAction\",\"target\":[\"https:\/\/www.impactoneducation.org\/press\/press-release-2023-bvsd-lifetime-achievement-award-nominations-open\/\"]}]},{\"@type\":\"BreadcrumbList\",\"@id\":\"https:\/\/www.impactoneducation.org\/press\/press-release-2023-bvsd-lifetime-achievement-award-nominations-open\/#breadcrumb\",\"itemListElement\":[{\"@type\":\"ListItem\",\"position\":1,\"name\":\"Home\",\"item\":\"https:\/\/www.impactoneducation.org\/\"},{\"@type\":\"ListItem\",\"position\":2,\"name\":\"Press Materials\",\"item\":\"https:\/\/www.impactoneducation.org\/press\/\"},{\"@type\":\"ListItem\",\"position\":3,\"name\":\"Press Release: 2023 BVSD Lifetime Achievement Award nominations open\"}]},{\"@type\":\"WebSite\",\"@id\":\"https:\/\/www.impactoneducation.org\/#website\",\"url\":\"https:\/\/www.impactoneducation.org\/\",\"name\":\"Impact on Education\",\"description\":\"Foundation for Boulder Valley Schools\",\"publisher\":{\"@id\":\"https:\/\/www.impactoneducation.org\/#organization\"},\"potentialAction\":[{\"@type\":\"SearchAction\",\"target\":{\"@type\":\"EntryPoint\",\"urlTemplate\":\"https:\/\/www.impactoneducation.org\/?s={search_term_string}\"},\"query-input\":{\"@type\":\"PropertyValueSpecification\",\"valueRequired\":true,\"valueName\":\"search_term_string\"}}],\"inLanguage\":\"es\"},{\"@type\":\"Organization\",\"@id\":\"https:\/\/www.impactoneducation.org\/#organization\",\"name\":\"Impact on Education\",\"url\":\"https:\/\/www.impactoneducation.org\/\",\"logo\":{\"@type\":\"ImageObject\",\"inLanguage\":\"es\",\"@id\":\"https:\/\/www.impactoneducation.org\/#\/schema\/logo\/image\/\",\"url\":\"https:\/\/www.impactoneducation.org\/wp-content\/uploads\/2020\/09\/Impact-logo-poly.png\",\"contentUrl\":\"https:\/\/www.impactoneducation.org\/wp-content\/uploads\/2020\/09\/Impact-logo-poly.png\",\"width\":3455,\"height\":890,\"caption\":\"Impact on Education\"},\"image\":{\"@id\":\"https:\/\/www.impactoneducation.org\/#\/schema\/logo\/image\/\"},\"sameAs\":[\"https:\/\/www.facebook.com\/ImpactonEducation\",\"https:\/\/x.com\/ImpactOnEd\",\"https:\/\/www.instagram.com\/impactoneducation\/\",\"https:\/\/www.youtube.com\/channel\/UCtCaQkVhXiowqiNrIXQ1Lkw\"]}]}<\/script>\n<!-- \/ Yoast SEO plugin. -->","yoast_head_json":{"title":"Se abren las nominaciones para el Premio a la Trayectoria del BVSD 2023 \u2013 Impacto en la educaci\u00f3n","description":"Impact on Education est\u00e1 aceptando nominaciones para su premio anual Blake Peterson Lifetime Achievement Award, otorgado a un educador de BVSD.","robots":{"index":"index","follow":"follow","max-snippet":"max-snippet:-1","max-image-preview":"max-image-preview:large","max-video-preview":"max-video-preview:-1"},"canonical":"https:\/\/www.impactoneducation.org\/es\/press\/press-release-2023-bvsd-lifetime-achievement-award-nominations-open\/","og_locale":"es_MX","og_type":"article","og_title":"2023 BVSD Lifetime Achievement Award Nominations Open &#8211; Impact on Education","og_description":"Impact on Education is accepting nominations for its annual Blake Peterson Lifetime Achievement Award, given to a BVSD educator.","og_url":"https:\/\/www.impactoneducation.org\/es\/press\/press-release-2023-bvsd-lifetime-achievement-award-nominations-open\/","og_site_name":"Impact on Education","article_publisher":"https:\/\/www.facebook.com\/ImpactonEducation","article_modified_time":"2023-09-13T17:30:45+00:00","twitter_card":"summary_large_image","twitter_site":"@ImpactOnEd","twitter_misc":{"Tiempo de lectura":"2 minutos"},"schema":{"@context":"https:\/\/schema.org","@graph":[{"@type":"WebPage","@id":"https:\/\/www.impactoneducation.org\/press\/press-release-2023-bvsd-lifetime-achievement-award-nominations-open\/","url":"https:\/\/www.impactoneducation.org\/press\/press-release-2023-bvsd-lifetime-achievement-award-nominations-open\/","name":"Se abren las nominaciones para el Premio a la Trayectoria del BVSD 2023 \u2013 Impacto en la educaci\u00f3n","isPartOf":{"@id":"https:\/\/www.impactoneducation.org\/#website"},"datePublished":"2022-12-13T22:20:26+00:00","dateModified":"2023-09-13T17:30:45+00:00","description":"Impact on Education est\u00e1 aceptando nominaciones para su premio anual Blake Peterson Lifetime Achievement Award, otorgado a un educador de BVSD.","breadcrumb":{"@id":"https:\/\/www.impactoneducation.org\/press\/press-release-2023-bvsd-lifetime-achievement-award-nominations-open\/#breadcrumb"},"inLanguage":"es","potentialAction":[{"@type":"ReadAction","target":["https:\/\/www.impactoneducation.org\/press\/press-release-2023-bvsd-lifetime-achievement-award-nominations-open\/"]}]},{"@type":"BreadcrumbList","@id":"https:\/\/www.impactoneducation.org\/press\/press-release-2023-bvsd-lifetime-achievement-award-nominations-open\/#breadcrumb","itemListElement":[{"@type":"ListItem","position":1,"name":"Home","item":"https:\/\/www.impactoneducation.org\/"},{"@type":"ListItem","position":2,"name":"Press Materials","item":"https:\/\/www.impactoneducation.org\/press\/"},{"@type":"ListItem","position":3,"name":"Press Release: 2023 BVSD Lifetime Achievement Award nominations open"}]},{"@type":"WebSite","@id":"https:\/\/www.impactoneducation.org\/#website","url":"https:\/\/www.impactoneducation.org\/","name":"Impacto en la educaci\u00f3n","description":"Fundaci\u00f3n para las Escuelas del Valle de Boulder","publisher":{"@id":"https:\/\/www.impactoneducation.org\/#organization"},"potentialAction":[{"@type":"SearchAction","target":{"@type":"EntryPoint","urlTemplate":"https:\/\/www.impactoneducation.org\/?s={search_term_string}"},"query-input":{"@type":"PropertyValueSpecification","valueRequired":true,"valueName":"search_term_string"}}],"inLanguage":"es"},{"@type":"Organization","@id":"https:\/\/www.impactoneducation.org\/#organization","name":"Impacto en la educaci\u00f3n","url":"https:\/\/www.impactoneducation.org\/","logo":{"@type":"ImageObject","inLanguage":"es","@id":"https:\/\/www.impactoneducation.org\/#\/schema\/logo\/image\/","url":"https:\/\/www.impactoneducation.org\/wp-content\/uploads\/2020\/09\/Impact-logo-poly.png","contentUrl":"https:\/\/www.impactoneducation.org\/wp-content\/uploads\/2020\/09\/Impact-logo-poly.png","width":3455,"height":890,"caption":"Impact on Education"},"image":{"@id":"https:\/\/www.impactoneducation.org\/#\/schema\/logo\/image\/"},"sameAs":["https:\/\/www.facebook.com\/ImpactonEducation","https:\/\/x.com\/ImpactOnEd","https:\/\/www.instagram.com\/impactoneducation\/","https:\/\/www.youtube.com\/channel\/UCtCaQkVhXiowqiNrIXQ1Lkw"]}]}},"_links":{"self":[{"href":"https:\/\/www.impactoneducation.org\/es\/wp-json\/wp\/v2\/pages\/7632","targetHints":{"allow":["GET"]}}],"collection":[{"href":"https:\/\/www.impactoneducation.org\/es\/wp-json\/wp\/v2\/pages"}],"about":[{"href":"https:\/\/www.impactoneducation.org\/es\/wp-json\/wp\/v2\/types\/page"}],"author":[{"embeddable":true,"href":"https:\/\/www.impactoneducation.org\/es\/wp-json\/wp\/v2\/users\/3"}],"replies":[{"embeddable":true,"href":"https:\/\/www.impactoneducation.org\/es\/wp-json\/wp\/v2\/comments?post=7632"}],"version-history":[{"count":3,"href":"https:\/\/www.impactoneducation.org\/es\/wp-json\/wp\/v2\/pages\/7632\/revisions"}],"predecessor-version":[{"id":9505,"href":"https:\/\/www.impactoneducation.org\/es\/wp-json\/wp\/v2\/pages\/7632\/revisions\/9505"}],"up":[{"embeddable":true,"href":"https:\/\/www.impactoneducation.org\/es\/wp-json\/wp\/v2\/pages\/5261"}],"wp:attachment":[{"href":"https:\/\/www.impactoneducation.org\/es\/wp-json\/wp\/v2\/media?parent=7632"}],"curies":[{"name":"gracias","href":"https:\/\/api.w.org\/{rel}","templated":true}]}}