{"id":8138,"date":"2023-04-04T17:24:54","date_gmt":"2023-04-04T17:24:54","guid":{"rendered":"https:\/\/www.impactoneducation.org\/?page_id=8138"},"modified":"2023-09-12T17:53:30","modified_gmt":"2023-09-12T17:53:30","slug":"media-alert-impact-on-education-to-host-free-community-event-on-youth-mental-health","status":"publish","type":"page","link":"https:\/\/www.impactoneducation.org\/es\/press\/media-alert-impact-on-education-to-host-free-community-event-on-youth-mental-health\/","title":{"rendered":"Alerta a los medios: Impacto en la educaci\u00f3n para organizar un evento comunitario gratuito sobre la salud mental de los j\u00f3venes"},"content":{"rendered":"<div id=\"block_5ee4d4101422cb0629636cdc12b6aa44\" class=\"page-header  full-width\">\r\n\r\n  <div class=\"page-header-title\">\r\n    <h1>Impacto en la educaci\u00f3n para organizar un evento comunitario gratuito sobre la salud mental de los j\u00f3venes<\/h1>\r\n  <\/div>\r\n\r\n  <div class=\"page-header-image\"><\/div>\r\n\r\n<\/div>\r\n\n\n\n<div class=\"wp-block-columns is-layout-flex wp-container-core-columns-is-layout-9d6595d7 wp-block-columns-is-layout-flex\">\n<div class=\"wp-block-column is-layout-flow wp-block-column-is-layout-flow\" style=\"flex-basis:10%\"><\/div>\n\n\n\n<div class=\"wp-block-column is-layout-flow wp-block-column-is-layout-flow\" style=\"flex-basis:80%\">\n<div style=\"height:25px\" aria-hidden=\"true\" class=\"wp-block-spacer\"><\/div>\n\n\n\n<p>PARA PUBLICACI\u00d3N INMEDIATA<br>Contacto<br>Catherine Wessling<br>(f) 303.524.3865<br>(mi) <a href=\"mailto:catherine@impactoneducation.org\">catherine@impactoneducation.org<\/a><br><\/p>\n\n\n\n<div style=\"height:25px\" aria-hidden=\"true\" class=\"wp-block-spacer\"><\/div>\n\n\n\n<h2 class=\"wp-block-heading has-text-align-center\"><strong>Impacto en la educaci\u00f3n para organizar un evento comunitario gratuito sobre la salud mental de los j\u00f3venes<\/strong><\/h2>\n\n\n\n<div style=\"height:25px\" aria-hidden=\"true\" class=\"wp-block-spacer\"><\/div>\n\n\n\n<p>Impact on Education, en colaboraci\u00f3n con UnitedHealthcare, Comcast, Centura Health, The Colorado Health Foundation y el Distrito Escolar del Valle de Boulder, organizar\u00e1 un panel de discusi\u00f3n sobre salud mental para padres.<\/p>\n\n\n\n<p style=\"font-size:18px\"><strong>Una conversaci\u00f3n comunitaria: apoyando la salud mental de nuestra juventud<\/strong><br><strong><em>18:00 mi\u00e9rcoles 12 de abril<\/em><\/strong><\/p>\n\n\n\n<h2 class=\"wp-block-heading\"><strong>QU\u00c9<\/strong><\/h2>\n\n\n\n<p>Impact on Education, en colaboraci\u00f3n con UnitedHealthcare, Comcast, Centura, The Colorado Health Foundation y el Distrito Escolar del Valle de Boulder (BVSD), invita a nuestra comunidad a un evento gratuito de salud mental el mi\u00e9rcoles 12 de abril, de 6:00 a 8:00 p. m.<\/p>\n\n\n\n<p><em>La entrada es gratuita, pero es necesario registrarse,&nbsp;<\/em><a href=\"https:\/\/www.impactoneducation.org\/es\/event\/supporting-the-mental-health-of-our-youth\/\" target=\"_blank\" rel=\"noreferrer noopener\"><em>impactoneducation.org<\/em><\/a><em>.<\/em><\/p>\n\n\n\n<p><em>Se invita a los medios a anunciar el evento a la comunidad con anticipaci\u00f3n y alentarlos a confirmar su asistencia en el enlace de arriba. Los medios tambi\u00e9n est\u00e1n invitados a cubrir el evento.<\/em><\/p>\n\n\n\n<p>El evento reunir\u00e1 a m\u00e9dicos, educadores y administradores de BVSD, profesionales de la salud comunitaria y personas con experiencias vividas para una conversaci\u00f3n comunitaria. Los panelistas discutir\u00e1n los riesgos actuales de salud mental que enfrentan nuestros j\u00f3venes; t\u00e9cnicas para comunicarse con sus hijos acerca de sus necesidades de salud mental; recursos escolares, comunitarios y de atenci\u00f3n m\u00e9dica disponibles para los padres; y m\u00e1s.&nbsp;<\/p>\n\n\n\n<h2 class=\"wp-block-heading\">OMS<\/h2>\n\n\n\n<p><strong>Panel 1 \u2013 Desaf\u00edos que enfrenta nuestra juventud<\/strong><\/p>\n\n\n\n<ul class=\"wp-block-list\">\n<li>Marc Neely | CEO, UnitedHealthcare de Colorado&nbsp;<strong><em>(Moderador)<\/em><\/strong><\/li>\n\n\n\n<li>Chris Uhlig | Sobreviviente de p\u00e9rdida por suicidio y padre de BVSD<\/li>\n\n\n\n<li>Dra. Kimberly Nordstrom | Psiquiatra de emergencia y directora m\u00e9dica, Rocky Mountain Health Plans<\/li>\n\n\n\n<li>Dra. Alana Morales | Directora, Escuela secundaria de Boulder<\/li>\n\n\n\n<li>maya c. | Alumbre BVSD<\/li>\n<\/ul>\n\n\n\n<p><strong>Panel 2 \u2013 Recursos y apoyo<\/strong><\/p>\n\n\n\n<ul class=\"wp-block-list\">\n<li>patricio gordon | CEO, Planes de Salud de las Monta\u00f1as Rocosas<strong><em>&nbsp;(Moderador)<\/em><\/strong><\/li>\n\n\n\n<li>Darci Harvey | Director de Salud Conductual Integrada, Centura<\/li>\n\n\n\n<li>Ana Kim | Roca NAMI<\/li>\n\n\n\n<li>Jenna Clinton | Director Ejecutivo, Rise Against Suicide<\/li>\n\n\n\n<li>Greg McDonald | Consejero del Centro de Bienestar, Escuela Secundaria Monarch<\/li>\n\n\n\n<li>Jordan Goto, MPH | Coordinador de Salud y Bienestar, BVSD<\/li>\n<\/ul>\n\n\n\n<h2 class=\"wp-block-heading\">VISUALES<\/h2>\n\n\n\n<p>Visuales del panel de discusi\u00f3n y miembros de la audiencia<\/p>\n\n\n\n<h2 class=\"wp-block-heading\">OPORTUNIDADES DE ENTREVISTA<\/h2>\n\n\n\n<p>Disponibles para entrevistas individuales antes y despu\u00e9s del evento incluyen:<\/p>\n\n\n\n<ul class=\"wp-block-list\">\n<li>Allison Billings, directora ejecutiva de Impact on Education<\/li>\n\n\n\n<li>Dr. Rob Anderson, Superintendente de BVSD<\/li>\n\n\n\n<li>Marc Neely, director ejecutivo, UnitedHealthcare of Colorado<\/li>\n\n\n\n<li>Patrick Gordon, director ejecutivo de Rocky Mountain Health Plans, una empresa de UnitedHealthcare<\/li>\n\n\n\n<li>Panelistas<\/li>\n<\/ul>\n\n\n\n<h2 class=\"wp-block-heading\">D\u00d3NDE<\/h2>\n\n\n\n<p>Auditorio de la escuela secundaria de Manhattan<br>290 Manhattan Dr, Boulder, CO 80303<br><a href=\"https:\/\/www.google.com\/maps\/place\/290+Manhattan+Dr,+Boulder,+CO+80303\/data=!4m2!3m1!1s0x876bed84f88b046f:0xb41bef5ab6cd554e?sa=X&amp;ved=2ahUKEwjg7_aK35D-AhXbFzQIHWCGAYMQ8gF6BAgUEAI\">Mapa de Google<\/a><\/p>\n\n\n\n<h2 class=\"wp-block-heading\">CU\u00c1NDO<\/h2>\n\n\n\n<p>mi\u00e9rcoles, 12 de abril de 2023<br>6:00 p. m. a 8:00 p. m. (llegar a las 5:45 p. m.)<\/p>\n\n\n\n<h2 class=\"wp-block-heading\">CONTACTO CON LOS MEDIOS<\/h2>\n\n\n\n<p>Catherine Wessling<br>catherine@impactoneducation.org<br>303-517-8178&nbsp;<em>m\u00f3vil<\/em><br>303-524-3865&nbsp;<em>oficina<\/em><\/p>\n\n\n\n<div style=\"height:24px\" aria-hidden=\"true\" class=\"wp-block-spacer\"><\/div>\n\n\n\n<p><strong>SOBRE EL IMPACTO EN LA EDUCACI\u00d3N<\/strong><br>Impact on Education es la fundaci\u00f3n que apoya a casi 30,000 estudiantes y 4,000 educadores del Distrito Escolar del Valle de Boulder. Desde 1983, hemos brindado a los estudiantes de las escuelas p\u00fablicas de Boulder Valley fondos y recursos comunitarios para satisfacer necesidades cr\u00edticas y eliminar las brechas de oportunidades.<\/p>\n\n\n\n<p class=\"has-text-align-center\">###<\/p>\n<\/div>\n\n\n\n<div class=\"wp-block-column is-layout-flow wp-block-column-is-layout-flow\" style=\"flex-basis:10%\"><\/div>\n<\/div>","protected":false},"excerpt":{"rendered":"<p>PARA PUBLICACI\u00d3N INMEDIATA Comun\u00edquese con Catherine Wessling (p) 303.524.3865 (e) catherine@impactoneducation.org Impact on Education organizar\u00e1 un evento comunitario gratuito sobre la salud mental de los j\u00f3venes Impacto en...<\/p>","protected":false},"author":3,"featured_media":0,"parent":5261,"menu_order":0,"comment_status":"closed","ping_status":"closed","template":"","meta":{"_acf_changed":false,"_monsterinsights_skip_tracking":false,"_monsterinsights_sitenote_active":false,"_monsterinsights_sitenote_note":"","_monsterinsights_sitenote_category":0,"footnotes":""},"class_list":["post-8138","page","type-page","status-publish","hentry"],"acf":[],"yoast_head":"<!-- This site is optimized with the Yoast SEO plugin v27.1.1 - https:\/\/yoast.com\/product\/yoast-seo-wordpress\/ -->\n<title>Media Alert: Free Community Mental Health Event &#8211; Impact on Education<\/title>\n<meta name=\"description\" content=\"Youth mental health panel discussion hosted by Impact on Education, UnitedHealthcare, Comcast, Centura Health, The Colorado Health Foundation and BVSD.\" \/>\n<meta name=\"robots\" content=\"index, follow, max-snippet:-1, max-image-preview:large, max-video-preview:-1\" \/>\n<link rel=\"canonical\" href=\"https:\/\/www.impactoneducation.org\/es\/press\/media-alert-impact-on-education-to-host-free-community-event-on-youth-mental-health\/\" \/>\n<meta property=\"og:locale\" content=\"es_MX\" \/>\n<meta property=\"og:type\" content=\"article\" \/>\n<meta property=\"og:title\" content=\"Media Alert: Free Community Mental Health Event &#8211; Impact on Education\" \/>\n<meta property=\"og:description\" content=\"Youth mental health panel discussion hosted by Impact on Education, UnitedHealthcare, Comcast, Centura Health, The Colorado Health Foundation and BVSD.\" \/>\n<meta property=\"og:url\" content=\"https:\/\/www.impactoneducation.org\/es\/press\/media-alert-impact-on-education-to-host-free-community-event-on-youth-mental-health\/\" \/>\n<meta property=\"og:site_name\" content=\"Impact on Education\" \/>\n<meta property=\"article:publisher\" content=\"https:\/\/www.facebook.com\/ImpactonEducation\" \/>\n<meta property=\"article:modified_time\" content=\"2023-09-12T17:53:30+00:00\" \/>\n<meta name=\"twitter:card\" content=\"summary_large_image\" \/>\n<meta name=\"twitter:site\" content=\"@ImpactOnEd\" \/>\n<meta name=\"twitter:label1\" content=\"Tiempo de lectura\" \/>\n\t<meta name=\"twitter:data1\" content=\"2 minutos\" \/>\n<script type=\"application\/ld+json\" class=\"yoast-schema-graph\">{\"@context\":\"https:\/\/schema.org\",\"@graph\":[{\"@type\":\"WebPage\",\"@id\":\"https:\/\/www.impactoneducation.org\/press\/media-alert-impact-on-education-to-host-free-community-event-on-youth-mental-health\/\",\"url\":\"https:\/\/www.impactoneducation.org\/press\/media-alert-impact-on-education-to-host-free-community-event-on-youth-mental-health\/\",\"name\":\"Media Alert: Free Community Mental Health Event &#8211; Impact on Education\",\"isPartOf\":{\"@id\":\"https:\/\/www.impactoneducation.org\/#website\"},\"datePublished\":\"2023-04-04T17:24:54+00:00\",\"dateModified\":\"2023-09-12T17:53:30+00:00\",\"description\":\"Youth mental health panel discussion hosted by Impact on Education, UnitedHealthcare, Comcast, Centura Health, The Colorado Health Foundation and BVSD.\",\"breadcrumb\":{\"@id\":\"https:\/\/www.impactoneducation.org\/press\/media-alert-impact-on-education-to-host-free-community-event-on-youth-mental-health\/#breadcrumb\"},\"inLanguage\":\"es\",\"potentialAction\":[{\"@type\":\"ReadAction\",\"target\":[\"https:\/\/www.impactoneducation.org\/press\/media-alert-impact-on-education-to-host-free-community-event-on-youth-mental-health\/\"]}]},{\"@type\":\"BreadcrumbList\",\"@id\":\"https:\/\/www.impactoneducation.org\/press\/media-alert-impact-on-education-to-host-free-community-event-on-youth-mental-health\/#breadcrumb\",\"itemListElement\":[{\"@type\":\"ListItem\",\"position\":1,\"name\":\"Home\",\"item\":\"https:\/\/www.impactoneducation.org\/\"},{\"@type\":\"ListItem\",\"position\":2,\"name\":\"Press Materials\",\"item\":\"https:\/\/www.impactoneducation.org\/press\/\"},{\"@type\":\"ListItem\",\"position\":3,\"name\":\"Media Alert: Impact on Education to Host Free Community Event on Youth Mental Health\"}]},{\"@type\":\"WebSite\",\"@id\":\"https:\/\/www.impactoneducation.org\/#website\",\"url\":\"https:\/\/www.impactoneducation.org\/\",\"name\":\"Impact on Education\",\"description\":\"Foundation for Boulder Valley Schools\",\"publisher\":{\"@id\":\"https:\/\/www.impactoneducation.org\/#organization\"},\"potentialAction\":[{\"@type\":\"SearchAction\",\"target\":{\"@type\":\"EntryPoint\",\"urlTemplate\":\"https:\/\/www.impactoneducation.org\/?s={search_term_string}\"},\"query-input\":{\"@type\":\"PropertyValueSpecification\",\"valueRequired\":true,\"valueName\":\"search_term_string\"}}],\"inLanguage\":\"es\"},{\"@type\":\"Organization\",\"@id\":\"https:\/\/www.impactoneducation.org\/#organization\",\"name\":\"Impact on Education\",\"url\":\"https:\/\/www.impactoneducation.org\/\",\"logo\":{\"@type\":\"ImageObject\",\"inLanguage\":\"es\",\"@id\":\"https:\/\/www.impactoneducation.org\/#\/schema\/logo\/image\/\",\"url\":\"https:\/\/www.impactoneducation.org\/wp-content\/uploads\/2020\/09\/Impact-logo-poly.png\",\"contentUrl\":\"https:\/\/www.impactoneducation.org\/wp-content\/uploads\/2020\/09\/Impact-logo-poly.png\",\"width\":3455,\"height\":890,\"caption\":\"Impact on Education\"},\"image\":{\"@id\":\"https:\/\/www.impactoneducation.org\/#\/schema\/logo\/image\/\"},\"sameAs\":[\"https:\/\/www.facebook.com\/ImpactonEducation\",\"https:\/\/x.com\/ImpactOnEd\",\"https:\/\/www.instagram.com\/impactoneducation\/\",\"https:\/\/www.youtube.com\/channel\/UCtCaQkVhXiowqiNrIXQ1Lkw\"]}]}<\/script>\n<!-- \/ Yoast SEO plugin. -->","yoast_head_json":{"title":"Alerta de prensa: Evento gratuito de salud mental comunitaria: Impacto en la educaci\u00f3n","description":"Panel de discusi\u00f3n sobre salud mental juvenil organizado por Impact on Education, UnitedHealthcare, Comcast, Centura Health, The Colorado Health Foundation y BVSD.","robots":{"index":"index","follow":"follow","max-snippet":"max-snippet:-1","max-image-preview":"max-image-preview:large","max-video-preview":"max-video-preview:-1"},"canonical":"https:\/\/www.impactoneducation.org\/es\/press\/media-alert-impact-on-education-to-host-free-community-event-on-youth-mental-health\/","og_locale":"es_MX","og_type":"article","og_title":"Media Alert: Free Community Mental Health Event &#8211; Impact on Education","og_description":"Youth mental health panel discussion hosted by Impact on Education, UnitedHealthcare, Comcast, Centura Health, The Colorado Health Foundation and BVSD.","og_url":"https:\/\/www.impactoneducation.org\/es\/press\/media-alert-impact-on-education-to-host-free-community-event-on-youth-mental-health\/","og_site_name":"Impact on Education","article_publisher":"https:\/\/www.facebook.com\/ImpactonEducation","article_modified_time":"2023-09-12T17:53:30+00:00","twitter_card":"summary_large_image","twitter_site":"@ImpactOnEd","twitter_misc":{"Tiempo de lectura":"2 minutos"},"schema":{"@context":"https:\/\/schema.org","@graph":[{"@type":"WebPage","@id":"https:\/\/www.impactoneducation.org\/press\/media-alert-impact-on-education-to-host-free-community-event-on-youth-mental-health\/","url":"https:\/\/www.impactoneducation.org\/press\/media-alert-impact-on-education-to-host-free-community-event-on-youth-mental-health\/","name":"Alerta de prensa: Evento gratuito de salud mental comunitaria: Impacto en la educaci\u00f3n","isPartOf":{"@id":"https:\/\/www.impactoneducation.org\/#website"},"datePublished":"2023-04-04T17:24:54+00:00","dateModified":"2023-09-12T17:53:30+00:00","description":"Panel de discusi\u00f3n sobre salud mental juvenil organizado por Impact on Education, UnitedHealthcare, Comcast, Centura Health, The Colorado Health Foundation y BVSD.","breadcrumb":{"@id":"https:\/\/www.impactoneducation.org\/press\/media-alert-impact-on-education-to-host-free-community-event-on-youth-mental-health\/#breadcrumb"},"inLanguage":"es","potentialAction":[{"@type":"ReadAction","target":["https:\/\/www.impactoneducation.org\/press\/media-alert-impact-on-education-to-host-free-community-event-on-youth-mental-health\/"]}]},{"@type":"BreadcrumbList","@id":"https:\/\/www.impactoneducation.org\/press\/media-alert-impact-on-education-to-host-free-community-event-on-youth-mental-health\/#breadcrumb","itemListElement":[{"@type":"ListItem","position":1,"name":"Home","item":"https:\/\/www.impactoneducation.org\/"},{"@type":"ListItem","position":2,"name":"Press Materials","item":"https:\/\/www.impactoneducation.org\/press\/"},{"@type":"ListItem","position":3,"name":"Media Alert: Impact on Education to Host Free Community Event on Youth Mental Health"}]},{"@type":"WebSite","@id":"https:\/\/www.impactoneducation.org\/#website","url":"https:\/\/www.impactoneducation.org\/","name":"Impacto en la educaci\u00f3n","description":"Fundaci\u00f3n para las Escuelas del Valle de Boulder","publisher":{"@id":"https:\/\/www.impactoneducation.org\/#organization"},"potentialAction":[{"@type":"SearchAction","target":{"@type":"EntryPoint","urlTemplate":"https:\/\/www.impactoneducation.org\/?s={search_term_string}"},"query-input":{"@type":"PropertyValueSpecification","valueRequired":true,"valueName":"search_term_string"}}],"inLanguage":"es"},{"@type":"Organization","@id":"https:\/\/www.impactoneducation.org\/#organization","name":"Impacto en la educaci\u00f3n","url":"https:\/\/www.impactoneducation.org\/","logo":{"@type":"ImageObject","inLanguage":"es","@id":"https:\/\/www.impactoneducation.org\/#\/schema\/logo\/image\/","url":"https:\/\/www.impactoneducation.org\/wp-content\/uploads\/2020\/09\/Impact-logo-poly.png","contentUrl":"https:\/\/www.impactoneducation.org\/wp-content\/uploads\/2020\/09\/Impact-logo-poly.png","width":3455,"height":890,"caption":"Impact on Education"},"image":{"@id":"https:\/\/www.impactoneducation.org\/#\/schema\/logo\/image\/"},"sameAs":["https:\/\/www.facebook.com\/ImpactonEducation","https:\/\/x.com\/ImpactOnEd","https:\/\/www.instagram.com\/impactoneducation\/","https:\/\/www.youtube.com\/channel\/UCtCaQkVhXiowqiNrIXQ1Lkw"]}]}},"_links":{"self":[{"href":"https:\/\/www.impactoneducation.org\/es\/wp-json\/wp\/v2\/pages\/8138","targetHints":{"allow":["GET"]}}],"collection":[{"href":"https:\/\/www.impactoneducation.org\/es\/wp-json\/wp\/v2\/pages"}],"about":[{"href":"https:\/\/www.impactoneducation.org\/es\/wp-json\/wp\/v2\/types\/page"}],"author":[{"embeddable":true,"href":"https:\/\/www.impactoneducation.org\/es\/wp-json\/wp\/v2\/users\/3"}],"replies":[{"embeddable":true,"href":"https:\/\/www.impactoneducation.org\/es\/wp-json\/wp\/v2\/comments?post=8138"}],"version-history":[{"count":7,"href":"https:\/\/www.impactoneducation.org\/es\/wp-json\/wp\/v2\/pages\/8138\/revisions"}],"predecessor-version":[{"id":9343,"href":"https:\/\/www.impactoneducation.org\/es\/wp-json\/wp\/v2\/pages\/8138\/revisions\/9343"}],"up":[{"embeddable":true,"href":"https:\/\/www.impactoneducation.org\/es\/wp-json\/wp\/v2\/pages\/5261"}],"wp:attachment":[{"href":"https:\/\/www.impactoneducation.org\/es\/wp-json\/wp\/v2\/media?parent=8138"}],"curies":[{"name":"gracias","href":"https:\/\/api.w.org\/{rel}","templated":true}]}}