{"id":8148,"date":"2023-04-04T17:36:14","date_gmt":"2023-04-04T17:36:14","guid":{"rendered":"https:\/\/www.impactoneducation.org\/?page_id=8148"},"modified":"2023-09-12T17:51:11","modified_gmt":"2023-09-12T17:51:11","slug":"media-alert-impact-on-education-partners-with-community-leaders-to-help-underrepresented-high-school-students-practice-interview-skills","status":"publish","type":"page","link":"https:\/\/www.impactoneducation.org\/es\/press\/media-alert-impact-on-education-partners-with-community-leaders-to-help-underrepresented-high-school-students-practice-interview-skills\/","title":{"rendered":"Alerta de medios: Impact on Education se asocia con l\u00edderes de la comunidad para ayudar a los estudiantes de secundaria subrepresentados a practicar habilidades de entrevista"},"content":{"rendered":"<div id=\"block_e2e8c9ec163d594c7ecae61bc7a09a66\" class=\"page-header  full-width\">\r\n\r\n  <div class=\"page-header-title\">\r\n    <h1>Impact on Education ayuda a los estudiantes de secundaria a practicar habilidades para entrevistas<\/h1>\r\n  <\/div>\r\n\r\n  <div class=\"page-header-image\"><\/div>\r\n\r\n<\/div>\r\n\n\n\n<div class=\"wp-block-columns is-layout-flex wp-container-core-columns-is-layout-9d6595d7 wp-block-columns-is-layout-flex\">\n<div class=\"wp-block-column is-layout-flow wp-block-column-is-layout-flow\" style=\"flex-basis:10%\"><\/div>\n\n\n\n<div class=\"wp-block-column is-layout-flow wp-block-column-is-layout-flow\" style=\"flex-basis:80%\">\n<div style=\"height:25px\" aria-hidden=\"true\" class=\"wp-block-spacer\"><\/div>\n\n\n\n<p>PARA PUBLICACI\u00d3N INMEDIATA<br>Contacto<br>Catherine Wessling<br>(f) 303.524.3865<br>(mi) <a href=\"mailto:catherine@impactoneducation.org\">catherine@impactoneducation.org<\/a><br><\/p>\n\n\n\n<div style=\"height:25px\" aria-hidden=\"true\" class=\"wp-block-spacer\"><\/div>\n\n\n\n<h2 class=\"wp-block-heading has-text-align-center\"><strong><strong>Impact on Education se asocia con l\u00edderes comunitarios para ayudar a los estudiantes de secundaria subrepresentados a practicar habilidades de entrevista<\/strong><\/strong><\/h2>\n\n\n\n<div style=\"height:25px\" aria-hidden=\"true\" class=\"wp-block-spacer\"><\/div>\n\n\n\n<p><em>Nuestra <\/em><a href=\"https:\/\/www.impactoneducation.org\/es\/college-and-career\/#cra\" target=\"_blank\" rel=\"noreferrer noopener\"><em>Academia de preparaci\u00f3n profesional<\/em><\/a><em> ense\u00f1a a los estudiantes c\u00f3mo encontrar y comunicar sus fortalezas para lograr oportunidades profesionales<\/em><\/p>\n\n\n\n<p><strong>QU\u00c9:&nbsp;<\/strong><\/p>\n\n\n\n<p>Career Readiness Academy es una serie de ocho talleres extracurriculares para estudiantes de secundaria. M\u00e1s de 50 estudiantes de segundo y tercer a\u00f1o participan en la academia con cohortes en tres escuelas secundarias de BVSD: la escuela secundaria Boulder, la escuela secundaria Centaurus y la escuela secundaria New Vista.&nbsp;<\/p>\n\n\n\n<p>Cada taller tiene un objetivo de aprendizaje diferente y se imparte en asociaci\u00f3n con profesionales de la industria y la comunidad. Nuestras sesiones de entrevistas simuladas dan la bienvenida a los miembros de la comunidad para realizar entrevistas de pr\u00e1ctica con los estudiantes participantes. Estamos abriendo la sesi\u00f3n de entrevistas simuladas de la Escuela Secundaria de Boulder para ver entre bastidores lo que los estudiantes est\u00e1n aprendiendo sobre s\u00ed mismos y su futuro.<\/p>\n\n\n\n<p><strong>D\u00d3NDE:<\/strong>&nbsp;<\/p>\n\n\n\n<p>Escuela secundaria de Boulder<br>1604 Arapahoe Ave, Boulder, CO 80302<\/p>\n\n\n\n<p><strong>CUANDO:<\/strong>&nbsp;<\/p>\n\n\n\n<p>mi\u00e9rcoles, 1 de marzo<br>4:05 \u2013 6:05 pm (anticipamos que las entrevistas comenzar\u00e1n a las 4:30 pm)<\/p>\n\n\n\n<p><strong>OMS:&nbsp;<\/strong><\/p>\n\n\n\n<p>Los siguientes portavoces estar\u00e1n disponibles para entrevistas durante la ventana de medios designada:&nbsp;<\/p>\n\n\n\n<ul class=\"wp-block-list\">\n<li>Allison Billings, Directora Ejecutiva, Impacto en la Educaci\u00f3n&nbsp;<\/li>\n\n\n\n<li>Denise Zapata, Coordinadora de la Academia de Preparaci\u00f3n Profesional, Impact on Education<\/li>\n<\/ul>\n\n\n\n<p><strong>VISUAL:<\/strong><\/p>\n\n\n\n<ul class=\"wp-block-list\">\n<li>Entrevistas en c\u00e1mara con los portavoces mencionados<\/li>\n\n\n\n<li>Im\u00e1genes o fotos de estudiantes y voluntarios durante el taller.<\/li>\n\n\n\n<li>Posibilidad de entrevistas a estudiantes y voluntarios.<\/li>\n<\/ul>\n\n\n\n<p><strong>CONTACTOS PARA LOS MEDIOS:<\/strong><\/p>\n\n\n\n<p>Si est\u00e1 interesado en asistir, <strong>por favor contacte y confirme<\/strong> con:<\/p>\n\n\n\n<p>Catherine Wessling, directora de comunicaciones, Impact on Education<br><a href=\"mailto:catherine@impactoneducation.org\">catherine@impactoneducation.org<\/a>; 303-517-8178<\/p>\n\n\n\n<p class=\"has-text-align-center\">###<\/p>\n\n\n\n<p><strong>SOBRE EL IMPACTO EN LA EDUCACI\u00d3N<\/strong><br>Impact on Education es la fundaci\u00f3n que apoya a casi 30,000 estudiantes y 4,000 educadores del Distrito Escolar del Valle de Boulder. Desde 1983, hemos brindado a los estudiantes de las escuelas p\u00fablicas de Boulder Valley fondos y recursos comunitarios para satisfacer necesidades cr\u00edticas y eliminar las brechas de oportunidades.<\/p>\n<\/div>\n\n\n\n<div class=\"wp-block-column is-layout-flow wp-block-column-is-layout-flow\" style=\"flex-basis:10%\"><\/div>\n<\/div>","protected":false},"excerpt":{"rendered":"<p>PARA PUBLICACI\u00d3N INMEDIATA Comun\u00edquese con Catherine Wessling (p) 303.524.3865 (e) catherine@impactoneducation.org Impact on Education se asocia con l\u00edderes comunitarios para ayudar a los estudiantes de secundaria subrepresentados a practicar...<\/p>","protected":false},"author":3,"featured_media":0,"parent":5261,"menu_order":0,"comment_status":"closed","ping_status":"closed","template":"","meta":{"_acf_changed":false,"_monsterinsights_skip_tracking":false,"_monsterinsights_sitenote_active":false,"_monsterinsights_sitenote_note":"","_monsterinsights_sitenote_category":0,"footnotes":""},"class_list":["post-8148","page","type-page","status-publish","hentry"],"acf":[],"yoast_head":"<!-- This site is optimized with the Yoast SEO plugin v27.4 - https:\/\/yoast.com\/product\/yoast-seo-wordpress\/ -->\n<title>Media Alert: 2023 Career Readiness Academy &#8211; Impact on Education<\/title>\n<meta name=\"description\" content=\"Impact on Education partners with community leaders to help underrepresented high school students practice interview skills\" \/>\n<meta name=\"robots\" content=\"index, follow, max-snippet:-1, max-image-preview:large, max-video-preview:-1\" \/>\n<link rel=\"canonical\" href=\"https:\/\/www.impactoneducation.org\/es\/press\/media-alert-impact-on-education-partners-with-community-leaders-to-help-underrepresented-high-school-students-practice-interview-skills\/\" \/>\n<meta property=\"og:locale\" content=\"es_MX\" \/>\n<meta property=\"og:type\" content=\"article\" \/>\n<meta property=\"og:title\" content=\"Media Alert: 2023 Career Readiness Academy &#8211; Impact on Education\" \/>\n<meta property=\"og:description\" content=\"Impact on Education partners with community leaders to help underrepresented high school students practice interview skills\" \/>\n<meta property=\"og:url\" content=\"https:\/\/www.impactoneducation.org\/es\/press\/media-alert-impact-on-education-partners-with-community-leaders-to-help-underrepresented-high-school-students-practice-interview-skills\/\" \/>\n<meta property=\"og:site_name\" content=\"Impact on Education\" \/>\n<meta property=\"article:publisher\" content=\"https:\/\/www.facebook.com\/ImpactonEducation\" \/>\n<meta property=\"article:modified_time\" content=\"2023-09-12T17:51:11+00:00\" \/>\n<meta name=\"twitter:card\" content=\"summary_large_image\" \/>\n<meta name=\"twitter:site\" content=\"@ImpactOnEd\" \/>\n<meta name=\"twitter:label1\" content=\"Tiempo de lectura\" \/>\n\t<meta name=\"twitter:data1\" content=\"2 minutos\" \/>\n<script type=\"application\/ld+json\" class=\"yoast-schema-graph\">{\"@context\":\"https:\\\/\\\/schema.org\",\"@graph\":[{\"@type\":\"WebPage\",\"@id\":\"https:\\\/\\\/www.impactoneducation.org\\\/press\\\/media-alert-impact-on-education-partners-with-community-leaders-to-help-underrepresented-high-school-students-practice-interview-skills\\\/\",\"url\":\"https:\\\/\\\/www.impactoneducation.org\\\/press\\\/media-alert-impact-on-education-partners-with-community-leaders-to-help-underrepresented-high-school-students-practice-interview-skills\\\/\",\"name\":\"Media Alert: 2023 Career Readiness Academy &#8211; Impact on Education\",\"isPartOf\":{\"@id\":\"https:\\\/\\\/www.impactoneducation.org\\\/#website\"},\"datePublished\":\"2023-04-04T17:36:14+00:00\",\"dateModified\":\"2023-09-12T17:51:11+00:00\",\"description\":\"Impact on Education partners with community leaders to help underrepresented high school students practice interview skills\",\"breadcrumb\":{\"@id\":\"https:\\\/\\\/www.impactoneducation.org\\\/press\\\/media-alert-impact-on-education-partners-with-community-leaders-to-help-underrepresented-high-school-students-practice-interview-skills\\\/#breadcrumb\"},\"inLanguage\":\"es\",\"potentialAction\":[{\"@type\":\"ReadAction\",\"target\":[\"https:\\\/\\\/www.impactoneducation.org\\\/press\\\/media-alert-impact-on-education-partners-with-community-leaders-to-help-underrepresented-high-school-students-practice-interview-skills\\\/\"]}]},{\"@type\":\"BreadcrumbList\",\"@id\":\"https:\\\/\\\/www.impactoneducation.org\\\/press\\\/media-alert-impact-on-education-partners-with-community-leaders-to-help-underrepresented-high-school-students-practice-interview-skills\\\/#breadcrumb\",\"itemListElement\":[{\"@type\":\"ListItem\",\"position\":1,\"name\":\"Home\",\"item\":\"https:\\\/\\\/www.impactoneducation.org\\\/\"},{\"@type\":\"ListItem\",\"position\":2,\"name\":\"Press Materials\",\"item\":\"https:\\\/\\\/www.impactoneducation.org\\\/press\\\/\"},{\"@type\":\"ListItem\",\"position\":3,\"name\":\"Media Alert: Impact on Education partners with community leaders to help underrepresented high school students practice interview skills\"}]},{\"@type\":\"WebSite\",\"@id\":\"https:\\\/\\\/www.impactoneducation.org\\\/#website\",\"url\":\"https:\\\/\\\/www.impactoneducation.org\\\/\",\"name\":\"Impact on Education\",\"description\":\"Foundation for Boulder Valley Schools\",\"publisher\":{\"@id\":\"https:\\\/\\\/www.impactoneducation.org\\\/#organization\"},\"potentialAction\":[{\"@type\":\"SearchAction\",\"target\":{\"@type\":\"EntryPoint\",\"urlTemplate\":\"https:\\\/\\\/www.impactoneducation.org\\\/?s={search_term_string}\"},\"query-input\":{\"@type\":\"PropertyValueSpecification\",\"valueRequired\":true,\"valueName\":\"search_term_string\"}}],\"inLanguage\":\"es\"},{\"@type\":\"Organization\",\"@id\":\"https:\\\/\\\/www.impactoneducation.org\\\/#organization\",\"name\":\"Impact on Education\",\"url\":\"https:\\\/\\\/www.impactoneducation.org\\\/\",\"logo\":{\"@type\":\"ImageObject\",\"inLanguage\":\"es\",\"@id\":\"https:\\\/\\\/www.impactoneducation.org\\\/#\\\/schema\\\/logo\\\/image\\\/\",\"url\":\"https:\\\/\\\/www.impactoneducation.org\\\/wp-content\\\/uploads\\\/2020\\\/09\\\/Impact-logo-poly.png\",\"contentUrl\":\"https:\\\/\\\/www.impactoneducation.org\\\/wp-content\\\/uploads\\\/2020\\\/09\\\/Impact-logo-poly.png\",\"width\":3455,\"height\":890,\"caption\":\"Impact on Education\"},\"image\":{\"@id\":\"https:\\\/\\\/www.impactoneducation.org\\\/#\\\/schema\\\/logo\\\/image\\\/\"},\"sameAs\":[\"https:\\\/\\\/www.facebook.com\\\/ImpactonEducation\",\"https:\\\/\\\/x.com\\\/ImpactOnEd\",\"https:\\\/\\\/www.instagram.com\\\/impactoneducation\\\/\",\"https:\\\/\\\/www.youtube.com\\\/channel\\\/UCtCaQkVhXiowqiNrIXQ1Lkw\"]}]}<\/script>\n<!-- \/ Yoast SEO plugin. -->","yoast_head_json":{"title":"Media Alert: 2023 Career Readiness Academy &#8211; Impact on Education","description":"Impact on Education se asocia con l\u00edderes comunitarios para ayudar a los estudiantes de secundaria subrepresentados a practicar habilidades de entrevista","robots":{"index":"index","follow":"follow","max-snippet":"max-snippet:-1","max-image-preview":"max-image-preview:large","max-video-preview":"max-video-preview:-1"},"canonical":"https:\/\/www.impactoneducation.org\/es\/press\/media-alert-impact-on-education-partners-with-community-leaders-to-help-underrepresented-high-school-students-practice-interview-skills\/","og_locale":"es_MX","og_type":"article","og_title":"Media Alert: 2023 Career Readiness Academy &#8211; Impact on Education","og_description":"Impact on Education partners with community leaders to help underrepresented high school students practice interview skills","og_url":"https:\/\/www.impactoneducation.org\/es\/press\/media-alert-impact-on-education-partners-with-community-leaders-to-help-underrepresented-high-school-students-practice-interview-skills\/","og_site_name":"Impact on Education","article_publisher":"https:\/\/www.facebook.com\/ImpactonEducation","article_modified_time":"2023-09-12T17:51:11+00:00","twitter_card":"summary_large_image","twitter_site":"@ImpactOnEd","twitter_misc":{"Tiempo de lectura":"2 minutos"},"schema":{"@context":"https:\/\/schema.org","@graph":[{"@type":"WebPage","@id":"https:\/\/www.impactoneducation.org\/press\/media-alert-impact-on-education-partners-with-community-leaders-to-help-underrepresented-high-school-students-practice-interview-skills\/","url":"https:\/\/www.impactoneducation.org\/press\/media-alert-impact-on-education-partners-with-community-leaders-to-help-underrepresented-high-school-students-practice-interview-skills\/","name":"Media Alert: 2023 Career Readiness Academy &#8211; Impact on Education","isPartOf":{"@id":"https:\/\/www.impactoneducation.org\/#website"},"datePublished":"2023-04-04T17:36:14+00:00","dateModified":"2023-09-12T17:51:11+00:00","description":"Impact on Education se asocia con l\u00edderes comunitarios para ayudar a los estudiantes de secundaria subrepresentados a practicar habilidades de entrevista","breadcrumb":{"@id":"https:\/\/www.impactoneducation.org\/press\/media-alert-impact-on-education-partners-with-community-leaders-to-help-underrepresented-high-school-students-practice-interview-skills\/#breadcrumb"},"inLanguage":"es","potentialAction":[{"@type":"ReadAction","target":["https:\/\/www.impactoneducation.org\/press\/media-alert-impact-on-education-partners-with-community-leaders-to-help-underrepresented-high-school-students-practice-interview-skills\/"]}]},{"@type":"BreadcrumbList","@id":"https:\/\/www.impactoneducation.org\/press\/media-alert-impact-on-education-partners-with-community-leaders-to-help-underrepresented-high-school-students-practice-interview-skills\/#breadcrumb","itemListElement":[{"@type":"ListItem","position":1,"name":"Home","item":"https:\/\/www.impactoneducation.org\/"},{"@type":"ListItem","position":2,"name":"Press Materials","item":"https:\/\/www.impactoneducation.org\/press\/"},{"@type":"ListItem","position":3,"name":"Media Alert: Impact on Education partners with community leaders to help underrepresented high school students practice interview skills"}]},{"@type":"WebSite","@id":"https:\/\/www.impactoneducation.org\/#website","url":"https:\/\/www.impactoneducation.org\/","name":"Impacto en la educaci\u00f3n","description":"Fundaci\u00f3n para las Escuelas del Valle de Boulder","publisher":{"@id":"https:\/\/www.impactoneducation.org\/#organization"},"potentialAction":[{"@type":"SearchAction","target":{"@type":"EntryPoint","urlTemplate":"https:\/\/www.impactoneducation.org\/?s={search_term_string}"},"query-input":{"@type":"PropertyValueSpecification","valueRequired":true,"valueName":"search_term_string"}}],"inLanguage":"es"},{"@type":"Organization","@id":"https:\/\/www.impactoneducation.org\/#organization","name":"Impacto en la educaci\u00f3n","url":"https:\/\/www.impactoneducation.org\/","logo":{"@type":"ImageObject","inLanguage":"es","@id":"https:\/\/www.impactoneducation.org\/#\/schema\/logo\/image\/","url":"https:\/\/www.impactoneducation.org\/wp-content\/uploads\/2020\/09\/Impact-logo-poly.png","contentUrl":"https:\/\/www.impactoneducation.org\/wp-content\/uploads\/2020\/09\/Impact-logo-poly.png","width":3455,"height":890,"caption":"Impact on Education"},"image":{"@id":"https:\/\/www.impactoneducation.org\/#\/schema\/logo\/image\/"},"sameAs":["https:\/\/www.facebook.com\/ImpactonEducation","https:\/\/x.com\/ImpactOnEd","https:\/\/www.instagram.com\/impactoneducation\/","https:\/\/www.youtube.com\/channel\/UCtCaQkVhXiowqiNrIXQ1Lkw"]}]}},"_links":{"self":[{"href":"https:\/\/www.impactoneducation.org\/es\/wp-json\/wp\/v2\/pages\/8148","targetHints":{"allow":["GET"]}}],"collection":[{"href":"https:\/\/www.impactoneducation.org\/es\/wp-json\/wp\/v2\/pages"}],"about":[{"href":"https:\/\/www.impactoneducation.org\/es\/wp-json\/wp\/v2\/types\/page"}],"author":[{"embeddable":true,"href":"https:\/\/www.impactoneducation.org\/es\/wp-json\/wp\/v2\/users\/3"}],"replies":[{"embeddable":true,"href":"https:\/\/www.impactoneducation.org\/es\/wp-json\/wp\/v2\/comments?post=8148"}],"version-history":[{"count":8,"href":"https:\/\/www.impactoneducation.org\/es\/wp-json\/wp\/v2\/pages\/8148\/revisions"}],"predecessor-version":[{"id":9341,"href":"https:\/\/www.impactoneducation.org\/es\/wp-json\/wp\/v2\/pages\/8148\/revisions\/9341"}],"up":[{"embeddable":true,"href":"https:\/\/www.impactoneducation.org\/es\/wp-json\/wp\/v2\/pages\/5261"}],"wp:attachment":[{"href":"https:\/\/www.impactoneducation.org\/es\/wp-json\/wp\/v2\/media?parent=8148"}],"curies":[{"name":"gracias","href":"https:\/\/api.w.org\/{rel}","templated":true}]}}