{"id":9061,"date":"2023-07-11T16:20:42","date_gmt":"2023-07-11T16:20:42","guid":{"rendered":"https:\/\/www.impactoneducation.org\/?page_id=9061"},"modified":"2023-09-13T17:35:33","modified_gmt":"2023-09-13T17:35:33","slug":"press-release-impact-on-education-to-equip-over-5000-bvsd-students-with-school-supplies","status":"publish","type":"page","link":"https:\/\/www.impactoneducation.org\/es\/press\/press-release-impact-on-education-to-equip-over-5000-bvsd-students-with-school-supplies\/","title":{"rendered":"Comunicado de prensa: Impacto en la educaci\u00f3n para equipar a m\u00e1s de 5,000 estudiantes de BVSD con \u00fatiles escolares"},"content":{"rendered":"<div id=\"block_cacd905d85bc3f88227d93a31dfeb24a\" class=\"page-header  full-width\">\r\n\r\n  <div class=\"page-header-title\">\r\n    <h1>Impact on Education para equipar a m\u00e1s de 5,000 estudiantes de BVSD con \u00fatiles escolares<\/h1>\r\n  <\/div>\r\n\r\n  <div class=\"page-header-image\"><\/div>\r\n\r\n<\/div>\r\n\n\n\n<div class=\"wp-block-columns is-layout-flex wp-container-core-columns-is-layout-9d6595d7 wp-block-columns-is-layout-flex\">\n<div class=\"wp-block-column is-layout-flow wp-block-column-is-layout-flow\" style=\"flex-basis:10%\"><\/div>\n\n\n\n<div class=\"wp-block-column is-layout-flow wp-block-column-is-layout-flow\" style=\"flex-basis:80%\">\n<div style=\"height:25px\" aria-hidden=\"true\" class=\"wp-block-spacer\"><\/div>\n\n\n\n<p>PARA PUBLICACI\u00d3N INMEDIATA<br>Contacto<br>Catherine Wessling<br>(f) 303.524.3865<br>(mi) <a href=\"mailto:catherine@impactoneducation.org\">catherine@impactoneducation.org<\/a><br><\/p>\n\n\n\n<div style=\"height:25px\" aria-hidden=\"true\" class=\"wp-block-spacer\"><\/div>\n\n\n\n<h2 class=\"wp-block-heading has-text-align-center\"><strong><strong>Impact on Education para equipar a m\u00e1s de 5,000 estudiantes de BVSD con \u00fatiles escolares<\/strong><\/strong><\/h2>\n\n\n\n<div style=\"height:25px\" aria-hidden=\"true\" class=\"wp-block-spacer\"><\/div>\n\n\n\n<p>Louisville (11 de julio de 2023) \u2013 Impact on Education, la fundaci\u00f3n que apoya a las escuelas de Boulder Valley, proporcionar\u00e1 a m\u00e1s de 5,000 estudiantes en todo el Distrito Escolar de Boulder Valley mochilas y \u00fatiles escolares apropiados para su edad para el pr\u00f3ximo a\u00f1o escolar hasta <a href=\"https:\/\/www.impactoneducation.org\/es\/learning-tools\/#crayons\" target=\"_blank\" rel=\"noreferrer noopener\">Crayones a Calculadoras BVSD<\/a>.<\/p>\n\n\n\n<p>\u201cPara muchos estudiantes, las compras de regreso a la escuela est\u00e1n llenas de alegr\u00eda y entusiasmo por el pr\u00f3ximo a\u00f1o escolar. Pero muchas familias en nuestra comunidad no pueden permitirse el lujo de proporcionar estos suministros esenciales para sus hijos\u201d, dice Allison Billings, Directora Ejecutiva de Impact on Education. \u201cCrayons to Calculators BVSD es una de las muchas formas en que brindamos a los estudiantes acceso a los recursos que necesitan, cuando los necesitan\u201d.<\/p>\n\n\n\n<p>Establecida en 2005, Crayons to Calculators comenz\u00f3 como una asociaci\u00f3n colaborativa de organizaciones sin fines de lucro del condado de Boulder: Impact on Education, Extras for Education y I Have a Dream, que trabajan para garantizar que todos los estudiantes tengan acceso a las herramientas que necesitan para un buen comienzo del a\u00f1o acad\u00e9mico. Se recolectaron \u00fatiles escolares sueltos de empresas e individuos en todo el condado y los voluntarios ayudaron a clasificar y organizar los \u00fatiles para cada escuela.<\/p>\n\n\n\n<p>En 2008, con el generoso apoyo de nuestro patrocinador principal, Western Disposal Services, Impact on Education se asoci\u00f3 con St. Vrain Valley Schools Education Foundation para ampliar el alcance y la variedad del programa. Luego, Crayons to Calculators sirvi\u00f3 a los estudiantes tanto en el Distrito Escolar del Valle de Boulder como en el Distrito Escolar del Valle de St. Vrain desde 2008-2022.&nbsp;<\/p>\n\n\n\n<p>Cuando comenz\u00f3 Crayons to Calculators, colaborar con otras organizaciones sin fines de lucro y cruzar las fronteras distritales permiti\u00f3 a las fundaciones apoyar a sus estudiantes de manera m\u00e1s eficiente. Hoy en d\u00eda, las necesidades de los distritos escolares y las comunidades han evolucionado de una manera que significa que sus fundaciones pueden servir mejor a los estudiantes y familias de Boulder Valley y St. Vrain al enfocarse en los distritos individualmente.&nbsp;<\/p>\n\n\n\n<p>El n\u00facleo de Crayons to Calculators permanece: aumentar la equidad en las aulas locales al proporcionar a los estudiantes las herramientas que necesitan para tener \u00e9xito.&nbsp;<\/p>\n\n\n\n<p>Para el pr\u00f3ximo a\u00f1o escolar 2023-24, ambos distritos a\u00fan realizar\u00e1n una distribuci\u00f3n de \u00fatiles escolares de Crayons to Calculators, pero se ejecutar\u00e1n de forma independiente: Crayons to Calculators BVSD y Crayons to Calculators St. Vrain Valley.<\/p>\n\n\n\n<p>A trav\u00e9s del liderazgo de Impact on Education y de personas y organizaciones dedicadas en nuestra comunidad, Crayons to Calculators ha impactado a m\u00e1s de 130,000 estudiantes en los \u00faltimos 18 a\u00f1os. Aprender m\u00e1s acerca de <a href=\"https:\/\/www.impactoneducation.org\/es\/2023\/06\/26\/the-growth-success-and-challenges-of-crayons-to-calculators\/\" target=\"_blank\" rel=\"noreferrer noopener\">la historia de los crayones a las calculadoras<\/a>.<\/p>\n\n\n\n<p>Los estudiantes de nuestra comunidad han llegado a confiar en Impact on Education para brindar acceso a los recursos y oportunidades que necesitan para tener \u00e9xito. El a\u00f1o escolar 2023-24 no ser\u00e1 una excepci\u00f3n.<\/p>\n\n\n\n<p>En julio, Impact on Education lanzar\u00e1 una <a href=\"https:\/\/www.impactoneducation.org\/es\/2023-community-challenge\/\" target=\"_blank\" rel=\"noreferrer noopener\">Desaf\u00edo comunitario nuevo y mejorado<\/a> en apoyo de Crayons to Calculators BVSD. Puedes ayudar a apoyar a los estudiantes locales creando una recaudaci\u00f3n de fondos o uni\u00e9ndote a una existente: <a href=\"https:\/\/www.impactoneducation.org\/es\/2023-community-challenge\/\" target=\"_blank\" rel=\"noreferrer noopener\">https:\/\/www.impactoneducation.org\/2023-community-challenge\/<\/a>&nbsp;<\/p>\n\n\n\n<div style=\"height:24px\" aria-hidden=\"true\" class=\"wp-block-spacer\"><\/div>\n\n\n\n<p><strong>SOBRE EL IMPACTO EN LA EDUCACI\u00d3N<\/strong><br>Impact on Education es la fundaci\u00f3n que apoya a los 30,000 estudiantes y 4,000 educadores del Distrito Escolar del Valle de Boulder. Desde 1983, hemos brindado a los estudiantes de las escuelas p\u00fablicas de Boulder Valley fondos y recursos comunitarios para satisfacer necesidades cr\u00edticas y eliminar las brechas de oportunidades.<\/p>\n\n\n\n<p class=\"has-text-align-center\">###<\/p>\n<\/div>\n\n\n\n<div class=\"wp-block-column is-layout-flow wp-block-column-is-layout-flow\" style=\"flex-basis:10%\"><\/div>\n<\/div>","protected":false},"excerpt":{"rendered":"<p>PARA PUBLICACI\u00d3N INMEDIATA Comun\u00edquese con Catherine Wessling (p) 303.524.3865 (e) catherine@impactoneducation.org Impacto en la educaci\u00f3n para equipar a m\u00e1s de 5,000 estudiantes de BVSD con \u00fatiles escolares Louisville (julio\u2026<\/p>","protected":false},"author":3,"featured_media":0,"parent":5261,"menu_order":0,"comment_status":"closed","ping_status":"closed","template":"","meta":{"_acf_changed":false,"_monsterinsights_skip_tracking":false,"_monsterinsights_sitenote_active":false,"_monsterinsights_sitenote_note":"","_monsterinsights_sitenote_category":0,"footnotes":""},"class_list":["post-9061","page","type-page","status-publish","hentry"],"acf":[],"yoast_head":"<!-- This site is optimized with the Yoast SEO plugin v27.4 - https:\/\/yoast.com\/product\/yoast-seo-wordpress\/ -->\n<title>Impact on Education to equip over 5,000 BVSD students with school supplies<\/title>\n<meta name=\"description\" content=\"Crayons to Calculators BVSD will provide over 5,000 students with backpacks and age-appropriate school supplies for the upcoming school year.\" \/>\n<meta name=\"robots\" content=\"index, follow, max-snippet:-1, max-image-preview:large, max-video-preview:-1\" \/>\n<link rel=\"canonical\" href=\"https:\/\/www.impactoneducation.org\/es\/press\/press-release-impact-on-education-to-equip-over-5000-bvsd-students-with-school-supplies\/\" \/>\n<meta property=\"og:locale\" content=\"es_MX\" \/>\n<meta property=\"og:type\" content=\"article\" \/>\n<meta property=\"og:title\" content=\"Impact on Education to equip over 5,000 BVSD students with school supplies\" \/>\n<meta property=\"og:description\" content=\"Crayons to Calculators BVSD will provide over 5,000 students with backpacks and age-appropriate school supplies for the upcoming school year.\" \/>\n<meta property=\"og:url\" content=\"https:\/\/www.impactoneducation.org\/es\/press\/press-release-impact-on-education-to-equip-over-5000-bvsd-students-with-school-supplies\/\" \/>\n<meta property=\"og:site_name\" content=\"Impact on Education\" \/>\n<meta property=\"article:publisher\" content=\"https:\/\/www.facebook.com\/ImpactonEducation\" \/>\n<meta property=\"article:modified_time\" content=\"2023-09-13T17:35:33+00:00\" \/>\n<meta name=\"twitter:card\" content=\"summary_large_image\" \/>\n<meta name=\"twitter:site\" content=\"@ImpactOnEd\" \/>\n<meta name=\"twitter:label1\" content=\"Tiempo de lectura\" \/>\n\t<meta name=\"twitter:data1\" content=\"3 minutos\" \/>\n<script type=\"application\/ld+json\" class=\"yoast-schema-graph\">{\"@context\":\"https:\\\/\\\/schema.org\",\"@graph\":[{\"@type\":\"WebPage\",\"@id\":\"https:\\\/\\\/www.impactoneducation.org\\\/press\\\/press-release-impact-on-education-to-equip-over-5000-bvsd-students-with-school-supplies\\\/\",\"url\":\"https:\\\/\\\/www.impactoneducation.org\\\/press\\\/press-release-impact-on-education-to-equip-over-5000-bvsd-students-with-school-supplies\\\/\",\"name\":\"Impact on Education to equip over 5,000 BVSD students with school supplies\",\"isPartOf\":{\"@id\":\"https:\\\/\\\/www.impactoneducation.org\\\/#website\"},\"datePublished\":\"2023-07-11T16:20:42+00:00\",\"dateModified\":\"2023-09-13T17:35:33+00:00\",\"description\":\"Crayons to Calculators BVSD will provide over 5,000 students with backpacks and age-appropriate school supplies for the upcoming school year.\",\"breadcrumb\":{\"@id\":\"https:\\\/\\\/www.impactoneducation.org\\\/press\\\/press-release-impact-on-education-to-equip-over-5000-bvsd-students-with-school-supplies\\\/#breadcrumb\"},\"inLanguage\":\"es\",\"potentialAction\":[{\"@type\":\"ReadAction\",\"target\":[\"https:\\\/\\\/www.impactoneducation.org\\\/press\\\/press-release-impact-on-education-to-equip-over-5000-bvsd-students-with-school-supplies\\\/\"]}]},{\"@type\":\"BreadcrumbList\",\"@id\":\"https:\\\/\\\/www.impactoneducation.org\\\/press\\\/press-release-impact-on-education-to-equip-over-5000-bvsd-students-with-school-supplies\\\/#breadcrumb\",\"itemListElement\":[{\"@type\":\"ListItem\",\"position\":1,\"name\":\"Home\",\"item\":\"https:\\\/\\\/www.impactoneducation.org\\\/\"},{\"@type\":\"ListItem\",\"position\":2,\"name\":\"Press Materials\",\"item\":\"https:\\\/\\\/www.impactoneducation.org\\\/press\\\/\"},{\"@type\":\"ListItem\",\"position\":3,\"name\":\"Press Release: Impact on Education to equip over 5,000 BVSD students with school supplies\"}]},{\"@type\":\"WebSite\",\"@id\":\"https:\\\/\\\/www.impactoneducation.org\\\/#website\",\"url\":\"https:\\\/\\\/www.impactoneducation.org\\\/\",\"name\":\"Impact on Education\",\"description\":\"Foundation for Boulder Valley Schools\",\"publisher\":{\"@id\":\"https:\\\/\\\/www.impactoneducation.org\\\/#organization\"},\"potentialAction\":[{\"@type\":\"SearchAction\",\"target\":{\"@type\":\"EntryPoint\",\"urlTemplate\":\"https:\\\/\\\/www.impactoneducation.org\\\/?s={search_term_string}\"},\"query-input\":{\"@type\":\"PropertyValueSpecification\",\"valueRequired\":true,\"valueName\":\"search_term_string\"}}],\"inLanguage\":\"es\"},{\"@type\":\"Organization\",\"@id\":\"https:\\\/\\\/www.impactoneducation.org\\\/#organization\",\"name\":\"Impact on Education\",\"url\":\"https:\\\/\\\/www.impactoneducation.org\\\/\",\"logo\":{\"@type\":\"ImageObject\",\"inLanguage\":\"es\",\"@id\":\"https:\\\/\\\/www.impactoneducation.org\\\/#\\\/schema\\\/logo\\\/image\\\/\",\"url\":\"https:\\\/\\\/www.impactoneducation.org\\\/wp-content\\\/uploads\\\/2020\\\/09\\\/Impact-logo-poly.png\",\"contentUrl\":\"https:\\\/\\\/www.impactoneducation.org\\\/wp-content\\\/uploads\\\/2020\\\/09\\\/Impact-logo-poly.png\",\"width\":3455,\"height\":890,\"caption\":\"Impact on Education\"},\"image\":{\"@id\":\"https:\\\/\\\/www.impactoneducation.org\\\/#\\\/schema\\\/logo\\\/image\\\/\"},\"sameAs\":[\"https:\\\/\\\/www.facebook.com\\\/ImpactonEducation\",\"https:\\\/\\\/x.com\\\/ImpactOnEd\",\"https:\\\/\\\/www.instagram.com\\\/impactoneducation\\\/\",\"https:\\\/\\\/www.youtube.com\\\/channel\\\/UCtCaQkVhXiowqiNrIXQ1Lkw\"]}]}<\/script>\n<!-- \/ Yoast SEO plugin. -->","yoast_head_json":{"title":"Impact on Education para equipar a m\u00e1s de 5,000 estudiantes de BVSD con \u00fatiles escolares","description":"Crayones para calculadoras BVSD proporcionar\u00e1 a m\u00e1s de 5000 estudiantes mochilas y \u00fatiles escolares apropiados para su edad para el pr\u00f3ximo a\u00f1o escolar.","robots":{"index":"index","follow":"follow","max-snippet":"max-snippet:-1","max-image-preview":"max-image-preview:large","max-video-preview":"max-video-preview:-1"},"canonical":"https:\/\/www.impactoneducation.org\/es\/press\/press-release-impact-on-education-to-equip-over-5000-bvsd-students-with-school-supplies\/","og_locale":"es_MX","og_type":"article","og_title":"Impact on Education to equip over 5,000 BVSD students with school supplies","og_description":"Crayons to Calculators BVSD will provide over 5,000 students with backpacks and age-appropriate school supplies for the upcoming school year.","og_url":"https:\/\/www.impactoneducation.org\/es\/press\/press-release-impact-on-education-to-equip-over-5000-bvsd-students-with-school-supplies\/","og_site_name":"Impact on Education","article_publisher":"https:\/\/www.facebook.com\/ImpactonEducation","article_modified_time":"2023-09-13T17:35:33+00:00","twitter_card":"summary_large_image","twitter_site":"@ImpactOnEd","twitter_misc":{"Tiempo de lectura":"3 minutos"},"schema":{"@context":"https:\/\/schema.org","@graph":[{"@type":"WebPage","@id":"https:\/\/www.impactoneducation.org\/press\/press-release-impact-on-education-to-equip-over-5000-bvsd-students-with-school-supplies\/","url":"https:\/\/www.impactoneducation.org\/press\/press-release-impact-on-education-to-equip-over-5000-bvsd-students-with-school-supplies\/","name":"Impact on Education para equipar a m\u00e1s de 5,000 estudiantes de BVSD con \u00fatiles escolares","isPartOf":{"@id":"https:\/\/www.impactoneducation.org\/#website"},"datePublished":"2023-07-11T16:20:42+00:00","dateModified":"2023-09-13T17:35:33+00:00","description":"Crayones para calculadoras BVSD proporcionar\u00e1 a m\u00e1s de 5000 estudiantes mochilas y \u00fatiles escolares apropiados para su edad para el pr\u00f3ximo a\u00f1o escolar.","breadcrumb":{"@id":"https:\/\/www.impactoneducation.org\/press\/press-release-impact-on-education-to-equip-over-5000-bvsd-students-with-school-supplies\/#breadcrumb"},"inLanguage":"es","potentialAction":[{"@type":"ReadAction","target":["https:\/\/www.impactoneducation.org\/press\/press-release-impact-on-education-to-equip-over-5000-bvsd-students-with-school-supplies\/"]}]},{"@type":"BreadcrumbList","@id":"https:\/\/www.impactoneducation.org\/press\/press-release-impact-on-education-to-equip-over-5000-bvsd-students-with-school-supplies\/#breadcrumb","itemListElement":[{"@type":"ListItem","position":1,"name":"Home","item":"https:\/\/www.impactoneducation.org\/"},{"@type":"ListItem","position":2,"name":"Press Materials","item":"https:\/\/www.impactoneducation.org\/press\/"},{"@type":"ListItem","position":3,"name":"Press Release: Impact on Education to equip over 5,000 BVSD students with school supplies"}]},{"@type":"WebSite","@id":"https:\/\/www.impactoneducation.org\/#website","url":"https:\/\/www.impactoneducation.org\/","name":"Impacto en la educaci\u00f3n","description":"Fundaci\u00f3n para las Escuelas del Valle de Boulder","publisher":{"@id":"https:\/\/www.impactoneducation.org\/#organization"},"potentialAction":[{"@type":"SearchAction","target":{"@type":"EntryPoint","urlTemplate":"https:\/\/www.impactoneducation.org\/?s={search_term_string}"},"query-input":{"@type":"PropertyValueSpecification","valueRequired":true,"valueName":"search_term_string"}}],"inLanguage":"es"},{"@type":"Organization","@id":"https:\/\/www.impactoneducation.org\/#organization","name":"Impacto en la educaci\u00f3n","url":"https:\/\/www.impactoneducation.org\/","logo":{"@type":"ImageObject","inLanguage":"es","@id":"https:\/\/www.impactoneducation.org\/#\/schema\/logo\/image\/","url":"https:\/\/www.impactoneducation.org\/wp-content\/uploads\/2020\/09\/Impact-logo-poly.png","contentUrl":"https:\/\/www.impactoneducation.org\/wp-content\/uploads\/2020\/09\/Impact-logo-poly.png","width":3455,"height":890,"caption":"Impact on Education"},"image":{"@id":"https:\/\/www.impactoneducation.org\/#\/schema\/logo\/image\/"},"sameAs":["https:\/\/www.facebook.com\/ImpactonEducation","https:\/\/x.com\/ImpactOnEd","https:\/\/www.instagram.com\/impactoneducation\/","https:\/\/www.youtube.com\/channel\/UCtCaQkVhXiowqiNrIXQ1Lkw"]}]}},"_links":{"self":[{"href":"https:\/\/www.impactoneducation.org\/es\/wp-json\/wp\/v2\/pages\/9061","targetHints":{"allow":["GET"]}}],"collection":[{"href":"https:\/\/www.impactoneducation.org\/es\/wp-json\/wp\/v2\/pages"}],"about":[{"href":"https:\/\/www.impactoneducation.org\/es\/wp-json\/wp\/v2\/types\/page"}],"author":[{"embeddable":true,"href":"https:\/\/www.impactoneducation.org\/es\/wp-json\/wp\/v2\/users\/3"}],"replies":[{"embeddable":true,"href":"https:\/\/www.impactoneducation.org\/es\/wp-json\/wp\/v2\/comments?post=9061"}],"version-history":[{"count":4,"href":"https:\/\/www.impactoneducation.org\/es\/wp-json\/wp\/v2\/pages\/9061\/revisions"}],"predecessor-version":[{"id":9299,"href":"https:\/\/www.impactoneducation.org\/es\/wp-json\/wp\/v2\/pages\/9061\/revisions\/9299"}],"up":[{"embeddable":true,"href":"https:\/\/www.impactoneducation.org\/es\/wp-json\/wp\/v2\/pages\/5261"}],"wp:attachment":[{"href":"https:\/\/www.impactoneducation.org\/es\/wp-json\/wp\/v2\/media?parent=9061"}],"curies":[{"name":"gracias","href":"https:\/\/api.w.org\/{rel}","templated":true}]}}