{"id":917,"date":"2020-04-03T21:01:02","date_gmt":"2020-04-03T21:01:02","guid":{"rendered":"https:\/\/www.impactoneducation.org\/?page_id=917"},"modified":"2024-12-06T17:46:22","modified_gmt":"2024-12-06T17:46:22","slug":"ways-to-give","status":"publish","type":"page","link":"https:\/\/www.impactoneducation.org\/es\/ways-to-give\/","title":{"rendered":"Maneras de dar"},"content":{"rendered":"<div id=\"block_336baca3d1584dfed0d42547161a6a47\" class=\"page-header  full-width\">\r\n\r\n  <div class=\"page-header-title\">\r\n    <h1>M\u00e1s formas de donar para lograr un impacto en la educaci\u00f3n<\/h1>\r\n  <\/div>\r\n\r\n  <div class=\"page-header-image\"><\/div>\r\n\r\n<\/div>\r\n\n\n\n<div style=\"height:33px\" aria-hidden=\"true\" class=\"wp-block-spacer\"><\/div>\n\n\n\n<div class=\"wp-block-columns is-layout-flex wp-container-core-columns-is-layout-9d6595d7 wp-block-columns-is-layout-flex\">\n<div class=\"wp-block-column is-layout-flow wp-block-column-is-layout-flow\" style=\"flex-basis:10%\"><\/div>\n\n\n\n<div class=\"wp-block-column is-layout-flow wp-block-column-is-layout-flow\" style=\"flex-basis:80%\">\n<h2 class=\"wp-block-heading has-text-align-center\">Adem\u00e1s de los obsequios financieros, hay muchas maneras <strong>Tu puedes hacer la diferencia <\/strong>para estudiantes del Distrito Escolar del Valle de Boulder.<\/h2>\n<\/div>\n\n\n\n<div class=\"wp-block-column is-layout-flow wp-block-column-is-layout-flow\" style=\"flex-basis:10%\"><\/div>\n<\/div>\n\n\n\n<div id=\"block_d168648fb8c0d27dcba5e2fe171630db\" class=\"links-list\">\n\n  <div class=\"links\">\n\n    \n      \n      <div class=\"link\">\n\n                  <div class=\"link-image\">\n            <img decoding=\"async\" src=\"https:\/\/www.impactoneducation.org\/wp-content\/uploads\/2023\/09\/compass-club_impact-on-education-1024x439.jpg\"\n            alt=\"\"\n            data-object-fit=\"cover\"\n            data-object-position=\"bottom center\" \/>\n          <\/div>\n        \n                  <h2>\u00daNETE A NUESTRO CLUB DE BR\u00daJULA<\/h2>\n        \n        \n                  <div class=\"link-copy\">\n            Programe una donaci\u00f3n mensual recurrente para ayudar a los estudiantes de BVSD a encontrar su camino hacia la educaci\u00f3n.          <\/div>\n        \n                                    <div class=\"link-cta\">\n            <a\n            class=\"button button-blue-green\"\n            href=\"https:\/\/www.impactoneducation.org\/es\/compass-club\/\"\n            target=\"_blank\">\n            \u00danete al club          <\/a>\n        <\/div>\n      \n    <\/div>\n\n  \n      <div class=\"link\">\n\n                  <div class=\"link-image\">\n            <img decoding=\"async\" src=\"https:\/\/www.impactoneducation.org\/wp-content\/uploads\/2023\/01\/Planned-Giving_Impact-on-Education.png\"\n            alt=\"\"\n            data-object-fit=\"cover\"\n            data-object-position=\"bottom center\" \/>\n          <\/div>\n        \n                  <h2>DONACIONES PLANIFICADAS<\/h2>\n        \n        \n                  <div class=\"link-copy\">\n            Apoyar el futuro de la educaci\u00f3n p\u00fablica a trav\u00e9s de donaciones planificadas. Esto puede incluir legados, obsequios de una cuenta de jubilaci\u00f3n o p\u00f3liza de seguro, creaci\u00f3n de un fideicomiso caritativo u obsequios de bienes ra\u00edces u otra propiedad tangible.          <\/div>\n        \n                                    <div class=\"link-cta\">\n            <a\n            class=\"button button-blue-green\"\n            href=\"https:\/\/www.impactoneducation.org\/es\/planned-giving\/\"\n            target=\"_blank\">\n            Aprende m\u00e1s          <\/a>\n        <\/div>\n      \n    <\/div>\n\n  \n      <div class=\"link\">\n\n                  <div class=\"link-image\">\n            <img decoding=\"async\" src=\"https:\/\/www.impactoneducation.org\/wp-content\/uploads\/2023\/01\/Employer-Matching_Impact-on-Education.png\"\n            alt=\"\"\n            data-object-fit=\"cover\"\n            data-object-position=\"bottom center\" \/>\n          <\/div>\n        \n                  <h2>EMPLEO EMPLEADOR<\/h2>\n        \n        \n                  <div class=\"link-copy\">\n            Muchas empresas ofrecen programas de donaciones equivalentes para alentar a los empleados a contribuir con organizaciones ben\u00e9ficas.          <\/div>\n        \n                                    <div class=\"link-cta\">\n            <a\n            class=\"button button-blue-green\"\n            href=\"mailto:info@impactoneducation.org\"\n            target=\"_self\">\n            Cont\u00e1ctenos          <\/a>\n        <\/div>\n      \n    <\/div>\n\n  \n      <div class=\"link\">\n\n                  <div class=\"link-image\">\n            <img decoding=\"async\" src=\"https:\/\/www.impactoneducation.org\/wp-content\/uploads\/2023\/01\/ReFUND-Colorado_Impact-on-Education.png\"\n            alt=\"\"\n            data-object-fit=\"cover\"\n            data-object-position=\"bottom center\" \/>\n          <\/div>\n        \n                  <h2>DONA TU REEMBOLSO DE IMPUESTOS<\/h2>\n        \n        \n                  <div class=\"link-copy\">\n            \u00bfSab\u00eda que puede donar su reembolso de impuestos estatales a Impact on Education? Ingrese nuestro ID # \u2013 20043010248 \u2013 en el Calendario de Contribuciones Voluntarias de su Declaraci\u00f3n de Impuestos sobre la Renta Individual de Colorado (Formulario 0104CH).          <\/div>\n        \n                                    <div class=\"link-cta\">\n            <a\n            class=\"button button-blue-green\"\n            href=\"https:\/\/tax.colorado.gov\/donate-your-tax-refund-to-charity\"\n            target=\"_blank\">\n            Aprende m\u00e1s          <\/a>\n        <\/div>\n      \n    <\/div>\n\n  \n      <div class=\"link\">\n\n                  <div class=\"link-image\">\n            <img decoding=\"async\" src=\"https:\/\/www.impactoneducation.org\/wp-content\/uploads\/2023\/01\/Donate-Securities_Impact-on-Education.png\"\n            alt=\"\"\n            data-object-fit=\"cover\"\n            data-object-position=\"bottom center\" \/>\n          <\/div>\n        \n                  <h2>DONAR VALORES<\/h2>\n        \n        \n                  <div class=\"link-copy\">\n            Donar valores (acciones, bonos, otras inversiones) mantenidos por m\u00e1s de un a\u00f1o puede brindarle beneficios sustanciales como donante y marcar la diferencia para los estudiantes locales.          <\/div>\n        \n                                    <div class=\"link-cta\">\n            <a\n            class=\"button button-blue-green\"\n            href=\"https:\/\/drive.google.com\/file\/d\/1T-v0PpdIgHty0zUtBT4xIsic3d2Om0kI\/view?usp=sharing\"\n            target=\"_blank\">\n            Ver instrucciones          <\/a>\n        <\/div>\n      \n    <\/div>\n\n  \n      <div class=\"link\">\n\n                  <div class=\"link-image\">\n            <img decoding=\"async\" src=\"https:\/\/www.impactoneducation.org\/wp-content\/uploads\/2023\/01\/Donate-Goods-and-Services_Impact-on-Education.png\"\n            alt=\"\"\n            data-object-fit=\"cover\"\n            data-object-position=\"bottom center\" \/>\n          <\/div>\n        \n                  <h2>DONAR BIENES Y SERVICIOS<\/h2>\n        \n        \n                  <div class=\"link-copy\">\n            Haga una donaci\u00f3n en especie de bienes o servicios para ayudar a promover nuestro trabajo. Los servicios profesionales como fotograf\u00eda y videograf\u00eda son muy apreciados.          <\/div>\n        \n                                    <div class=\"link-cta\">\n            <a\n            class=\"button button-blue-green\"\n            href=\"mailto:info@impactoneducation.org\"\n            target=\"_blank\">\n            Cont\u00e1ctenos          <\/a>\n        <\/div>\n      \n    <\/div>\n\n  \n\n<\/div>\n<\/div>\n\n\n\n<div style=\"height:50px\" aria-hidden=\"true\" class=\"wp-block-spacer\"><\/div>\n\n\n\r\n\r\n  <div id=\"block_094db32171be4189e3ee03ee75ac1217\" class=\"big-picture  full-width\">\r\n\r\n    <img decoding=\"async\" class=\"desktop-image\" src=\"https:\/\/www.impactoneducation.org\/wp-content\/uploads\/2022\/08\/Website_Desktop-Images-1-1.jpg\" \/>\r\n\r\n          <img decoding=\"async\" class=\"mobile-image\" src=\"https:\/\/www.impactoneducation.org\/wp-content\/uploads\/2022\/08\/Website_Mobile-Images-1-1.jpg\" \/>\r\n    \r\n          <div class=\"big-picture-overlay\" style=\"background-color: #000000; opacity: 0;\">\r\n      <\/div>\r\n    \r\n    <div class=\"big-picture-content\" style=\"color: #ffffff;\">\r\n\r\n              <h2 style=\"color: #ffffff;\">\r\n          NUESTRO TRABAJO        <\/h2>\r\n      \r\n              <div class=\"copy copy-white\" style=\"color: #ffffff;\">\r\n          Desde 1983, hemos proporcionado fondos y recursos suplementarios a estudiantes y educadores para ampliar lo que es posible en educaci\u00f3n. Nuestros programas e inversiones ayudan a garantizar que los estudiantes que enfrentan las mayores barreras para el \u00e9xito tengan acceso a las mismas oportunidades de aprendizaje que sus compa\u00f1eros.        <\/div>\r\n      \r\n              <div class=\"cta\">\r\n          <a class=\"button button-white\" style=\"color: #ffffff; border-color: #ffffff;\" href=\"https:\/\/www.impactoneducation.org\/es\/what-we-do\/\" target=\"_blank\">Lo que hacemos<\/a>\r\n        <\/div>\r\n\r\n      \r\n    <\/div>\r\n\r\n  <\/div>","protected":false},"excerpt":{"rendered":"<p>Adem\u00e1s de las donaciones financieras, hay muchas maneras en que puede marcar la diferencia para los estudiantes de la Escuela Boulder Valley...<\/p>","protected":false},"author":3,"featured_media":0,"parent":0,"menu_order":0,"comment_status":"closed","ping_status":"closed","template":"","meta":{"_acf_changed":false,"_monsterinsights_skip_tracking":false,"_monsterinsights_sitenote_active":false,"_monsterinsights_sitenote_note":"","_monsterinsights_sitenote_category":0,"footnotes":""},"class_list":["post-917","page","type-page","status-publish","hentry"],"acf":[],"yoast_head":"<!-- This site is optimized with the Yoast SEO plugin v27.1.1 - https:\/\/yoast.com\/product\/yoast-seo-wordpress\/ -->\n<title>Ways to Give &#8211; Impact on Education<\/title>\n<meta name=\"description\" content=\"In addition to financial gifts, there are many ways you can make a difference for students in the Boulder Valley School District.\" \/>\n<meta name=\"robots\" content=\"index, follow, max-snippet:-1, max-image-preview:large, max-video-preview:-1\" \/>\n<link rel=\"canonical\" href=\"https:\/\/www.impactoneducation.org\/es\/ways-to-give\/\" \/>\n<meta property=\"og:locale\" content=\"es_MX\" \/>\n<meta property=\"og:type\" content=\"article\" \/>\n<meta property=\"og:title\" content=\"Ways to Give &#8211; Impact on Education\" \/>\n<meta property=\"og:description\" content=\"In addition to financial gifts, there are many ways you can make a difference for students in the Boulder Valley School District.\" \/>\n<meta property=\"og:url\" content=\"https:\/\/www.impactoneducation.org\/es\/ways-to-give\/\" \/>\n<meta property=\"og:site_name\" content=\"Impact on Education\" \/>\n<meta property=\"article:publisher\" content=\"https:\/\/www.facebook.com\/ImpactonEducation\" \/>\n<meta property=\"article:modified_time\" content=\"2024-12-06T17:46:22+00:00\" \/>\n<meta property=\"og:image\" content=\"https:\/\/www.impactoneducation.org\/wp-content\/uploads\/2023\/04\/ways-to-give.png\" \/>\n\t<meta property=\"og:image:width\" content=\"450\" \/>\n\t<meta property=\"og:image:height\" content=\"300\" \/>\n\t<meta property=\"og:image:type\" content=\"image\/png\" \/>\n<meta name=\"twitter:card\" content=\"summary_large_image\" \/>\n<meta name=\"twitter:image\" content=\"https:\/\/www.impactoneducation.org\/wp-content\/uploads\/2023\/04\/ways-to-give.png\" \/>\n<meta name=\"twitter:site\" content=\"@ImpactOnEd\" \/>\n<meta name=\"twitter:label1\" content=\"Tiempo de lectura\" \/>\n\t<meta name=\"twitter:data1\" content=\"1 minuto\" \/>\n<script type=\"application\/ld+json\" class=\"yoast-schema-graph\">{\"@context\":\"https:\/\/schema.org\",\"@graph\":[{\"@type\":\"WebPage\",\"@id\":\"https:\/\/www.impactoneducation.org\/ways-to-give\/\",\"url\":\"https:\/\/www.impactoneducation.org\/ways-to-give\/\",\"name\":\"Ways to Give &#8211; Impact on Education\",\"isPartOf\":{\"@id\":\"https:\/\/www.impactoneducation.org\/#website\"},\"datePublished\":\"2020-04-03T21:01:02+00:00\",\"dateModified\":\"2024-12-06T17:46:22+00:00\",\"description\":\"In addition to financial gifts, there are many ways you can make a difference for students in the Boulder Valley School District.\",\"breadcrumb\":{\"@id\":\"https:\/\/www.impactoneducation.org\/ways-to-give\/#breadcrumb\"},\"inLanguage\":\"es\",\"potentialAction\":[{\"@type\":\"ReadAction\",\"target\":[\"https:\/\/www.impactoneducation.org\/ways-to-give\/\"]}]},{\"@type\":\"BreadcrumbList\",\"@id\":\"https:\/\/www.impactoneducation.org\/ways-to-give\/#breadcrumb\",\"itemListElement\":[{\"@type\":\"ListItem\",\"position\":1,\"name\":\"Home\",\"item\":\"https:\/\/www.impactoneducation.org\/\"},{\"@type\":\"ListItem\",\"position\":2,\"name\":\"Ways to Give\"}]},{\"@type\":\"WebSite\",\"@id\":\"https:\/\/www.impactoneducation.org\/#website\",\"url\":\"https:\/\/www.impactoneducation.org\/\",\"name\":\"Impact on Education\",\"description\":\"Foundation for Boulder Valley Schools\",\"publisher\":{\"@id\":\"https:\/\/www.impactoneducation.org\/#organization\"},\"potentialAction\":[{\"@type\":\"SearchAction\",\"target\":{\"@type\":\"EntryPoint\",\"urlTemplate\":\"https:\/\/www.impactoneducation.org\/?s={search_term_string}\"},\"query-input\":{\"@type\":\"PropertyValueSpecification\",\"valueRequired\":true,\"valueName\":\"search_term_string\"}}],\"inLanguage\":\"es\"},{\"@type\":\"Organization\",\"@id\":\"https:\/\/www.impactoneducation.org\/#organization\",\"name\":\"Impact on Education\",\"url\":\"https:\/\/www.impactoneducation.org\/\",\"logo\":{\"@type\":\"ImageObject\",\"inLanguage\":\"es\",\"@id\":\"https:\/\/www.impactoneducation.org\/#\/schema\/logo\/image\/\",\"url\":\"https:\/\/www.impactoneducation.org\/wp-content\/uploads\/2020\/09\/Impact-logo-poly.png\",\"contentUrl\":\"https:\/\/www.impactoneducation.org\/wp-content\/uploads\/2020\/09\/Impact-logo-poly.png\",\"width\":3455,\"height\":890,\"caption\":\"Impact on Education\"},\"image\":{\"@id\":\"https:\/\/www.impactoneducation.org\/#\/schema\/logo\/image\/\"},\"sameAs\":[\"https:\/\/www.facebook.com\/ImpactonEducation\",\"https:\/\/x.com\/ImpactOnEd\",\"https:\/\/www.instagram.com\/impactoneducation\/\",\"https:\/\/www.youtube.com\/channel\/UCtCaQkVhXiowqiNrIXQ1Lkw\"]}]}<\/script>\n<!-- \/ Yoast SEO plugin. -->","yoast_head_json":{"title":"Formas de donar: Impacto en la educaci\u00f3n","description":"Adem\u00e1s de los obsequios financieros, hay muchas formas en las que puede marcar la diferencia para los estudiantes del Distrito Escolar del Valle de Boulder.","robots":{"index":"index","follow":"follow","max-snippet":"max-snippet:-1","max-image-preview":"max-image-preview:large","max-video-preview":"max-video-preview:-1"},"canonical":"https:\/\/www.impactoneducation.org\/es\/ways-to-give\/","og_locale":"es_MX","og_type":"article","og_title":"Ways to Give &#8211; Impact on Education","og_description":"In addition to financial gifts, there are many ways you can make a difference for students in the Boulder Valley School District.","og_url":"https:\/\/www.impactoneducation.org\/es\/ways-to-give\/","og_site_name":"Impact on Education","article_publisher":"https:\/\/www.facebook.com\/ImpactonEducation","article_modified_time":"2024-12-06T17:46:22+00:00","og_image":[{"width":450,"height":300,"url":"https:\/\/www.impactoneducation.org\/wp-content\/uploads\/2023\/04\/ways-to-give.png","type":"image\/png"}],"twitter_card":"summary_large_image","twitter_image":"https:\/\/www.impactoneducation.org\/wp-content\/uploads\/2023\/04\/ways-to-give.png","twitter_site":"@ImpactOnEd","twitter_misc":{"Tiempo de lectura":"1 minuto"},"schema":{"@context":"https:\/\/schema.org","@graph":[{"@type":"WebPage","@id":"https:\/\/www.impactoneducation.org\/ways-to-give\/","url":"https:\/\/www.impactoneducation.org\/ways-to-give\/","name":"Formas de donar: Impacto en la educaci\u00f3n","isPartOf":{"@id":"https:\/\/www.impactoneducation.org\/#website"},"datePublished":"2020-04-03T21:01:02+00:00","dateModified":"2024-12-06T17:46:22+00:00","description":"Adem\u00e1s de los obsequios financieros, hay muchas formas en las que puede marcar la diferencia para los estudiantes del Distrito Escolar del Valle de Boulder.","breadcrumb":{"@id":"https:\/\/www.impactoneducation.org\/ways-to-give\/#breadcrumb"},"inLanguage":"es","potentialAction":[{"@type":"ReadAction","target":["https:\/\/www.impactoneducation.org\/ways-to-give\/"]}]},{"@type":"BreadcrumbList","@id":"https:\/\/www.impactoneducation.org\/ways-to-give\/#breadcrumb","itemListElement":[{"@type":"ListItem","position":1,"name":"Home","item":"https:\/\/www.impactoneducation.org\/"},{"@type":"ListItem","position":2,"name":"Ways to Give"}]},{"@type":"WebSite","@id":"https:\/\/www.impactoneducation.org\/#website","url":"https:\/\/www.impactoneducation.org\/","name":"Impacto en la educaci\u00f3n","description":"Fundaci\u00f3n para las Escuelas del Valle de Boulder","publisher":{"@id":"https:\/\/www.impactoneducation.org\/#organization"},"potentialAction":[{"@type":"SearchAction","target":{"@type":"EntryPoint","urlTemplate":"https:\/\/www.impactoneducation.org\/?s={search_term_string}"},"query-input":{"@type":"PropertyValueSpecification","valueRequired":true,"valueName":"search_term_string"}}],"inLanguage":"es"},{"@type":"Organization","@id":"https:\/\/www.impactoneducation.org\/#organization","name":"Impacto en la educaci\u00f3n","url":"https:\/\/www.impactoneducation.org\/","logo":{"@type":"ImageObject","inLanguage":"es","@id":"https:\/\/www.impactoneducation.org\/#\/schema\/logo\/image\/","url":"https:\/\/www.impactoneducation.org\/wp-content\/uploads\/2020\/09\/Impact-logo-poly.png","contentUrl":"https:\/\/www.impactoneducation.org\/wp-content\/uploads\/2020\/09\/Impact-logo-poly.png","width":3455,"height":890,"caption":"Impact on Education"},"image":{"@id":"https:\/\/www.impactoneducation.org\/#\/schema\/logo\/image\/"},"sameAs":["https:\/\/www.facebook.com\/ImpactonEducation","https:\/\/x.com\/ImpactOnEd","https:\/\/www.instagram.com\/impactoneducation\/","https:\/\/www.youtube.com\/channel\/UCtCaQkVhXiowqiNrIXQ1Lkw"]}]}},"_links":{"self":[{"href":"https:\/\/www.impactoneducation.org\/es\/wp-json\/wp\/v2\/pages\/917","targetHints":{"allow":["GET"]}}],"collection":[{"href":"https:\/\/www.impactoneducation.org\/es\/wp-json\/wp\/v2\/pages"}],"about":[{"href":"https:\/\/www.impactoneducation.org\/es\/wp-json\/wp\/v2\/types\/page"}],"author":[{"embeddable":true,"href":"https:\/\/www.impactoneducation.org\/es\/wp-json\/wp\/v2\/users\/3"}],"replies":[{"embeddable":true,"href":"https:\/\/www.impactoneducation.org\/es\/wp-json\/wp\/v2\/comments?post=917"}],"version-history":[{"count":137,"href":"https:\/\/www.impactoneducation.org\/es\/wp-json\/wp\/v2\/pages\/917\/revisions"}],"predecessor-version":[{"id":11565,"href":"https:\/\/www.impactoneducation.org\/es\/wp-json\/wp\/v2\/pages\/917\/revisions\/11565"}],"wp:attachment":[{"href":"https:\/\/www.impactoneducation.org\/es\/wp-json\/wp\/v2\/media?parent=917"}],"curies":[{"name":"gracias","href":"https:\/\/api.w.org\/{rel}","templated":true}]}}