{"id":9655,"date":"2023-09-19T16:34:19","date_gmt":"2023-09-19T16:34:19","guid":{"rendered":"https:\/\/www.impactoneducation.org\/?page_id=9655"},"modified":"2023-09-19T16:34:20","modified_gmt":"2023-09-19T16:34:20","slug":"press-release-09-19-2023-impact-on-education-welcomes-three-new-board-members","status":"publish","type":"page","link":"https:\/\/www.impactoneducation.org\/es\/press\/press-release-09-19-2023-impact-on-education-welcomes-three-new-board-members\/","title":{"rendered":"Comunicado de prensa: Impact on Education da la bienvenida a tres nuevos miembros de la junta directiva\u00a0"},"content":{"rendered":"<div id=\"block_bd000f5f0189038b796cb70e66e84624\" class=\"page-header  full-width\">\r\n\r\n  <div class=\"page-header-title\">\r\n    <h1>Impact on Education da la bienvenida a tres nuevos miembros de la junta directiva <\/h1>\r\n  <\/div>\r\n\r\n  <div class=\"page-header-image\"><\/div>\r\n\r\n<\/div>\r\n\n\n\n<div class=\"wp-block-columns is-layout-flex wp-container-core-columns-is-layout-9d6595d7 wp-block-columns-is-layout-flex\">\n<div class=\"wp-block-column is-layout-flow wp-block-column-is-layout-flow\" style=\"flex-basis:10%\"><\/div>\n\n\n\n<div class=\"wp-block-column is-layout-flow wp-block-column-is-layout-flow\" style=\"flex-basis:80%\">\n<div style=\"height:25px\" aria-hidden=\"true\" class=\"wp-block-spacer\"><\/div>\n\n\n\n<p>PARA PUBLICACI\u00d3N INMEDIATA<br>Contacto<br>Catherine Wessling<br>(f) 303.524.3865<br>(mi) <a href=\"mailto:catherine@impactoneducation.org\">catherine@impactoneducation.org<\/a><br><\/p>\n\n\n\n<div style=\"height:25px\" aria-hidden=\"true\" class=\"wp-block-spacer\"><\/div>\n\n\n\n<h2 class=\"wp-block-heading has-text-align-center\"><strong>Impact on Education da la bienvenida a tres nuevos miembros de la junta directiva\u00a0<\/strong><\/h2>\n\n\n\n<div style=\"height:25px\" aria-hidden=\"true\" class=\"wp-block-spacer\"><\/div>\n\n\n\n<p>Louisville (14 de septiembre de 2023) \u2013 Impact on Education, la fundaci\u00f3n sin fines de lucro que apoya al Distrito Escolar del Valle de Boulder, anuncia la incorporaci\u00f3n de tres nuevos miembros a su Junta Directiva.<\/p>\n\n\n\n<p>Las nuevas incorporaciones incluyen a Amy Pickens, directora de Equidad y Participaci\u00f3n Comunitaria de BVSD; Bill De La Cruz, facilitador de inclusi\u00f3n y pertenencia; y Dan Konigsberg, empresario y director ejecutivo. Los tres nuevos miembros inician sus mandatos de tres a\u00f1os en septiembre de 2023.<\/p>\n\n\n\n<p>&quot;Cada uno de los nuevos miembros de nuestra junta directiva aporta un conjunto \u00fanico de habilidades y perspectivas que enriquecer\u00e1n los debates y la toma de decisiones de nuestra junta&quot;, dice Allison Billings, directora ejecutiva de Impacto en la Educaci\u00f3n. &quot;Su compromiso con nuestra misi\u00f3n y experiencias profesionales se alinean perfectamente con nuestros objetivos estrat\u00e9gicos como organizaci\u00f3n&quot;.<\/p>\n\n\n\n<p>La junta tambi\u00e9n eligi\u00f3 un nuevo comit\u00e9 ejecutivo, nombrando a Karen Brown, presidenta de la junta, Cathleen Kendall, vicepresidenta, Karen Kruse, tesorera, y Callie Weiant, secretaria. Para obtener una lista completa de los miembros de la junta, visite <a href=\"https:\/\/www.impactoneducation.org\/es\/who-we-are\/people\/\" target=\"_blank\" rel=\"noreferrer noopener\">la p\u00e1gina de su equipo<\/a>.<\/p>\n\n\n\n<p>Obtenga m\u00e1s informaci\u00f3n sobre los miembros entrantes de la junta directiva en <a href=\"https:\/\/www.impactoneducation.org\/es\/2023\/09\/14\/impact-on-education-welcomes-three-new-board-members\/\" target=\"_blank\" rel=\"noreferrer noopener\">este art\u00edculo reciente<\/a> de Impacto en la Educaci\u00f3n.<\/p>\n\n\n\n<p>Impact on Education es una fundaci\u00f3n sin fines de lucro que apoya a casi 30,000 estudiantes y 4,000 educadores en todo el Distrito Escolar de Boulder Valley. Su trabajo involucra a los estudiantes y capacita a los educadores para garantizar que los estudiantes tengan acceso a los recursos que necesitan, cuando los necesitan.<\/p>\n\n\n\n<div style=\"height:24px\" aria-hidden=\"true\" class=\"wp-block-spacer\"><\/div>\n\n\n\n<p><strong>SOBRE EL IMPACTO EN LA EDUCACI\u00d3N<\/strong><\/p>\n\n\n\n<p>Impact on Education es la fundaci\u00f3n que apoya a casi 30,000 estudiantes y 4,000 educadores en todo el Distrito Escolar de Boulder Valley. Desde 1983, hemos proporcionado fondos y recursos comunitarios para capacitar a los educadores y las escuelas para que satisfagan las necesidades cambiantes de los estudiantes. Brindar a los estudiantes acceso a los recursos y oportunidades que necesitan para tener \u00e9xito ayuda a promover la equidad en nuestras escuelas p\u00fablicas. Porque incluso cuando la vida no es justa, el acceso a una educaci\u00f3n excelente y equitativa deber\u00eda serlo.<br><a href=\"https:\/\/www.impactoneducation.org\/es\/\">https:\/\/www.impactoneducation.org\/<\/a><\/p>\n\n\n\n<p class=\"has-text-align-center\">###<\/p>\n<\/div>\n\n\n\n<div class=\"wp-block-column is-layout-flow wp-block-column-is-layout-flow\" style=\"flex-basis:10%\"><\/div>\n<\/div>","protected":false},"excerpt":{"rendered":"<p>PARA PUBLICACI\u00d3N INMEDIATAContactoCatherine Wessling(p) 303.524.3865(e) catherine@impactoneducation.org Impact on Education da la bienvenida a tres nuevos miembros de la junta Louisville (14 de septiembre de 2023) - Impact...<\/p>","protected":false},"author":3,"featured_media":0,"parent":5261,"menu_order":0,"comment_status":"closed","ping_status":"closed","template":"","meta":{"_acf_changed":false,"_monsterinsights_skip_tracking":false,"_monsterinsights_sitenote_active":false,"_monsterinsights_sitenote_note":"","_monsterinsights_sitenote_category":0,"footnotes":""},"class_list":["post-9655","page","type-page","status-publish","hentry"],"acf":[],"yoast_head":"<!-- This site is optimized with the Yoast SEO plugin v27.4 - https:\/\/yoast.com\/product\/yoast-seo-wordpress\/ -->\n<title>2023 BVSD Lifetime Achievement Award Nominations Open &#8211; Impact on Education<\/title>\n<meta name=\"description\" content=\"Impact on Education is accepting nominations for its annual Blake Peterson Lifetime Achievement Award, given to a BVSD educator.\" \/>\n<meta name=\"robots\" content=\"index, follow, max-snippet:-1, max-image-preview:large, max-video-preview:-1\" \/>\n<link rel=\"canonical\" href=\"https:\/\/www.impactoneducation.org\/es\/press\/press-release-09-19-2023-impact-on-education-welcomes-three-new-board-members\/\" \/>\n<meta property=\"og:locale\" content=\"es_MX\" \/>\n<meta property=\"og:type\" content=\"article\" \/>\n<meta property=\"og:title\" content=\"2023 BVSD Lifetime Achievement Award Nominations Open &#8211; Impact on Education\" \/>\n<meta property=\"og:description\" content=\"Impact on Education is accepting nominations for its annual Blake Peterson Lifetime Achievement Award, given to a BVSD educator.\" \/>\n<meta property=\"og:url\" content=\"https:\/\/www.impactoneducation.org\/es\/press\/press-release-09-19-2023-impact-on-education-welcomes-three-new-board-members\/\" \/>\n<meta property=\"og:site_name\" content=\"Impact on Education\" \/>\n<meta property=\"article:publisher\" content=\"https:\/\/www.facebook.com\/ImpactonEducation\" \/>\n<meta property=\"article:modified_time\" content=\"2023-09-19T16:34:20+00:00\" \/>\n<meta name=\"twitter:card\" content=\"summary_large_image\" \/>\n<meta name=\"twitter:site\" content=\"@ImpactOnEd\" \/>\n<meta name=\"twitter:label1\" content=\"Tiempo de lectura\" \/>\n\t<meta name=\"twitter:data1\" content=\"2 minutos\" \/>\n<script type=\"application\/ld+json\" class=\"yoast-schema-graph\">{\"@context\":\"https:\\\/\\\/schema.org\",\"@graph\":[{\"@type\":\"WebPage\",\"@id\":\"https:\\\/\\\/www.impactoneducation.org\\\/press\\\/press-release-09-19-2023-impact-on-education-welcomes-three-new-board-members\\\/\",\"url\":\"https:\\\/\\\/www.impactoneducation.org\\\/press\\\/press-release-09-19-2023-impact-on-education-welcomes-three-new-board-members\\\/\",\"name\":\"2023 BVSD Lifetime Achievement Award Nominations Open &#8211; Impact on Education\",\"isPartOf\":{\"@id\":\"https:\\\/\\\/www.impactoneducation.org\\\/#website\"},\"datePublished\":\"2023-09-19T16:34:19+00:00\",\"dateModified\":\"2023-09-19T16:34:20+00:00\",\"description\":\"Impact on Education is accepting nominations for its annual Blake Peterson Lifetime Achievement Award, given to a BVSD educator.\",\"breadcrumb\":{\"@id\":\"https:\\\/\\\/www.impactoneducation.org\\\/press\\\/press-release-09-19-2023-impact-on-education-welcomes-three-new-board-members\\\/#breadcrumb\"},\"inLanguage\":\"es\",\"potentialAction\":[{\"@type\":\"ReadAction\",\"target\":[\"https:\\\/\\\/www.impactoneducation.org\\\/press\\\/press-release-09-19-2023-impact-on-education-welcomes-three-new-board-members\\\/\"]}]},{\"@type\":\"BreadcrumbList\",\"@id\":\"https:\\\/\\\/www.impactoneducation.org\\\/press\\\/press-release-09-19-2023-impact-on-education-welcomes-three-new-board-members\\\/#breadcrumb\",\"itemListElement\":[{\"@type\":\"ListItem\",\"position\":1,\"name\":\"Home\",\"item\":\"https:\\\/\\\/www.impactoneducation.org\\\/\"},{\"@type\":\"ListItem\",\"position\":2,\"name\":\"Press Materials\",\"item\":\"https:\\\/\\\/www.impactoneducation.org\\\/press\\\/\"},{\"@type\":\"ListItem\",\"position\":3,\"name\":\"Press Release: Impact on Education welcomes three new board members\u00a0\"}]},{\"@type\":\"WebSite\",\"@id\":\"https:\\\/\\\/www.impactoneducation.org\\\/#website\",\"url\":\"https:\\\/\\\/www.impactoneducation.org\\\/\",\"name\":\"Impact on Education\",\"description\":\"Foundation for Boulder Valley Schools\",\"publisher\":{\"@id\":\"https:\\\/\\\/www.impactoneducation.org\\\/#organization\"},\"potentialAction\":[{\"@type\":\"SearchAction\",\"target\":{\"@type\":\"EntryPoint\",\"urlTemplate\":\"https:\\\/\\\/www.impactoneducation.org\\\/?s={search_term_string}\"},\"query-input\":{\"@type\":\"PropertyValueSpecification\",\"valueRequired\":true,\"valueName\":\"search_term_string\"}}],\"inLanguage\":\"es\"},{\"@type\":\"Organization\",\"@id\":\"https:\\\/\\\/www.impactoneducation.org\\\/#organization\",\"name\":\"Impact on Education\",\"url\":\"https:\\\/\\\/www.impactoneducation.org\\\/\",\"logo\":{\"@type\":\"ImageObject\",\"inLanguage\":\"es\",\"@id\":\"https:\\\/\\\/www.impactoneducation.org\\\/#\\\/schema\\\/logo\\\/image\\\/\",\"url\":\"https:\\\/\\\/www.impactoneducation.org\\\/wp-content\\\/uploads\\\/2020\\\/09\\\/Impact-logo-poly.png\",\"contentUrl\":\"https:\\\/\\\/www.impactoneducation.org\\\/wp-content\\\/uploads\\\/2020\\\/09\\\/Impact-logo-poly.png\",\"width\":3455,\"height\":890,\"caption\":\"Impact on Education\"},\"image\":{\"@id\":\"https:\\\/\\\/www.impactoneducation.org\\\/#\\\/schema\\\/logo\\\/image\\\/\"},\"sameAs\":[\"https:\\\/\\\/www.facebook.com\\\/ImpactonEducation\",\"https:\\\/\\\/x.com\\\/ImpactOnEd\",\"https:\\\/\\\/www.instagram.com\\\/impactoneducation\\\/\",\"https:\\\/\\\/www.youtube.com\\\/channel\\\/UCtCaQkVhXiowqiNrIXQ1Lkw\"]}]}<\/script>\n<!-- \/ Yoast SEO plugin. -->","yoast_head_json":{"title":"Se abren las nominaciones para el Premio a la Trayectoria del BVSD 2023 \u2013 Impacto en la educaci\u00f3n","description":"Impact on Education est\u00e1 aceptando nominaciones para su premio anual Blake Peterson Lifetime Achievement Award, otorgado a un educador de BVSD.","robots":{"index":"index","follow":"follow","max-snippet":"max-snippet:-1","max-image-preview":"max-image-preview:large","max-video-preview":"max-video-preview:-1"},"canonical":"https:\/\/www.impactoneducation.org\/es\/press\/press-release-09-19-2023-impact-on-education-welcomes-three-new-board-members\/","og_locale":"es_MX","og_type":"article","og_title":"2023 BVSD Lifetime Achievement Award Nominations Open &#8211; Impact on Education","og_description":"Impact on Education is accepting nominations for its annual Blake Peterson Lifetime Achievement Award, given to a BVSD educator.","og_url":"https:\/\/www.impactoneducation.org\/es\/press\/press-release-09-19-2023-impact-on-education-welcomes-three-new-board-members\/","og_site_name":"Impact on Education","article_publisher":"https:\/\/www.facebook.com\/ImpactonEducation","article_modified_time":"2023-09-19T16:34:20+00:00","twitter_card":"summary_large_image","twitter_site":"@ImpactOnEd","twitter_misc":{"Tiempo de lectura":"2 minutos"},"schema":{"@context":"https:\/\/schema.org","@graph":[{"@type":"WebPage","@id":"https:\/\/www.impactoneducation.org\/press\/press-release-09-19-2023-impact-on-education-welcomes-three-new-board-members\/","url":"https:\/\/www.impactoneducation.org\/press\/press-release-09-19-2023-impact-on-education-welcomes-three-new-board-members\/","name":"Se abren las nominaciones para el Premio a la Trayectoria del BVSD 2023 \u2013 Impacto en la educaci\u00f3n","isPartOf":{"@id":"https:\/\/www.impactoneducation.org\/#website"},"datePublished":"2023-09-19T16:34:19+00:00","dateModified":"2023-09-19T16:34:20+00:00","description":"Impact on Education est\u00e1 aceptando nominaciones para su premio anual Blake Peterson Lifetime Achievement Award, otorgado a un educador de BVSD.","breadcrumb":{"@id":"https:\/\/www.impactoneducation.org\/press\/press-release-09-19-2023-impact-on-education-welcomes-three-new-board-members\/#breadcrumb"},"inLanguage":"es","potentialAction":[{"@type":"ReadAction","target":["https:\/\/www.impactoneducation.org\/press\/press-release-09-19-2023-impact-on-education-welcomes-three-new-board-members\/"]}]},{"@type":"BreadcrumbList","@id":"https:\/\/www.impactoneducation.org\/press\/press-release-09-19-2023-impact-on-education-welcomes-three-new-board-members\/#breadcrumb","itemListElement":[{"@type":"ListItem","position":1,"name":"Home","item":"https:\/\/www.impactoneducation.org\/"},{"@type":"ListItem","position":2,"name":"Press Materials","item":"https:\/\/www.impactoneducation.org\/press\/"},{"@type":"ListItem","position":3,"name":"Press Release: Impact on Education welcomes three new board members\u00a0"}]},{"@type":"WebSite","@id":"https:\/\/www.impactoneducation.org\/#website","url":"https:\/\/www.impactoneducation.org\/","name":"Impacto en la educaci\u00f3n","description":"Fundaci\u00f3n para las Escuelas del Valle de Boulder","publisher":{"@id":"https:\/\/www.impactoneducation.org\/#organization"},"potentialAction":[{"@type":"SearchAction","target":{"@type":"EntryPoint","urlTemplate":"https:\/\/www.impactoneducation.org\/?s={search_term_string}"},"query-input":{"@type":"PropertyValueSpecification","valueRequired":true,"valueName":"search_term_string"}}],"inLanguage":"es"},{"@type":"Organization","@id":"https:\/\/www.impactoneducation.org\/#organization","name":"Impacto en la educaci\u00f3n","url":"https:\/\/www.impactoneducation.org\/","logo":{"@type":"ImageObject","inLanguage":"es","@id":"https:\/\/www.impactoneducation.org\/#\/schema\/logo\/image\/","url":"https:\/\/www.impactoneducation.org\/wp-content\/uploads\/2020\/09\/Impact-logo-poly.png","contentUrl":"https:\/\/www.impactoneducation.org\/wp-content\/uploads\/2020\/09\/Impact-logo-poly.png","width":3455,"height":890,"caption":"Impact on Education"},"image":{"@id":"https:\/\/www.impactoneducation.org\/#\/schema\/logo\/image\/"},"sameAs":["https:\/\/www.facebook.com\/ImpactonEducation","https:\/\/x.com\/ImpactOnEd","https:\/\/www.instagram.com\/impactoneducation\/","https:\/\/www.youtube.com\/channel\/UCtCaQkVhXiowqiNrIXQ1Lkw"]}]}},"_links":{"self":[{"href":"https:\/\/www.impactoneducation.org\/es\/wp-json\/wp\/v2\/pages\/9655","targetHints":{"allow":["GET"]}}],"collection":[{"href":"https:\/\/www.impactoneducation.org\/es\/wp-json\/wp\/v2\/pages"}],"about":[{"href":"https:\/\/www.impactoneducation.org\/es\/wp-json\/wp\/v2\/types\/page"}],"author":[{"embeddable":true,"href":"https:\/\/www.impactoneducation.org\/es\/wp-json\/wp\/v2\/users\/3"}],"replies":[{"embeddable":true,"href":"https:\/\/www.impactoneducation.org\/es\/wp-json\/wp\/v2\/comments?post=9655"}],"version-history":[{"count":3,"href":"https:\/\/www.impactoneducation.org\/es\/wp-json\/wp\/v2\/pages\/9655\/revisions"}],"predecessor-version":[{"id":9658,"href":"https:\/\/www.impactoneducation.org\/es\/wp-json\/wp\/v2\/pages\/9655\/revisions\/9658"}],"up":[{"embeddable":true,"href":"https:\/\/www.impactoneducation.org\/es\/wp-json\/wp\/v2\/pages\/5261"}],"wp:attachment":[{"href":"https:\/\/www.impactoneducation.org\/es\/wp-json\/wp\/v2\/media?parent=9655"}],"curies":[{"name":"gracias","href":"https:\/\/api.w.org\/{rel}","templated":true}]}}