{"id":9798,"date":"2023-10-16T17:16:47","date_gmt":"2023-10-16T17:16:47","guid":{"rendered":"https:\/\/www.impactoneducation.org\/?page_id=9798"},"modified":"2023-10-18T16:05:34","modified_gmt":"2023-10-18T16:05:34","slug":"press-release-impact-on-education-funds-six-wellness-centers","status":"publish","type":"page","link":"https:\/\/www.impactoneducation.org\/es\/press\/press-release-impact-on-education-funds-six-wellness-centers\/","title":{"rendered":"Comunicado de prensa: Impact on Education y el Distrito Escolar del Valle de Boulder presentan Centros de Bienestar para brindar acceso a apoyo de salud mental durante el d\u00eda escolar"},"content":{"rendered":"<div id=\"block_06cc70facfdbc9fcda129488f330181f\" class=\"page-header  full-width\">\r\n\r\n  <div class=\"page-header-title\">\r\n    <h1>Impacto en Educaci\u00f3n financia seis Centros de Bienestar<\/h1>\r\n  <\/div>\r\n\r\n  <div class=\"page-header-image\"><\/div>\r\n\r\n<\/div>\r\n\n\n\n<div class=\"wp-block-columns is-layout-flex wp-container-core-columns-is-layout-9d6595d7 wp-block-columns-is-layout-flex\">\n<div class=\"wp-block-column is-layout-flow wp-block-column-is-layout-flow\" style=\"flex-basis:10%\"><\/div>\n\n\n\n<div class=\"wp-block-column is-layout-flow wp-block-column-is-layout-flow\" style=\"flex-basis:80%\">\n<div style=\"height:25px\" aria-hidden=\"true\" class=\"wp-block-spacer\"><\/div>\n\n\n\n<p>PARA PUBLICACI\u00d3N INMEDIATA<br>Contacto<br>Catherine Wessling<br>(f) 303.524.3865<br>(mi) <a href=\"mailto:catherine@impactoneducation.org\">catherine@impactoneducation.org<\/a><br><\/p>\n\n\n\n<div style=\"height:25px\" aria-hidden=\"true\" class=\"wp-block-spacer\"><\/div>\n\n\n\n<h2 class=\"wp-block-heading has-text-align-center\"><strong>Impact on Education y el Distrito Escolar del Valle de Boulder introducen Centros de Bienestar para brindar acceso a apoyo de salud mental durante el d\u00eda escolar<\/strong><\/h2>\n\n\n\n<div style=\"height:25px\" aria-hidden=\"true\" class=\"wp-block-spacer\"><\/div>\n\n\n\n<p>Louisville, Colorado (18 de octubre de 2023) \u2013 En respuesta a la creciente necesidad de apoyo a la salud mental de los j\u00f3venes, Impact on Education y el Distrito Escolar del Valle de Boulder (BVSD) abrieron seis Centros de Bienestar en escuelas secundarias, brindando un refugio para los estudiantes que registraron 2,500 visitas dentro de el primer mes del a\u00f1o escolar.<\/p>\n\n\n\n<p>\u201cBVSD cre\u00f3 su primer Centro de Bienestar en Monarch High School en respuesta al incendio Marshall de 2021. Cuando vimos el impacto que tuvo el Centro de Bienestar en su comunidad escolar, nos comprometimos a crear cinco m\u00e1s y a mantener el de Monarch\u201d, dice Allison Billings, Directora Ejecutiva de Impacto en la Educaci\u00f3n. \u201cLos estudiantes necesitan apoyo para gestionar su salud emocional. Los profesionales de salud mental de BVSD pueden ayudarlos a ense\u00f1arles c\u00f3mo hacerlo, mientras que los Centros de Bienestar escolares les brindan el espacio para hacerlo\u201d.<\/p>\n\n\n\n<p>Impact on Education, la fundaci\u00f3n sin fines de lucro que apoya al Distrito Escolar del Valle de Boulder, recaud\u00f3 $1.2 millones para salud mental, que financi\u00f3 la creaci\u00f3n y dotaci\u00f3n de personal de los Centros de Bienestar en Boulder High, Centaurus High, Fairview High, Monarch High, Nederland Middle-Senior y New Vista Alta. Los fondos se recaudaron a trav\u00e9s de donaciones de personas generosas y socios comunitarios, incluido el Centro para la Filantrop\u00eda en Desastres, Rocky Mountain Health Plans, una empresa de UnitedHealthcare, y el Distrito Rotario 5450.<\/p>\n\n\n\n<p>&quot;Nuestra donaci\u00f3n a Impact on Education refleja un compromiso m\u00e1s amplio de Rocky Mountain Health Plans de asociarse con comunidades de todo Colorado para abordar la salud mental de los j\u00f3venes&quot;, dijo Patrick Gordon, director ejecutivo de Rocky Mountain Health Plans. &quot;Ahora m\u00e1s que nunca, debemos apoyar a los estudiantes, los padres y las escuelas creando conciencia sobre este importante problema de salud p\u00fablica y ofreciendo recursos para mejorar el bienestar de nuestra juventud&quot;.&nbsp;<\/p>\n\n\n\n<p>Los Centros de Bienestar de BVSD est\u00e1n dise\u00f1ados como espacios c\u00e1lidos y acogedores, con iluminaci\u00f3n suave, m\u00fasica relajante, asientos flexibles y actividades sensoriales como juguetes inquietos, rompecabezas y arena cin\u00e9tica. Cada centro de bienestar tambi\u00e9n ofrece t\u00e9 gratis para los estudiantes, cortes\u00eda de The Tea Spot. Pero la parte m\u00e1s importante de cada Centro de Bienestar es el profesional de la salud mental, un Defensor de la Salud Mental, que est\u00e1 ah\u00ed para apoyar a cada estudiante que cruza la puerta.<\/p>\n\n\n\n<p>&quot;El objetivo de nuestros Centros de Bienestar es brindar espacios seguros y accesibles en los campus escolares que ofrezcan apoyo para la salud mental y promuevan el bienestar socioemocional&quot;, dice el Dr. Rob Anderson, Superintendente del Distrito Escolar del Valle de Boulder. \u201cLos desaf\u00edos que enfrentan nuestros estudiantes de secundaria hoy son m\u00e1s complejos que nunca. Estos Centros de Bienestar son un componente eficaz y proactivo del apoyo que podemos brindar durante la jornada escolar\u201d.<\/p>\n\n\n\n<p>Los estudiantes han descrito los Centros de Bienestar como \u201ccaf\u00e9s acogedores\u201d y elogiaron el ambiente como un escape tranquilo del estr\u00e9s de la escuela. Mientras que otros dicen que su Centro de Bienestar les parece especial y se debaten entre decirles a todos lo acogedor que se siente relajarse en la habitaci\u00f3n y querer mantenerlo en secreto.<\/p>\n\n\n\n<p>Para evaluar los Centros de Bienestar, Impact on Education y BVSD se han asociado con el <a href=\"https:\/\/www.colorado.edu\/crowninstitute\/\" target=\"_blank\" rel=\"noreferrer noopener\">Instituto de Bienestar Ren\u00e9e Crown<\/a> en la Universidad de Colorado Boulder. A trav\u00e9s de encuestas, observaciones y formularios de registro de entrada y salida de los Centros de Bienestar, el Instituto analizar\u00e1 datos para ayudar a evaluar el uso y las operaciones de cada Centro de Bienestar. La evaluaci\u00f3n tiene como objetivo respaldar las mejoras program\u00e1ticas continuas, determinar las mejores pr\u00e1cticas y proporcionar una visi\u00f3n hol\u00edstica de c\u00f3mo los centros de bienestar pueden apoyar la salud emocional y el bienestar de los estudiantes.<\/p>\n\n\n\n<p>El compromiso de BVSD con la salud mental de los j\u00f3venes refleja la creciente importancia de promover el bienestar y la resiliencia de los estudiantes. &quot;Estamos financiando estos Centros de Bienestar porque creemos que son herramientas poderosas para apoyar a nuestros j\u00f3venes y ayudarlos a prosperar&quot;, dice Allison Billings. &quot;BVSD est\u00e1 dando un ejemplo a seguir para otros distritos escolares&quot;.<\/p>\n\n\n\n<p class=\"has-text-align-center\"><em>###<\/em><\/p>\n\n\n\n<p><strong>SOBRE EL IMPACTO EN LA EDUCACI\u00d3N<\/strong><\/p>\n\n\n\n<p>Impact on Education es la fundaci\u00f3n que apoya a casi 30,000 estudiantes y 4,000 educadores en todo el Distrito Escolar de Boulder Valley. Desde 1983, hemos proporcionado fondos y recursos comunitarios para capacitar a los educadores y las escuelas para que satisfagan las necesidades cambiantes de los estudiantes. Brindar a los estudiantes acceso a los recursos y oportunidades que necesitan para tener \u00e9xito ayuda a promover la equidad en nuestras escuelas p\u00fablicas. Porque incluso cuando la vida no es justa, el acceso a una educaci\u00f3n excelente y equitativa deber\u00eda serlo.<br><a href=\"http:\/\/www.impactoneducation.org\/es\/\" target=\"_blank\" rel=\"noreferrer noopener\">www.impactoneeducation.org<\/a><\/p>\n\n\n\n<p><strong>ACERCA DEL DISTRITO ESCOLAR DEL VALLE DE BOULDER<\/strong><\/p>\n\n\n\n<p>El Distrito Escolar del Valle de Boulder, que atiende a 28,000 estudiantes en m\u00e1s de 500 millas cuadradas a lo largo de las estribaciones de las Monta\u00f1as Rocosas, se destaca como l\u00edder en excelencia acad\u00e9mica con maestros sobresalientes, escuelas ejemplares y programas que apoyan el rendimiento estudiantil.<\/p>\n<\/div>\n\n\n\n<div class=\"wp-block-column is-layout-flow wp-block-column-is-layout-flow\" style=\"flex-basis:10%\"><\/div>\n<\/div>","protected":false},"excerpt":{"rendered":"<p>PARA PUBLICACI\u00d3N INMEDIATA Comun\u00edquese con Catherine Wessling (p) 303.524.3865 (e) catherine@impactoneducation.org Impact on Education y el Distrito Escolar del Valle de Boulder presentan Centros de Bienestar para brindar acceso...<\/p>","protected":false},"author":3,"featured_media":0,"parent":5261,"menu_order":0,"comment_status":"closed","ping_status":"closed","template":"","meta":{"_acf_changed":false,"_monsterinsights_skip_tracking":false,"_monsterinsights_sitenote_active":false,"_monsterinsights_sitenote_note":"","_monsterinsights_sitenote_category":0,"footnotes":""},"class_list":["post-9798","page","type-page","status-publish","hentry"],"acf":[],"yoast_head":"<!-- This site is optimized with the Yoast SEO plugin v27.1.1 - https:\/\/yoast.com\/product\/yoast-seo-wordpress\/ -->\n<title>Access to mental health support during the school day &#8211; Impact on Education<\/title>\n<meta name=\"description\" content=\"In response to the growing need for youth mental health support, Impact on Education funded six high school Wellness Centers in BVSD.\" \/>\n<meta name=\"robots\" content=\"index, follow, max-snippet:-1, max-image-preview:large, max-video-preview:-1\" \/>\n<link rel=\"canonical\" href=\"https:\/\/www.impactoneducation.org\/es\/press\/press-release-impact-on-education-funds-six-wellness-centers\/\" \/>\n<meta property=\"og:locale\" content=\"es_MX\" \/>\n<meta property=\"og:type\" content=\"article\" \/>\n<meta property=\"og:title\" content=\"Access to mental health support during the school day &#8211; Impact on Education\" \/>\n<meta property=\"og:description\" content=\"In response to the growing need for youth mental health support, Impact on Education funded six high school Wellness Centers in BVSD.\" \/>\n<meta property=\"og:url\" content=\"https:\/\/www.impactoneducation.org\/es\/press\/press-release-impact-on-education-funds-six-wellness-centers\/\" \/>\n<meta property=\"og:site_name\" content=\"Impact on Education\" \/>\n<meta property=\"article:publisher\" content=\"https:\/\/www.facebook.com\/ImpactonEducation\" \/>\n<meta property=\"article:modified_time\" content=\"2023-10-18T16:05:34+00:00\" \/>\n<meta name=\"twitter:card\" content=\"summary_large_image\" \/>\n<meta name=\"twitter:site\" content=\"@ImpactOnEd\" \/>\n<meta name=\"twitter:label1\" content=\"Tiempo de lectura\" \/>\n\t<meta name=\"twitter:data1\" content=\"4 minutos\" \/>\n<script type=\"application\/ld+json\" class=\"yoast-schema-graph\">{\"@context\":\"https:\/\/schema.org\",\"@graph\":[{\"@type\":\"WebPage\",\"@id\":\"https:\/\/www.impactoneducation.org\/press\/press-release-impact-on-education-funds-six-wellness-centers\/\",\"url\":\"https:\/\/www.impactoneducation.org\/press\/press-release-impact-on-education-funds-six-wellness-centers\/\",\"name\":\"Access to mental health support during the school day &#8211; Impact on Education\",\"isPartOf\":{\"@id\":\"https:\/\/www.impactoneducation.org\/#website\"},\"datePublished\":\"2023-10-16T17:16:47+00:00\",\"dateModified\":\"2023-10-18T16:05:34+00:00\",\"description\":\"In response to the growing need for youth mental health support, Impact on Education funded six high school Wellness Centers in BVSD.\",\"breadcrumb\":{\"@id\":\"https:\/\/www.impactoneducation.org\/press\/press-release-impact-on-education-funds-six-wellness-centers\/#breadcrumb\"},\"inLanguage\":\"es\",\"potentialAction\":[{\"@type\":\"ReadAction\",\"target\":[\"https:\/\/www.impactoneducation.org\/press\/press-release-impact-on-education-funds-six-wellness-centers\/\"]}]},{\"@type\":\"BreadcrumbList\",\"@id\":\"https:\/\/www.impactoneducation.org\/press\/press-release-impact-on-education-funds-six-wellness-centers\/#breadcrumb\",\"itemListElement\":[{\"@type\":\"ListItem\",\"position\":1,\"name\":\"Home\",\"item\":\"https:\/\/www.impactoneducation.org\/\"},{\"@type\":\"ListItem\",\"position\":2,\"name\":\"Press Materials\",\"item\":\"https:\/\/www.impactoneducation.org\/press\/\"},{\"@type\":\"ListItem\",\"position\":3,\"name\":\"Press Release: Impact on Education and Boulder Valley School District introduce Wellness Centers to provide access to mental health support during the school day\"}]},{\"@type\":\"WebSite\",\"@id\":\"https:\/\/www.impactoneducation.org\/#website\",\"url\":\"https:\/\/www.impactoneducation.org\/\",\"name\":\"Impact on Education\",\"description\":\"Foundation for Boulder Valley Schools\",\"publisher\":{\"@id\":\"https:\/\/www.impactoneducation.org\/#organization\"},\"potentialAction\":[{\"@type\":\"SearchAction\",\"target\":{\"@type\":\"EntryPoint\",\"urlTemplate\":\"https:\/\/www.impactoneducation.org\/?s={search_term_string}\"},\"query-input\":{\"@type\":\"PropertyValueSpecification\",\"valueRequired\":true,\"valueName\":\"search_term_string\"}}],\"inLanguage\":\"es\"},{\"@type\":\"Organization\",\"@id\":\"https:\/\/www.impactoneducation.org\/#organization\",\"name\":\"Impact on Education\",\"url\":\"https:\/\/www.impactoneducation.org\/\",\"logo\":{\"@type\":\"ImageObject\",\"inLanguage\":\"es\",\"@id\":\"https:\/\/www.impactoneducation.org\/#\/schema\/logo\/image\/\",\"url\":\"https:\/\/www.impactoneducation.org\/wp-content\/uploads\/2020\/09\/Impact-logo-poly.png\",\"contentUrl\":\"https:\/\/www.impactoneducation.org\/wp-content\/uploads\/2020\/09\/Impact-logo-poly.png\",\"width\":3455,\"height\":890,\"caption\":\"Impact on Education\"},\"image\":{\"@id\":\"https:\/\/www.impactoneducation.org\/#\/schema\/logo\/image\/\"},\"sameAs\":[\"https:\/\/www.facebook.com\/ImpactonEducation\",\"https:\/\/x.com\/ImpactOnEd\",\"https:\/\/www.instagram.com\/impactoneducation\/\",\"https:\/\/www.youtube.com\/channel\/UCtCaQkVhXiowqiNrIXQ1Lkw\"]}]}<\/script>\n<!-- \/ Yoast SEO plugin. -->","yoast_head_json":{"title":"Acceso al apoyo de salud mental durante la jornada escolar \u2013 Impacto en la educaci\u00f3n","description":"En respuesta a la creciente necesidad de apoyo en materia de salud mental para j\u00f3venes, Impact on Education financi\u00f3 seis Centros de Bienestar de escuelas secundarias en BVSD.","robots":{"index":"index","follow":"follow","max-snippet":"max-snippet:-1","max-image-preview":"max-image-preview:large","max-video-preview":"max-video-preview:-1"},"canonical":"https:\/\/www.impactoneducation.org\/es\/press\/press-release-impact-on-education-funds-six-wellness-centers\/","og_locale":"es_MX","og_type":"article","og_title":"Access to mental health support during the school day &#8211; Impact on Education","og_description":"In response to the growing need for youth mental health support, Impact on Education funded six high school Wellness Centers in BVSD.","og_url":"https:\/\/www.impactoneducation.org\/es\/press\/press-release-impact-on-education-funds-six-wellness-centers\/","og_site_name":"Impact on Education","article_publisher":"https:\/\/www.facebook.com\/ImpactonEducation","article_modified_time":"2023-10-18T16:05:34+00:00","twitter_card":"summary_large_image","twitter_site":"@ImpactOnEd","twitter_misc":{"Tiempo de lectura":"4 minutos"},"schema":{"@context":"https:\/\/schema.org","@graph":[{"@type":"WebPage","@id":"https:\/\/www.impactoneducation.org\/press\/press-release-impact-on-education-funds-six-wellness-centers\/","url":"https:\/\/www.impactoneducation.org\/press\/press-release-impact-on-education-funds-six-wellness-centers\/","name":"Acceso al apoyo de salud mental durante la jornada escolar \u2013 Impacto en la educaci\u00f3n","isPartOf":{"@id":"https:\/\/www.impactoneducation.org\/#website"},"datePublished":"2023-10-16T17:16:47+00:00","dateModified":"2023-10-18T16:05:34+00:00","description":"En respuesta a la creciente necesidad de apoyo en materia de salud mental para j\u00f3venes, Impact on Education financi\u00f3 seis Centros de Bienestar de escuelas secundarias en BVSD.","breadcrumb":{"@id":"https:\/\/www.impactoneducation.org\/press\/press-release-impact-on-education-funds-six-wellness-centers\/#breadcrumb"},"inLanguage":"es","potentialAction":[{"@type":"ReadAction","target":["https:\/\/www.impactoneducation.org\/press\/press-release-impact-on-education-funds-six-wellness-centers\/"]}]},{"@type":"BreadcrumbList","@id":"https:\/\/www.impactoneducation.org\/press\/press-release-impact-on-education-funds-six-wellness-centers\/#breadcrumb","itemListElement":[{"@type":"ListItem","position":1,"name":"Home","item":"https:\/\/www.impactoneducation.org\/"},{"@type":"ListItem","position":2,"name":"Press Materials","item":"https:\/\/www.impactoneducation.org\/press\/"},{"@type":"ListItem","position":3,"name":"Press Release: Impact on Education and Boulder Valley School District introduce Wellness Centers to provide access to mental health support during the school day"}]},{"@type":"WebSite","@id":"https:\/\/www.impactoneducation.org\/#website","url":"https:\/\/www.impactoneducation.org\/","name":"Impacto en la educaci\u00f3n","description":"Fundaci\u00f3n para las Escuelas del Valle de Boulder","publisher":{"@id":"https:\/\/www.impactoneducation.org\/#organization"},"potentialAction":[{"@type":"SearchAction","target":{"@type":"EntryPoint","urlTemplate":"https:\/\/www.impactoneducation.org\/?s={search_term_string}"},"query-input":{"@type":"PropertyValueSpecification","valueRequired":true,"valueName":"search_term_string"}}],"inLanguage":"es"},{"@type":"Organization","@id":"https:\/\/www.impactoneducation.org\/#organization","name":"Impacto en la educaci\u00f3n","url":"https:\/\/www.impactoneducation.org\/","logo":{"@type":"ImageObject","inLanguage":"es","@id":"https:\/\/www.impactoneducation.org\/#\/schema\/logo\/image\/","url":"https:\/\/www.impactoneducation.org\/wp-content\/uploads\/2020\/09\/Impact-logo-poly.png","contentUrl":"https:\/\/www.impactoneducation.org\/wp-content\/uploads\/2020\/09\/Impact-logo-poly.png","width":3455,"height":890,"caption":"Impact on Education"},"image":{"@id":"https:\/\/www.impactoneducation.org\/#\/schema\/logo\/image\/"},"sameAs":["https:\/\/www.facebook.com\/ImpactonEducation","https:\/\/x.com\/ImpactOnEd","https:\/\/www.instagram.com\/impactoneducation\/","https:\/\/www.youtube.com\/channel\/UCtCaQkVhXiowqiNrIXQ1Lkw"]}]}},"_links":{"self":[{"href":"https:\/\/www.impactoneducation.org\/es\/wp-json\/wp\/v2\/pages\/9798","targetHints":{"allow":["GET"]}}],"collection":[{"href":"https:\/\/www.impactoneducation.org\/es\/wp-json\/wp\/v2\/pages"}],"about":[{"href":"https:\/\/www.impactoneducation.org\/es\/wp-json\/wp\/v2\/types\/page"}],"author":[{"embeddable":true,"href":"https:\/\/www.impactoneducation.org\/es\/wp-json\/wp\/v2\/users\/3"}],"replies":[{"embeddable":true,"href":"https:\/\/www.impactoneducation.org\/es\/wp-json\/wp\/v2\/comments?post=9798"}],"version-history":[{"count":13,"href":"https:\/\/www.impactoneducation.org\/es\/wp-json\/wp\/v2\/pages\/9798\/revisions"}],"predecessor-version":[{"id":9883,"href":"https:\/\/www.impactoneducation.org\/es\/wp-json\/wp\/v2\/pages\/9798\/revisions\/9883"}],"up":[{"embeddable":true,"href":"https:\/\/www.impactoneducation.org\/es\/wp-json\/wp\/v2\/pages\/5261"}],"wp:attachment":[{"href":"https:\/\/www.impactoneducation.org\/es\/wp-json\/wp\/v2\/media?parent=9798"}],"curies":[{"name":"gracias","href":"https:\/\/api.w.org\/{rel}","templated":true}]}}